{"id":24338,"date":"2020-01-14T12:55:34","date_gmt":"2020-01-14T12:55:34","guid":{"rendered":"https:\/\/www.homwarm.eu\/web\/products\/scaldasalviette-elettrico-segreto\/"},"modified":"2020-01-14T12:55:34","modified_gmt":"2020-01-14T12:55:34","slug":"scaldasalviette-elettrico-segreto","status":"publish","type":"product","link":"https:\/\/www.homwarm.eu\/web\/products\/scaldasalviette-elettrico-segreto\/","title":{"rendered":"SEGRETO"},"content":{"rendered":"<div id=\"imTextObject_63_01\">\n<div id=\"imTextObject_63_01_tab0\" data-index=\"0\">\n<div id=\"imCell_8\" data-responsive-sequence-number=\"1\">\n<div id=\"imTextObject_58_08\">\n<div id=\"imTextObject_58_08_tab0\" data-index=\"0\">\n<div id=\"imCell_8\" data-responsive-sequence-number=\"1\">\n<div id=\"imTextObject_70_08\">\n<div id=\"imTextObject_70_08_tab0\" data-index=\"0\">\n<div id=\"imTextObject_71_51\">\n<div id=\"imTextObject_71_51_tab0\" data-index=\"0\">\n<div id=\"imTextObject_14_01\">\n<div id=\"imTextObject_14_01_tab0\" data-index=\"0\">\n<div id=\"imTextObject_72_01\">\n<div id=\"imTextObject_72_01_tab0\" data-index=\"0\">\n<div id=\"imTextObject_16_01\">\n<div id=\"imTextObject_16_01_tab0\" data-index=\"0\">\n<div id=\"imTextObject_59_01\">\n<div id=\"imTextObject_59_01_tab0\" data-index=\"0\">\n<div id=\"imTextObject_61_01\">\n<div id=\"imTextObject_61_01_tab0\" data-index=\"0\"><strong>SEGRETO<\/strong><\/div>\n<h3 data-index=\"0\"><a href=\"https:\/\/www.homwarm.eu\/web\/\">SCALDASALVIETTE ELETTRICO<\/a><\/h3>\n<\/div>\n<\/div>\n<\/div>\n<\/div>\n<\/div>\n<\/div>\n<\/div>\n<\/div>\n<\/div>\n<\/div>\n<\/div>\n<\/div>\n<\/div>\n<\/div>\n<div id=\"imCell_17\" data-responsive-sequence-number=\"2\">\n<div id=\"imTextObject_70_17\">\n<div id=\"imTextObject_70_17_tab0\" data-index=\"0\">\n<div id=\"imCell_18\" data-responsive-sequence-number=\"5\">\n<div id=\"imTableObject_70_18\">\n<div id=\"imTableObject_70_18_tab0\" data-index=\"0\">\n<div id=\"imCell_10\" data-responsive-sequence-number=\"7\">\n<div id=\"imCellStyleBorders_10\">\n<p>Tutti hanno un segreto<\/p>\n<div id=\"imCell_1\" data-responsive-sequence-number=\"2\">\n<div id=\"imTextObject_73_01\">\n<div id=\"imTextObject_73_01_tab0\" data-index=\"0\">\n<p><strong>SEGRETO<\/strong> \u00e8 una <strong>mensola in legno di Cedro riscaldata<\/strong> che nasconde nel suo interno la tecnologia avanzata HOM, un cuore in ceramica riscaldato che dona al legno tepore per mantenere caldi e asciutti i vostri asciugamani in ogni periodo dell&#8217;anno. Un perfetto connubio di versatilit\u00e0 e praticit\u00e0 da installare singolo o con pi\u00f9 elementi sovrapposti.<\/p>\n<p><strong>Finitura:<br \/>\n<\/strong>Trattamento con cera naturale<\/p>\n<p><strong>Modelli:<br \/>\n1)<\/strong> Con connessione diretta a muro<\/p>\n<\/div>\n<\/div>\n<\/div>\n<div id=\"imCell_22\" data-responsive-sequence-number=\"5\">\n<div id=\"imTableObject_73_22\">\n<div id=\"imTableObject_73_22_tab0\" data-index=\"0\">\n<div>\n<table width=\"882\" data-minrequestedwidth=\"552\" data-computedwidth=\"552\">\n<tbody>\n<tr>\n<td>\n<div>Base<\/div>\n<\/td>\n<td>\n<div>Altezza<\/div>\n<\/td>\n<td>\n<div>Profondit\u00e0<\/div>\n<\/td>\n<td>\n<div>Resa Termica<\/div>\n<\/td>\n<td>\n<div>Volt<\/div>\n<\/td>\n<td>\n<div>Peso Netto<\/div>\n<\/td>\n<\/tr>\n<tr>\n<td>\n<div>750 mm<\/div>\n<\/td>\n<td>\n<div>53 mm<\/div>\n<\/td>\n<td>\n<div>245 mm<\/div>\n<\/td>\n<td>\n<div>150 Watt<\/div>\n<\/td>\n<td>\n<div>220 \/ 240<\/div>\n<div>110 \/ 120<\/div>\n<\/td>\n<td>\n<div>10 Kg<\/div>\n<\/td>\n<\/tr>\n<\/tbody>\n<\/table>\n<\/div>\n<\/div>\n<\/div>\n<\/div>\n<div id=\"imPageRow_2\"><\/div>\n<div id=\"imCell_29\" data-responsive-sequence-number=\"6\">\n<div id=\"imCellStyleBorders_29\"><div class=\"fusion-button-wrapper\"><a class=\"fusion-button button-flat fusion-button-default-size button-default fusion-button-default button-1 fusion-button-default-span fusion-button-default-type\" target=\"_self\" href=\"https:\/\/www.homwarm.eu\/web\/wp-content\/uploads\/2020\/01\/Scheda-Tecnica-SEGRETO-HOM-2019.pdf\"><span class=\"fusion-button-text awb-button__text awb-button__text--default\">Scheda Tecnica<\/span><\/a><\/div> <div class=\"fusion-button-wrapper\"><a class=\"fusion-button button-flat fusion-button-default-size button-default fusion-button-default button-2 fusion-button-default-span fusion-button-default-type\" target=\"_self\" href=\"https:\/\/www.homwarm.eu\/web\/wp-content\/uploads\/2020\/01\/Istruzioni-di-Montaggio-SEGRETO-ITA.pdf\"><span class=\"fusion-button-text awb-button__text awb-button__text--default\">Istruzioni di montaggio<\/span><\/a><\/div><\/div>\n<\/div>\n<\/div>\n<\/div>\n<\/div>\n<\/div>\n<\/div>\n<\/div>\n<\/div>\n<\/div>\n<\/div>\n<\/div>\n<\/div>\n<\/div>\n<\/div>\n<p>&nbsp;<\/p>\n<p><strong>Note tecniche e certificazioni:<br \/>\n<\/strong>CLASSE ISOLAMENTO CL.I CL. II &#8211; GRADO DI PROTEZIONE IP 24 &#8211; NORME EN60335-1 &#8211; EN60335-2-43 &#8211; EN55014-1 &#8211; EN55014-2 &#8211; CE<\/p>\n","protected":false},"excerpt":{"rendered":"<div><span class=\"fs11lh1-5 cf1\">SCALDASALVIETTE ELETTRICO<\/span><\/div>\n<div><\/div>\n<div>Tutti hanno un segreto<\/div>\n<div><span class=\"fs11lh1-5 cf1\">\u00a0<\/span><\/div>\n<div>Il legno in una mensola riscaldata unisce calore e profumo.<\/div>\n","protected":false},"featured_media":20877,"template":"","meta":[],"product_brand":[],"product_cat":[],"product_tag":[],"class_list":{"0":"post-24338","1":"product","2":"type-product","3":"status-publish","4":"has-post-thumbnail","7":"first","8":"instock","9":"shipping-taxable","10":"product-type-simple"},"_links":{"self":[{"href":"https:\/\/www.homwarm.eu\/web\/wp-json\/wp\/v2\/product\/24338","targetHints":{"allow":["GET"]}}],"collection":[{"href":"https:\/\/www.homwarm.eu\/web\/wp-json\/wp\/v2\/product"}],"about":[{"href":"https:\/\/www.homwarm.eu\/web\/wp-json\/wp\/v2\/types\/product"}],"wp:featuredmedia":[{"embeddable":true,"href":"https:\/\/www.homwarm.eu\/web\/wp-json\/wp\/v2\/media\/20877"}],"wp:attachment":[{"href":"https:\/\/www.homwarm.eu\/web\/wp-json\/wp\/v2\/media?parent=24338"}],"wp:term":[{"taxonomy":"product_brand","embeddable":true,"href":"https:\/\/www.homwarm.eu\/web\/wp-json\/wp\/v2\/product_brand?post=24338"},{"taxonomy":"product_cat","embeddable":true,"href":"https:\/\/www.homwarm.eu\/web\/wp-json\/wp\/v2\/product_cat?post=24338"},{"taxonomy":"product_tag","embeddable":true,"href":"https:\/\/www.homwarm.eu\/web\/wp-json\/wp\/v2\/product_tag?post=24338"}],"curies":[{"name":"wp","href":"https:\/\/api.w.org\/{rel}","templated":true}]}}