{"id":22415,"date":"2020-03-12T20:03:03","date_gmt":"2020-03-12T19:03:03","guid":{"rendered":"https:\/\/www.homwarm.eu\/web\/?page_id=22415"},"modified":"2020-06-18T11:05:00","modified_gmt":"2020-06-18T09:05:00","slug":"faq","status":"publish","type":"page","link":"https:\/\/www.homwarm.eu\/web\/faq\/","title":{"rendered":"FAQ"},"content":{"rendered":"<div class=\"fusion-fullwidth fullwidth-box fusion-builder-row-1 nonhundred-percent-fullwidth non-hundred-percent-height-scrolling\" style=\"--awb-border-radius-top-left:0px;--awb-border-radius-top-right:0px;--awb-border-radius-bottom-right:0px;--awb-border-radius-bottom-left:0px;--awb-flex-wrap:wrap;\" ><div class=\"fusion-builder-row fusion-row\"><div class=\"fusion-layout-column fusion_builder_column fusion-builder-column-0 fusion_builder_column_1_1 1_1 fusion-one-full fusion-column-first fusion-column-last\" style=\"--awb-bg-size:cover;\"><div class=\"fusion-column-wrapper fusion-column-has-shadow fusion-flex-column-wrapper-legacy\"><div class=\"fusion-text fusion-text-1\"><h1>FAQ<\/h1>\n<h2>In questa sezione \u00e8 possibile trovare alcune delle domande pi\u00f9 frequenti relative ai prodotti <strong>HOM<\/strong><\/h2>\n<hr \/>\n<p><span style=\"color: #0000ff;\"><strong>D. I radiatori e scaldasalviette elettrici HOM sono di fabbricazione italiana?<\/strong><\/span><\/p>\n<p><strong>R.<\/strong> <b>Si,<\/b> i radiatori e scaldasalviette <b>HOM sono prodotti nello stabilimento con sede in provincia di Torino (Italia)<\/b> da una delle maggiori aziende europee produttrici di resistenze elettriche.<\/p>\n<hr \/>\n<p><span style=\"color: #0000ff;\"><strong>D.<\/strong> In che modo <b>HOM <\/b>differisce dagli altri radiatori e scaldasalviette elettrici sul mercato<\/span><span style=\"color: #0000ff;\"><strong>?<\/strong><\/span><\/p>\n<p><strong>R<\/strong><strong>.<\/strong> <b>HOM, una nuova generazione di elementi riscaldanti, <\/b><strong>radiatori\u00a0unici<\/strong><b>. I prodotti HOM differiscono<\/b>\u00a0dagli altri radiatori e scaldasalviette elettrici sul mercato per design, materiali, semplicit\u00e0 di utilizzo, tecnologia e innovative funzionalit\u00e0.<\/p>\n<p><strong>&#8211;<\/strong> Il <b>Design<\/b> ricercato, l&#8217;utilizzo di materiali come <strong>legno, ceramica, terracotta, vetro, acciaio\u00a0<\/strong><b>e i consumi molto bassi<\/b> rendono i radiatori e scaldasalviette unici e adatti a riscaldare ogni tipo di ambiente.<\/p>\n<p><strong>&#8211;<\/strong> I <a href=\"\/web?page_id=16880\">termoarredi\u00a0<strong>HOM<\/strong><\/a> utilizzano un&#8217; innovativa piastrella sinterizzata &#8211; tecnologia esclusiva <b>HOM<\/b>, risultato di molti anni di ricerche <b>in collaborazione con il Dipartimento di Scienza dei Materiali del Politecnico di Torino<\/b> &#8211; che ingloba al suo interno una resistenza elettrica, <b>una tecnologia esclusiva di HOM<\/b>\u00a0che rappresenta una delle pi\u00f9 avanzate tecnologie nel campo del riscaldamento elettrico.<\/p>\n<hr \/>\n<div>\n<p><span style=\"color: #0000ff;\"><span style=\"color: #0000ff;\"><strong>D<\/strong>. I prodotti <strong>HOM<\/strong> richiedono di una manutenzione particolare?<\/span><\/span><\/p>\n<p><strong>R<\/strong><strong>. <\/strong>I prodotti <strong>HOM<\/strong> non richiedono di particolare manutenzione. <strong>Per pulirlo non usare mai solventi o prodotti abrasivi.<\/strong><\/p>\n<p><strong>Per spolverarlo &#8211; quando e&#8217; freddo &#8211; usare un panno soffice ed asciutto.<\/strong><\/p>\n<hr \/>\n<div>\n<p><span style=\"color: #0000ff;\"><strong>D<\/strong>. Come si installano i prodotti <strong>HOM<\/strong><\/span><strong style=\"color: #0000ff;\">?<\/strong><\/p>\n<p><strong>R<\/strong><strong>.<\/strong>\u00a0L&#8217;installazione dei prodotti <strong>HOM<\/strong> \u00e8 una semplice operazione fai-da-te: \u00e8 sufficiente, per tutti i modelli cavo pi\u00f9 presa, seguire le indicazioni dei manuali di installazioni forniti nelle confezioni o reperibili presso il sito homwarm.com. In alcuni casi, nei prodotti con connessione a muro, potresti aver bisogno di consultare un elettricista qualificato prima dell&#8217;installazione.<\/p>\n<\/div>\n<\/div>\n<div>\n<hr \/>\n<\/div>\n<div>\n<p><span style=\"color: #0000ff;\"><span style=\"color: #0000ff;\"><strong>D.<\/strong> I prodotti <strong>HOM<\/strong> possono essere controllati da smartphone attraverso app<\/span><\/span><strong style=\"color: #0000ff;\">?<\/strong><\/p>\n<p><strong>R<\/strong><strong>.<\/strong> S\u00ec, molti prodotti HOM\u00a0<strong>sono compatibili<\/strong> (contatta lo staff HOM per specifiche sui modelli e compatibilit\u00e0) con diversi\u00a0termostati o dispositivi wifi per il controllo dei radiatori presenti nel mercato e possono essere eventualmente controllati da smartphone attraverso app rispettive da installare sui dispositivi mobile.<\/p>\n<div>\n<hr \/>\n<\/div>\n<div>\n<p><span style=\"color: #0000ff;\"><strong>D.<\/strong> Qual \u00e8 il termine entro cui si pu\u00f2 far valere la\u00a0<strong>garanzia\u00a0<\/strong>sui prodotti\u00a0<strong>HOM?<\/strong><\/span><\/p>\n<p><strong>R<\/strong><strong>.<\/strong> <b>HOM<\/b><span style=\"font-weight: 400;\">\u00a0in qualit\u00e0 <\/span><b>di<\/b><span style=\"font-weight: 400;\"> produttore, offre una <\/span><b>garanzia<\/b><span style=\"font-weight: 400;\"> convenzionale della durata <\/span><b>di due anni <\/b><span style=\"font-weight: 400;\">dalla data <\/span><b>di<\/b><span style=\"font-weight: 400;\"> acquisto &#8211; fattura fiscale &#8211; per tutti i <\/span><b>prodotti.<\/b><\/p>\n<div>\n<hr \/>\n<\/div>\n<div>\n<p><span style=\"color: #0000ff;\"><strong>D.<\/strong> Come posso\u00a0<strong>richiedere\u00a0<\/strong>la mia garanzia\u00a0sui prodotti\u00a0<strong>HOM?<\/strong><br \/>\n<\/span><\/p>\n<p><strong>R<\/strong><strong>.<\/strong> Per richiedere la garanzia, si prega gentilmente di contattare <strong>HOM<\/strong> tramite <a href=\"\/web?page_id=22331\">la pagina dei contatti<\/a> e denominare il messaggio &#8220;garanzia&#8221;; inoltre, sei pregato di inviare una copia della fattura FISCALE a info@homwarm.com. Al resto ci pensa il team di assistenza <strong>HOM<\/strong> e ti terr\u00e0 aggiornato in merito.<\/p>\n<\/div>\n<\/div>\n<\/div>\n<div>\n<div>\n<hr \/>\n<\/div>\n<div>\n<p><span style=\"color: #0000ff;\"><span style=\"color: #0000ff;\"><strong>D.<\/strong> Quanto costano e dove si possono ordinare \/ acquistare i prodotti <b>HOM<\/b><\/span><\/span><strong style=\"color: #0000ff;\">?<\/strong><\/p>\n<p><strong>R<\/strong><strong>.<\/strong> Per informazioni su distributori o al fine di trovare il punto vendita <b>HOM <\/b>pi\u00f9 vicino, contatta al\u00a0<b>team di assistenza HOM attraverso la mail info@homwarm.com, +39 345 344 8555 su WhatsApp o al Telefono: 011968 3211<\/b><\/p>\n<\/div>\n<\/div>\n<div>Puoi trovare i Termoarredi <b>HOM <\/b>presso <strong>oltre 50 punti vendita presenti in Italia, Francia, Olanda, Cina, Emirati Arabi, Spagna e tanti altri paesi<\/strong>.<\/div>\n<div><\/div>\n<div>\n<p>Infine puoi consultare la pagina DISTRIBUTORI per trovare il punto vendita pi\u00f9 vicino<\/p>\n<div>\n<hr \/>\n<p><span style=\"color: #0000ff;\"><strong>D<\/strong><\/span><span style=\"color: #0000ff;\"><strong>.<\/strong> Avete uno showroom dei prodotti <b>HOM <\/b>presso la vostra sede<\/span><strong style=\"color: #0000ff;\">?<\/strong><\/p>\n<\/div>\n<\/div>\n<div>\n<p><strong>R<\/strong><strong>.<\/strong> S\u00ec, abbiamo uno showroom presso la nostra sede produttiva e altri presso alcuni dei nostri rivenditori. Per maggiori dettagli, contatta al <b>team di assistenza HOM attraverso la mail info@homwarm.com o al Telefono: 011 968 3211<\/b><\/p>\n<\/div>\n<div>\n<hr \/>\n<p><span style=\"color: #0000ff;\"><strong>D<\/strong>. Come posso ottenere una <strong>brochure, listino prezzi o catalogo online dei prodotti HOM<\/strong><\/span><span style=\"color: #0000ff;\"><strong>?<\/strong><\/span><\/p>\n<p><strong>R<\/strong><strong>.<\/strong> Contatta al <b>team di assistenza HOM attraverso la mail info@homwarm.com, +39 345 344 8555 su WhatsApp o al Telefono: 011968 3211<\/b> e ti invieremo\u00a0una brochure, il listino prezzi o catalogo online dei prodotti <b>HOM<\/b>.<\/p>\n<p>Inoltre puoi scaricare il <strong>Catalogo HOM pi\u00f9 recente<\/strong> <a href=\"#\"><strong>CLICCANDO QUI<\/strong><\/a><\/p>\n<\/div>\n<div>\n<hr \/>\n<\/div>\n<div>\n<p><span style=\"color: #0000ff;\"><span style=\"color: #0000ff;\"><strong>D.<\/strong> Preferirei parlare con qualcuno piuttosto che leggere il sito Web, posso farlo<\/span><\/span><strong style=\"color: #0000ff;\">?<\/strong><\/p>\n<p><strong>R<\/strong><strong>.<\/strong> S\u00ec, certamente, contatta il <b>team di assistenza HOM attraverso la mail info@homwarm.com, +39 345 344 8555 su WhatsApp o al Telefono: 011968 3211<\/b><\/p>\n<\/div>\n<\/div><div class=\"fusion-clearfix\"><\/div><\/div><\/div><\/div><\/div>\n","protected":false},"excerpt":{"rendered":"","protected":false},"author":1,"featured_media":0,"parent":0,"menu_order":7,"comment_status":"closed","ping_status":"closed","template":"","meta":{"footnotes":""},"class_list":["post-22415","page","type-page","status-publish","hentry"],"_links":{"self":[{"href":"https:\/\/www.homwarm.eu\/web\/wp-json\/wp\/v2\/pages\/22415","targetHints":{"allow":["GET"]}}],"collection":[{"href":"https:\/\/www.homwarm.eu\/web\/wp-json\/wp\/v2\/pages"}],"about":[{"href":"https:\/\/www.homwarm.eu\/web\/wp-json\/wp\/v2\/types\/page"}],"author":[{"embeddable":true,"href":"https:\/\/www.homwarm.eu\/web\/wp-json\/wp\/v2\/users\/1"}],"replies":[{"embeddable":true,"href":"https:\/\/www.homwarm.eu\/web\/wp-json\/wp\/v2\/comments?post=22415"}],"version-history":[{"count":0,"href":"https:\/\/www.homwarm.eu\/web\/wp-json\/wp\/v2\/pages\/22415\/revisions"}],"wp:attachment":[{"href":"https:\/\/www.homwarm.eu\/web\/wp-json\/wp\/v2\/media?parent=22415"}],"curies":[{"name":"wp","href":"https:\/\/api.w.org\/{rel}","templated":true}]}}