{"id":33134,"date":"2024-03-26T15:04:09","date_gmt":"2024-03-26T14:04:09","guid":{"rendered":"https:\/\/www.homwarm.eu\/web\/?post_type=product&#038;p=33134"},"modified":"2024-03-26T15:15:29","modified_gmt":"2024-03-26T14:15:29","slug":"crochet-porte-serviettes-en-acier","status":"publish","type":"product","link":"https:\/\/www.homwarm.eu\/web\/fr\/products\/crochet-porte-serviettes-en-acier\/","title":{"rendered":"Crochet porte-serviettes en acier"},"content":{"rendered":"<h3>Crochet porte-serviettes en acier<\/h3>\n<p>Cette pat\u00e8re bouton est un accessoire pour s\u00e8che-serviettes tr\u00e8s pratique pour accueillir les serviettes ou peignoirs de bain. Elle est adapt\u00e9e aux mod\u00e8les <a href=\"\/web?page_id=24399\">HOM<\/a><\/p>\n","protected":false},"excerpt":{"rendered":"<p><strong>Crochet porte-serviettes en acier<\/strong><\/p>\n<p>Elle est adapt\u00e9e aux mod\u00e8les <a href=\"\/web?page_id=24399\">HOM<\/a><\/p>\n","protected":false},"featured_media":33120,"template":"","meta":[],"product_brand":[],"product_cat":[215],"product_tag":[273,274,275,276,277,278,279,284,285],"class_list":{"0":"post-33134","1":"product","2":"type-product","3":"status-publish","4":"has-post-thumbnail","6":"product_cat-porte-serviettes","7":"product_tag-offers-2-fr","8":"product_tag-review-2-fr","9":"product_tag-aggregaterating-2-fr","10":"product_tag-radiatori-elettrici-fr","11":"product_tag-termoarredi-fr","12":"product_tag-riscaldamento-elettrico-fr","13":"product_tag-scaldasalviette-fr","14":"product_tag-scaldasalviette-di-design-fr","15":"product_tag-scaldasalviette-elettrico-fr","17":"first","18":"instock","19":"shipping-taxable","20":"product-type-simple"},"_links":{"self":[{"href":"https:\/\/www.homwarm.eu\/web\/fr\/wp-json\/wp\/v2\/product\/33134","targetHints":{"allow":["GET"]}}],"collection":[{"href":"https:\/\/www.homwarm.eu\/web\/fr\/wp-json\/wp\/v2\/product"}],"about":[{"href":"https:\/\/www.homwarm.eu\/web\/fr\/wp-json\/wp\/v2\/types\/product"}],"wp:featuredmedia":[{"embeddable":true,"href":"https:\/\/www.homwarm.eu\/web\/fr\/wp-json\/wp\/v2\/media\/33120"}],"wp:attachment":[{"href":"https:\/\/www.homwarm.eu\/web\/fr\/wp-json\/wp\/v2\/media?parent=33134"}],"wp:term":[{"taxonomy":"product_brand","embeddable":true,"href":"https:\/\/www.homwarm.eu\/web\/fr\/wp-json\/wp\/v2\/product_brand?post=33134"},{"taxonomy":"product_cat","embeddable":true,"href":"https:\/\/www.homwarm.eu\/web\/fr\/wp-json\/wp\/v2\/product_cat?post=33134"},{"taxonomy":"product_tag","embeddable":true,"href":"https:\/\/www.homwarm.eu\/web\/fr\/wp-json\/wp\/v2\/product_tag?post=33134"}],"curies":[{"name":"wp","href":"https:\/\/api.w.org\/{rel}","templated":true}]}}