{"id":27223,"date":"2022-03-22T14:56:46","date_gmt":"2022-03-22T13:56:46","guid":{"rendered":"https:\/\/www.homwarm.eu\/web\/products\/kiwi-scaldasalviette-ceramica-e-radiatore-elettrico-scalda-asciugamani\/"},"modified":"2022-11-15T14:21:20","modified_gmt":"2022-11-15T13:21:20","slug":"kiwi-seche-serviettes-electriques-en-ceramique","status":"publish","type":"product","link":"https:\/\/www.homwarm.eu\/web\/fr\/products\/kiwi-seche-serviettes-electriques-en-ceramique\/","title":{"rendered":"KIWI"},"content":{"rendered":"<p><strong>KIWI<\/strong><br \/>\n<a href=\"https:\/\/www.homwarm.eu\/web\">S\u00c8CHE-SERVIETTE \u00c9LECTRIQUE<\/a><\/p>\n<p>Beaucoup de couleurs pour chaque cuisine<\/p>\n<p><strong>KIWI<\/strong>, le nouveau s\u00e8che-serviettes <strong>HOM<\/strong>, entre dans les cuisines de nos maisons.<\/p>\n<p>Une forme g\u00e9om\u00e9trique et ultra-mince, enferme la dalle chauffante en mat\u00e9riau finition r\u00e9sine, con\u00e7ue pour garder les chiffons secs et donner \u00e0 nos cristaux et porcelaines un r\u00e9sultat toujours hygi\u00e9niquement sain et brillant.<\/p>\n<p>Avec 4 crochets porte-serviettes magn\u00e9tiques en acier.<\/p>\n<p><strong>Sa forme essentielle lui permet d&rsquo;\u00eatre plac\u00e9 dans de petits espaces et les crochets magn\u00e9tiques<\/strong> pour serviettes peuvent \u00eatre plac\u00e9s ou retir\u00e9s selon les besoins.<\/p>\n<div><strong>Finition disponible:<br \/>\n<\/strong>R\u00e9sine textur\u00e9e brute opaque<\/div>\n<div>\n<p><strong>Mod\u00e8les:<br \/>\n<\/strong>Version avec interrupteur On \/Off et connexion murale directe<\/p>\n<\/div>\n<div>\n<div id=\"imCell_17\" data-responsive-sequence-number=\"2\">\n<div id=\"imTextObject_70_17\">\n<div id=\"imTextObject_70_17_tab0\" data-index=\"0\">\n<div id=\"imCell_18\" data-responsive-sequence-number=\"5\">\n<div id=\"imTableObject_70_18\">\n<div id=\"imTableObject_70_18_tab0\" data-index=\"0\">\n<div>\n<div class=\"table-responsive wprt_style_display\">\n<table class=\"table\" width=\"887\" data-minrequestedwidth=\"541\" data-computedwidth=\"541\">\n<tbody>\n<tr>\n<td>\n<div>Base<\/div>\n<\/td>\n<td>Hauteur<\/td>\n<td>Profondeur<\/td>\n<td>\n<div>Puissance<\/div>\n<\/td>\n<td>\n<div>Volt<\/div>\n<\/td>\n<td>\n<div>Poids Net<\/div>\n<\/td>\n<\/tr>\n<tr>\n<td>\n<div>260 mm<\/div>\n<\/td>\n<td>\n<div>570 mm<\/div>\n<\/td>\n<td>\n<div>30 mm<\/div>\n<\/td>\n<td>\n<div>60 Watt<\/div>\n<\/td>\n<td>\n<div>230<\/div>\n<\/td>\n<td>\n<div>12 Kg<\/div>\n<\/td>\n<\/tr>\n<\/tbody>\n<\/table>\n<\/div>\n<\/div>\n<div><\/div>\n<\/div>\n<\/div>\n<\/div>\n<\/div>\n<\/div>\n<\/div>\n<\/div>\n<div>\n<div>\n<div id=\"imCellStyleBorders_19\">\n<p><div class=\"fusion-button-wrapper\"><a class=\"fusion-button button-flat fusion-button-default-size button-default fusion-button-default button-1 fusion-button-default-span fusion-button-default-type\" target=\"_blank\" rel=\"noopener noreferrer\" href=\"https:\/\/www.homwarm.eu\/web\/wp-content\/uploads\/2022\/03\/scheda-tecnica-kiwi-ita.pdf\"><span class=\"fusion-button-text awb-button__text awb-button__text--default\">SCH\u00c9MA TECHNIQUE<\/span><\/a><\/div> <div class=\"fusion-button-wrapper\"><a class=\"fusion-button button-flat fusion-button-default-size button-default fusion-button-default button-2 fusion-button-default-span fusion-button-default-type\" target=\"_blank\" rel=\"noopener noreferrer\" href=\"https:\/\/www.homwarm.eu\/web\/wp-content\/uploads\/2022\/03\/kiwi-fr-es-manuale-tecnico-opuscolo-v14072022.pdf\"><span class=\"fusion-button-text awb-button__text awb-button__text--default\">INSTRUCTIONS DE MONTAGE<\/span><\/a><\/div><\/p>\n<\/div>\n<\/div>\n<\/div>\n<div><\/div>\n<div>\n<div>\n<p><strong>Couleurs disponibles<\/strong> r\u00e9sine textur\u00e9e brute opaque:<br \/>\n<img data-opt-id=1529859081  fetchpriority=\"high\" decoding=\"async\" class=\"alignnone size-full wp-image-26508\" src=\"https:\/\/mlilev7bln6g.i.optimole.com\/cb:gVOz.8a9\/w:auto\/h:auto\/q:mauto\/f:best\/https:\/\/www.homwarm.eu\/web\/wp-content\/uploads\/2020\/01\/Colori-disponibili-resinato-materico-ruvido-opaco.jpg\" alt=\"\" width=\"304\" height=\"500\" title=\"\" srcset=\"https:\/\/mlilev7bln6g.i.optimole.com\/cb:gVOz.8a9\/w:182\/h:300\/q:mauto\/f:best\/https:\/\/www.homwarm.eu\/web\/wp-content\/uploads\/2020\/01\/Colori-disponibili-resinato-materico-ruvido-opaco.jpg 182w, https:\/\/mlilev7bln6g.i.optimole.com\/cb:gVOz.8a9\/w:200\/h:329\/q:mauto\/f:best\/https:\/\/www.homwarm.eu\/web\/wp-content\/uploads\/2020\/01\/Colori-disponibili-resinato-materico-ruvido-opaco.jpg 200w, https:\/\/mlilev7bln6g.i.optimole.com\/cb:gVOz.8a9\/w:304\/h:500\/q:mauto\/f:best\/https:\/\/www.homwarm.eu\/web\/wp-content\/uploads\/2020\/01\/Colori-disponibili-resinato-materico-ruvido-opaco.jpg 304w\" sizes=\"(max-width: 304px) 100vw, 304px\" \/><\/p>\n<\/div>\n<div>\n<div id=\"imCell_31\" data-responsive-sequence-number=\"15\">\n<div id=\"imTextObject_7_31\">\n<div id=\"imTextObject_7_31_tab0\" data-index=\"0\">\n<div id=\"imCell_10\" data-responsive-sequence-number=\"7\">\n<div id=\"pluginAppObj_70_10\">\n<div id=\"pluginAppObj_70_10_container\">\n<div id=\"imCell_34\" data-responsive-sequence-number=\"9\">\n<div id=\"imTextObject_70_34\">\n<div id=\"imTextObject_70_34_tab0\" data-index=\"0\">\n<div id=\"imCell_34\" data-responsive-sequence-number=\"9\">\n<div id=\"imTextObject_71_34\">\n<div id=\"imTextObject_71_34_tab0\" data-index=\"0\">\n<div id=\"imCell_66\" data-responsive-sequence-number=\"27\">\n<div id=\"imObjectImage_16_66\"><strong>Notes techniques et certifications:<\/strong><br \/>\nCLASSE D&rsquo;ISOLATION CL.I CL. II DEGR\u00c9 DE PROTECTION IP 24 NORMES DE R\u00c9F\u00c9RENCE EN60335-1 EN60335-2-43 EN55014-1 EN55014-2 CE<\/div>\n<\/div>\n<\/div>\n<\/div>\n<\/div>\n<\/div>\n<\/div>\n<\/div>\n<\/div>\n<\/div>\n<\/div>\n<\/div>\n<\/div>\n<\/div>\n<\/div>\n<\/div>\n","protected":false},"excerpt":{"rendered":"<div class=\"post-content woocommerce-product-details__short-description\">\n<div id=\"imCellStyleBorders_17\">\n<p>S\u00c8CHE-SERVIETTE \u00c9LECTRIQUE<\/p>\n<\/div>\n<div id=\"imTextObject_58_17\">\n<div id=\"imTextObject_58_17_tab0\" data-index=\"0\">S\u00e8che-serviettes <a href=\"https:\/\/www.homwarm.eu\/web\"><strong>HOM<\/strong><\/a><br \/>\nSa forme essentielle lui permet d&rsquo;\u00eatre plac\u00e9 dans nos cuisines m\u00eame dans de petits espaces.<\/div>\n<\/div>\n<\/div>\n","protected":false},"featured_media":26972,"template":"","meta":[],"product_brand":[],"product_cat":[202],"product_tag":[],"class_list":{"0":"post-27223","1":"product","2":"type-product","3":"status-publish","4":"has-post-thumbnail","6":"product_cat-seche-serviettes-electriques-en-ceramique-hom","8":"first","9":"instock","10":"shipping-taxable","11":"product-type-simple"},"_links":{"self":[{"href":"https:\/\/www.homwarm.eu\/web\/fr\/wp-json\/wp\/v2\/product\/27223","targetHints":{"allow":["GET"]}}],"collection":[{"href":"https:\/\/www.homwarm.eu\/web\/fr\/wp-json\/wp\/v2\/product"}],"about":[{"href":"https:\/\/www.homwarm.eu\/web\/fr\/wp-json\/wp\/v2\/types\/product"}],"wp:featuredmedia":[{"embeddable":true,"href":"https:\/\/www.homwarm.eu\/web\/fr\/wp-json\/wp\/v2\/media\/26972"}],"wp:attachment":[{"href":"https:\/\/www.homwarm.eu\/web\/fr\/wp-json\/wp\/v2\/media?parent=27223"}],"wp:term":[{"taxonomy":"product_brand","embeddable":true,"href":"https:\/\/www.homwarm.eu\/web\/fr\/wp-json\/wp\/v2\/product_brand?post=27223"},{"taxonomy":"product_cat","embeddable":true,"href":"https:\/\/www.homwarm.eu\/web\/fr\/wp-json\/wp\/v2\/product_cat?post=27223"},{"taxonomy":"product_tag","embeddable":true,"href":"https:\/\/www.homwarm.eu\/web\/fr\/wp-json\/wp\/v2\/product_tag?post=27223"}],"curies":[{"name":"wp","href":"https:\/\/api.w.org\/{rel}","templated":true}]}}