{"id":27221,"date":"2022-03-22T14:20:04","date_gmt":"2022-03-22T13:20:04","guid":{"rendered":"https:\/\/www.homwarm.eu\/web\/products\/telius-d\/"},"modified":"2024-04-10T16:40:24","modified_gmt":"2024-04-10T14:40:24","slug":"telius-d-seche-serviettes-en-ceramique","status":"publish","type":"product","link":"https:\/\/www.homwarm.eu\/web\/fr\/products\/telius-d-seche-serviettes-en-ceramique\/","title":{"rendered":"TELIUS D"},"content":{"rendered":"<p><strong>TELIUS D<\/strong><br \/>\n<a href=\"https:\/\/www.homwarm.eu\/web\">S\u00c8CHE-SERVIETTE \u00c9LECTRIQUE<\/a><\/p>\n<p>Nouveau design, plus de fonctionnalit\u00e9s<\/p>\n<p><strong>TELIUS D<\/strong>, cadre en m\u00e9tal peint, encadre les dalles chauffantes de la s\u00e9rie Telius de HOM.<\/p>\n<p><strong>TELIUS D<\/strong> ou double, deux tuiles chauffantes, d&rsquo;une puissance thermique de 300 watts, font de Telius un petit radiateur facile \u00e0 placer dans des espaces confin\u00e9s.<\/p>\n<p>Les porte-serviettes doublent sa praticit\u00e9.<\/p>\n<p>La mati\u00e8re r\u00e9sine seront \u00e0 votre choix pour une meilleure fixation.<\/p>\n<p>Dans la partie centrale, un rectangle ouvert en fond de mur pour rappeler l&rsquo;ancienne tradition chinoise du Feng Shui, selon laquelle les \u00e9nergies, ne trouvant pas d&rsquo;obstacles \u00e0 travers l&rsquo;\u00e9l\u00e9ment, cr\u00e9ent un fluide positif.<\/p>\n<div><strong>Finition disponible:<\/strong><\/div>\n<div><strong>1) <\/strong>R\u00e9sine textur\u00e9e brute opaque<br \/>\n<strong>2)<\/strong> R\u00e9sine d\u00e9cor\u00e9e<\/div>\n<div><\/div>\n<div><\/div>\n<div><strong>Mod\u00e8les:<br \/>\n<\/strong><strong>1)<\/strong> Version avec interrupteur On \/Off et c\u00e2ble d\u2019alimentation et prise<br \/>\n<strong>2)<\/strong> Version avec interrupteur On \/Off et connexion murale directe<\/p>\n<\/div>\n<div>\n<div id=\"imCell_17\" data-responsive-sequence-number=\"2\">\n<div id=\"imTextObject_70_17\">\n<div id=\"imTextObject_70_17_tab0\" data-index=\"0\">\n<div id=\"imCell_18\" data-responsive-sequence-number=\"5\">\n<div id=\"imTableObject_70_18\">\n<div id=\"imTableObject_70_18_tab0\" data-index=\"0\">\n<div>\n<div class=\"table-responsive wprt_style_display\">\n<table class=\"table\" width=\"887\" data-minrequestedwidth=\"541\" data-computedwidth=\"541\">\n<tbody>\n<tr>\n<td>\n<div>Base<\/div>\n<\/td>\n<td>Hauteur<\/td>\n<td>Profondeur<\/td>\n<td>\n<div>Puissance<\/div>\n<\/td>\n<td>\n<div>Volt<\/div>\n<\/td>\n<td>Poids Net<\/td>\n<\/tr>\n<tr>\n<td>\n<div>350 mm<\/div>\n<\/td>\n<td>\n<div>1470 mm<\/div>\n<\/td>\n<td>\n<div>110 mm<\/div>\n<\/td>\n<td>\n<div>300 Watt<\/div>\n<\/td>\n<td>\n<div>230<\/div>\n<\/td>\n<td>\n<div>23 Kg<\/div>\n<\/td>\n<\/tr>\n<\/tbody>\n<\/table>\n<\/div>\n<\/div>\n<div><\/div>\n<\/div>\n<\/div>\n<\/div>\n<\/div>\n<\/div>\n<\/div>\n<\/div>\n<div>\n<div>\n<div id=\"imCellStyleBorders_19\">\n<p><div class=\"fusion-button-wrapper\"><a class=\"fusion-button button-flat fusion-button-default-size button-default fusion-button-default button-1 fusion-button-default-span fusion-button-default-type\" target=\"_blank\" rel=\"noopener noreferrer\" href=\"https:\/\/www.homwarm.eu\/web\/wp-content\/uploads\/2022\/03\/Scheda-Tecnica-TELIUSD-Hom-ITA.pdf\"><span class=\"fusion-button-text awb-button__text awb-button__text--default\">SCH\u00c9MA TECHNIQUE<\/span><\/a><\/div> <div class=\"fusion-button-wrapper\"><a class=\"fusion-button button-flat fusion-button-default-size button-default fusion-button-default button-2 fusion-button-default-span fusion-button-default-type\" target=\"_blank\" rel=\"noopener noreferrer\" href=\"https:\/\/www.homwarm.eu\/web\/wp-content\/uploads\/2022\/03\/FR-ES-telius-D-MANUALE-TECNICO-OPUSCOLO.pdf\"><span class=\"fusion-button-text awb-button__text awb-button__text--default\">INSTRUCTIONS DE MONTAGE<\/span><\/a><\/div><\/p>\n<\/div>\n<\/div>\n<\/div>\n<div><\/div>\n<div>\n<div>\n<p><strong>Couleurs disponibles<\/strong> r\u00e9sine textur\u00e9e brute opaque:<br \/>\n<img data-opt-id=1529859081  fetchpriority=\"high\" decoding=\"async\" class=\"alignnone size-full wp-image-26508\" src=\"https:\/\/mlilev7bln6g.i.optimole.com\/cb:gVOz.8a9\/w:auto\/h:auto\/q:mauto\/f:best\/https:\/\/www.homwarm.eu\/web\/wp-content\/uploads\/2020\/01\/Colori-disponibili-resinato-materico-ruvido-opaco.jpg\" alt=\"\" width=\"304\" height=\"500\" title=\"\" srcset=\"https:\/\/mlilev7bln6g.i.optimole.com\/cb:gVOz.8a9\/w:182\/h:300\/q:mauto\/f:best\/https:\/\/www.homwarm.eu\/web\/wp-content\/uploads\/2020\/01\/Colori-disponibili-resinato-materico-ruvido-opaco.jpg 182w, https:\/\/mlilev7bln6g.i.optimole.com\/cb:gVOz.8a9\/w:200\/h:329\/q:mauto\/f:best\/https:\/\/www.homwarm.eu\/web\/wp-content\/uploads\/2020\/01\/Colori-disponibili-resinato-materico-ruvido-opaco.jpg 200w, https:\/\/mlilev7bln6g.i.optimole.com\/cb:gVOz.8a9\/w:304\/h:500\/q:mauto\/f:best\/https:\/\/www.homwarm.eu\/web\/wp-content\/uploads\/2020\/01\/Colori-disponibili-resinato-materico-ruvido-opaco.jpg 304w\" sizes=\"(max-width: 304px) 100vw, 304px\" \/><\/p>\n<p><strong>D\u00e9coration<\/strong><br \/>\n<img data-opt-id=1370239280  fetchpriority=\"high\" decoding=\"async\" class=\"size-full wp-image-26521 lazyautosizes ls-is-cached lazyloaded\" src=\"https:\/\/mlilev7bln6g.i.optimole.com\/cb:gVOz.8a9\/w:auto\/h:auto\/q:mauto\/f:best\/https:\/\/www.homwarm.eu\/web\/wp-content\/uploads\/2020\/01\/Decorazione-Resin-With-Decoration.jpg\" sizes=\"303px\" srcset=\"https:\/\/mlilev7bln6g.i.optimole.com\/cb:gVOz.8a9\/w:200\/h:68\/q:mauto\/f:best\/https:\/\/www.homwarm.eu\/web\/wp-content\/uploads\/2020\/01\/Decorazione-Resin-With-Decoration.jpg 200w, https:\/\/mlilev7bln6g.i.optimole.com\/cb:gVOz.8a9\/w:300\/h:103\/q:mauto\/f:best\/https:\/\/www.homwarm.eu\/web\/wp-content\/uploads\/2020\/01\/Decorazione-Resin-With-Decoration.jpg 300w, https:\/\/mlilev7bln6g.i.optimole.com\/cb:gVOz.8a9\/w:auto\/h:auto\/q:mauto\/f:best\/https:\/\/www.homwarm.eu\/web\/wp-content\/uploads\/2020\/01\/Decorazione-Resin-With-Decoration.jpg 303w\" alt=\"Decorazione \/ Resin With Decoration\" width=\"303\" height=\"103\" data-orig-src=\"https:\/\/mlilev7bln6g.i.optimole.com\/cb:gVOz.8a9\/w:auto\/h:auto\/q:mauto\/f:best\/https:\/\/www.homwarm.eu\/web\/wp-content\/uploads\/2020\/01\/Decorazione-Resin-With-Decoration.jpg\" data-srcset=\"https:\/\/mlilev7bln6g.i.optimole.com\/cb:gVOz.8a9\/w:200\/h:68\/q:mauto\/f:best\/https:\/\/www.homwarm.eu\/web\/wp-content\/uploads\/2020\/01\/Decorazione-Resin-With-Decoration.jpg 200w, https:\/\/mlilev7bln6g.i.optimole.com\/cb:gVOz.8a9\/w:300\/h:103\/q:mauto\/f:best\/https:\/\/www.homwarm.eu\/web\/wp-content\/uploads\/2020\/01\/Decorazione-Resin-With-Decoration.jpg 300w, https:\/\/mlilev7bln6g.i.optimole.com\/cb:gVOz.8a9\/w:auto\/h:auto\/q:mauto\/f:best\/https:\/\/www.homwarm.eu\/web\/wp-content\/uploads\/2020\/01\/Decorazione-Resin-With-Decoration.jpg 303w\" data-sizes=\"auto\" data-orig-sizes=\"(max-width: 303px) 100vw, 303px\" data-orig- data- title=\"\"><\/p>\n<\/div>\n<div>\n<div id=\"imCell_31\" data-responsive-sequence-number=\"15\">\n<div id=\"imTextObject_7_31\">\n<div id=\"imTextObject_7_31_tab0\" data-index=\"0\">\n<div id=\"imCell_10\" data-responsive-sequence-number=\"7\">\n<div id=\"pluginAppObj_70_10\">\n<div id=\"pluginAppObj_70_10_container\">\n<div id=\"imCell_34\" data-responsive-sequence-number=\"9\">\n<div id=\"imTextObject_70_34\">\n<div id=\"imTextObject_70_34_tab0\" data-index=\"0\">\n<div id=\"imCell_34\" data-responsive-sequence-number=\"9\">\n<div id=\"imTextObject_71_34\">\n<div id=\"imTextObject_71_34_tab0\" data-index=\"0\">\n<div id=\"imCell_66\" data-responsive-sequence-number=\"27\">\n<div id=\"imObjectImage_16_66\">\n<div>\n<div><strong>Notes techniques et certifications:<\/strong><\/div>\n<\/div>\n<\/div>\n<\/div>\n<\/div>\n<\/div>\n<\/div>\n<\/div>\n<\/div>\n<\/div>\n<\/div>\n<\/div>\n<\/div>\n<\/div>\n<\/div>\n<\/div>\n<\/div>\n<div>CLASSE D\u2019ISOLATION CL.I CL. II \u2013 DEGR\u00c9 DE PROTECTION IP 24 \u2013 NORMES EN60335-1 \u2013 EN60335-2-30 \u2013 EN55014-1 \u2013 EN55014 \u20132 CE<\/div>\n<\/div>\n","protected":false},"excerpt":{"rendered":"<div class=\"post-content woocommerce-product-details__short-description\">\n<div id=\"imCellStyleBorders_17\">\n<p>S\u00c8CHE-SERVIETTE \u00c9LECTRIQUE<\/p>\n<\/div>\n<div id=\"imTextObject_58_17\">\n<div id=\"imTextObject_58_17_tab0\" data-index=\"0\"><strong>Un <a href=\"http:\/\/www.homwarm.eu\/web\">petit radiateur<\/a> qui se place facilement dans les petits espaces<\/strong> et l&rsquo;ajout d&rsquo;un porte-serviette double sa praticit\u00e9.<\/div>\n<\/div>\n<\/div>\n","protected":false},"featured_media":27697,"template":"","meta":[],"product_brand":[],"product_cat":[202],"product_tag":[],"class_list":{"0":"post-27221","1":"product","2":"type-product","3":"status-publish","4":"has-post-thumbnail","6":"product_cat-seche-serviettes-electriques-en-ceramique-hom","8":"first","9":"instock","10":"shipping-taxable","11":"product-type-simple"},"_links":{"self":[{"href":"https:\/\/www.homwarm.eu\/web\/fr\/wp-json\/wp\/v2\/product\/27221","targetHints":{"allow":["GET"]}}],"collection":[{"href":"https:\/\/www.homwarm.eu\/web\/fr\/wp-json\/wp\/v2\/product"}],"about":[{"href":"https:\/\/www.homwarm.eu\/web\/fr\/wp-json\/wp\/v2\/types\/product"}],"wp:featuredmedia":[{"embeddable":true,"href":"https:\/\/www.homwarm.eu\/web\/fr\/wp-json\/wp\/v2\/media\/27697"}],"wp:attachment":[{"href":"https:\/\/www.homwarm.eu\/web\/fr\/wp-json\/wp\/v2\/media?parent=27221"}],"wp:term":[{"taxonomy":"product_brand","embeddable":true,"href":"https:\/\/www.homwarm.eu\/web\/fr\/wp-json\/wp\/v2\/product_brand?post=27221"},{"taxonomy":"product_cat","embeddable":true,"href":"https:\/\/www.homwarm.eu\/web\/fr\/wp-json\/wp\/v2\/product_cat?post=27221"},{"taxonomy":"product_tag","embeddable":true,"href":"https:\/\/www.homwarm.eu\/web\/fr\/wp-json\/wp\/v2\/product_tag?post=27221"}],"curies":[{"name":"wp","href":"https:\/\/api.w.org\/{rel}","templated":true}]}}