{"id":27219,"date":"2022-03-22T15:32:55","date_gmt":"2022-03-22T14:32:55","guid":{"rendered":"https:\/\/www.homwarm.eu\/web\/products\/seven-t-radiatori-elettrici\/"},"modified":"2024-04-04T12:21:12","modified_gmt":"2024-04-04T10:21:12","slug":"seven-t-radiateurs-electriques-en-acier","status":"publish","type":"product","link":"https:\/\/www.homwarm.eu\/web\/fr\/products\/seven-t-radiateurs-electriques-en-acier\/","title":{"rendered":"SEVEN-T"},"content":{"rendered":"<div id=\"imTextObject_63_01\">\n<div id=\"imTextObject_63_01_tab0\" class=\"text-tab-content grid-prop current-tab \" data-index=\"0\">\n<div class=\"text-inner\">\n<div id=\"imCell_8\" class=\"\" data-responsive-sequence-number=\"1\">\n<div id=\"imTextObject_58_08\">\n<div id=\"imTextObject_58_08_tab0\" class=\"text-tab-content grid-prop current-tab \" data-index=\"0\">\n<div class=\"text-inner\">\n<div class=\"imTACenter\">\n<div id=\"imCell_8\" class=\"\" data-responsive-sequence-number=\"1\">\n<div id=\"imTextObject_70_08\">\n<div id=\"imTextObject_70_08_tab0\" class=\"text-tab-content grid-prop current-tab \" data-index=\"0\">\n<div class=\"text-inner\">\n<div class=\"imTACenter\">\n<div id=\"imTextObject_71_51\">\n<div id=\"imTextObject_71_51_tab0\" class=\"text-tab-content grid-prop current-tab \" data-index=\"0\">\n<div class=\"text-inner\">\n<div id=\"imTextObject_14_01\">\n<div id=\"imTextObject_14_01_tab0\" class=\"text-tab-content grid-prop current-tab \" data-index=\"0\">\n<div class=\"text-inner\">\n<div id=\"imTextObject_72_01\">\n<div id=\"imTextObject_72_01_tab0\" class=\"text-tab-content grid-prop current-tab \" data-index=\"0\">\n<div class=\"text-inner\">\n<div id=\"imTextObject_16_01\">\n<div id=\"imTextObject_16_01_tab0\" class=\"text-tab-content grid-prop current-tab \" data-index=\"0\">\n<div class=\"text-inner\">\n<div id=\"imTextObject_59_01\">\n<div id=\"imTextObject_59_01_tab0\" class=\"text-tab-content grid-prop current-tab \" data-index=\"0\">\n<div class=\"text-inner\">\n<div id=\"imTextObject_61_01\">\n<div id=\"imTextObject_61_01_tab0\" class=\"text-tab-content grid-prop current-tab \" data-index=\"0\">\n<div class=\"text-inner\">\n<div id=\"imTextObject_64_01\">\n<div id=\"imTextObject_64_01_tab0\" class=\"text-tab-content grid-prop current-tab \" data-index=\"0\">\n<div class=\"text-inner\">\n<div id=\"imTextObject_77_27\">\n<div id=\"imTextObject_77_27_tab0\" class=\"text-tab-content grid-prop current-tab \" data-index=\"0\">\n<div class=\"text-inner\">\n<div id=\"imTextObject_65_01\">\n<div id=\"imTextObject_65_01_tab0\" class=\"text-tab-content grid-prop current-tab \" data-index=\"0\">\n<div class=\"text-inner\">\n<div id=\"imCell_9\" class=\"\" data-responsive-sequence-number=\"1\">\n<div id=\"imTextObject_66_09\">\n<h3 id=\"imTextObject_66_09_tab0\" class=\"text-tab-content grid-prop current-tab \" data-index=\"0\"><strong>SEVEN-T<br \/>\n<\/strong><a href=\"https:\/\/www.homwarm.eu\/web\/\">RADIATEUR \u00c9LECTRIQUE<\/a><\/h3>\n<\/div>\n<\/div>\n<\/div>\n<\/div>\n<\/div>\n<\/div>\n<\/div>\n<\/div>\n<\/div>\n<\/div>\n<\/div>\n<\/div>\n<\/div>\n<\/div>\n<\/div>\n<\/div>\n<\/div>\n<\/div>\n<\/div>\n<\/div>\n<\/div>\n<\/div>\n<\/div>\n<\/div>\n<\/div>\n<\/div>\n<\/div>\n<\/div>\n<\/div>\n<\/div>\n<\/div>\n<\/div>\n<\/div>\n<\/div>\n<div id=\"imCell_17\" class=\"\" data-responsive-sequence-number=\"2\">\n<div id=\"imTextObject_70_17\">\n<div id=\"imTextObject_70_17_tab0\" class=\"text-tab-content grid-prop current-tab \" data-index=\"0\">\n<div id=\"imCell_18\" class=\"\" data-responsive-sequence-number=\"5\">\n<div id=\"imTableObject_70_18\">\n<div id=\"imTableObject_70_18_tab0\" class=\"text-tab-content grid-prop current-tab \" data-index=\"0\">\n<div id=\"imCell_10\" class=\"\" data-responsive-sequence-number=\"7\">\n<div id=\"pluginAppObj_70_10\">\n<div id=\"pluginAppObj_70_10_container\">\n<div class=\"flex-container\">\n<div class=\"flex-item item-txt\">\n<div class=\"div-txt\">\n<div id=\"imCell_42\" class=\"\" data-responsive-sequence-number=\"11\">\n<div id=\"pluginAppObj_64_42\">\n<div id=\"pluginAppObj_64_42_container\">\n<div class=\"flex-container\">\n<div id=\"imCell_30\" class=\"\" data-responsive-sequence-number=\"9\">\n<div id=\"imTextObject_67_30\">\n<div id=\"imTextObject_67_30_tab0\" class=\"text-tab-content grid-prop current-tab \" data-index=\"0\">\n<div class=\"text-inner\">\n<div id=\"imCell_30\" class=\"\" data-responsive-sequence-number=\"9\">\n<div id=\"imTextObject_66_30\">\n<div id=\"imTextObject_66_30_tab0\" class=\"text-tab-content grid-prop current-tab \" data-index=\"0\">\n<div class=\"text-inner\">\n<div class=\"imTALeft\">\n<div id=\"imCell_27\" class=\"\" data-responsive-sequence-number=\"2\">\n<div id=\"imTextObject_66_27\">\n<div id=\"imTextObject_66_27_tab0\" class=\"text-tab-content grid-prop current-tab \" data-index=\"0\">\n<div class=\"text-inner\">\n<div>Jeu d&rsquo;ombre et de lumi\u00e8re<\/div>\n<div>\n<p><strong>SEVEN-T<\/strong> s&rsquo;inspire des ann\u00e9es 70, trois panneaux en acier assembl\u00e9s, avec un effet tridimensionnel et une lame de LED pour cr\u00e9er un jeu d&rsquo;ombre et de lumi\u00e8re, cachent la c\u00e9ramique chauffante <strong>HOM<\/strong>, cr\u00e9ant un meuble thermo design raffin\u00e9 et \u00e9l\u00e9gant, avec puissance thermique jusqu&rsquo;\u00e0 1000 watts \u00e0 installer dans les pi\u00e8ces les plus fr\u00e9quent\u00e9es de vos habitations.<\/p>\n<p>Nous cr\u00e9ons le radiateur et le client le personnalise avec les couleurs qu&rsquo;il pr\u00e9f\u00e8re, ce qui en fait un objet unique et sp\u00e9cial..<\/p>\n<p><strong>Finition:<br \/>\n1)<\/strong> Finition \u00e9cologique anti-rayures satin\u00e9e<\/p>\n<p><strong>Mod\u00e8les:<br \/>\n<\/strong><span class=\"cf1\"><strong>1)<\/strong> Version avec interrupteur On \/Off et c\u00e2ble d\u2019alimentation et prise<br \/>\n<strong>2)<\/strong> Version avec interrupteur On \/Off et connexion murale directe<\/span><\/p>\n<\/div>\n<\/div>\n<\/div>\n<\/div>\n<\/div>\n<\/div>\n<\/div>\n<\/div>\n<div id=\"imTextObject_66_30_tab0\" class=\"text-tab-content grid-prop current-tab \" data-index=\"0\">\n<div class=\"text-inner\">\n<div class=\"imTALeft\">\n<div id=\"imCell_26\" class=\"\" data-responsive-sequence-number=\"5\">\n<div id=\"imTableObject_66_26\">\n<div id=\"imTableObject_66_26_tab0\" class=\"text-tab-content grid-prop current-tab \" data-index=\"0\">\n<div class=\"text-inner\">\n<table style=\"height: 134px;\" width=\"892\" data-minrequestedwidth=\"558\" data-computedwidth=\"558\">\n<tbody>\n<tr>\n<td class=\"imVc\">Mod\u00e8le<\/td>\n<td class=\"imVc\">\n<div><span class=\"fs10lh1-5\">Base<\/span><\/div>\n<\/td>\n<td class=\"imVc\">\n<div class=\"imTACenter\">Hauteur<\/div>\n<\/td>\n<td class=\"imVc\">\n<div class=\"imTACenter\">Profondeur<\/div>\n<\/td>\n<td class=\"imVc\">\n<div class=\"imTACenter\"><span class=\"fs10lh1-5\">Puissance<\/span><\/div>\n<\/td>\n<td class=\"imVc\">\n<div class=\"imTACenter\"><span class=\"fs10lh1-5\">Volt<\/span><\/div>\n<\/td>\n<td class=\"imVc\">\n<div class=\"imTACenter\"><span class=\"fs10lh1-5\">Poids Net<\/span><\/div>\n<\/td>\n<\/tr>\n<tr>\n<td class=\"imVc\">\n<div><span class=\"fs10lh1-5\">SEVEN-T 500<\/span><\/div>\n<\/td>\n<td class=\"imVc\">530 mm<\/td>\n<td class=\"imVc\">1160 mm<\/td>\n<td class=\"imVc\">\n<div><span class=\"fs10lh1-5\">60 mm<\/span><\/div>\n<\/td>\n<td class=\"imVc\">\n<div><span class=\"fs10lh1-5\">500 Watt<\/span><\/div>\n<\/td>\n<td class=\"imVc\">\n<div><span class=\"fs10lh1-5\">230<\/span><\/div>\n<\/td>\n<td class=\"imVc\">\n<div><span class=\"fs10lh1-5\">35 Kg<\/span><\/div>\n<\/td>\n<\/tr>\n<tr>\n<td class=\"imVc\"><span class=\"fs10lh1-5\">SEVEN-T 700<\/span><\/td>\n<td class=\"imVc\">530 mm<\/td>\n<td class=\"imVc\">1160 mm<\/td>\n<td class=\"imVc\">\n<div><span class=\"fs10lh1-5\">60 mm<\/span><\/div>\n<\/td>\n<td class=\"imVc\">\n<div><span class=\"fs10lh1-5\">700 Watt<\/span><\/div>\n<\/td>\n<td class=\"imVc\">\n<div><span class=\"fs10lh1-5\">230<\/span><\/div>\n<\/td>\n<td class=\"imVc\">\n<div><span class=\"fs10lh1-5\">35 Kg<\/span><\/div>\n<\/td>\n<\/tr>\n<tr>\n<td class=\"imVc\"><span class=\"fs10lh1-5\">SEVEN-T 1000<\/span><\/td>\n<td class=\"imVc\">530 mm<\/td>\n<td class=\"imVc\">1160 mm<\/td>\n<td class=\"imVc\">\n<div><span class=\"fs10lh1-5\">60 mm<\/span><\/div>\n<\/td>\n<td class=\"imVc\">\n<div><span class=\"fs10lh1-5\">1000 Watt<\/span><\/div>\n<\/td>\n<td class=\"imVc\">\n<div><span class=\"fs10lh1-5\">230<\/span><\/div>\n<\/td>\n<td class=\"imVc\">\n<div><span class=\"fs10lh1-5\">35 Kg<\/span><\/div>\n<\/td>\n<\/tr>\n<\/tbody>\n<\/table>\n<\/div>\n<\/div>\n<\/div>\n<\/div>\n<div id=\"imCell_24\" class=\"\" data-responsive-sequence-number=\"6\">\n<p><div class=\"fusion-button-wrapper\"><a class=\"fusion-button button-flat fusion-button-default-size button-default fusion-button-default button-1 fusion-button-default-span fusion-button-default-type\" target=\"_blank\" rel=\"noopener noreferrer\" href=\"https:\/\/www.homwarm.eu\/web\/wp-content\/uploads\/2022\/03\/scheda-tecnica-seven-t.pdf\"><span class=\"fusion-button-text awb-button__text awb-button__text--default\">SCH\u00c9MA TECHNIQUE<\/span><\/a><\/div> <div class=\"fusion-button-wrapper\"><a class=\"fusion-button button-flat fusion-button-default-size button-default fusion-button-default button-2 fusion-button-default-span fusion-button-default-type\" target=\"_blank\" rel=\"noopener noreferrer\" href=\"https:\/\/www.homwarm.eu\/web\/wp-content\/uploads\/2022\/03\/Seven-T_FR-ES-MANUALE_TECNICO-OPUSCOLO.pdf\"><span class=\"fusion-button-text awb-button__text awb-button__text--default\">INSTRUCTIONS DE MONTAGE<\/span><\/a><\/div><\/p>\n<\/div>\n<div id=\"imCell_30\" class=\"\" data-responsive-sequence-number=\"9\">\n<div id=\"imTextObject_66_30\">\n<div id=\"imTextObject_66_30_tab0\" class=\"text-tab-content grid-prop current-tab \" data-index=\"0\">\n<div class=\"text-inner\">\n<div class=\"imTALeft\"><strong>Couleurs disponibles<\/strong><br \/>\nLe client le personnalise avec les couleurs qu&rsquo;il pr\u00e9f\u00e8re<\/div>\n<div class=\"imTALeft\"><img data-opt-id=1078816864  fetchpriority=\"high\" decoding=\"async\" class=\" wp-image-27012\" src=\"https:\/\/mlilev7bln6g.i.optimole.com\/cb:gVOz.8a9\/w:auto\/h:auto\/q:mauto\/f:best\/https:\/\/www.homwarm.eu\/web\/wp-content\/uploads\/2022\/03\/ralcolortermoarredihom.png\" alt=\"Termoarredo elettrico ral color hom\" width=\"127\" height=\"125\" title=\"\" srcset=\"https:\/\/mlilev7bln6g.i.optimole.com\/cb:gVOz.8a9\/w:66\/h:66\/q:mauto\/f:best\/dpr:2\/https:\/\/www.homwarm.eu\/web\/wp-content\/uploads\/2022\/03\/ralcolortermoarredihom.png 66w, https:\/\/mlilev7bln6g.i.optimole.com\/cb:gVOz.8a9\/w:200\/h:198\/q:mauto\/f:best\/https:\/\/www.homwarm.eu\/web\/wp-content\/uploads\/2022\/03\/ralcolortermoarredihom.png 200w, https:\/\/mlilev7bln6g.i.optimole.com\/cb:gVOz.8a9\/w:250\/h:247\/q:mauto\/f:best\/https:\/\/www.homwarm.eu\/web\/wp-content\/uploads\/2022\/03\/ralcolortermoarredihom.png 250w\" sizes=\"(max-width: 127px) 100vw, 127px\" \/><br \/>\nCouleurs RAL<\/div>\n<\/div>\n<\/div>\n<\/div>\n<\/div>\n<\/div>\n<\/div>\n<\/div>\n<\/div>\n<\/div>\n<\/div>\n<\/div>\n<\/div>\n<\/div>\n<\/div>\n<\/div>\n<\/div>\n<\/div>\n<\/div>\n<\/div>\n<\/div>\n<\/div>\n<\/div>\n<\/div>\n<\/div>\n<\/div>\n<\/div>\n<\/div>\n<\/div>\n<\/div>\n<\/div>\n<\/div>\n<\/div>\n<\/div>\n<\/div>\n<\/div>\n<\/div>\n<\/div>\n<div><\/div>\n<div><\/div>\n<div><strong>Notes techniques et certifications:<\/strong><\/div>\n<div>CLASSE D\u2019ISOLATION CL.I CL. II \u2013 DEGR\u00c9 DE PROTECTION IP 24 \u2013 NORMES EN60335-1 \u2013 EN60335-2-30 \u2013 EN55014-1 \u2013 EN55014 \u20132 CE<\/div>\n","protected":false},"excerpt":{"rendered":"<div id=\"imCell_9\" class=\"\" data-responsive-sequence-number=\"1\">\n<div id=\"imTextObject_66_09\">\n<div id=\"imTextObject_66_09_tab0\" class=\"text-tab-content grid-prop current-tab \" data-index=\"0\">\n<div class=\"text-inner\">\n<div class=\"imTACenter\">\n<div id=\"imTextObject_66_09\">\n<div id=\"imTextObject_66_09_tab0\" class=\"text-tab-content grid-prop current-tab \" data-index=\"0\">\n<div class=\"text-inner\">\n<div class=\"imTACenter\">\n<div id=\"imTextObject_66_09\">\n<div id=\"imTextObject_66_09_tab0\" class=\"text-tab-content grid-prop current-tab \" data-index=\"0\">\n<div class=\"text-inner\">\n<div class=\"imTACenter\"><a href=\"https:\/\/www.homwarm.eu\/web\">RADIATEUR \u00c9LECTRIQUE<\/a><\/div>\n<div><\/div>\n<\/div>\n<\/div>\n<\/div>\n<div>Trois panneaux en acier assembl\u00e9s avec un effet tridimensionnel et une lame de LED pour cr\u00e9er un jeu d&rsquo;ombre et de lumi\u00e8re.<\/div>\n<\/div>\n<\/div>\n<\/div>\n<\/div>\n<\/div>\n<\/div>\n<\/div>\n<\/div>\n<\/div>\n","protected":false},"featured_media":27028,"template":"","meta":[],"product_brand":[],"product_cat":[209],"product_tag":[273,274,275,276,277,278],"class_list":{"0":"post-27219","1":"product","2":"type-product","3":"status-publish","4":"has-post-thumbnail","6":"product_cat-radiateurs-electriques-en-acier-hom","7":"product_tag-offers-2-fr","8":"product_tag-review-2-fr","9":"product_tag-aggregaterating-2-fr","10":"product_tag-radiatori-elettrici-fr","11":"product_tag-termoarredi-fr","12":"product_tag-riscaldamento-elettrico-fr","14":"first","15":"instock","16":"shipping-taxable","17":"product-type-simple"},"_links":{"self":[{"href":"https:\/\/www.homwarm.eu\/web\/fr\/wp-json\/wp\/v2\/product\/27219","targetHints":{"allow":["GET"]}}],"collection":[{"href":"https:\/\/www.homwarm.eu\/web\/fr\/wp-json\/wp\/v2\/product"}],"about":[{"href":"https:\/\/www.homwarm.eu\/web\/fr\/wp-json\/wp\/v2\/types\/product"}],"wp:featuredmedia":[{"embeddable":true,"href":"https:\/\/www.homwarm.eu\/web\/fr\/wp-json\/wp\/v2\/media\/27028"}],"wp:attachment":[{"href":"https:\/\/www.homwarm.eu\/web\/fr\/wp-json\/wp\/v2\/media?parent=27219"}],"wp:term":[{"taxonomy":"product_brand","embeddable":true,"href":"https:\/\/www.homwarm.eu\/web\/fr\/wp-json\/wp\/v2\/product_brand?post=27219"},{"taxonomy":"product_cat","embeddable":true,"href":"https:\/\/www.homwarm.eu\/web\/fr\/wp-json\/wp\/v2\/product_cat?post=27219"},{"taxonomy":"product_tag","embeddable":true,"href":"https:\/\/www.homwarm.eu\/web\/fr\/wp-json\/wp\/v2\/product_tag?post=27219"}],"curies":[{"name":"wp","href":"https:\/\/api.w.org\/{rel}","templated":true}]}}