{"id":26652,"date":"2021-04-27T13:38:05","date_gmt":"2021-04-27T11:38:05","guid":{"rendered":"https:\/\/www.homwarm.eu\/web\/products\/elysir-h\/"},"modified":"2024-01-16T13:43:03","modified_gmt":"2024-01-16T12:43:03","slug":"elysir-h-radiateur-electrique","status":"publish","type":"product","link":"https:\/\/www.homwarm.eu\/web\/fr\/products\/elysir-h-radiateur-electrique\/","title":{"rendered":"ELYSIR H"},"content":{"rendered":"<div id=\"imTextObject_63_01\">\n<div id=\"imTextObject_63_01_tab0\" data-index=\"0\">\n<div id=\"imCell_8\" data-responsive-sequence-number=\"1\">\n<div id=\"imTextObject_58_08\">\n<div id=\"imTextObject_58_08_tab0\" data-index=\"0\">\n<div id=\"imCell_8\" data-responsive-sequence-number=\"1\">\n<div id=\"imTextObject_70_08\">\n<div id=\"imTextObject_70_08_tab0\" data-index=\"0\">\n<div id=\"imTextObject_71_51\">\n<div id=\"imTextObject_71_51_tab0\" data-index=\"0\">\n<div><strong>ELYSIR H<\/strong><\/div>\n<h3><a href=\"https:\/\/www.homwarm.eu\/web\">RADIATEUR \u00c9LECTRIQUE<\/a><\/h3>\n<div>\n<p>Radiateur ultra fin recouvert de r\u00e9sine textur\u00e9e brute opaque<\/p>\n<p><strong>ELYSIR H<\/strong>, le r\u00e9sine et finition acier, recouvre la technologie HOM, pour chauffer vos pi\u00e8ces. <strong>ELYSIR H, <\/strong>une plaque c\u00e9ramique fine et \u00e9l\u00e9gante. 300 watts de puissance pour fournir une grande efficacit\u00e9 thermique, en faisant attention aux \u00e9conomies d&rsquo;\u00e9nergie.<\/p>\n<p>&nbsp;<\/p>\n<p><strong><span class=\"fs11lh1-5\">Finitions disponibles:<\/span><\/strong><span class=\"cf2\"><br \/>\n<\/span><span class=\"cf2\"><b>1)<\/b>\u00a0R\u00e9sine textur\u00e9e brute opaque<br \/>\n<b>2)<\/b>\u00a0R<span class=\"VIiyi\" lang=\"fr\"><span class=\"JLqJ4b ChMk0b\" data-language-for-alternatives=\"fr\" data-language-to-translate-into=\"en\" data-phrase-index=\"0\">\u00e9sine d\u00e9cor\u00e9e<\/span><\/span><\/span><\/p>\n<\/div>\n<div>\n<div><strong>Mod\u00e8les:<\/strong><\/div>\n<div><span class=\"fs11lh1-5 cf1\"><b>1)<\/b> Version avec interrupteur On \/Off\u00a0<\/span><\/div>\n<div><span class=\"fs11lh1-5 cf1\"><b>2)<\/b>\u00a0Version avec interrupteur On \/Off et connexion murale directe<br \/>\n<\/span><b>3)<\/b>\u00a0Version avec interrupteur de pr\u00e9sence + minuterie et connexion murale directe<\/div>\n<div><\/div>\n<p><b>Mod\u00e8les:<br \/>\n<\/b><b>1)<\/b> Version avec interrupteur On \/Off et c\u00e2ble d&rsquo;alimentation et prise<br \/>\n<span class=\"fs11lh1-5 cf1\"><b>2)<\/b>\u00a0Version avec interrupteur On \/Off et connexion murale directe<\/span><\/p>\n<\/div>\n<\/div>\n<\/div>\n<\/div>\n<\/div>\n<\/div>\n<div id=\"imCell_17\" data-responsive-sequence-number=\"2\">\n<div id=\"imTextObject_70_17\">\n<div id=\"imTextObject_70_17_tab0\" data-index=\"0\">\n<div id=\"imCell_18\" data-responsive-sequence-number=\"5\">\n<div id=\"imTableObject_70_18\">\n<div id=\"imTableObject_70_18_tab0\" data-index=\"0\">\n<div>\n<table width=\"887\" data-minrequestedwidth=\"541\" data-computedwidth=\"541\">\n<tbody>\n<tr>\n<td>\n<div>Base<\/div>\n<\/td>\n<td>Hauteur<\/td>\n<td>Profondeur<\/td>\n<td>Puissance<\/td>\n<td>\n<div>Volt<\/div>\n<\/td>\n<td>Poids Net<\/td>\n<\/tr>\n<tr>\n<td>\n<div>300mm<\/div>\n<\/td>\n<td>\n<div>1260 mm<\/div>\n<\/td>\n<td>\n<div>52 mm<\/div>\n<\/td>\n<td>\n<div>300 Watt<\/div>\n<\/td>\n<td>\n<div>220 \/ 240<\/div>\n<div>110 \/ 120<\/div>\n<\/td>\n<td>\n<div>16 Kg<\/div>\n<\/td>\n<\/tr>\n<\/tbody>\n<\/table>\n<\/div>\n<div>\n<div class=\"fusion-button-wrapper\"><a class=\"fusion-button button-flat fusion-button-default-size button-default fusion-button-default button-1 fusion-button-default-span fusion-button-default-type\" target=\"_blank\" rel=\"noopener noreferrer\" href=\"https:\/\/www.homwarm.eu\/web\/wp-content\/uploads\/2021\/04\/ELYSIR-H-_D210161.pdf\"><span class=\"fusion-button-text awb-button__text awb-button__text--default\">FICHE TECHNIQUE<\/span><\/a><\/div>\n<div class=\"fusion-button-wrapper\"><a class=\"fusion-button button-flat fusion-button-default-size button-default fusion-button-default button-2 fusion-button-default-span fusion-button-default-type\" target=\"_blank\" rel=\"noopener noreferrer\" href=\"https:\/\/www.homwarm.eu\/web\/wp-content\/uploads\/2021\/04\/elysir-H-D-FR-ES-MANUALE-TECNICO-OPUSCOLO.pdf\"><span class=\"fusion-button-text awb-button__text awb-button__text--default\">INSTRUCTIONS DE MONTAGE<\/span><\/a><\/div>\n<\/div>\n<div id=\"imCell_10\" data-responsive-sequence-number=\"7\">\n<div id=\"pluginAppObj_70_10\">\n<div id=\"pluginAppObj_70_10_container\">\n<div id=\"imCell_34\" data-responsive-sequence-number=\"9\">\n<div id=\"imTextObject_70_34\">\n<div id=\"imTextObject_70_34_tab0\" data-index=\"0\">\n<div id=\"imCell_34\" data-responsive-sequence-number=\"9\">\n<div id=\"imTextObject_71_34\">\n<div id=\"imTextObject_71_34_tab0\" data-index=\"0\">\n<p><strong>\u00a0<\/strong><\/p>\n<p><strong>Couleurs disponibles<\/strong> r\u00e9sine textur\u00e9e brute opaque:<br \/>\n<img data-opt-id=1929170066  fetchpriority=\"high\" decoding=\"async\" class=\"size-full wp-image-26617\" src=\"https:\/\/mlilev7bln6g.i.optimole.com\/cb:gVOz.8a9\/w:auto\/h:auto\/q:mauto\/f:best\/https:\/\/www.homwarm.eu\/web\/wp-content\/uploads\/2020\/01\/Couleurs-resine-texturee-mate-hom-seche-serviettes-electrique-et-radiateurs.jpg\" sizes=\"(max-width: 304px) 100vw, 304px\" srcset=\"https:\/\/mlilev7bln6g.i.optimole.com\/cb:gVOz.8a9\/w:182\/h:300\/q:mauto\/f:best\/https:\/\/www.homwarm.eu\/web\/wp-content\/uploads\/2020\/01\/Couleurs-resine-texturee-mate-hom-seche-serviettes-electrique-et-radiateurs.jpg 182w, https:\/\/mlilev7bln6g.i.optimole.com\/cb:gVOz.8a9\/w:200\/h:329\/q:mauto\/f:best\/https:\/\/www.homwarm.eu\/web\/wp-content\/uploads\/2020\/01\/Couleurs-resine-texturee-mate-hom-seche-serviettes-electrique-et-radiateurs.jpg 200w, https:\/\/mlilev7bln6g.i.optimole.com\/cb:gVOz.8a9\/w:auto\/h:auto\/q:mauto\/f:best\/https:\/\/www.homwarm.eu\/web\/wp-content\/uploads\/2020\/01\/Couleurs-resine-texturee-mate-hom-seche-serviettes-electrique-et-radiateurs.jpg 304w\" alt=\"Couleurs r\u00e9sine textur\u00e9e mate hom s\u00e8che-serviettes \u00e9lectrique et radiateurs\" width=\"304\" height=\"500\" title=\"\"><\/p>\n<p><strong>Couleurs disponibles<\/strong>\u00a0r\u00e9sine textur\u00e9e avec d\u00e9cor:<br \/>\n<img data-opt-id=22016709  fetchpriority=\"high\" decoding=\"async\" class=\"size-full wp-image-26645\" src=\"https:\/\/mlilev7bln6g.i.optimole.com\/cb:gVOz.8a9\/w:auto\/h:auto\/q:mauto\/f:best\/https:\/\/www.homwarm.eu\/web\/wp-content\/uploads\/2020\/01\/seche-serviettes-electrique-et-radiateurs-color-resin-with-decoration.jpg\" sizes=\"(max-width: 304px) 100vw, 304px\" srcset=\"https:\/\/mlilev7bln6g.i.optimole.com\/cb:gVOz.8a9\/w:200\/h:82\/q:mauto\/f:best\/https:\/\/www.homwarm.eu\/web\/wp-content\/uploads\/2020\/01\/seche-serviettes-electrique-et-radiateurs-color-resin-with-decoration.jpg 200w, https:\/\/mlilev7bln6g.i.optimole.com\/cb:gVOz.8a9\/w:300\/h:122\/q:mauto\/f:best\/https:\/\/www.homwarm.eu\/web\/wp-content\/uploads\/2020\/01\/seche-serviettes-electrique-et-radiateurs-color-resin-with-decoration.jpg 300w, https:\/\/mlilev7bln6g.i.optimole.com\/cb:gVOz.8a9\/w:auto\/h:auto\/q:mauto\/f:best\/https:\/\/www.homwarm.eu\/web\/wp-content\/uploads\/2020\/01\/seche-serviettes-electrique-et-radiateurs-color-resin-with-decoration.jpg 304w\" alt=\"s\u00e8che-serviettes \u00e9lectrique et radiateurs color resin with decoration\" width=\"304\" height=\"124\" title=\"\"><\/p>\n<\/div>\n<\/div>\n<\/div>\n<div id=\"imCell_25\" data-responsive-sequence-number=\"10\">\n<div id=\"imObjectImage_71_25\">\n<div id=\"imObjectImage_71_25_container\">\n<div id=\"imCell_10\" data-responsive-sequence-number=\"7\">\n<div id=\"pluginAppObj_70_10\">\n<div id=\"pluginAppObj_70_10_container\">\n<div id=\"imCell_34\" data-responsive-sequence-number=\"9\">\n<div id=\"imTextObject_70_34\">\n<div id=\"imTextObject_70_34_tab0\" data-index=\"0\">\n<div id=\"imCell_34\" data-responsive-sequence-number=\"9\">\n<div id=\"imTextObject_71_34\">\n<div id=\"imTextObject_71_34_tab0\" data-index=\"0\">\n<div id=\"imCell_66\" data-responsive-sequence-number=\"27\">\n<div id=\"imObjectImage_16_66\">\n<div>\n<div><strong>Note tecniche e certificazioni:<\/strong><\/div>\n<\/div>\n<\/div>\n<\/div>\n<\/div>\n<\/div>\n<\/div>\n<\/div>\n<\/div>\n<\/div>\n<\/div>\n<\/div>\n<\/div>\n<\/div>\n<\/div>\n<\/div>\n<\/div>\n<\/div>\n<div>CLASSE ISOLAMENTO CL.I CL. II &#8211; GRADO DI PROTEZIONE IP 24 &#8211; NORME EN60335-1 &#8211; EN60335-2-30 &#8211; EN55014-1 &#8211; EN55014-2 &#8211; CE<\/div>\n<\/div>\n<\/div>\n<\/div>\n<\/div>\n<\/div>\n<\/div>\n<\/div>\n<\/div>\n<\/div>\n<\/div>\n<\/div>\n<\/div>\n<\/div>\n<\/div>\n<\/div>\n","protected":false},"excerpt":{"rendered":"<div><a href=\"https:\/\/www.homwarm.eu\/web\">TERMOARREDO ELETTRICO<\/a><\/div>\n<div><\/div>\n<div>Termoarredo con finitura in resina materica e acciaio<\/div>\n<div><\/div>\n<div>L\u2019effetto materico della resina per catturare nuance e sfumature.<\/div>\n","protected":false},"featured_media":25443,"template":"","meta":[],"product_brand":[],"product_cat":[203],"product_tag":[273,274,275,279,284,285],"class_list":{"0":"post-26652","1":"product","2":"type-product","3":"status-publish","4":"has-post-thumbnail","6":"product_cat-radiateurs-electriques-en-ceramique-hom","7":"product_tag-offers-2-fr","8":"product_tag-review-2-fr","9":"product_tag-aggregaterating-2-fr","10":"product_tag-scaldasalviette-fr","11":"product_tag-scaldasalviette-di-design-fr","12":"product_tag-scaldasalviette-elettrico-fr","14":"first","15":"instock","16":"shipping-taxable","17":"product-type-simple"},"_links":{"self":[{"href":"https:\/\/www.homwarm.eu\/web\/fr\/wp-json\/wp\/v2\/product\/26652","targetHints":{"allow":["GET"]}}],"collection":[{"href":"https:\/\/www.homwarm.eu\/web\/fr\/wp-json\/wp\/v2\/product"}],"about":[{"href":"https:\/\/www.homwarm.eu\/web\/fr\/wp-json\/wp\/v2\/types\/product"}],"wp:featuredmedia":[{"embeddable":true,"href":"https:\/\/www.homwarm.eu\/web\/fr\/wp-json\/wp\/v2\/media\/25443"}],"wp:attachment":[{"href":"https:\/\/www.homwarm.eu\/web\/fr\/wp-json\/wp\/v2\/media?parent=26652"}],"wp:term":[{"taxonomy":"product_brand","embeddable":true,"href":"https:\/\/www.homwarm.eu\/web\/fr\/wp-json\/wp\/v2\/product_brand?post=26652"},{"taxonomy":"product_cat","embeddable":true,"href":"https:\/\/www.homwarm.eu\/web\/fr\/wp-json\/wp\/v2\/product_cat?post=26652"},{"taxonomy":"product_tag","embeddable":true,"href":"https:\/\/www.homwarm.eu\/web\/fr\/wp-json\/wp\/v2\/product_tag?post=26652"}],"curies":[{"name":"wp","href":"https:\/\/api.w.org\/{rel}","templated":true}]}}