{"id":26494,"date":"2021-09-07T11:37:02","date_gmt":"2021-09-07T09:37:02","guid":{"rendered":"https:\/\/www.homwarm.eu\/web\/products\/fido\/"},"modified":"2024-04-04T11:08:36","modified_gmt":"2024-04-04T09:08:36","slug":"fido-radiateur-electrique","status":"publish","type":"product","link":"https:\/\/www.homwarm.eu\/web\/fr\/products\/fido-radiateur-electrique\/","title":{"rendered":"FIDO"},"content":{"rendered":"<div id=\"imTextObject_63_01\">\n<div id=\"imTextObject_63_01_tab0\" class=\"text-tab-content grid-prop current-tab \" data-index=\"0\">\n<div class=\"text-inner\">\n<div id=\"imCell_8\" class=\"\" data-responsive-sequence-number=\"1\">\n<div id=\"imTextObject_58_08\">\n<div id=\"imTextObject_58_08_tab0\" class=\"text-tab-content grid-prop current-tab \" data-index=\"0\">\n<div class=\"text-inner\">\n<div class=\"imTACenter\">\n<div id=\"imCell_8\" class=\"\" data-responsive-sequence-number=\"1\">\n<div id=\"imTextObject_70_08\">\n<div id=\"imTextObject_70_08_tab0\" class=\"text-tab-content grid-prop current-tab \" data-index=\"0\">\n<div class=\"text-inner\">\n<div class=\"imTACenter\">\n<div id=\"imTextObject_71_51\">\n<div id=\"imTextObject_71_51_tab0\" class=\"text-tab-content grid-prop current-tab \" data-index=\"0\">\n<div class=\"text-inner\">\n<div id=\"imTextObject_14_01\">\n<div id=\"imTextObject_14_01_tab0\" class=\"text-tab-content grid-prop current-tab \" data-index=\"0\">\n<div class=\"text-inner\">\n<div id=\"imTextObject_72_01\">\n<div id=\"imTextObject_72_01_tab0\" class=\"text-tab-content grid-prop current-tab \" data-index=\"0\">\n<div class=\"text-inner\">\n<div id=\"imTextObject_16_01\">\n<div id=\"imTextObject_16_01_tab0\" class=\"text-tab-content grid-prop current-tab \" data-index=\"0\">\n<div class=\"text-inner\">\n<div id=\"imTextObject_59_01\">\n<div id=\"imTextObject_59_01_tab0\" class=\"text-tab-content grid-prop current-tab \" data-index=\"0\">\n<div class=\"text-inner\">\n<div id=\"imTextObject_61_01\">\n<div id=\"imTextObject_61_01_tab0\" class=\"text-tab-content grid-prop current-tab \" data-index=\"0\">\n<div class=\"text-inner\">\n<div id=\"imTextObject_64_01\">\n<div id=\"imTextObject_64_01_tab0\" class=\"text-tab-content grid-prop current-tab \" data-index=\"0\">\n<div class=\"text-inner\">\n<div id=\"imTextObject_77_27\">\n<div id=\"imTextObject_77_27_tab0\" class=\"text-tab-content grid-prop current-tab \" data-index=\"0\">\n<div class=\"text-inner\">\n<div id=\"imTextObject_65_01\">\n<div id=\"imTextObject_65_01_tab0\" class=\"text-tab-content grid-prop current-tab \" data-index=\"0\">\n<div class=\"text-inner\">\n<div id=\"imCell_9\" class=\"\" data-responsive-sequence-number=\"1\">\n<div id=\"imTextObject_66_09\">\n<h3 id=\"imTextObject_66_09_tab0\" class=\"text-tab-content grid-prop current-tab \" data-index=\"0\"><strong>FIDO<br \/>\n<\/strong><a href=\"https:\/\/www.homwarm.eu\/web\/\">RADIATEUR \u00c9LECTRIQUE<\/a><\/h3>\n<\/div>\n<\/div>\n<\/div>\n<\/div>\n<\/div>\n<\/div>\n<\/div>\n<\/div>\n<\/div>\n<\/div>\n<\/div>\n<\/div>\n<\/div>\n<\/div>\n<\/div>\n<\/div>\n<\/div>\n<\/div>\n<\/div>\n<\/div>\n<\/div>\n<\/div>\n<\/div>\n<\/div>\n<\/div>\n<\/div>\n<\/div>\n<\/div>\n<\/div>\n<\/div>\n<\/div>\n<\/div>\n<\/div>\n<\/div>\n<div id=\"imCell_17\" class=\"\" data-responsive-sequence-number=\"2\">\n<div id=\"imTextObject_70_17\">\n<div id=\"imTextObject_70_17_tab0\" class=\"text-tab-content grid-prop current-tab \" data-index=\"0\">\n<div id=\"imCell_18\" class=\"\" data-responsive-sequence-number=\"5\">\n<div id=\"imTableObject_70_18\">\n<div id=\"imTableObject_70_18_tab0\" class=\"text-tab-content grid-prop current-tab \" data-index=\"0\">\n<div id=\"imCell_10\" class=\"\" data-responsive-sequence-number=\"7\">\n<div id=\"pluginAppObj_70_10\">\n<div id=\"pluginAppObj_70_10_container\">\n<div class=\"flex-container\">\n<div class=\"flex-item item-txt\">\n<div class=\"div-txt\">\n<div id=\"imCell_42\" class=\"\" data-responsive-sequence-number=\"11\">\n<div id=\"pluginAppObj_64_42\">\n<div id=\"pluginAppObj_64_42_container\">\n<div class=\"flex-container\">\n<div id=\"imCell_30\" class=\"\" data-responsive-sequence-number=\"9\">\n<div id=\"imTextObject_67_30\">\n<div id=\"imTextObject_67_30_tab0\" class=\"text-tab-content grid-prop current-tab \" data-index=\"0\">\n<div class=\"text-inner\">\n<div id=\"imCell_30\" class=\"\" data-responsive-sequence-number=\"9\">\n<div id=\"imTextObject_66_30\">\n<div id=\"imTextObject_66_30_tab0\" class=\"text-tab-content grid-prop current-tab \" data-index=\"0\">\n<div class=\"text-inner\">\n<div class=\"imTALeft\">\n<div id=\"imCell_27\" class=\"\" data-responsive-sequence-number=\"2\">\n<div id=\"imTextObject_66_27\">\n<div id=\"imTextObject_66_27_tab0\" class=\"text-tab-content grid-prop current-tab \" data-index=\"0\">\n<div class=\"text-inner\">\n<div>\n<p>\u00c9l\u00e9gance et puissance.<\/p>\n<\/div>\n<div>\n<p><span class=\"cf1\"><span class=\"fs11lh1-5\"><b>FIDO<\/b><\/span><span class=\"fs11lh1-5\"> vous suit partout. <strong>Sa puissance \u00e9nerg\u00e9tique chauffe vos espaces de vie en quelques minutes et gr\u00e2ce \u00e0 l&rsquo;inertie thermique accumul\u00e9e \u00e0 l&rsquo;int\u00e9rieur il maintient la temp\u00e9rature que vous avez fix\u00e9e dans le temps.<\/strong><\/span><\/span><\/p>\n<p><span class=\"cf1\"><span class=\"fs11lh1-5\"><strong>Plug&amp;Play. <\/strong><\/span><\/span>L&rsquo;installation facile avec raccordement direct \u00e0 une prise \u00e9lectrique <strong>est la bonne solution l\u00e0 o\u00f9 les syst\u00e8mes de chauffage sont insuffisants.<\/strong><\/p>\n<p><strong>Finitions disponibles:<\/strong><br \/>\n<strong>1)<\/strong>\u00a0Finition \u00e9cologique anti-rayures satin\u00e9e<br \/>\n<strong>2)\u00a0<\/strong>R\u00e9sine textur\u00e9e brute opaque<\/p>\n<p><strong>Mod\u00e8le:<\/strong><br \/>\n<strong>1)<\/strong>\u00a0Version avec interrupteur On \/Off et c\u00e2ble d\u2019alimentation et prise<\/p>\n<p><strong>Accessoires:<\/strong><br \/>\nThermostats (voir page accessoires)<\/p>\n<\/div>\n<\/div>\n<\/div>\n<\/div>\n<\/div>\n<\/div>\n<\/div>\n<\/div>\n<div id=\"imTextObject_66_30_tab0\" class=\"text-tab-content grid-prop current-tab \" data-index=\"0\">\n<div class=\"text-inner\">\n<div class=\"imTALeft\">\n<div id=\"imCell_26\" class=\"\" data-responsive-sequence-number=\"5\">\n<div id=\"imTableObject_66_26\">\n<div id=\"imTableObject_66_26_tab0\" class=\"text-tab-content grid-prop current-tab \" data-index=\"0\">\n<div class=\"text-inner\">\n<table style=\"height: 134px;\" width=\"892\" data-minrequestedwidth=\"558\" data-computedwidth=\"558\">\n<tbody>\n<tr>\n<td class=\"imVc\">Mod\u00e8le<\/td>\n<td class=\"imVc\">\n<div><span class=\"fs10lh1-5\">Base<\/span><\/div>\n<\/td>\n<td class=\"imVc\">\n<div class=\"imTACenter\">Hauteur<\/div>\n<\/td>\n<td class=\"imVc\">\n<div class=\"imTACenter\">Profondeur<\/div>\n<\/td>\n<td class=\"imVc\">\n<div class=\"imTACenter\"><span class=\"fs10lh1-5\">Puissance<\/span><\/div>\n<\/td>\n<td class=\"imVc\">\n<div class=\"imTACenter\"><span class=\"fs10lh1-5\">Volt<\/span><\/div>\n<\/td>\n<td class=\"imVc\">\n<div class=\"imTACenter\">Poids Net<\/div>\n<\/td>\n<\/tr>\n<tr>\n<td class=\"imVc\">\n<div><span class=\"fs10lh1-5\">FIDO 1000<\/span><\/div>\n<\/td>\n<td class=\"imVc\">\n<div><span class=\"fs10lh1-5\">830 mm<\/span><\/div>\n<\/td>\n<td class=\"imVc\">\n<div><span class=\"fs10lh1-5\">430 mm<\/span><\/div>\n<\/td>\n<td class=\"imVc\">\n<div><span class=\"fs10lh1-5\">100 mm<\/span><\/div>\n<\/td>\n<td class=\"imVc\">\n<div><span class=\"fs10lh1-5\">1000 Watt<\/span><\/div>\n<\/td>\n<td class=\"imVc\">\n<div><span class=\"fs10lh1-5\">230<\/span><\/div>\n<\/td>\n<td class=\"imVc\">\n<div><span class=\"fs10lh1-5\">30 Kg<\/span><\/div>\n<\/td>\n<\/tr>\n<tr>\n<td class=\"imVc\">\n<div><span class=\"fs10lh1-5\">FIDO 1500<\/span><\/div>\n<\/td>\n<td class=\"imVc\">\n<div><span class=\"fs10lh1-5\">830 mm<\/span><\/div>\n<\/td>\n<td class=\"imVc\">\n<div><span class=\"fs10lh1-5\">430 mm<\/span><\/div>\n<\/td>\n<td class=\"imVc\">\n<div><span class=\"fs10lh1-5\">100 mm<\/span><\/div>\n<\/td>\n<td class=\"imVc\">\n<div><span class=\"fs10lh1-5\">1500 Watt<\/span><\/div>\n<\/td>\n<td class=\"imVc\">\n<div><span class=\"fs10lh1-5\">230<\/span><\/div>\n<\/td>\n<td class=\"imVc\">\n<div><span class=\"fs10lh1-5\">30 Kg<\/span><\/div>\n<\/td>\n<\/tr>\n<\/tbody>\n<\/table>\n<\/div>\n<\/div>\n<\/div>\n<\/div>\n<div id=\"imCell_24\" class=\"\" data-responsive-sequence-number=\"6\">\n<div class=\"fusion-button-wrapper\"><a class=\"fusion-button button-flat fusion-button-default-size button-default fusion-button-default button-1 fusion-button-default-span fusion-button-default-type\" target=\"_blank\" rel=\"noopener noreferrer\" href=\"https:\/\/www.homwarm.eu\/web\/wp-content\/uploads\/2021\/09\/Scheda-Tecnica-fido-HOM_ita-en.pdf\"><span class=\"fusion-button-text awb-button__text awb-button__text--default\">Fiche Technique<\/span><\/a><\/div>\n<p><strong><br \/>\nCouleurs disponibles<\/strong> Peinture satin\u00e9e anti-rayures:<\/p>\n<p><img data-opt-id=551935048  fetchpriority=\"high\" decoding=\"async\" class=\"size-full wp-image-26669\" src=\"https:\/\/mlilev7bln6g.i.optimole.com\/cb:gVOz.8a9\/w:auto\/h:auto\/q:mauto\/f:best\/https:\/\/www.homwarm.eu\/web\/wp-content\/uploads\/2021\/09\/Fido-radiateur-electrique-finition-peinture-satinee-resistante-aux-rayures.jpg\" alt=\"Fido-radiateur \u00e9lectrique-finition peinture satin\u00e9e r\u00e9sistante aux rayures\" width=\"304\" height=\"93\" title=\"\" srcset=\"https:\/\/mlilev7bln6g.i.optimole.com\/cb:gVOz.8a9\/w:200\/h:61\/q:mauto\/f:best\/https:\/\/www.homwarm.eu\/web\/wp-content\/uploads\/2021\/09\/Fido-radiateur-electrique-finition-peinture-satinee-resistante-aux-rayures.jpg 200w, https:\/\/mlilev7bln6g.i.optimole.com\/cb:gVOz.8a9\/w:300\/h:93\/q:mauto\/f:best\/https:\/\/www.homwarm.eu\/web\/wp-content\/uploads\/2021\/09\/Fido-radiateur-electrique-finition-peinture-satinee-resistante-aux-rayures.jpg 300w, https:\/\/mlilev7bln6g.i.optimole.com\/cb:gVOz.8a9\/w:304\/h:93\/q:mauto\/f:best\/https:\/\/www.homwarm.eu\/web\/wp-content\/uploads\/2021\/09\/Fido-radiateur-electrique-finition-peinture-satinee-resistante-aux-rayures.jpg 304w\" sizes=\"(max-width: 304px) 100vw, 304px\" \/><\/p>\n<\/div>\n<div id=\"imCell_30\" class=\"\" data-responsive-sequence-number=\"9\">\n<div id=\"imTextObject_66_30\">\n<div id=\"imTextObject_66_30_tab0\" class=\"text-tab-content grid-prop current-tab \" data-index=\"0\">\n<div class=\"text-inner\">\n<div class=\"imTALeft\">\n<div id=\"imTextObject_63_01\">\n<div id=\"imTextObject_63_01_tab0\" class=\"text-tab-content grid-prop current-tab \" data-index=\"0\">\n<div class=\"text-inner\">\n<div id=\"imCell_8\" class=\"\" data-responsive-sequence-number=\"1\">\n<div id=\"imTextObject_58_08\">\n<div id=\"imTextObject_58_08_tab0\" class=\"text-tab-content grid-prop current-tab \" data-index=\"0\">\n<div class=\"text-inner\">\n<div class=\"imTACenter\">\n<div id=\"imCell_17\" class=\"\" data-responsive-sequence-number=\"2\">\n<div id=\"imTextObject_70_17\">\n<div id=\"imTextObject_70_17_tab0\" class=\"text-tab-content grid-prop current-tab \" data-index=\"0\">\n<div id=\"imCell_18\" class=\"\" data-responsive-sequence-number=\"5\">\n<div id=\"imTableObject_70_18\">\n<div id=\"imTableObject_70_18_tab0\" class=\"text-tab-content grid-prop current-tab \" data-index=\"0\">\n<div id=\"imCell_10\" class=\"\" data-responsive-sequence-number=\"7\">\n<div id=\"pluginAppObj_70_10\">\n<div id=\"pluginAppObj_70_10_container\">\n<div class=\"flex-container\">\n<div class=\"flex-item item-txt\">\n<div class=\"div-txt\">\n<div id=\"imCell_42\" class=\"\" data-responsive-sequence-number=\"11\">\n<div id=\"pluginAppObj_64_42\">\n<div id=\"pluginAppObj_64_42_container\">\n<div class=\"flex-container\">\n<div id=\"imCell_30\" class=\"\" data-responsive-sequence-number=\"9\">\n<div id=\"imTextObject_67_30\">\n<div id=\"imTextObject_67_30_tab0\" class=\"text-tab-content grid-prop current-tab \" data-index=\"0\">\n<div class=\"text-inner\">\n<div id=\"imCell_30\" class=\"\" data-responsive-sequence-number=\"9\">\n<div id=\"imTextObject_66_30\">\n<div id=\"imTextObject_66_30_tab0\" class=\"text-tab-content grid-prop current-tab \" data-index=\"0\">\n<div class=\"text-inner\">\n<div class=\"imTALeft\">\n<div id=\"imCell_30\" class=\"\" data-responsive-sequence-number=\"9\">\n<div id=\"imTextObject_66_30\">\n<div id=\"imTextObject_66_30_tab0\" class=\"text-tab-content grid-prop current-tab \" data-index=\"0\">\n<div class=\"text-inner\">\n<div><strong>Couleurs disponibles<\/strong>\u00a0r\u00e9sine textur\u00e9e brute opaque<\/div>\n<\/div>\n<\/div>\n<\/div>\n<\/div>\n<div id=\"imCell_46\" class=\"\" data-responsive-sequence-number=\"10\">\n<div><img data-opt-id=1929170066  fetchpriority=\"high\" decoding=\"async\" class=\"size-full wp-image-26617\" src=\"https:\/\/mlilev7bln6g.i.optimole.com\/cb:gVOz.8a9\/w:auto\/h:auto\/q:mauto\/f:best\/https:\/\/www.homwarm.eu\/web\/wp-content\/uploads\/2020\/01\/Couleurs-resine-texturee-mate-hom-seche-serviettes-electrique-et-radiateurs.jpg\" sizes=\"(max-width: 304px) 100vw, 304px\" srcset=\"https:\/\/mlilev7bln6g.i.optimole.com\/cb:gVOz.8a9\/w:182\/h:300\/q:mauto\/f:best\/https:\/\/www.homwarm.eu\/web\/wp-content\/uploads\/2020\/01\/Couleurs-resine-texturee-mate-hom-seche-serviettes-electrique-et-radiateurs.jpg 182w, https:\/\/mlilev7bln6g.i.optimole.com\/cb:gVOz.8a9\/w:200\/h:329\/q:mauto\/f:best\/https:\/\/www.homwarm.eu\/web\/wp-content\/uploads\/2020\/01\/Couleurs-resine-texturee-mate-hom-seche-serviettes-electrique-et-radiateurs.jpg 200w, https:\/\/mlilev7bln6g.i.optimole.com\/cb:gVOz.8a9\/w:auto\/h:auto\/q:mauto\/f:best\/https:\/\/www.homwarm.eu\/web\/wp-content\/uploads\/2020\/01\/Couleurs-resine-texturee-mate-hom-seche-serviettes-electrique-et-radiateurs.jpg 304w\" alt=\"Couleurs r\u00e9sine textur\u00e9e mate hom s\u00e8che-serviettes \u00e9lectrique et radiateurs\" width=\"304\" height=\"500\" title=\"\"><\/div>\n<\/div>\n<\/div>\n<\/div>\n<\/div>\n<\/div>\n<\/div>\n<\/div>\n<\/div>\n<\/div>\n<\/div>\n<\/div>\n<\/div>\n<\/div>\n<\/div>\n<\/div>\n<\/div>\n<\/div>\n<\/div>\n<\/div>\n<\/div>\n<\/div>\n<\/div>\n<\/div>\n<\/div>\n<\/div>\n<\/div>\n<\/div>\n<\/div>\n<\/div>\n<\/div>\n<\/div>\n<\/div>\n<\/div>\n<\/div>\n<div><\/div>\n<div><strong>Notes techniques et certifications:<\/strong><\/div>\n<div>CLASSE D\u2019ISOLATION CL.I CL. II \u2013 DEGR\u00c9 DE PROTECTION IP 24 \u2013 NORMES EN60335-1 \u2013 EN60335-2-30\u2013 EN55014-1 \u2013 EN55014 \u2013 2 CE<\/div>\n<\/div>\n<\/div>\n<\/div>\n<\/div>\n<\/div>\n<\/div>\n<\/div>\n<\/div>\n<\/div>\n<\/div>\n<\/div>\n<\/div>\n<\/div>\n<\/div>\n<\/div>\n<\/div>\n<\/div>\n<\/div>\n<\/div>\n<\/div>\n<\/div>\n<\/div>\n<\/div>\n<\/div>\n<\/div>\n<\/div>\n<\/div>\n<\/div>\n<\/div>\n<\/div>\n<\/div>\n<\/div>\n<\/div>\n<\/div>\n<\/div>\n<\/div>\n<\/div>\n<\/div>\n","protected":false},"excerpt":{"rendered":"<div id=\"imCell_9\" class=\"\" data-responsive-sequence-number=\"1\">\n<div id=\"imTextObject_66_09\">\n<div id=\"imTextObject_66_09_tab0\" class=\"text-tab-content grid-prop current-tab \" data-index=\"0\">\n<div class=\"text-inner\">\n<div class=\"imTACenter\">RADIATEUR \u00c9LECTRIQUE<\/div>\n<div><\/div>\n<\/div>\n<\/div>\n<\/div>\n<div><strong>FIDO <\/strong><a href=\"https:\/\/www.homwarm.eu\/web\">le nouveau radiateur \u00e9lectrique <strong>HOM<\/strong> qui vous suit partout<\/a><\/div>\n<div><\/div>\n<\/div>\n<div id=\"imCell_27\" class=\"\" data-responsive-sequence-number=\"2\">\n<div id=\"imTextObject_66_27\">\n<div id=\"imTextObject_66_27_tab0\" class=\"text-tab-content grid-prop current-tab \" data-index=\"0\">\n<div class=\"text-inner\">R\u00e9chauffe vos pi\u00e8ces en quelques minutes<\/div>\n<\/div>\n<\/div>\n<\/div>\n","protected":false},"featured_media":25959,"template":"","meta":[],"product_brand":[],"product_cat":[209],"product_tag":[231,273,274,276,277,278],"class_list":{"0":"post-26494","1":"product","2":"type-product","3":"status-publish","4":"has-post-thumbnail","6":"product_cat-radiateurs-electriques-en-acier-hom","7":"product_tag-aggregaterating-2","8":"product_tag-offers-2-fr","9":"product_tag-review-2-fr","10":"product_tag-radiatori-elettrici-fr","11":"product_tag-termoarredi-fr","12":"product_tag-riscaldamento-elettrico-fr","14":"first","15":"instock","16":"shipping-taxable","17":"product-type-simple"},"_links":{"self":[{"href":"https:\/\/www.homwarm.eu\/web\/fr\/wp-json\/wp\/v2\/product\/26494","targetHints":{"allow":["GET"]}}],"collection":[{"href":"https:\/\/www.homwarm.eu\/web\/fr\/wp-json\/wp\/v2\/product"}],"about":[{"href":"https:\/\/www.homwarm.eu\/web\/fr\/wp-json\/wp\/v2\/types\/product"}],"wp:featuredmedia":[{"embeddable":true,"href":"https:\/\/www.homwarm.eu\/web\/fr\/wp-json\/wp\/v2\/media\/25959"}],"wp:attachment":[{"href":"https:\/\/www.homwarm.eu\/web\/fr\/wp-json\/wp\/v2\/media?parent=26494"}],"wp:term":[{"taxonomy":"product_brand","embeddable":true,"href":"https:\/\/www.homwarm.eu\/web\/fr\/wp-json\/wp\/v2\/product_brand?post=26494"},{"taxonomy":"product_cat","embeddable":true,"href":"https:\/\/www.homwarm.eu\/web\/fr\/wp-json\/wp\/v2\/product_cat?post=26494"},{"taxonomy":"product_tag","embeddable":true,"href":"https:\/\/www.homwarm.eu\/web\/fr\/wp-json\/wp\/v2\/product_tag?post=26494"}],"curies":[{"name":"wp","href":"https:\/\/api.w.org\/{rel}","templated":true}]}}