{"id":24546,"date":"2020-02-18T14:36:34","date_gmt":"2020-02-18T13:36:34","guid":{"rendered":"https:\/\/www.homwarm.eu\/web\/products\/cronotermostato-ambiente-digitale-wireless\/"},"modified":"2020-11-17T16:01:19","modified_gmt":"2020-11-17T15:01:19","slug":"chronothermostat-numerique-sans-fil-watts","status":"publish","type":"product","link":"https:\/\/www.homwarm.eu\/web\/fr\/products\/chronothermostat-numerique-sans-fil-watts\/","title":{"rendered":"Chronothermostat num\u00e9rique sans fil\/Wireless WATTS"},"content":{"rendered":"<div>Chronothermostat num\u00e9rique radiofr\u00e9quence (868 MHz) avec \u00e9cran LCD pour le contr\u00f4le de diff\u00e9rents types de syst\u00e8mes de chauffage. La r\u00e9gulation est contr\u00f4l\u00e9e par un capteur interne. Un capteur externe (PPLELE06019) peut \u00eatre connect\u00e9 sans alimentation externe suppl\u00e9mentaire. Une LED rouge indique le fonctionnement du chauffage.<\/div>\n<div><\/div>\n<div>Temp\u00e9rature de fonctionnement: 0\u00f750\u00b0C.<br \/>\nProtection \u00e9lectrique Classe II.<br \/>\nPr\u00e9cision 0.1\u00b0C<br \/>\nPlage de r\u00e9gulation de temp\u00e9rature\u00a0: Confort, R\u00e9duit, Minuterie 5 \u00f7 37 \u00b0 C avec r\u00e9gulation 0,5 \u00b0<br \/>\nMode vacances. Antigel: 7 \u00b0 C (modifiable).<br \/>\nCaract\u00e9ristiques de r\u00e9glage: bande proportionnelle (PWM 2\u00b0C pour 10min \/ cycle) ou hyst\u00e9r\u00e9sis de 0.5\u00b0C<br \/>\nsource de courant 2 AAA LR03 1.5V Alcaline.<br \/>\nAutonomie ~ 2 ans.<br \/>\n\u00c9l\u00e9ment sensible: interne et \/ ou externe (opt) NTC 10kW a 25\u00b0C.<\/div>\n","protected":false},"excerpt":{"rendered":"<h3><a href=\"https:\/\/www.homwarm.eu\/web\/\">Chronothermostat num\u00e9rique sans fil\/Wireless WATTS<\/a><\/h3>\n<div>Chrono thermostat num\u00e9rique sans fil\/Wireless WATTS BT DPRF 02<br \/>\n9 programmes pour g\u00e9rer la temp\u00e9rature de la pi\u00e8ce et programmer les heures et les jours d&amp;#39;activation et de d\u00e9sactivation<\/div>\n<div><\/div>\n","protected":false},"featured_media":22273,"template":"","meta":[],"product_brand":[],"product_cat":[214],"product_tag":[219,220,221,276,277,278,282],"class_list":{"0":"post-24546","1":"product","2":"type-product","3":"status-publish","4":"has-post-thumbnail","6":"product_cat-thermostats-et-chronothermostats","7":"product_tag-offers","8":"product_tag-review","9":"product_tag-aggregaterating","10":"product_tag-radiatori-elettrici-fr","11":"product_tag-termoarredi-fr","12":"product_tag-riscaldamento-elettrico-fr","13":"product_tag-cronotermostato-ambiente-fr","15":"first","16":"instock","17":"shipping-taxable","18":"product-type-simple"},"_links":{"self":[{"href":"https:\/\/www.homwarm.eu\/web\/fr\/wp-json\/wp\/v2\/product\/24546","targetHints":{"allow":["GET"]}}],"collection":[{"href":"https:\/\/www.homwarm.eu\/web\/fr\/wp-json\/wp\/v2\/product"}],"about":[{"href":"https:\/\/www.homwarm.eu\/web\/fr\/wp-json\/wp\/v2\/types\/product"}],"wp:featuredmedia":[{"embeddable":true,"href":"https:\/\/www.homwarm.eu\/web\/fr\/wp-json\/wp\/v2\/media\/22273"}],"wp:attachment":[{"href":"https:\/\/www.homwarm.eu\/web\/fr\/wp-json\/wp\/v2\/media?parent=24546"}],"wp:term":[{"taxonomy":"product_brand","embeddable":true,"href":"https:\/\/www.homwarm.eu\/web\/fr\/wp-json\/wp\/v2\/product_brand?post=24546"},{"taxonomy":"product_cat","embeddable":true,"href":"https:\/\/www.homwarm.eu\/web\/fr\/wp-json\/wp\/v2\/product_cat?post=24546"},{"taxonomy":"product_tag","embeddable":true,"href":"https:\/\/www.homwarm.eu\/web\/fr\/wp-json\/wp\/v2\/product_tag?post=24546"}],"curies":[{"name":"wp","href":"https:\/\/api.w.org\/{rel}","templated":true}]}}