{"id":24370,"date":"2020-01-16T10:49:59","date_gmt":"2020-01-16T09:49:59","guid":{"rendered":"https:\/\/www.homwarm.eu\/web\/products\/radiatore-elettrico-a-parete-shield-300\/"},"modified":"2024-04-02T10:42:18","modified_gmt":"2024-04-02T08:42:18","slug":"radiateur-electrique-design-300","status":"publish","type":"product","link":"https:\/\/www.homwarm.eu\/web\/fr\/products\/radiateur-electrique-design-300\/","title":{"rendered":"SHIELD 300"},"content":{"rendered":"<div id=\"imTextObject_63_01\">\n<div id=\"imTextObject_63_01_tab0\" data-index=\"0\">\n<div id=\"imCell_8\" data-responsive-sequence-number=\"1\">\n<div id=\"imTextObject_58_08\">\n<div id=\"imTextObject_58_08_tab0\" data-index=\"0\">\n<div id=\"imCell_8\" data-responsive-sequence-number=\"1\">\n<div id=\"imTextObject_70_08\">\n<div id=\"imTextObject_70_08_tab0\" data-index=\"0\">\n<div>\n<div>\n<div id=\"imTextObject_71_51\">\n<div id=\"imTextObject_71_51_tab0\" data-index=\"0\">\n<div>\n<div id=\"imTextObject_14_01\">\n<div id=\"imTextObject_14_01_tab0\" data-index=\"0\">\n<div>\n<div id=\"imTextObject_72_01\">\n<div id=\"imTextObject_72_01_tab0\" data-index=\"0\">\n<div>\n<div id=\"imTextObject_16_01\">\n<div id=\"imTextObject_16_01_tab0\" data-index=\"0\">\n<div>\n<div id=\"imTextObject_59_01\">\n<div id=\"imTextObject_59_01_tab0\" data-index=\"0\">\n<div>\n<div id=\"imTextObject_61_01\">\n<div id=\"imTextObject_61_01_tab0\" data-index=\"0\">\n<div>\n<div id=\"imTextObject_64_01\">\n<div id=\"imTextObject_64_01_tab0\" data-index=\"0\">\n<div>\n<div id=\"imTextObject_77_27\">\n<div id=\"imTextObject_77_27_tab0\" data-index=\"0\">\n<div>\n<div id=\"imTextObject_65_01\">\n<div id=\"imTextObject_65_01_tab0\" data-index=\"0\">\n<div><strong>SHIELD 300<\/strong><\/div>\n<\/div>\n<\/div>\n<\/div>\n<\/div>\n<\/div>\n<\/div>\n<\/div>\n<\/div>\n<\/div>\n<\/div>\n<\/div>\n<\/div>\n<\/div>\n<\/div>\n<\/div>\n<\/div>\n<\/div>\n<\/div>\n<\/div>\n<\/div>\n<\/div>\n<\/div>\n<\/div>\n<\/div>\n<\/div>\n<\/div>\n<\/div>\n<\/div>\n<\/div>\n<\/div>\n<\/div>\n<div id=\"imCell_17\" data-responsive-sequence-number=\"2\">\n<div id=\"imTextObject_70_17\">\n<div id=\"imTextObject_70_17_tab0\" data-index=\"0\">\n<div id=\"imCell_18\" data-responsive-sequence-number=\"5\">\n<div id=\"imTableObject_70_18\">\n<div id=\"imTableObject_70_18_tab0\" data-index=\"0\">\n<div>\n<div id=\"imCell_72\" data-responsive-sequence-number=\"8\">\n<div id=\"imTableObject_59_72\">\n<div id=\"imTableObject_59_72_tab0\" data-index=\"0\">\n<div id=\"imCell_22\" data-responsive-sequence-number=\"6\">\n<div id=\"imTableObject_64_22\">\n<div id=\"imTableObject_64_22_tab0\" data-index=\"0\">\n<div id=\"imCell_26\" data-responsive-sequence-number=\"5\">\n<div id=\"imTableObject_77_26\">\n<div id=\"imTableObject_77_26_tab0\" data-index=\"0\">\n<div id=\"imCell_22\" data-responsive-sequence-number=\"5\">\n<div id=\"imTableObject_65_22\">\n<div id=\"imTableObject_65_22_tab0\" data-index=\"0\">\n<div id=\"imCell_27\" data-responsive-sequence-number=\"2\">\n<div id=\"imTextObject_67_27\">\n<div id=\"imTextObject_67_27_tab0\" data-index=\"0\">\n<h3>RADIATEUR \u00c9LECTRIQUE DESIGN<\/h3>\n<div>\n<p>Objet chauffant embl\u00e9matique.<\/p>\n<p><strong>SHIELD 300<\/strong> est un <a href=\"https:\/\/www.homwarm.eu\/web\/\">radiateur \u00e9lectrique design<\/a> mural en acier peint qui allie l\u2019\u00e9l\u00e9gance des formes \u00e0 une performance thermique exceptionnelle. Un radiateur \u00e0 la ligne arrondie \u00e0 effet conique arrondi qui donne une dimension tridimensionnelle au mur. Une solution innovante pour\u00a0 embellir n\u2019importe quelle pi\u00e8ce de la maison.<\/p>\n<p><strong>Finition:<br \/>\n<\/strong>Finition \u00e9cologique anti-rayures satin\u00e9e<\/p>\n<\/div>\n<div>\n<div><strong>Mod\u00e8les:<\/strong><\/div>\n<div><strong>1)<\/strong> Version avec interrupteur On \/Off et c\u00e2ble d&amp;#39;alimentation et prise<br \/>\n<strong>2)<\/strong> Version avec interrupteur On \/Off et connexion murale directe<\/p>\n<div>\n<div><\/div>\n<\/div>\n<\/div>\n<\/div>\n<\/div>\n<\/div>\n<\/div>\n<div id=\"imCell_26\" data-responsive-sequence-number=\"5\">\n<div id=\"imTableObject_67_26\">\n<div id=\"imTableObject_67_26_tab0\" data-index=\"0\">\n<table style=\"height: 58px;\" width=\"845\" data-minrequestedwidth=\"536\" data-computedwidth=\"536\">\n<tbody>\n<tr>\n<td>Diam\u00e8tre base<\/td>\n<td>Diam\u00e8tre ext\u00e9rieur<\/td>\n<td>Profondeur<\/td>\n<td>Puissance<\/td>\n<td>\n<div>Volt<\/div>\n<\/td>\n<td>Poids Net<\/td>\n<\/tr>\n<tr>\n<td>\n<div>300 mm<\/div>\n<\/td>\n<td>\n<div>457 mm<\/div>\n<\/td>\n<td>\n<div>180 mm<\/div>\n<\/td>\n<td>\n<div>300 Watt<\/div>\n<\/td>\n<td>\n<div>220 \/ 240<\/div>\n<div>110 \/ 120<\/div>\n<\/td>\n<td>\n<div>8 Kg<\/div>\n<\/td>\n<\/tr>\n<\/tbody>\n<\/table>\n<\/div>\n<\/div>\n<\/div>\n<\/div>\n<\/div>\n<\/div>\n<p><div class=\"fusion-button-wrapper\"><a class=\"fusion-button button-flat fusion-button-default-size button-default fusion-button-default button-1 fusion-button-default-span fusion-button-default-type\" target=\"_self\" href=\"https:\/\/www.homwarm.eu\/web\/wp-content\/uploads\/2020\/01\/Scheda-Tecnica-SHIELD-300-Hom-ITA.pdf\"><span class=\"fusion-button-text awb-button__text awb-button__text--default\">Fiche technique<\/span><\/a><\/div> <div class=\"fusion-button-wrapper\"><a class=\"fusion-button button-flat fusion-button-default-size button-default fusion-button-default button-2 fusion-button-default-span fusion-button-default-type\" target=\"_self\" href=\"https:\/\/www.homwarm.eu\/web\/wp-content\/uploads\/2020\/01\/Shield300-FR-ES-MANUALE-TECNICO_OPUSCOLO.pdf\"><span class=\"fusion-button-text awb-button__text awb-button__text--default\">Instructions de montage<\/span><\/a><\/div><\/p>\n<p>&nbsp;<\/p>\n<p><strong>Couleurs disponibles<\/strong> Peinture satin\u00e9e anti-rayures:<br \/>\n<img data-opt-id=1885301397  fetchpriority=\"high\" decoding=\"async\" class=\"size-full wp-image-26662\" src=\"https:\/\/mlilev7bln6g.i.optimole.com\/cb:gVOz.8a9\/w:auto\/h:auto\/q:mauto\/f:best\/https:\/\/www.homwarm.eu\/web\/wp-content\/uploads\/2020\/01\/seche-serviettes-electrique-et-radiateurs-finition-peinture-satinee-resistante-aux-rayures.jpg\" sizes=\"(max-width: 304px) 100vw, 304px\" srcset=\"https:\/\/mlilev7bln6g.i.optimole.com\/cb:gVOz.8a9\/w:200\/h:95\/q:mauto\/f:best\/https:\/\/www.homwarm.eu\/web\/wp-content\/uploads\/2020\/01\/seche-serviettes-electrique-et-radiateurs-finition-peinture-satinee-resistante-aux-rayures.jpg 200w, https:\/\/mlilev7bln6g.i.optimole.com\/cb:gVOz.8a9\/w:300\/h:142\/q:mauto\/f:best\/https:\/\/www.homwarm.eu\/web\/wp-content\/uploads\/2020\/01\/seche-serviettes-electrique-et-radiateurs-finition-peinture-satinee-resistante-aux-rayures.jpg 300w, https:\/\/mlilev7bln6g.i.optimole.com\/cb:gVOz.8a9\/w:auto\/h:auto\/q:mauto\/f:best\/https:\/\/www.homwarm.eu\/web\/wp-content\/uploads\/2020\/01\/seche-serviettes-electrique-et-radiateurs-finition-peinture-satinee-resistante-aux-rayures.jpg 304w\" alt=\"Finition peinture satin\u00e9e r\u00e9sistante aux rayures\" width=\"304\" height=\"144\" title=\"\"><img data-opt-id=2114139105  fetchpriority=\"high\" decoding=\"async\" title=\"\" src=\"https:\/\/www.homwarm.com\/images\/RAL7021-Asfalto.jpg\" alt=\"\"><br \/>\n<img data-opt-id=2114139105  fetchpriority=\"high\" decoding=\"async\" title=\"\" src=\"https:\/\/www.homwarm.com\/images\/RAL7021-Asfalto.jpg\" alt=\"\"><\/p>\n<\/div>\n<\/div>\n<\/div>\n<\/div>\n<\/div>\n<\/div>\n<\/div>\n<\/div>\n<\/div>\n<\/div>\n<div id=\"imCell_10\" data-responsive-sequence-number=\"7\">\n<div id=\"pluginAppObj_70_10\">\n<div id=\"pluginAppObj_70_10_container\">\n<div id=\"imCell_42\" data-responsive-sequence-number=\"11\">\n<div id=\"pluginAppObj_64_42\">\n<div id=\"pluginAppObj_64_42_container\">\n<div id=\"imCell_50\" data-responsive-sequence-number=\"10\"><strong>Notes techniques et certifications:<\/strong><br \/>\nCLASSE D&rsquo;ISOLATION CL.I CL. II \u2013 DEGR\u00c9 DE PROTECTION IP 24 \u2013 NORMES EN60335-1 \u2013 EN60335-2-30 \u2013 EN55014-1 \u2013 EN55014 \u20132 CE<\/div>\n<\/div>\n<\/div>\n<\/div>\n<\/div>\n<\/div>\n<\/div>\n<\/div>\n<\/div>\n<\/div>\n<\/div>\n<\/div>\n<\/div>\n<\/div>\n<\/div>\n<\/div>\n<\/div>\n<\/div>\n","protected":false},"excerpt":{"rendered":"<p>RADIATEUR \u00c9LECTRIQUE<\/p>\n<p>Objet chauffant embl\u00e9matique.<\/p>\n<p>Un radiateur avec une ligne arrondie qui s\u2019adapte \u00e0 tous vos int\u00e9rieurs.<\/p>\n","protected":false},"featured_media":21051,"template":"","meta":[],"product_brand":[],"product_cat":[209],"product_tag":[223,224,225,273,274,275,276,277,278],"class_list":{"0":"post-24370","1":"product","2":"type-product","3":"status-publish","4":"has-post-thumbnail","6":"product_cat-radiateurs-electriques-en-acier-hom","7":"product_tag-radiateur-seche-serviettes-electrique","8":"product_tag-radiateurs-electriques","9":"product_tag-chauffage-electrique","10":"product_tag-offers-2-fr","11":"product_tag-review-2-fr","12":"product_tag-aggregaterating-2-fr","13":"product_tag-radiatori-elettrici-fr","14":"product_tag-termoarredi-fr","15":"product_tag-riscaldamento-elettrico-fr","17":"first","18":"instock","19":"shipping-taxable","20":"product-type-simple"},"_links":{"self":[{"href":"https:\/\/www.homwarm.eu\/web\/fr\/wp-json\/wp\/v2\/product\/24370","targetHints":{"allow":["GET"]}}],"collection":[{"href":"https:\/\/www.homwarm.eu\/web\/fr\/wp-json\/wp\/v2\/product"}],"about":[{"href":"https:\/\/www.homwarm.eu\/web\/fr\/wp-json\/wp\/v2\/types\/product"}],"wp:featuredmedia":[{"embeddable":true,"href":"https:\/\/www.homwarm.eu\/web\/fr\/wp-json\/wp\/v2\/media\/21051"}],"wp:attachment":[{"href":"https:\/\/www.homwarm.eu\/web\/fr\/wp-json\/wp\/v2\/media?parent=24370"}],"wp:term":[{"taxonomy":"product_brand","embeddable":true,"href":"https:\/\/www.homwarm.eu\/web\/fr\/wp-json\/wp\/v2\/product_brand?post=24370"},{"taxonomy":"product_cat","embeddable":true,"href":"https:\/\/www.homwarm.eu\/web\/fr\/wp-json\/wp\/v2\/product_cat?post=24370"},{"taxonomy":"product_tag","embeddable":true,"href":"https:\/\/www.homwarm.eu\/web\/fr\/wp-json\/wp\/v2\/product_tag?post=24370"}],"curies":[{"name":"wp","href":"https:\/\/api.w.org\/{rel}","templated":true}]}}