{"id":24342,"date":"2020-01-14T12:58:28","date_gmt":"2020-01-14T11:58:28","guid":{"rendered":"https:\/\/www.homwarm.eu\/web\/products\/radiatore-scaldasalviette-elettrico-design-xilo-200\/"},"modified":"2024-06-11T15:24:00","modified_gmt":"2024-06-11T13:24:00","slug":"seche-serviettes-electrique-350w-xilo-350","status":"publish","type":"product","link":"https:\/\/www.homwarm.eu\/web\/fr\/products\/seche-serviettes-electrique-350w-xilo-350\/","title":{"rendered":"XILO 350"},"content":{"rendered":"<div id=\"imTextObject_63_01\">\n<div id=\"imTextObject_63_01_tab0\" data-index=\"0\">\n<div id=\"imCell_8\" data-responsive-sequence-number=\"1\">\n<div id=\"imTextObject_58_08\">\n<div id=\"imTextObject_58_08_tab0\" data-index=\"0\">\n<div id=\"imCell_8\" data-responsive-sequence-number=\"1\">\n<div id=\"imTextObject_70_08\">\n<div id=\"imTextObject_70_08_tab0\" data-index=\"0\">\n<div id=\"imTextObject_71_51\">\n<div id=\"imTextObject_71_51_tab0\" data-index=\"0\">\n<div id=\"imTextObject_14_01\">\n<div id=\"imTextObject_14_01_tab0\" data-index=\"0\">\n<div id=\"imTextObject_72_01\">\n<div id=\"imTextObject_72_01_tab0\" data-index=\"0\">\n<div id=\"imTextObject_16_01\">\n<div id=\"imTextObject_16_01_tab0\" data-index=\"0\">\n<div id=\"imTextObject_59_01\">\n<div id=\"imTextObject_59_01_tab0\" data-index=\"0\">\n<div id=\"imTextObject_61_01\">\n<div id=\"imTextObject_61_01_tab0\" data-index=\"0\">\n<div id=\"imTextObject_64_01\">\n<div id=\"imTextObject_64_01_tab0\" data-index=\"0\">\n<div><strong>XILO 350\u00a0<\/strong><\/div>\n<h3><a href=\"https:\/\/www.homwarm.eu\/web\/\">S\u00c8CHE-SERVIETTES \u00c9LECTRIQUE 350w<\/a><\/h3>\n<div>\n<p>La chaleur du bois.<\/p>\n<p><strong>XILO 350 <\/strong>est un <strong>s\u00e8che-serviettes \u00e9lectrique en bois de c\u00e8dre robuste<\/strong>. Une plaque en bois avec des bords \u00e9corc\u00e9s servant de support \u00e0 la technologie <strong><a href=\"https:\/\/www.homwarm.eu\/web\">HOM<\/a><\/strong>. Allum\u00e9e, elle diffuse une chaleur chaleureuse et d\u00e9gage un agr\u00e9able parfum relaxant naturel cr\u00e9\u00e9 par la r\u00e9sine de c\u00e8dre.<\/p>\n<\/div>\n<div><\/div>\n<div><strong>La s\u00e9rie XILO 350 est propos\u00e9e en deux versions:<\/strong><\/div>\n<div><strong>1)<\/strong> XILO 350 vertical<br \/>\n<strong>2)<\/strong> XILO 350 horizontal<\/div>\n<div><\/div>\n<div><strong>Finition:<\/strong><br \/>\nTraitement \u00e0 la cire naturelle<\/div>\n<div>\n<p><strong>Accessoire:<br \/>\n<\/strong>Porte-serviettes en acier bross\u00e9<\/p>\n<\/div>\n<div>\n<p><strong>Mod\u00e8les:<br \/>\n<\/strong><strong>1)<\/strong> Version avec interrupteur On \/ Off et c\u00e2ble d&rsquo;alimentation et prise<br \/>\n<strong>2)<\/strong> Version avec interrupteur On \/Off et connexion murale directe<\/p>\n<\/div>\n<div>\n<p><strong>XILO 350 horizontal:<\/strong><\/p>\n<\/div>\n<\/div>\n<\/div>\n<\/div>\n<\/div>\n<\/div>\n<\/div>\n<\/div>\n<\/div>\n<\/div>\n<\/div>\n<\/div>\n<\/div>\n<\/div>\n<\/div>\n<\/div>\n<\/div>\n<\/div>\n<div id=\"imCell_17\" data-responsive-sequence-number=\"2\">\n<div id=\"imTextObject_70_17\">\n<div id=\"imTextObject_70_17_tab0\" data-index=\"0\">\n<div id=\"imCell_18\" data-responsive-sequence-number=\"5\">\n<div id=\"imTableObject_70_18\">\n<div id=\"imTableObject_70_18_tab0\" data-index=\"0\">\n<div>\n<div id=\"imCell_72\" data-responsive-sequence-number=\"8\">\n<div id=\"imTableObject_59_72\">\n<div id=\"imTableObject_59_72_tab0\" data-index=\"0\">\n<div id=\"imCell_22\" data-responsive-sequence-number=\"6\">\n<div id=\"imTableObject_64_22\">\n<div id=\"imTableObject_64_22_tab0\" data-index=\"0\">\n<table style=\"height: 85px;\" width=\"1309\" data-minrequestedwidth=\"554\" data-computedwidth=\"554\">\n<tbody>\n<tr>\n<td>\n<div>Base<\/div>\n<\/td>\n<td>Hauteur<\/td>\n<td>Profondeur<\/td>\n<td>Puissance<\/td>\n<td>\n<div>Volt<\/div>\n<\/td>\n<td>\n<div>Poids Net<\/div>\n<\/td>\n<\/tr>\n<tr>\n<td>\n<div>800 mm<\/div>\n<\/td>\n<td>\n<div>400 mm<\/div>\n<\/td>\n<td>\n<div>80 mm<\/div>\n<\/td>\n<td>\n<div>350 Watt<\/div>\n<\/td>\n<td>\n<div>220 \/ 240<\/div>\n<div>110 \/ 120<\/div>\n<\/td>\n<td>\n<div>10 Kg<\/div>\n<\/td>\n<\/tr>\n<\/tbody>\n<\/table>\n<\/div>\n<\/div>\n<\/div>\n<div id=\"imCell_27\" data-responsive-sequence-number=\"7\">\n<div id=\"imTextObject_64_27\">\n<div id=\"imTextObject_64_27_tab0\" data-index=\"0\">\n<div>\n<div>\n<div id=\"imTextObject_63_01\">\n<div id=\"imTextObject_63_01_tab0\" data-index=\"0\">\n<div id=\"imCell_8\" data-responsive-sequence-number=\"1\">\n<div id=\"imTextObject_58_08\">\n<div id=\"imTextObject_58_08_tab0\" data-index=\"0\">\n<div id=\"imCell_17\" data-responsive-sequence-number=\"2\">\n<div id=\"imTextObject_70_17\">\n<div id=\"imTextObject_70_17_tab0\" data-index=\"0\">\n<div id=\"imCell_18\" data-responsive-sequence-number=\"5\">\n<div id=\"imTableObject_70_18\">\n<div id=\"imTableObject_70_18_tab0\" data-index=\"0\">\n<div id=\"imCell_10\" data-responsive-sequence-number=\"7\">\n<div><\/div>\n<div id=\"imCellStyleBorders_10\"><div class=\"fusion-button-wrapper\"><a class=\"fusion-button button-flat fusion-button-default-size button-default fusion-button-default button-1 fusion-button-default-span fusion-button-default-type\" target=\"_self\" href=\"https:\/\/www.homwarm.eu\/web\/wp-content\/uploads\/2020\/01\/Scheda-Tecnica-Xilo-350-IT-EN.pdf\"><span class=\"fusion-button-text awb-button__text awb-button__text--default\">Fiche technique<\/span><\/a><\/div>\u00a0 <div class=\"fusion-button-wrapper\"><a class=\"fusion-button button-flat fusion-button-default-size button-default fusion-button-default button-2 fusion-button-default-span fusion-button-default-type\" target=\"_self\" href=\"https:\/\/www.homwarm.eu\/web\/wp-content\/uploads\/2020\/01\/XILO-ORIZ-FR-ES-MANUALE-TECNICO-OPUSCOLO-350-500.pdf\"><span class=\"fusion-button-text awb-button__text awb-button__text--default\">Instructions de montage<\/span><\/a><\/div><\/div>\n<\/div>\n<\/div>\n<\/div>\n<\/div>\n<\/div>\n<\/div>\n<\/div>\n<\/div>\n<\/div>\n<\/div>\n<\/div>\n<\/div>\n<\/div>\n<\/div>\n<p>&nbsp;<\/p>\n<div>\n<div>\n<p><strong>XILO 350 vertical:<\/strong><\/p>\n<\/div>\n<\/div>\n<\/div>\n<\/div>\n<\/div>\n<div id=\"imCell_45\" data-responsive-sequence-number=\"8\">\n<div id=\"imTableObject_64_45\">\n<div id=\"imTableObject_64_45_tab0\" data-index=\"0\">\n<table style=\"height: 53px;\" width=\"1308\" data-minrequestedwidth=\"554\" data-computedwidth=\"554\">\n<tbody>\n<tr>\n<td>\n<div>Base<\/div>\n<\/td>\n<td>Hauteur<\/td>\n<td>Profondeur<\/td>\n<td>Puissance<\/td>\n<td>\n<div>Volt<\/div>\n<\/td>\n<td>\n<div>Poids Net<\/div>\n<\/td>\n<\/tr>\n<tr>\n<td>\n<div>400 mm<\/div>\n<\/td>\n<td>\n<div>800 mm<\/div>\n<\/td>\n<td>\n<div>80 mm<\/div>\n<\/td>\n<td>\n<div>350 Watt<\/div>\n<\/td>\n<td>\n<div>220 \/ 240<\/div>\n<div>110 \/ 120<\/div>\n<\/td>\n<td>\n<div>10 Kg<\/div>\n<\/td>\n<\/tr>\n<\/tbody>\n<\/table>\n<\/div>\n<\/div>\n<\/div>\n<\/div>\n<\/div>\n<\/div>\n<\/div>\n<div id=\"imCell_10\" data-responsive-sequence-number=\"7\">\n<div><\/div>\n<div><\/div>\n<div id=\"imCellStyleBorders_10\"><div class=\"fusion-button-wrapper\"><a class=\"fusion-button button-flat fusion-button-default-size button-default fusion-button-default button-3 fusion-button-default-span fusion-button-default-type\" target=\"_self\" href=\"https:\/\/www.homwarm.eu\/web\/wp-content\/uploads\/2020\/01\/Scheda-Tecnica-Xilo-350-IT-EN.pdf\"><span class=\"fusion-button-text awb-button__text awb-button__text--default\">Fiche technique<\/span><\/a><\/div>\u00a0 <div class=\"fusion-button-wrapper\"><a class=\"fusion-button button-flat fusion-button-default-size button-default fusion-button-default button-4 fusion-button-default-span fusion-button-default-type\" target=\"_self\" href=\"https:\/\/www.homwarm.eu\/web\/wp-content\/uploads\/2020\/01\/XILO-vert-FR-ES-MANUALE-TECNICO_OPUSCOLO-350_500.pdf\"><span class=\"fusion-button-text awb-button__text awb-button__text--default\">Instructions de montage<\/span><\/a><\/div><\/div>\n<\/div>\n<\/div>\n<\/div>\n<\/div>\n<\/div>\n<\/div>\n<\/div>\n<\/div>\n<\/div>\n<\/div>\n<\/div>\n<\/div>\n<p><strong><br \/>\nNotes techniques et certifications:<\/strong><br \/>\nCLASSE D&rsquo;ISOLATION CL.I CL. II \u2013 DEGR\u00c9 DE PROTECTION IP 24 \u2013 NORMES EN60335-1 \u2013 EN60335-2-43 \u2013 EN55014-1 \u2013 EN55014 \u20132 CE<\/p>\n<div id=\"imTextObject_63_01\">\n<div id=\"imTextObject_63_01_tab0\" data-index=\"0\">\n<div id=\"imCell_8\" data-responsive-sequence-number=\"1\">\n<div id=\"imTextObject_58_08\">\n<div id=\"imTextObject_58_08_tab0\" data-index=\"0\">\n<div id=\"imCell_17\" data-responsive-sequence-number=\"2\">\n<div id=\"imTextObject_70_17\">\n<div id=\"imTextObject_70_17_tab0\" data-index=\"0\">\n<div>\n<div id=\"imCell_18\" data-responsive-sequence-number=\"5\">\n<div id=\"imTableObject_70_18\">\n<div id=\"imTableObject_70_18_tab0\" data-index=\"0\">\n<div id=\"imCell_10\" data-responsive-sequence-number=\"7\">\n<div id=\"pluginAppObj_70_10\">\n<div id=\"pluginAppObj_70_10_container\">\n<div id=\"imCell_42\" data-responsive-sequence-number=\"11\">\n<div id=\"pluginAppObj_64_42\">\n<div id=\"pluginAppObj_64_42_container\">\n<div>\n<div>\n<div><\/div>\n<\/div>\n<\/div>\n<\/div>\n<\/div>\n<\/div>\n<\/div>\n<\/div>\n<\/div>\n<\/div>\n<\/div>\n<\/div>\n<\/div>\n<\/div>\n<\/div>\n<\/div>\n<\/div>\n<\/div>\n<\/div>\n<\/div>\n<\/div>\n","protected":false},"excerpt":{"rendered":"<p>S\u00c8CHE-SERVIETTE \u00c9LECTRIQUE<\/p>\n<p>La chaleur du bois.<\/p>\n<p>Une simple plaque de bois avec des bords \u00e9corc\u00e9s servant de support \u00e0 la technologie HOM.<\/p>\n","protected":false},"featured_media":20898,"template":"","meta":[],"product_brand":[],"product_cat":[205],"product_tag":[219,220,221,223,224,225,231,276,277,278],"class_list":{"0":"post-24342","1":"product","2":"type-product","3":"status-publish","4":"has-post-thumbnail","6":"product_cat-seche-serviettes-en-bois-hom","7":"product_tag-offers","8":"product_tag-review","9":"product_tag-aggregaterating","10":"product_tag-radiateur-seche-serviettes-electrique","11":"product_tag-radiateurs-electriques","12":"product_tag-chauffage-electrique","13":"product_tag-aggregaterating-2","14":"product_tag-radiatori-elettrici-fr","15":"product_tag-termoarredi-fr","16":"product_tag-riscaldamento-elettrico-fr","18":"first","19":"instock","20":"shipping-taxable","21":"product-type-simple"},"_links":{"self":[{"href":"https:\/\/www.homwarm.eu\/web\/fr\/wp-json\/wp\/v2\/product\/24342","targetHints":{"allow":["GET"]}}],"collection":[{"href":"https:\/\/www.homwarm.eu\/web\/fr\/wp-json\/wp\/v2\/product"}],"about":[{"href":"https:\/\/www.homwarm.eu\/web\/fr\/wp-json\/wp\/v2\/types\/product"}],"wp:featuredmedia":[{"embeddable":true,"href":"https:\/\/www.homwarm.eu\/web\/fr\/wp-json\/wp\/v2\/media\/20898"}],"wp:attachment":[{"href":"https:\/\/www.homwarm.eu\/web\/fr\/wp-json\/wp\/v2\/media?parent=24342"}],"wp:term":[{"taxonomy":"product_brand","embeddable":true,"href":"https:\/\/www.homwarm.eu\/web\/fr\/wp-json\/wp\/v2\/product_brand?post=24342"},{"taxonomy":"product_cat","embeddable":true,"href":"https:\/\/www.homwarm.eu\/web\/fr\/wp-json\/wp\/v2\/product_cat?post=24342"},{"taxonomy":"product_tag","embeddable":true,"href":"https:\/\/www.homwarm.eu\/web\/fr\/wp-json\/wp\/v2\/product_tag?post=24342"}],"curies":[{"name":"wp","href":"https:\/\/api.w.org\/{rel}","templated":true}]}}