{"id":24333,"date":"2020-01-14T12:32:20","date_gmt":"2020-01-14T11:32:20","guid":{"rendered":"https:\/\/www.homwarm.eu\/web\/products\/sgabello-scaldasalviette-elettrico-design-zig-zag\/"},"modified":"2024-03-28T17:49:24","modified_gmt":"2024-03-28T16:49:24","slug":"seche-serviette-electrique-tabouret-chauffe-serviettes-zig-zag","status":"publish","type":"product","link":"https:\/\/www.homwarm.eu\/web\/fr\/products\/seche-serviette-electrique-tabouret-chauffe-serviettes-zig-zag\/","title":{"rendered":"ZIG ZAG"},"content":{"rendered":"<div id=\"imTextObject_63_01\">\n<div id=\"imTextObject_63_01_tab0\" data-index=\"0\">\n<div id=\"imCell_8\" data-responsive-sequence-number=\"1\">\n<div id=\"imTextObject_58_08\">\n<div id=\"imTextObject_58_08_tab0\" data-index=\"0\">\n<div id=\"imCell_8\" data-responsive-sequence-number=\"1\">\n<div id=\"imTextObject_70_08\">\n<div id=\"imTextObject_70_08_tab0\" data-index=\"0\">\n<div id=\"imTextObject_71_51\">\n<div id=\"imTextObject_71_51_tab0\" data-index=\"0\">\n<div id=\"imTextObject_14_01\">\n<div id=\"imTextObject_14_01_tab0\" data-index=\"0\">\n<div id=\"imTextObject_72_01\">\n<div id=\"imTextObject_72_01_tab0\" data-index=\"0\">\n<div id=\"imTextObject_16_01\">\n<div id=\"imTextObject_16_01_tab0\" data-index=\"0\">\n<div id=\"imTextObject_59_01\">\n<div id=\"imTextObject_59_01_tab0\" data-index=\"0\">\n<div id=\"imTextObject_61_01\">\n<div id=\"imTextObject_61_01_tab0\" data-index=\"0\">\n<div><strong>ZIG ZAG<\/strong><\/div>\n<h3><a href=\"https:\/\/www.homwarm.eu\/web\/\">S\u00c8CHE-SERVIETTE \u00c9LECTRIQUE<\/a><\/h3>\n<div>\n<p>Tabouret chauffant.<\/p>\n<p><strong>ZIG ZAG<\/strong> est un <strong>s\u00e8che-serviettes \u00e9lectrique \u00e0 poser au sol pour chauffer vos serviettes de bains avant utilisation<\/strong>. Un si\u00e8ge chauffant en <strong>MONOLITE IPERGRES\u00ae<\/strong> avec une polyvalence extr\u00eame adapt\u00e9 \u00e0 l\u2019ameublement des SPA, des gymnases et des salles de bains des particuliers de mani\u00e8re fonctionnelle et \u00e9l\u00e9gante.<\/p>\n<p><b class=\"fs11lh1-5\"><span class=\"fs11lh1-5 cf1\">Finitions disponibles:<br \/>\n<\/span><\/b><strong>1)<\/strong> Peint brillant \u00e9maill\u00e9<\/p>\n<p><strong>Allumage:<\/strong> interrupteur \u00e0 pied On\/ Off et c\u00e2ble d&rsquo;alimentation<\/p>\n<\/div>\n<\/div>\n<\/div>\n<\/div>\n<\/div>\n<\/div>\n<\/div>\n<\/div>\n<\/div>\n<\/div>\n<\/div>\n<\/div>\n<\/div>\n<\/div>\n<\/div>\n<\/div>\n<div id=\"imCell_17\" data-responsive-sequence-number=\"2\">\n<div id=\"imTextObject_70_17\">\n<div id=\"imTextObject_70_17_tab0\" data-index=\"0\">\n<div id=\"imCell_18\" data-responsive-sequence-number=\"5\">\n<div id=\"imTableObject_70_18\">\n<div id=\"imTableObject_70_18_tab0\" data-index=\"0\">\n<div>\n<div id=\"imCell_72\" data-responsive-sequence-number=\"8\">\n<div id=\"imTableObject_59_72\">\n<div id=\"imTableObject_59_72_tab0\" data-index=\"0\">\n<div>\n<table style=\"height: 66px;\" width=\"1280\" data-minrequestedwidth=\"548\" data-computedwidth=\"548\">\n<tbody>\n<tr>\n<td>Diam\u00e8tre de la base<\/td>\n<td>Hauteur<\/td>\n<td>Diam\u00e8tre<\/td>\n<td>\n<div>Puissance<\/div>\n<\/td>\n<td>\n<div>Volt<\/div>\n<\/td>\n<td>Poids Net<\/td>\n<\/tr>\n<tr>\n<td>\n<div>400 mm<\/div>\n<\/td>\n<td>\n<div>480 mm<\/div>\n<\/td>\n<td>\n<div>444 mm<\/div>\n<\/td>\n<td>\n<div>100 Watt<\/div>\n<\/td>\n<td>\n<div>220 \/ 240<\/div>\n<div>110 \/ 120<\/div>\n<\/td>\n<td>\n<div>20 Kg<\/div>\n<\/td>\n<\/tr>\n<\/tbody>\n<\/table>\n<\/div>\n<div class=\"fusion-button-wrapper\"><a class=\"fusion-button button-flat fusion-button-default-size button-default fusion-button-default button-1 fusion-button-default-span fusion-button-default-type\" target=\"_blank\" rel=\"noopener noreferrer\" href=\"https:\/\/www.homwarm.eu\/web\/wp-content\/uploads\/2020\/01\/Scheda-tecnica-ZIG-ZAG-Hom-ITA-EN.pdf\"><span class=\"fusion-button-text awb-button__text awb-button__text--default\">Fiche technique<\/span><\/a><\/div>\n<p>&nbsp;<\/p>\n<\/div>\n<\/div>\n<\/div>\n<\/div>\n<div id=\"imCell_10\" data-responsive-sequence-number=\"7\">\n<div id=\"imCellStyleBorders_10\">\n<p><strong>Couleurs disponibles<\/strong> peinture \u00e9maill\u00e9e brillante:<\/p>\n<p><img data-opt-id=516634451  fetchpriority=\"high\" decoding=\"async\" class=\"size-full wp-image-26655\" src=\"https:\/\/mlilev7bln6g.i.optimole.com\/cb:gVOz.8a9\/w:auto\/h:auto\/q:mauto\/f:best\/https:\/\/www.homwarm.eu\/web\/wp-content\/uploads\/2020\/01\/coleurs-zig-zag-fran.jpg\" alt=\"s\u00e8che serviettes \u00e9lectrique et radiateurs couleurs c\u00e9ramiques zig zag\" width=\"303\" height=\"144\" title=\"\" srcset=\"https:\/\/mlilev7bln6g.i.optimole.com\/cb:gVOz.8a9\/w:200\/h:95\/q:mauto\/f:best\/https:\/\/www.homwarm.eu\/web\/wp-content\/uploads\/2020\/01\/coleurs-zig-zag-fran.jpg 200w, https:\/\/mlilev7bln6g.i.optimole.com\/cb:gVOz.8a9\/w:300\/h:144\/q:mauto\/f:best\/https:\/\/www.homwarm.eu\/web\/wp-content\/uploads\/2020\/01\/coleurs-zig-zag-fran.jpg 300w, https:\/\/mlilev7bln6g.i.optimole.com\/cb:gVOz.8a9\/w:303\/h:144\/q:mauto\/f:best\/https:\/\/www.homwarm.eu\/web\/wp-content\/uploads\/2020\/01\/coleurs-zig-zag-fran.jpg 303w\" sizes=\"(max-width: 303px) 100vw, 303px\" \/><\/p>\n<\/div>\n<\/div>\n<\/div>\n<\/div>\n<\/div>\n<\/div>\n<\/div>\n<\/div>\n<\/div>\n<\/div>\n<\/div>\n<\/div>\n<\/div>\n<div><strong>Notes techniques et certifications:<\/strong><strong><br \/>\n<\/strong>CLASSE D&rsquo;ISOLATION CL.I CL. II \u2013 DEGR\u00c9 DE PROTECTION IP 24 \u2013 NORMES EN60335-1 \u2013 EN60335-2-43 \u2013 EN55014-1 \u2013 EN55014 \u20132 CE<\/div>\n<div><\/div>\n<h3><a href=\"https:\/\/www.homwarm.eu\/web\"><span style=\"color: #ffffff;\">s\u00e8che-serviette \u00e9lectrique tabouret chauffe-serviettes<\/span><\/a><\/h3>\n","protected":false},"excerpt":{"rendered":"<p><strong>S\u00c8CHE-SERVIETTE \u00c9LECTRIQUE<\/strong><br \/>\nTabouret chauffant.<\/p>\n<p>Un si\u00e8ge chauffant capable de chauffer et de s\u00e9cher un peignoir ou une serviette pour un confort maximum.<\/p>\n","protected":false},"featured_media":20839,"template":"","meta":[],"product_brand":[],"product_cat":[202],"product_tag":[223,224,225,273,274,275,276,277,278],"class_list":{"0":"post-24333","1":"product","2":"type-product","3":"status-publish","4":"has-post-thumbnail","6":"product_cat-seche-serviettes-electriques-en-ceramique-hom","7":"product_tag-radiateur-seche-serviettes-electrique","8":"product_tag-radiateurs-electriques","9":"product_tag-chauffage-electrique","10":"product_tag-offers-2-fr","11":"product_tag-review-2-fr","12":"product_tag-aggregaterating-2-fr","13":"product_tag-radiatori-elettrici-fr","14":"product_tag-termoarredi-fr","15":"product_tag-riscaldamento-elettrico-fr","17":"first","18":"instock","19":"shipping-taxable","20":"product-type-simple"},"_links":{"self":[{"href":"https:\/\/www.homwarm.eu\/web\/fr\/wp-json\/wp\/v2\/product\/24333","targetHints":{"allow":["GET"]}}],"collection":[{"href":"https:\/\/www.homwarm.eu\/web\/fr\/wp-json\/wp\/v2\/product"}],"about":[{"href":"https:\/\/www.homwarm.eu\/web\/fr\/wp-json\/wp\/v2\/types\/product"}],"wp:featuredmedia":[{"embeddable":true,"href":"https:\/\/www.homwarm.eu\/web\/fr\/wp-json\/wp\/v2\/media\/20839"}],"wp:attachment":[{"href":"https:\/\/www.homwarm.eu\/web\/fr\/wp-json\/wp\/v2\/media?parent=24333"}],"wp:term":[{"taxonomy":"product_brand","embeddable":true,"href":"https:\/\/www.homwarm.eu\/web\/fr\/wp-json\/wp\/v2\/product_brand?post=24333"},{"taxonomy":"product_cat","embeddable":true,"href":"https:\/\/www.homwarm.eu\/web\/fr\/wp-json\/wp\/v2\/product_cat?post=24333"},{"taxonomy":"product_tag","embeddable":true,"href":"https:\/\/www.homwarm.eu\/web\/fr\/wp-json\/wp\/v2\/product_tag?post=24333"}],"curies":[{"name":"wp","href":"https:\/\/api.w.org\/{rel}","templated":true}]}}