{"id":24329,"date":"2020-01-14T12:30:44","date_gmt":"2020-01-14T11:30:44","guid":{"rendered":"https:\/\/www.homwarm.eu\/web\/products\/scaldasalviette-elettrico-ness\/"},"modified":"2024-01-25T15:09:49","modified_gmt":"2024-01-25T14:09:49","slug":"seche-serviettes-chauffage-ness","status":"publish","type":"product","link":"https:\/\/www.homwarm.eu\/web\/fr\/products\/seche-serviettes-chauffage-ness\/","title":{"rendered":"NESS"},"content":{"rendered":"<div id=\"imTextObject_63_01\">\n<div id=\"imTextObject_63_01_tab0\" data-index=\"0\">\n<div id=\"imCell_8\" data-responsive-sequence-number=\"1\">\n<div id=\"imTextObject_58_08\">\n<div id=\"imTextObject_58_08_tab0\" data-index=\"0\">\n<div id=\"imCell_8\" data-responsive-sequence-number=\"1\">\n<div id=\"imTextObject_70_08\">\n<div id=\"imTextObject_70_08_tab0\" data-index=\"0\">\n<div id=\"imTextObject_71_51\">\n<div id=\"imTextObject_71_51_tab0\" data-index=\"0\">\n<div id=\"imTextObject_14_01\">\n<div id=\"imTextObject_14_01_tab0\" data-index=\"0\">\n<div id=\"imTextObject_72_01\">\n<div id=\"imTextObject_72_01_tab0\" data-index=\"0\">\n<div id=\"imTextObject_16_01\">\n<div id=\"imTextObject_16_01_tab0\" data-index=\"0\">\n<div id=\"imTextObject_59_01\">\n<div id=\"imTextObject_59_01_tab0\" data-index=\"0\">\n<div>\n<div><strong>NESS<br \/>\n<\/strong><\/div>\n<h3><a href=\"https:\/\/www.homwarm.eu\/web\">S\u00c8CHE-SERVIETTE \u00c9LECTRIQUE<\/a><\/h3>\n<div>\n<p>S\u00e8che-serviettes chauffant.<\/p>\n<p><strong>NESS <\/strong>est un <strong><a href=\"https:\/\/www.homwarm.eu\/web\/\">s\u00e8che-serviettes chauffage<\/a> \u00e9lectrique aux formes lin\u00e9aires<\/strong>, un \u00e9l\u00e9ment de design qui apporte la chaleur l\u00e0 o\u00f9 il n\u2019y en avait pas. Un meuble fonctionnel et \u00e9l\u00e9gant aux formes contenues id\u00e9al pour les pi\u00e8ces les plus habit\u00e9es de votre maison.<\/p>\n<p><strong>Finitions disponibles:<\/strong><br \/>\n<strong>1)<\/strong> Peint brillant \u00e9maill\u00e9<br \/>\n<strong>2)<\/strong> Peint mate<br \/>\n<strong>3)<\/strong> R\u00e9sine textur\u00e9e brute opaque<br \/>\n<strong>4)<\/strong> R\u00e9sine d\u00e9cor\u00e9e<\/p>\n<p><strong>Mod\u00e8les:<\/strong><br \/>\nVersion avec interrupteur On \/Off et connexion murale directe<\/p>\n<p>Possibilit\u00e9 d&rsquo;installation verticale \u00e9galement<\/p>\n<\/div>\n<\/div>\n<div>\n<div>\n<p><strong>Mod\u00e8l <\/strong>NESS 50:<\/p>\n<\/div>\n<\/div>\n<\/div>\n<\/div>\n<\/div>\n<\/div>\n<\/div>\n<\/div>\n<\/div>\n<\/div>\n<\/div>\n<\/div>\n<\/div>\n<\/div>\n<\/div>\n<div id=\"imCell_17\" data-responsive-sequence-number=\"2\">\n<div id=\"imTextObject_70_17\">\n<div id=\"imTextObject_70_17_tab0\" data-index=\"0\">\n<div id=\"imCell_18\" data-responsive-sequence-number=\"5\">\n<div id=\"imTableObject_70_18\">\n<div id=\"imTableObject_70_18_tab0\" data-index=\"0\">\n<div>\n<div id=\"imCell_22\" data-responsive-sequence-number=\"6\">\n<div id=\"imTableObject_59_22\">\n<div id=\"imTableObject_59_22_tab0\" data-index=\"0\">\n<table width=\"876\" data-minrequestedwidth=\"545\" data-computedwidth=\"545\">\n<tbody>\n<tr>\n<td>\n<div>Base<\/div>\n<\/td>\n<td>Hauteur<\/td>\n<td>Profondeur<\/td>\n<td>Puissance<\/td>\n<td>\n<div>Volt<\/div>\n<\/td>\n<td>\n<div>Poids Net<\/div>\n<\/td>\n<\/tr>\n<tr>\n<td>\n<div>480 mm<\/div>\n<\/td>\n<td>\n<div>100 mm<\/div>\n<\/td>\n<td>\n<div>85 mm<\/div>\n<\/td>\n<td>\n<div>40 Watt<\/div>\n<\/td>\n<td>\n<div>220 \/ 240<\/div>\n<div>110 \/ 120<\/div>\n<\/td>\n<td>\n<div>2 Kg<\/div>\n<\/td>\n<\/tr>\n<\/tbody>\n<\/table>\n<\/div>\n<\/div>\n<\/div>\n<div id=\"imCell_71\" data-responsive-sequence-number=\"7\">\n<div id=\"imCellStyleBorders_71\"><\/div>\n<div id=\"imTextObject_59_71\">\n<div id=\"imTextObject_59_71_tab0\" data-index=\"0\">\n<div>\n<div>\n<p><strong>Mod\u00e8l<\/strong>\u00a0NESS 60:<\/p>\n<\/div>\n<\/div>\n<\/div>\n<\/div>\n<\/div>\n<div id=\"imCell_72\" data-responsive-sequence-number=\"8\">\n<div id=\"imTableObject_59_72\">\n<div id=\"imTableObject_59_72_tab0\" data-index=\"0\">\n<div>\n<table width=\"880\" data-minrequestedwidth=\"543\" data-computedwidth=\"543\">\n<tbody>\n<tr>\n<td>\n<div>Base<\/div>\n<\/td>\n<td>Hauteur<\/td>\n<td>Profondeur<\/td>\n<td>Puissance<\/td>\n<td>\n<div>Volt<\/div>\n<\/td>\n<td>\n<div>Poids Net<\/div>\n<\/td>\n<\/tr>\n<tr>\n<td>\n<div>630 mm<\/div>\n<\/td>\n<td>\n<div>100 mm<\/div>\n<\/td>\n<td>\n<div>85 mm<\/div>\n<\/td>\n<td>\n<div>50 Watt<\/div>\n<\/td>\n<td>\n<div>220 \/ 240<\/div>\n<div>110 \/ 120<\/div>\n<\/td>\n<td>\n<div>3 Kg<\/div>\n<\/td>\n<\/tr>\n<\/tbody>\n<\/table>\n<\/div>\n<div class=\"fusion-button-wrapper\"><a class=\"fusion-button button-flat fusion-button-default-size button-default fusion-button-default button-1 fusion-button-default-span fusion-button-default-type\" target=\"_blank\" rel=\"noopener noreferrer\" href=\"https:\/\/www.homwarm.eu\/web\/wp-content\/uploads\/2020\/01\/Scheda-Tecnica-NESS-Hom-2019-1.pdf\"><span class=\"fusion-button-text awb-button__text awb-button__text--default\">Fiche technique<\/span><\/a><\/div>\n<div class=\"fusion-button-wrapper\"><a class=\"fusion-button button-flat fusion-button-default-size button-default fusion-button-default button-2 fusion-button-default-span fusion-button-default-type\" target=\"_blank\" rel=\"noopener noreferrer\" href=\"https:\/\/www.homwarm.eu\/web\/wp-content\/uploads\/2020\/01\/NESS-FR-SP-MANUALE-TECNICO_OPUSCOLO.pdf\"><span class=\"fusion-button-text awb-button__text awb-button__text--default\">Instructions de montage<\/span><\/a><\/div>\n<div>\n<p><strong>Couleurs disponibles<\/strong>\u00a0finition peinture brillante<br \/>\n<img data-opt-id=1584707534  fetchpriority=\"high\" decoding=\"async\" class=\"size-full wp-image-26624\" src=\"https:\/\/mlilev7bln6g.i.optimole.com\/cb:gVOz.8a9\/w:auto\/h:auto\/q:mauto\/f:best\/https:\/\/www.homwarm.eu\/web\/wp-content\/uploads\/2020\/01\/finition-peinture-brillante-hom-seche-serviettes-electrique-et-radiateurs.jpg\" sizes=\"(max-width: 303px) 100vw, 303px\" srcset=\"https:\/\/mlilev7bln6g.i.optimole.com\/cb:gVOz.8a9\/w:200\/h:62\/q:mauto\/f:best\/https:\/\/www.homwarm.eu\/web\/wp-content\/uploads\/2020\/01\/finition-peinture-brillante-hom-seche-serviettes-electrique-et-radiateurs.jpg 200w, https:\/\/mlilev7bln6g.i.optimole.com\/cb:gVOz.8a9\/w:300\/h:94\/q:mauto\/f:best\/https:\/\/www.homwarm.eu\/web\/wp-content\/uploads\/2020\/01\/finition-peinture-brillante-hom-seche-serviettes-electrique-et-radiateurs.jpg 300w, https:\/\/mlilev7bln6g.i.optimole.com\/cb:gVOz.8a9\/w:auto\/h:auto\/q:mauto\/f:best\/https:\/\/www.homwarm.eu\/web\/wp-content\/uploads\/2020\/01\/finition-peinture-brillante-hom-seche-serviettes-electrique-et-radiateurs.jpg 303w\" alt=\"finition peinture brillante hom s\u00e8che-serviettes \u00e9lectrique et radiateurs\" width=\"303\" height=\"94\" title=\"\"><\/p>\n<p><span class=\"cf1\"><span class=\"fs11lh1-5\"><strong>Couleurs disponibles<\/strong> finition peinture mat<br \/>\n<img data-opt-id=1176997586  fetchpriority=\"high\" decoding=\"async\" src=\"https:\/\/mlilev7bln6g.i.optimole.com\/cb:gVOz.8a9\/w:auto\/h:auto\/q:mauto\/f:best\/https:\/\/www.homwarm.eu\/web\/wp-content\/uploads\/2020\/01\/Couleurs-disponibles-finition-peinture-mat-hom-seche-serviettes-electrique-et-radiateurs-aneto-ness-nazca.jpg\" alt=\"\" title=\"\"><br \/>\n<\/span><\/span><\/p>\n<\/div>\n<div>\n<p><strong>Couleurs disponibles<\/strong> r\u00e9sine textur\u00e9e brute opaque<br \/>\n<img data-opt-id=1929170066  data-opt-src=\"https:\/\/mlilev7bln6g.i.optimole.com\/cb:gVOz.8a9\/w:auto\/h:auto\/q:mauto\/f:best\/https:\/\/www.homwarm.eu\/web\/wp-content\/uploads\/2020\/01\/Couleurs-resine-texturee-mate-hom-seche-serviettes-electrique-et-radiateurs.jpg\"  decoding=\"async\" class=\"size-full wp-image-26617\" src=\"data:image/svg+xml,%3Csvg%20viewBox%3D%220%200%20100%%20100%%22%20width%3D%22100%%22%20height%3D%22100%%22%20xmlns%3D%22http%3A%2F%2Fwww.w3.org%2F2000%2Fsvg%22%3E%3Crect%20width%3D%22100%%22%20height%3D%22100%%22%20fill%3D%22transparent%22%2F%3E%3C%2Fsvg%3E\" alt=\"Couleurs r\u00e9sine textur\u00e9e mate hom s\u00e8che-serviettes \u00e9lectrique et radiateurs\" width=\"304\" height=\"500\" title=\"\" old-srcset=\"https:\/\/mlilev7bln6g.i.optimole.com\/cb:gVOz.8a9\/w:182\/h:300\/q:mauto\/f:best\/https:\/\/www.homwarm.eu\/web\/wp-content\/uploads\/2020\/01\/Couleurs-resine-texturee-mate-hom-seche-serviettes-electrique-et-radiateurs.jpg 182w, https:\/\/mlilev7bln6g.i.optimole.com\/cb:gVOz.8a9\/w:200\/h:329\/q:mauto\/f:best\/https:\/\/www.homwarm.eu\/web\/wp-content\/uploads\/2020\/01\/Couleurs-resine-texturee-mate-hom-seche-serviettes-electrique-et-radiateurs.jpg 200w, https:\/\/mlilev7bln6g.i.optimole.com\/cb:gVOz.8a9\/w:304\/h:500\/q:mauto\/f:best\/https:\/\/www.homwarm.eu\/web\/wp-content\/uploads\/2020\/01\/Couleurs-resine-texturee-mate-hom-seche-serviettes-electrique-et-radiateurs.jpg 304w\" \/><\/p>\n<p><strong>Couleurs disponibles<\/strong> r\u00e9sine textur\u00e9e avec d\u00e9cor:<br \/>\n<img data-opt-id=22016709  data-opt-src=\"https:\/\/mlilev7bln6g.i.optimole.com\/cb:gVOz.8a9\/w:auto\/h:auto\/q:mauto\/f:best\/https:\/\/www.homwarm.eu\/web\/wp-content\/uploads\/2020\/01\/seche-serviettes-electrique-et-radiateurs-color-resin-with-decoration.jpg\"  decoding=\"async\" class=\"size-full wp-image-26645\" src=\"data:image/svg+xml,%3Csvg%20viewBox%3D%220%200%20100%%20100%%22%20width%3D%22100%%22%20height%3D%22100%%22%20xmlns%3D%22http%3A%2F%2Fwww.w3.org%2F2000%2Fsvg%22%3E%3Crect%20width%3D%22100%%22%20height%3D%22100%%22%20fill%3D%22transparent%22%2F%3E%3C%2Fsvg%3E\" alt=\"s\u00e8che-serviettes \u00e9lectrique et radiateurs color resin with decoration\" width=\"304\" height=\"124\" title=\"\" old-srcset=\"https:\/\/mlilev7bln6g.i.optimole.com\/cb:gVOz.8a9\/w:200\/h:82\/q:mauto\/f:best\/https:\/\/www.homwarm.eu\/web\/wp-content\/uploads\/2020\/01\/seche-serviettes-electrique-et-radiateurs-color-resin-with-decoration.jpg 200w, https:\/\/mlilev7bln6g.i.optimole.com\/cb:gVOz.8a9\/w:300\/h:122\/q:mauto\/f:best\/https:\/\/www.homwarm.eu\/web\/wp-content\/uploads\/2020\/01\/seche-serviettes-electrique-et-radiateurs-color-resin-with-decoration.jpg 300w, https:\/\/mlilev7bln6g.i.optimole.com\/cb:gVOz.8a9\/w:304\/h:124\/q:mauto\/f:best\/https:\/\/www.homwarm.eu\/web\/wp-content\/uploads\/2020\/01\/seche-serviettes-electrique-et-radiateurs-color-resin-with-decoration.jpg 304w\" \/><\/p>\n<\/div>\n<\/div>\n<\/div>\n<\/div>\n<\/div>\n<div id=\"imCell_10\" data-responsive-sequence-number=\"7\">\n<div id=\"pluginAppObj_70_10\">\n<div id=\"pluginAppObj_70_10_container\">\n<div id=\"imCell_34\" data-responsive-sequence-number=\"9\">\n<div id=\"imTextObject_70_34\">\n<div id=\"imTextObject_70_34_tab0\" data-index=\"0\">\n<div id=\"imCell_34\" data-responsive-sequence-number=\"9\">\n<div id=\"imTextObject_71_34\">\n<div id=\"imTextObject_71_34_tab0\" data-index=\"0\">\n<div id=\"imCell_65\" data-responsive-sequence-number=\"26\">\n<div id=\"imObjectImage_16_65\">\n<div id=\"imObjectImage_16_65_container\">\n<div id=\"imCell_11\" data-responsive-sequence-number=\"6\">\n<div id=\"pluginAppObj_70_11\">\n<div id=\"pluginAppObj_70_11_container\">\n<div id=\"imCell_68\" data-responsive-sequence-number=\"20\">\n<div id=\"imObjectImage_16_68\"><strong>Notes techniques et certifications:<\/strong><\/div>\n<\/div>\n<\/div>\n<\/div>\n<\/div>\n<div id=\"imCell_10\" data-responsive-sequence-number=\"7\">\n<div id=\"pluginAppObj_70_10\">\n<div id=\"pluginAppObj_70_10_container\">\n<div id=\"imCell_34\" data-responsive-sequence-number=\"9\">\n<div id=\"imTextObject_70_34\">\n<div id=\"imTextObject_70_34_tab0\" data-index=\"0\">\n<div id=\"imCell_34\" data-responsive-sequence-number=\"9\">\n<div id=\"imTextObject_71_34\">\n<div id=\"imTextObject_71_34_tab0\" data-index=\"0\">\n<div id=\"imCell_66\" data-responsive-sequence-number=\"27\">\n<div id=\"imObjectImage_16_66\">CLASSE D&rsquo;ISOLATION CL.I CL. II \u2013 DEGR\u00c9 DE PROTECTION IP 24 \u2013 NORMES EN60335-1 \u2013 EN60335-2-43 \u2013 EN55014-1 \u2013 EN55014 \u20132 CE<\/div>\n<div><\/div>\n<\/div>\n<\/div>\n<\/div>\n<\/div>\n<\/div>\n<\/div>\n<\/div>\n<\/div>\n<\/div>\n<\/div>\n<\/div>\n<\/div>\n<\/div>\n<\/div>\n<\/div>\n<\/div>\n<\/div>\n<\/div>\n<\/div>\n<\/div>\n<\/div>\n<\/div>\n<\/div>\n<\/div>\n<\/div>\n<\/div>\n<\/div>\n<\/div>\n<\/div>\n<\/div>\n<\/div>\n<\/div>\n<\/div>\n","protected":false},"excerpt":{"rendered":"<div>S\u00c8CHE-SERVIETTE \u00c9LECTRIQUE<\/div>\n<div>S\u00e8che-serviettes chauffant.<br \/>\nLa chaleur l\u00e0 o\u00f9 il n\u2019y en avait pas avant avec les nouveaux s\u00e8che-serviettes chauffants HOM \u00e0 la fois lin\u00e9aires et technologiques. <strong><a href=\"https:\/\/www.homwarm.eu\/web\">HOM<\/a><\/strong>.<\/div>\n","protected":false},"featured_media":20854,"template":"","meta":[],"product_brand":[],"product_cat":[202],"product_tag":[222,223,273,274,275,279,284,285],"class_list":{"0":"post-24329","1":"product","2":"type-product","3":"status-publish","4":"has-post-thumbnail","6":"product_cat-seche-serviettes-electriques-en-ceramique-hom","7":"product_tag-seche-serviettes-electrique","8":"product_tag-radiateur-seche-serviettes-electrique","9":"product_tag-offers-2-fr","10":"product_tag-review-2-fr","11":"product_tag-aggregaterating-2-fr","12":"product_tag-scaldasalviette-fr","13":"product_tag-scaldasalviette-di-design-fr","14":"product_tag-scaldasalviette-elettrico-fr","16":"first","17":"instock","18":"shipping-taxable","19":"product-type-simple"},"_links":{"self":[{"href":"https:\/\/www.homwarm.eu\/web\/fr\/wp-json\/wp\/v2\/product\/24329","targetHints":{"allow":["GET"]}}],"collection":[{"href":"https:\/\/www.homwarm.eu\/web\/fr\/wp-json\/wp\/v2\/product"}],"about":[{"href":"https:\/\/www.homwarm.eu\/web\/fr\/wp-json\/wp\/v2\/types\/product"}],"wp:featuredmedia":[{"embeddable":true,"href":"https:\/\/www.homwarm.eu\/web\/fr\/wp-json\/wp\/v2\/media\/20854"}],"wp:attachment":[{"href":"https:\/\/www.homwarm.eu\/web\/fr\/wp-json\/wp\/v2\/media?parent=24329"}],"wp:term":[{"taxonomy":"product_brand","embeddable":true,"href":"https:\/\/www.homwarm.eu\/web\/fr\/wp-json\/wp\/v2\/product_brand?post=24329"},{"taxonomy":"product_cat","embeddable":true,"href":"https:\/\/www.homwarm.eu\/web\/fr\/wp-json\/wp\/v2\/product_cat?post=24329"},{"taxonomy":"product_tag","embeddable":true,"href":"https:\/\/www.homwarm.eu\/web\/fr\/wp-json\/wp\/v2\/product_tag?post=24329"}],"curies":[{"name":"wp","href":"https:\/\/api.w.org\/{rel}","templated":true}]}}