{"id":24320,"date":"2020-09-22T13:40:26","date_gmt":"2020-09-22T11:40:26","guid":{"rendered":"https:\/\/www.homwarm.eu\/web\/products\/h-tab-101\/"},"modified":"2024-04-11T17:10:24","modified_gmt":"2024-04-11T15:10:24","slug":"seche-serviettes-electrique-h-tab-101","status":"publish","type":"product","link":"https:\/\/www.homwarm.eu\/web\/fr\/products\/seche-serviettes-electrique-h-tab-101\/","title":{"rendered":"H TAB 101"},"content":{"rendered":"<div id=\"imTextObject_63_01\">\n<div id=\"imTextObject_63_01_tab0\" data-index=\"0\">\n<div id=\"imCell_8\" data-responsive-sequence-number=\"1\">\n<div id=\"imTextObject_58_08\">\n<div id=\"imTextObject_58_08_tab0\" data-index=\"0\">\n<div id=\"imCell_8\" data-responsive-sequence-number=\"1\">\n<div id=\"imTextObject_70_08\">\n<div id=\"imTextObject_70_08_tab0\" data-index=\"0\">\n<div id=\"imTextObject_71_51\">\n<div id=\"imTextObject_71_51_tab0\" data-index=\"0\">\n<div id=\"imTextObject_14_01\">\n<div id=\"imTextObject_14_01_tab0\" data-index=\"0\">\n<div><strong>H TAB 101<\/strong><\/div>\n<div>\n<h3>S\u00c8CHE-SERVIETTE \u00c9LECTRIQUE<\/h3>\n<p>G\u00e9om\u00e9tries de chauffage.<\/p>\n<\/div>\n<div>\n<p><strong>H TAB 101<\/strong> est un <strong>s\u00e8che-serviettes \u00e9lectrique<\/strong> aux formes g\u00e9om\u00e9triques modernes. La c\u00e9ramique est le protagoniste des formes en tant que seul \u00e9l\u00e9ment mat\u00e9riel combin\u00e9 \u00e0 la technologie <strong><a href=\"https:\/\/www.homwarm.eu\/web\">HOM<\/a> <\/strong>pour am\u00e9liorer les performances \u00e9conomiques et esth\u00e9tiques. Un objet chauffant de design \u00e0 installer facilement au mur.<\/p>\n<\/div>\n<div><\/div>\n<div><b class=\"fs11lh1-5\"><span class=\"fs11lh1-5 cf1\">Finition disponible:<br \/>\n<\/span><\/b>R\u00e9sine textur\u00e9e brute opaque<\/p>\n<div><\/div>\n<div><strong>Mod\u00e8les:<br \/>\n<\/strong><strong>1)<\/strong> Version avec interrupteur On \/Off et c\u00e2ble d&rsquo;alimentation et prise<br \/>\n<strong>2)<\/strong> Version avec interrupteur On \/Off et connexion murale directe<\/p>\n<div><\/div>\n<div><\/div>\n<\/div>\n<\/div>\n<\/div>\n<\/div>\n<\/div>\n<\/div>\n<\/div>\n<\/div>\n<\/div>\n<div id=\"imCell_17\" data-responsive-sequence-number=\"2\">\n<div id=\"imTextObject_70_17\">\n<div id=\"imTextObject_70_17_tab0\" data-index=\"0\">\n<div id=\"imCell_18\" data-responsive-sequence-number=\"5\">\n<div id=\"imTableObject_70_18\">\n<div id=\"imTableObject_70_18_tab0\" data-index=\"0\">\n<div>\n<table style=\"height: 68px;\" width=\"889\" data-minrequestedwidth=\"544\" data-computedwidth=\"544\">\n<tbody>\n<tr>\n<td>\n<div>Base<\/div>\n<\/td>\n<td>Hauteur<\/td>\n<td>Profondeur<\/td>\n<td>Puissance<\/td>\n<td>\n<div>Volt<\/div>\n<\/td>\n<td>\n<div>Poids Net<\/div>\n<\/td>\n<\/tr>\n<tr>\n<td>\n<div>300 mm<\/div>\n<\/td>\n<td>\n<div>630 mm<\/div>\n<\/td>\n<td>\n<div>65\/85 mm<\/div>\n<\/td>\n<td>\n<div>100 Watt<\/div>\n<\/td>\n<td>\n<div>220 \/ 240<\/div>\n<div>110 \/ 120<\/div>\n<\/td>\n<td>\n<div>5 Kg<\/div>\n<\/td>\n<\/tr>\n<\/tbody>\n<\/table>\n<\/div>\n<div class=\"fusion-button-wrapper\"><a class=\"fusion-button button-flat fusion-button-default-size button-default fusion-button-default button-1 fusion-button-default-span fusion-button-default-type\" target=\"_blank\" rel=\"noopener noreferrer\" href=\"https:\/\/www.homwarm.eu\/web\/wp-content\/uploads\/2020\/01\/htab101-Scheda-Tecnica.pdf\"><span class=\"fusion-button-text awb-button__text awb-button__text--default\">Fiche technique<\/span><\/a><\/div>\n<div class=\"fusion-button-wrapper\"><a class=\"fusion-button button-flat fusion-button-default-size button-default fusion-button-default button-2 fusion-button-default-span fusion-button-default-type\" target=\"_blank\" rel=\"noopener noreferrer\" href=\"https:\/\/www.homwarm.eu\/web\/wp-content\/uploads\/2020\/01\/htab101-FR-ES-EN-MANUALE_TECNICO_OPUSCOLO.pdf\"><span class=\"fusion-button-text awb-button__text awb-button__text--default\">Instructions de montage<\/span><\/a><\/div>\n<div id=\"imCell_10\" data-responsive-sequence-number=\"7\">\n<div id=\"pluginAppObj_70_10\">\n<div id=\"pluginAppObj_70_10_container\">\n<div id=\"imCell_34\" data-responsive-sequence-number=\"9\">\n<div id=\"imTextObject_70_34\">\n<div id=\"imTextObject_70_34_tab0\" data-index=\"0\">\n<div id=\"imCell_50\" data-responsive-sequence-number=\"16\">\n<div id=\"imCellStyleBorders_50\">\n<div id=\"imCell_34\" data-responsive-sequence-number=\"13\">\n<div id=\"imTextObject_14_34\">\n<div id=\"imTextObject_14_34_tab0\" data-index=\"0\">\n<div><\/div>\n<div><strong>Couleurs disponibles<\/strong>\u00a0r\u00e9sine textur\u00e9e brute opaque<strong><br \/>\n<img data-opt-id=1929170066  fetchpriority=\"high\" decoding=\"async\" class=\"size-full wp-image-26617\" src=\"https:\/\/mlilev7bln6g.i.optimole.com\/cb:gVOz.8a9\/w:auto\/h:auto\/q:mauto\/f:best\/https:\/\/www.homwarm.eu\/web\/wp-content\/uploads\/2020\/01\/Couleurs-resine-texturee-mate-hom-seche-serviettes-electrique-et-radiateurs.jpg\" sizes=\"(max-width: 304px) 100vw, 304px\" srcset=\"https:\/\/mlilev7bln6g.i.optimole.com\/cb:gVOz.8a9\/w:182\/h:300\/q:mauto\/f:best\/https:\/\/www.homwarm.eu\/web\/wp-content\/uploads\/2020\/01\/Couleurs-resine-texturee-mate-hom-seche-serviettes-electrique-et-radiateurs.jpg 182w, https:\/\/mlilev7bln6g.i.optimole.com\/cb:gVOz.8a9\/w:200\/h:329\/q:mauto\/f:best\/https:\/\/www.homwarm.eu\/web\/wp-content\/uploads\/2020\/01\/Couleurs-resine-texturee-mate-hom-seche-serviettes-electrique-et-radiateurs.jpg 200w, https:\/\/mlilev7bln6g.i.optimole.com\/cb:gVOz.8a9\/w:auto\/h:auto\/q:mauto\/f:best\/https:\/\/www.homwarm.eu\/web\/wp-content\/uploads\/2020\/01\/Couleurs-resine-texturee-mate-hom-seche-serviettes-electrique-et-radiateurs.jpg 304w\" alt=\"Couleurs r\u00e9sine textur\u00e9e mate hom s\u00e8che-serviettes \u00e9lectrique et radiateurs\" width=\"304\" height=\"500\" title=\"\"><br \/>\n<\/strong><\/p>\n<div id=\"imCell_11\" data-responsive-sequence-number=\"6\">\n<div id=\"pluginAppObj_70_11\">\n<div id=\"pluginAppObj_70_11_container\">\n<div id=\"imCell_68\" data-responsive-sequence-number=\"20\">\n<div id=\"imObjectImage_16_68\"><\/div>\n<\/div>\n<\/div>\n<\/div>\n<\/div>\n<div id=\"imCell_10\" data-responsive-sequence-number=\"7\">\n<div id=\"pluginAppObj_70_10\">\n<div id=\"pluginAppObj_70_10_container\">\n<div id=\"imCell_34\" data-responsive-sequence-number=\"9\">\n<div id=\"imTextObject_70_34\">\n<div id=\"imTextObject_70_34_tab0\" data-index=\"0\">\n<div id=\"imCell_34\" data-responsive-sequence-number=\"9\">\n<div id=\"imTextObject_71_34\">\n<div id=\"imTextObject_71_34_tab0\" data-index=\"0\">\n<div id=\"imCell_66\" data-responsive-sequence-number=\"27\">\n<div id=\"imObjectImage_16_66\">\n<div>\n<div><strong>Notes techniques et certifications:<\/strong><\/div>\n<\/div>\n<\/div>\n<\/div>\n<\/div>\n<\/div>\n<\/div>\n<\/div>\n<\/div>\n<\/div>\n<\/div>\n<\/div>\n<\/div>\n<\/div>\n<\/div>\n<\/div>\n<\/div>\n<div id=\"imCell_64\" data-responsive-sequence-number=\"24\">\n<div id=\"imObjectImage_14_64\">\n<div>CLASSE D&rsquo;ISOLATION CL.I CL. II \u2013 DEGR\u00c9 DE PROTECTION IP 24 \u2013 NORMES EN60335-1 \u2013 EN60335-2-43 \u2013 EN55014-1 \u2013 EN55014 \u20132 CE<\/div>\n<\/div>\n<\/div>\n<div id=\"imCell_65\" data-responsive-sequence-number=\"25\">\n<div id=\"imCellStyleGraphics_65\"><\/div>\n<div id=\"imCellStyleBorders_65\"><\/div>\n<\/div>\n<\/div>\n<\/div>\n<\/div>\n<\/div>\n<\/div>\n<\/div>\n<\/div>\n<\/div>\n<\/div>\n<\/div>\n<\/div>\n<\/div>\n<\/div>\n<\/div>\n<\/div>\n<\/div>\n<\/div>\n<\/div>\n<\/div>\n","protected":false},"excerpt":{"rendered":"<div>\n<p>S\u00c8CHE-SERVIETTE \u00c9LECTRIQUE<\/p>\n<p style=\"font-weight: 400;\">G\u00e9om\u00e9tries de chauffage.<\/p>\n<\/div>\n<div>Un \u00e9l\u00e9ment presque mono-mati\u00e8re pour am\u00e9liorer les performances \u00e9conomiques et esth\u00e9tiques.<\/div>\n","protected":false},"featured_media":28852,"template":"","meta":[],"product_brand":[],"product_cat":[202],"product_tag":[222,223,231,273,274,279,284,285],"class_list":{"0":"post-24320","1":"product","2":"type-product","3":"status-publish","4":"has-post-thumbnail","6":"product_cat-seche-serviettes-electriques-en-ceramique-hom","7":"product_tag-seche-serviettes-electrique","8":"product_tag-radiateur-seche-serviettes-electrique","9":"product_tag-aggregaterating-2","10":"product_tag-offers-2-fr","11":"product_tag-review-2-fr","12":"product_tag-scaldasalviette-fr","13":"product_tag-scaldasalviette-di-design-fr","14":"product_tag-scaldasalviette-elettrico-fr","16":"first","17":"instock","18":"shipping-taxable","19":"product-type-simple"},"_links":{"self":[{"href":"https:\/\/www.homwarm.eu\/web\/fr\/wp-json\/wp\/v2\/product\/24320","targetHints":{"allow":["GET"]}}],"collection":[{"href":"https:\/\/www.homwarm.eu\/web\/fr\/wp-json\/wp\/v2\/product"}],"about":[{"href":"https:\/\/www.homwarm.eu\/web\/fr\/wp-json\/wp\/v2\/types\/product"}],"wp:featuredmedia":[{"embeddable":true,"href":"https:\/\/www.homwarm.eu\/web\/fr\/wp-json\/wp\/v2\/media\/28852"}],"wp:attachment":[{"href":"https:\/\/www.homwarm.eu\/web\/fr\/wp-json\/wp\/v2\/media?parent=24320"}],"wp:term":[{"taxonomy":"product_brand","embeddable":true,"href":"https:\/\/www.homwarm.eu\/web\/fr\/wp-json\/wp\/v2\/product_brand?post=24320"},{"taxonomy":"product_cat","embeddable":true,"href":"https:\/\/www.homwarm.eu\/web\/fr\/wp-json\/wp\/v2\/product_cat?post=24320"},{"taxonomy":"product_tag","embeddable":true,"href":"https:\/\/www.homwarm.eu\/web\/fr\/wp-json\/wp\/v2\/product_tag?post=24320"}],"curies":[{"name":"wp","href":"https:\/\/api.w.org\/{rel}","templated":true}]}}