{"id":24316,"date":"2020-01-14T12:14:53","date_gmt":"2020-01-14T12:14:53","guid":{"rendered":"https:\/\/www.homwarm.eu\/web\/products\/elysir-s\/"},"modified":"2024-04-10T17:18:51","modified_gmt":"2024-04-10T15:18:51","slug":"elisir-s-seche-serviettes-electrique-porte-serviettes-chauffant-electrique","status":"publish","type":"product","link":"https:\/\/www.homwarm.eu\/web\/fr\/products\/elisir-s-seche-serviettes-electrique-porte-serviettes-chauffant-electrique\/","title":{"rendered":"ELYSIR S"},"content":{"rendered":"<p><strong>ELYSIR S<\/strong><\/p>\n<h3><strong><br \/>\n<\/strong><a href=\"https:\/\/www.homwarm.eu\/web\">S\u00c8CHE-SERVIETTE \u00c9LECTRIQUE<\/a><\/h3>\n<p>R\u00e9sine naturelle \u00e9l\u00e9gante<\/p>\n<p><strong>ELYSIR S<\/strong> est un s\u00e8che-serviettes \u00e9lectrique qui combine la fonctionnalit\u00e9 de la c\u00e9ramique dans la technologie <strong>HOM<\/strong>, un mat\u00e9riau qui a toujours \u00e9t\u00e9 utilis\u00e9 par l\u2019homme pour la cr\u00e9ation de ses objets les plus pr\u00e9cieux. Porte-serviettes en acier bross\u00e9.<\/p>\n<p><b class=\"fs11lh1-5 cf1\"><br \/>\n<\/b><b>Finition disponible:<br \/>\n<\/b><strong>1)<\/strong> R\u00e9sine textur\u00e9e brute opaque<br \/>\n<strong>2)<\/strong> R\u00e9sine d\u00e9cor\u00e9e<\/p>\n<p><b>Mod\u00e8les:<br \/>\n<\/b><b>1)<\/b> Version avec interrupteur On \/Off et c\u00e2ble d&rsquo;alimentation et prise<br \/>\n<span class=\"fs11lh1-5 cf1\"><span class=\"fs11lh1-5 cf1\"><b>2)<\/b> Version avec interrupteur On \/Off et connexion murale directe<\/span><\/span><\/p>\n<div id=\"imCell_17\" class=\"\" data-responsive-sequence-number=\"2\">\n<div id=\"imTextObject_70_17\">\n<div id=\"imTextObject_70_17_tab0\" class=\"text-tab-content grid-prop current-tab \" data-index=\"0\">\n<div class=\"text-inner\">\n<div>\n<div><\/div>\n<\/div>\n<\/div>\n<\/div>\n<\/div>\n<\/div>\n<div id=\"imCell_18\" class=\"\" data-responsive-sequence-number=\"5\">\n<div id=\"imTableObject_70_18\">\n<div id=\"imTableObject_70_18_tab0\" class=\"text-tab-content grid-prop current-tab \" data-index=\"0\">\n<div class=\"text-inner\">\n<table style=\"height: 38px;\" width=\"1363\" data-minrequestedwidth=\"495\" data-computedwidth=\"495\">\n<tbody>\n<tr>\n<td class=\"imVc\">\n<div><span class=\"fs10lh1-5\">Base<\/span><\/div>\n<\/td>\n<td class=\"imVc\">\n<div class=\"imTACenter\">Hauteur<\/div>\n<\/td>\n<td class=\"imVc\">\n<div class=\"imTACenter\">Profondeur<\/div>\n<\/td>\n<td class=\"imVc\">\n<div class=\"imTACenter\">Puissance<\/div>\n<\/td>\n<td class=\"imVc\">\n<div class=\"imTACenter\"><span class=\"fs10lh1-5\">Volt<\/span><\/div>\n<\/td>\n<td class=\"imVc\">\n<div class=\"imTACenter\">Poids Net<\/div>\n<\/td>\n<\/tr>\n<tr>\n<td class=\"imVc\">\n<div><span class=\"fs10lh1-5\">324 mm<\/span><\/div>\n<\/td>\n<td class=\"imVc\">\n<div><span class=\"fs10lh1-5\">630 mm<\/span><\/div>\n<\/td>\n<td class=\"imVc\">\n<div><span class=\"fs10lh1-5\">98 mm<\/span><\/div>\n<\/td>\n<td class=\"imVc\">\n<div><span class=\"fs10lh1-5\">150 Watt<\/span><\/div>\n<\/td>\n<td class=\"imVc\">\n<div><span class=\"fs10lh1-5\">220 \/ 240<\/span><\/div>\n<div><span class=\"fs10lh1-5\">110 \/ 120<\/span><\/div>\n<\/td>\n<td class=\"imVc\">\n<div><span class=\"fs10lh1-5\">9 Kg<\/span><\/div>\n<\/td>\n<\/tr>\n<\/tbody>\n<\/table>\n<\/div>\n<\/div>\n<\/div>\n<\/div>\n<div id=\"imCell_11\" class=\"\" data-responsive-sequence-number=\"6\">\n<div id=\"imCellStyleBorders_11\"><\/div>\n<div id=\"pluginAppObj_70_11\">\n<div id=\"pluginAppObj_70_11_container\">\n<div class=\"flex-container\">\n<div class=\"flex-item item-txt\">\n<div class=\"div-txt\">\n<p><div class=\"fusion-button-wrapper\"><a class=\"fusion-button button-flat fusion-button-default-size button-default fusion-button-default button-1 fusion-button-default-span fusion-button-default-type\" target=\"_blank\" rel=\"noopener noreferrer\" href=\"https:\/\/www.homwarm.eu\/web\/wp-content\/uploads\/2020\/01\/Scheda-Tecnica-ELYSIR-S-HOM-2019.pdf\"><span class=\"fusion-button-text awb-button__text awb-button__text--default\">Fiche technique<\/span><\/a><\/div> <div class=\"fusion-button-wrapper\"><a class=\"fusion-button button-flat fusion-button-default-size button-default fusion-button-default button-2 fusion-button-default-span fusion-button-default-type\" target=\"_blank\" rel=\"noopener noreferrer\" href=\"https:\/\/www.homwarm.eu\/web\/wp-content\/uploads\/2020\/01\/elysir-s-FR-ES-MANUALE-TECNICO-OPUSCOLO_ok.pdf\"><span class=\"fusion-button-text awb-button__text awb-button__text--default\">Instructions de montage<\/span><\/a><\/div><\/p>\n<div><\/div>\n<div>\n<div><strong>Couleurs disponibles<\/strong> r\u00e9sine textur\u00e9e brute opaque<\/div>\n<div>\n<p><img data-opt-id=1929170066  fetchpriority=\"high\" decoding=\"async\" class=\"size-full wp-image-26617\" src=\"https:\/\/mlilev7bln6g.i.optimole.com\/cb:gVOz.8a9\/w:auto\/h:auto\/q:mauto\/f:best\/https:\/\/www.homwarm.eu\/web\/wp-content\/uploads\/2020\/01\/Couleurs-resine-texturee-mate-hom-seche-serviettes-electrique-et-radiateurs.jpg\" alt=\"Couleurs r\u00e9sine textur\u00e9e mate hom s\u00e8che-serviettes \u00e9lectrique et radiateurs\" width=\"304\" height=\"500\" title=\"\" srcset=\"https:\/\/mlilev7bln6g.i.optimole.com\/cb:gVOz.8a9\/w:182\/h:300\/q:mauto\/f:best\/https:\/\/www.homwarm.eu\/web\/wp-content\/uploads\/2020\/01\/Couleurs-resine-texturee-mate-hom-seche-serviettes-electrique-et-radiateurs.jpg 182w, https:\/\/mlilev7bln6g.i.optimole.com\/cb:gVOz.8a9\/w:200\/h:329\/q:mauto\/f:best\/https:\/\/www.homwarm.eu\/web\/wp-content\/uploads\/2020\/01\/Couleurs-resine-texturee-mate-hom-seche-serviettes-electrique-et-radiateurs.jpg 200w, https:\/\/mlilev7bln6g.i.optimole.com\/cb:gVOz.8a9\/w:304\/h:500\/q:mauto\/f:best\/https:\/\/www.homwarm.eu\/web\/wp-content\/uploads\/2020\/01\/Couleurs-resine-texturee-mate-hom-seche-serviettes-electrique-et-radiateurs.jpg 304w\" sizes=\"(max-width: 304px) 100vw, 304px\" \/><\/p>\n<p><strong>Couleurs disponibles<\/strong> r\u00e9sine textur\u00e9e avec d\u00e9cor:<br \/>\n<img data-opt-id=22016709  fetchpriority=\"high\" decoding=\"async\" class=\"size-full wp-image-26645\" src=\"https:\/\/mlilev7bln6g.i.optimole.com\/cb:gVOz.8a9\/w:auto\/h:auto\/q:mauto\/f:best\/https:\/\/www.homwarm.eu\/web\/wp-content\/uploads\/2020\/01\/seche-serviettes-electrique-et-radiateurs-color-resin-with-decoration.jpg\" alt=\"s\u00e8che-serviettes \u00e9lectrique et radiateurs color resin with decoration\" width=\"304\" height=\"124\" title=\"\" srcset=\"https:\/\/mlilev7bln6g.i.optimole.com\/cb:gVOz.8a9\/w:200\/h:82\/q:mauto\/f:best\/https:\/\/www.homwarm.eu\/web\/wp-content\/uploads\/2020\/01\/seche-serviettes-electrique-et-radiateurs-color-resin-with-decoration.jpg 200w, https:\/\/mlilev7bln6g.i.optimole.com\/cb:gVOz.8a9\/w:300\/h:122\/q:mauto\/f:best\/https:\/\/www.homwarm.eu\/web\/wp-content\/uploads\/2020\/01\/seche-serviettes-electrique-et-radiateurs-color-resin-with-decoration.jpg 300w, https:\/\/mlilev7bln6g.i.optimole.com\/cb:gVOz.8a9\/w:304\/h:124\/q:mauto\/f:best\/https:\/\/www.homwarm.eu\/web\/wp-content\/uploads\/2020\/01\/seche-serviettes-electrique-et-radiateurs-color-resin-with-decoration.jpg 304w\" sizes=\"(max-width: 304px) 100vw, 304px\" \/><\/p>\n<\/div>\n<\/div>\n<div>\n<p><strong>Notes techniques et certifications:<br \/>\n<\/strong>CLASSE D&rsquo;ISOLATION CL.I CL. II \u2013 DEGR\u00c9 DE PROTECTION IP 24 \u2013 NORMES EN60335-1 \u2013 EN60335-2-30 \u2013 EN55014-1 \u2013 EN55014 \u20132 CE<\/p>\n<\/div>\n<h3><span style=\"color: #ffffff;\"><a style=\"color: #ffffff;\" href=\"\/web?page_id=22363\">S\u00e8che serviettes \u00e9lectriques pour salle de bain<\/a><\/span><\/h3>\n<\/div>\n<\/div>\n<\/div>\n<\/div>\n<\/div>\n<\/div>\n","protected":false},"excerpt":{"rendered":"<p>S\u00c8CHE-SERVIETTE \u00c9LECTRIQUE<\/p>\n<p>Un rectangle en r\u00e9sine pour un <a href=\"https:\/\/www.homwarm.eu\/web\"><strong>porte-serviettes chauffant \u00e9lectrique<\/strong><\/a>, un objet technologique et de design \u00e0 installer au mur.<\/p>\n","protected":false},"featured_media":20773,"template":"","meta":[],"product_brand":[],"product_cat":[202],"product_tag":[222,223,273,274,275,279,284,285],"class_list":{"0":"post-24316","1":"product","2":"type-product","3":"status-publish","4":"has-post-thumbnail","6":"product_cat-seche-serviettes-electriques-en-ceramique-hom","7":"product_tag-seche-serviettes-electrique","8":"product_tag-radiateur-seche-serviettes-electrique","9":"product_tag-offers-2-fr","10":"product_tag-review-2-fr","11":"product_tag-aggregaterating-2-fr","12":"product_tag-scaldasalviette-fr","13":"product_tag-scaldasalviette-di-design-fr","14":"product_tag-scaldasalviette-elettrico-fr","16":"first","17":"instock","18":"shipping-taxable","19":"product-type-simple"},"_links":{"self":[{"href":"https:\/\/www.homwarm.eu\/web\/fr\/wp-json\/wp\/v2\/product\/24316","targetHints":{"allow":["GET"]}}],"collection":[{"href":"https:\/\/www.homwarm.eu\/web\/fr\/wp-json\/wp\/v2\/product"}],"about":[{"href":"https:\/\/www.homwarm.eu\/web\/fr\/wp-json\/wp\/v2\/types\/product"}],"wp:featuredmedia":[{"embeddable":true,"href":"https:\/\/www.homwarm.eu\/web\/fr\/wp-json\/wp\/v2\/media\/20773"}],"wp:attachment":[{"href":"https:\/\/www.homwarm.eu\/web\/fr\/wp-json\/wp\/v2\/media?parent=24316"}],"wp:term":[{"taxonomy":"product_brand","embeddable":true,"href":"https:\/\/www.homwarm.eu\/web\/fr\/wp-json\/wp\/v2\/product_brand?post=24316"},{"taxonomy":"product_cat","embeddable":true,"href":"https:\/\/www.homwarm.eu\/web\/fr\/wp-json\/wp\/v2\/product_cat?post=24316"},{"taxonomy":"product_tag","embeddable":true,"href":"https:\/\/www.homwarm.eu\/web\/fr\/wp-json\/wp\/v2\/product_tag?post=24316"}],"curies":[{"name":"wp","href":"https:\/\/api.w.org\/{rel}","templated":true}]}}