{"id":24314,"date":"2020-01-14T12:18:04","date_gmt":"2020-01-14T11:18:04","guid":{"rendered":"https:\/\/www.homwarm.eu\/web\/products\/elysir-d\/"},"modified":"2024-04-10T17:01:31","modified_gmt":"2024-04-10T15:01:31","slug":"radiateurs-seche-serviettes-electriques-2","status":"publish","type":"product","link":"https:\/\/www.homwarm.eu\/web\/fr\/products\/radiateurs-seche-serviettes-electriques-2\/","title":{"rendered":"ELYSIR D"},"content":{"rendered":"<p><strong>ELYSIR D<\/strong><\/p>\n<p>S\u00c8CHE-SERVIETTE \u00c9LECTRIQUE<\/p>\n<div id=\"imCell_51\" class=\"\" data-responsive-sequence-number=\"2\">\n<div id=\"imTextObject_71_51\">\n<div id=\"imTextObject_71_51_tab0\" class=\"text-tab-content grid-prop current-tab \" data-index=\"0\">\n<div class=\"text-inner\">\n<div>Radiateurs s\u00e8che serviettes \u00e9lectriques recouvert de r\u00e9sine mat\u00e9rielle<\/div>\n<div><span class=\"fs11lh1-5 cf1\">\u00a0<\/span><\/div>\n<div><strong>ELYSIR D<\/strong> contient en un seul produit un s\u00e8che-serviettes \u00e9lectrique et un radiateur chauffant, puissance 300 watts. <a href=\"https:\/\/www.homwarm.eu\/web\">La technologie HOM<\/a> exploite la fonctionnalit\u00e9 de la c\u00e9ramique et de la r\u00e9sine comme finition pour donner un effet de mat\u00e9riau naturel au produit. Porte-serviettes en acier ray\u00e9.<\/div>\n<\/div>\n<\/div>\n<\/div>\n<\/div>\n<div id=\"imCell_51\" class=\"\" data-responsive-sequence-number=\"2\">\n<div id=\"imTextObject_71_51\">\n<div id=\"imTextObject_71_51_tab0\" class=\"text-tab-content grid-prop current-tab \" data-index=\"0\">\n<div class=\"text-inner\">\n<div><b class=\"fs11lh1-5 cf1\">\u00a0<\/b><\/div>\n<div><span class=\"fs11lh1-5 cf1\"><b>Finition disponible:<br \/>\n<\/b><\/span><b>1) <\/b>R\u00e9sine textur\u00e9e brute opaque<br \/>\n<strong>2)<\/strong> R\u00e9sine d\u00e9cor\u00e9e<\/div>\n<div><\/div>\n<div><b>Mod\u00e8les:<br \/>\n<\/b><b>1)<\/b> Version avec interrupteur On \/Off et c\u00e2ble d&rsquo;alimentation et prise<br \/>\n<b>2)<\/b> Version avec interrupteur On \/Off et connexion murale directe<\/div>\n<div><\/div>\n<\/div>\n<\/div>\n<\/div>\n<\/div>\n<div id=\"imCell_18\" class=\"\" data-responsive-sequence-number=\"5\">\n<div id=\"imTableObject_71_18\">\n<div id=\"imTableObject_71_18_tab0\" class=\"text-tab-content grid-prop current-tab \" data-index=\"0\">\n<div class=\"text-inner\">\n<table style=\"height: 44px;\" width=\"1321\" data-minrequestedwidth=\"540\" data-computedwidth=\"540\">\n<tbody>\n<tr>\n<td class=\"imVc\">\n<div><span class=\"fs10lh1-5\">Base<\/span><\/div>\n<\/td>\n<td class=\"imVc\">\n<div class=\"imTACenter\">Hauteur<\/div>\n<\/td>\n<td class=\"imVc\">\n<div class=\"imTACenter\">Profondeur<\/div>\n<\/td>\n<td class=\"imVc\">\n<div class=\"imTACenter\">\n<div><span class=\"fs10lh1-5\">Puissance<\/span><\/div>\n<\/div>\n<\/td>\n<td class=\"imVc\">\n<div class=\"imTACenter\"><span class=\"fs10lh1-5\">Volt<\/span><\/div>\n<\/td>\n<td class=\"imVc\">\n<div class=\"imTACenter\">Poids Net<\/div>\n<\/td>\n<\/tr>\n<tr>\n<td class=\"imVc\">\n<div><span class=\"fs10lh1-5\">345mm<\/span><\/div>\n<\/td>\n<td class=\"imVc\">\n<div><span class=\"fs10lh1-5\">1260 mm<\/span><\/div>\n<\/td>\n<td class=\"imVc\">\n<div><span class=\"fs10lh1-5\">95 mm<\/span><\/div>\n<\/td>\n<td class=\"imVc\">\n<div><span class=\"fs10lh1-5\">300 Watt<\/span><\/div>\n<\/td>\n<td class=\"imVc\">\n<div><span class=\"fs10lh1-5\">220 \/ 240<\/span><\/div>\n<div><span class=\"fs10lh1-5\">110 \/ 120<\/span><\/div>\n<\/td>\n<td class=\"imVc\">\n<div><span class=\"fs10lh1-5\">18 Kg<\/span><\/div>\n<\/td>\n<\/tr>\n<\/tbody>\n<\/table>\n<\/div>\n<\/div>\n<\/div>\n<\/div>\n<div id=\"imCell_11\" class=\"\" data-responsive-sequence-number=\"6\">\n<div id=\"imCellStyleBorders_11\"><\/div>\n<div id=\"pluginAppObj_71_11\">\n<div id=\"pluginAppObj_71_11_container\">\n<div class=\"flex-container\">\n<div class=\"flex-item item-txt\"><\/div>\n<\/div>\n<\/div>\n<\/div>\n<\/div>\n<div id=\"imCell_10\" class=\"\" data-responsive-sequence-number=\"7\">\n<div id=\"pluginAppObj_71_10\">\n<div id=\"pluginAppObj_71_10_container\">\n<div class=\"flex-container\">\n<div class=\"flex-item item-txt\">\n<div class=\"div-txt\"><div class=\"fusion-button-wrapper\"><a class=\"fusion-button button-flat fusion-button-default-size button-default fusion-button-default button-1 fusion-button-default-span fusion-button-default-type\" target=\"_blank\" rel=\"noopener noreferrer\" href=\"https:\/\/www.homwarm.eu\/web\/wp-content\/uploads\/2020\/01\/Scheda-Tecnica-ELYSIR-D-HOM-2019-1-1.pdf\"><span class=\"fusion-button-text awb-button__text awb-button__text--default\">Fiche technique<\/span><\/a><\/div> <div class=\"fusion-button-wrapper\"><a class=\"fusion-button button-flat fusion-button-default-size button-default fusion-button-default button-2 fusion-button-default-span fusion-button-default-type\" target=\"_blank\" rel=\"noopener noreferrer\" href=\"https:\/\/www.homwarm.eu\/web\/wp-content\/uploads\/2021\/04\/elysir-H-D-FR-ES-MANUALE-TECNICO-OPUSCOLO.pdf\"><span class=\"fusion-button-text awb-button__text awb-button__text--default\">Instructions de montage<\/span><\/a><\/div><\/div>\n<div>\n<div>\n<div><\/div>\n<\/div>\n<div><strong>Couleurs disponibles<\/strong> r\u00e9sine textur\u00e9e brute opaque<\/div>\n<div>\n<p><img data-opt-id=1929170066  fetchpriority=\"high\" decoding=\"async\" class=\"size-full wp-image-26617\" src=\"https:\/\/mlilev7bln6g.i.optimole.com\/cb:gVOz.8a9\/w:auto\/h:auto\/q:mauto\/f:best\/https:\/\/www.homwarm.eu\/web\/wp-content\/uploads\/2020\/01\/Couleurs-resine-texturee-mate-hom-seche-serviettes-electrique-et-radiateurs.jpg\" alt=\"Couleurs r\u00e9sine textur\u00e9e mate hom s\u00e8che-serviettes \u00e9lectrique et radiateurs\" width=\"304\" height=\"500\" title=\"\" srcset=\"https:\/\/mlilev7bln6g.i.optimole.com\/cb:gVOz.8a9\/w:182\/h:300\/q:mauto\/f:best\/https:\/\/www.homwarm.eu\/web\/wp-content\/uploads\/2020\/01\/Couleurs-resine-texturee-mate-hom-seche-serviettes-electrique-et-radiateurs.jpg 182w, https:\/\/mlilev7bln6g.i.optimole.com\/cb:gVOz.8a9\/w:200\/h:329\/q:mauto\/f:best\/https:\/\/www.homwarm.eu\/web\/wp-content\/uploads\/2020\/01\/Couleurs-resine-texturee-mate-hom-seche-serviettes-electrique-et-radiateurs.jpg 200w, https:\/\/mlilev7bln6g.i.optimole.com\/cb:gVOz.8a9\/w:304\/h:500\/q:mauto\/f:best\/https:\/\/www.homwarm.eu\/web\/wp-content\/uploads\/2020\/01\/Couleurs-resine-texturee-mate-hom-seche-serviettes-electrique-et-radiateurs.jpg 304w\" sizes=\"(max-width: 304px) 100vw, 304px\" \/><\/p>\n<p><strong>Couleurs disponibles<\/strong> r\u00e9sine textur\u00e9e avec d\u00e9cor:<br \/>\n<img data-opt-id=22016709  fetchpriority=\"high\" decoding=\"async\" class=\"size-full wp-image-26645\" src=\"https:\/\/mlilev7bln6g.i.optimole.com\/cb:gVOz.8a9\/w:auto\/h:auto\/q:mauto\/f:best\/https:\/\/www.homwarm.eu\/web\/wp-content\/uploads\/2020\/01\/seche-serviettes-electrique-et-radiateurs-color-resin-with-decoration.jpg\" alt=\"s\u00e8che-serviettes \u00e9lectrique et radiateurs color resin with decoration\" width=\"304\" height=\"124\" title=\"\" srcset=\"https:\/\/mlilev7bln6g.i.optimole.com\/cb:gVOz.8a9\/w:200\/h:82\/q:mauto\/f:best\/https:\/\/www.homwarm.eu\/web\/wp-content\/uploads\/2020\/01\/seche-serviettes-electrique-et-radiateurs-color-resin-with-decoration.jpg 200w, https:\/\/mlilev7bln6g.i.optimole.com\/cb:gVOz.8a9\/w:300\/h:122\/q:mauto\/f:best\/https:\/\/www.homwarm.eu\/web\/wp-content\/uploads\/2020\/01\/seche-serviettes-electrique-et-radiateurs-color-resin-with-decoration.jpg 300w, https:\/\/mlilev7bln6g.i.optimole.com\/cb:gVOz.8a9\/w:304\/h:124\/q:mauto\/f:best\/https:\/\/www.homwarm.eu\/web\/wp-content\/uploads\/2020\/01\/seche-serviettes-electrique-et-radiateurs-color-resin-with-decoration.jpg 304w\" sizes=\"(max-width: 304px) 100vw, 304px\" \/><\/p>\n<\/div>\n<div>\n<p><strong>Notes techniques et certifications:<br \/>\n<\/strong>CLASSE D&rsquo;ISOLATION CL.I CL. II \u2013 DEGR\u00c9 DE PROTECTION IP 24 \u2013 NORMES EN60335-1 \u2013 EN60335-2-30 \u2013 EN55014-1 \u2013 EN55014 \u20132 CE<\/p>\n<\/div>\n<\/div>\n<\/div>\n<\/div>\n<\/div>\n<\/div>\n<\/div>\n","protected":false},"excerpt":{"rendered":"<h3><a href=\"https:\/\/www.homwarm.eu\/web\">S\u00c8CHE-SERVIETTE \u00c9LECTRIQUE<\/a><\/h3>\n<div id=\"imCell_51\" class=\"\" data-responsive-sequence-number=\"2\">\n<div id=\"imTextObject_71_51\">\n<div id=\"imTextObject_71_51_tab0\" class=\"text-tab-content grid-prop current-tab \" data-index=\"0\">\n<div class=\"text-inner\">\n<div>L\u2019effet mat\u00e9riel de la r\u00e9sine pour capturer les nuances de couleur.<\/div>\n<\/div>\n<\/div>\n<\/div>\n<\/div>\n","protected":false},"featured_media":20784,"template":"","meta":[],"product_brand":[],"product_cat":[202],"product_tag":[222,223,273,274,275,279,284,285],"class_list":{"0":"post-24314","1":"product","2":"type-product","3":"status-publish","4":"has-post-thumbnail","6":"product_cat-seche-serviettes-electriques-en-ceramique-hom","7":"product_tag-seche-serviettes-electrique","8":"product_tag-radiateur-seche-serviettes-electrique","9":"product_tag-offers-2-fr","10":"product_tag-review-2-fr","11":"product_tag-aggregaterating-2-fr","12":"product_tag-scaldasalviette-fr","13":"product_tag-scaldasalviette-di-design-fr","14":"product_tag-scaldasalviette-elettrico-fr","16":"first","17":"instock","18":"shipping-taxable","19":"product-type-simple"},"_links":{"self":[{"href":"https:\/\/www.homwarm.eu\/web\/fr\/wp-json\/wp\/v2\/product\/24314","targetHints":{"allow":["GET"]}}],"collection":[{"href":"https:\/\/www.homwarm.eu\/web\/fr\/wp-json\/wp\/v2\/product"}],"about":[{"href":"https:\/\/www.homwarm.eu\/web\/fr\/wp-json\/wp\/v2\/types\/product"}],"wp:featuredmedia":[{"embeddable":true,"href":"https:\/\/www.homwarm.eu\/web\/fr\/wp-json\/wp\/v2\/media\/20784"}],"wp:attachment":[{"href":"https:\/\/www.homwarm.eu\/web\/fr\/wp-json\/wp\/v2\/media?parent=24314"}],"wp:term":[{"taxonomy":"product_brand","embeddable":true,"href":"https:\/\/www.homwarm.eu\/web\/fr\/wp-json\/wp\/v2\/product_brand?post=24314"},{"taxonomy":"product_cat","embeddable":true,"href":"https:\/\/www.homwarm.eu\/web\/fr\/wp-json\/wp\/v2\/product_cat?post=24314"},{"taxonomy":"product_tag","embeddable":true,"href":"https:\/\/www.homwarm.eu\/web\/fr\/wp-json\/wp\/v2\/product_tag?post=24314"}],"curies":[{"name":"wp","href":"https:\/\/api.w.org\/{rel}","templated":true}]}}