{"id":24310,"date":"2020-01-14T12:11:36","date_gmt":"2020-01-14T11:11:36","guid":{"rendered":"https:\/\/www.homwarm.eu\/web\/products\/cuzco\/"},"modified":"2024-04-11T15:43:54","modified_gmt":"2024-04-11T13:43:54","slug":"seche-serviette-electrique-cuzco","status":"publish","type":"product","link":"https:\/\/www.homwarm.eu\/web\/fr\/products\/seche-serviette-electrique-cuzco\/","title":{"rendered":"CUZCO"},"content":{"rendered":"<p><strong>CUZCO<br \/>\n<\/strong><a href=\"https:\/\/www.homwarm.eu\/web\">S\u00c8CHE-SERVIETTE \u00c9LECTRIQUE<\/a><br \/>\nUn cercle en c\u00e9ramique chaud<\/p>\n<p><b>CUZCO<\/b> est un s\u00e8che-serviettes \u00e9lectrique <strong>HOM<\/strong> caract\u00e9ris\u00e9 par un design \u00e9l\u00e9gant \u00e0 placer \u00e0 c\u00f4t\u00e9 de l\u2019\u00e9vier ou de la douche.<br \/>\nEn c\u00e9ramique fritt\u00e9e de forme ronde et color\u00e9e, en trois finitions diff\u00e9rentes.<\/p>\n<p><strong><span class=\"fs11lh1-5\">Finitions disponibles:<br \/>\n<\/span><\/strong><span class=\"cf2\"><b>1)<\/b> Peint brillant \u00e9maill\u00e9<\/span><span class=\"cf2\"><br \/>\n<\/span><span class=\"cf2\"><b>2) <\/b>Peint mate<\/span><span class=\"cf2\"><br \/>\n<\/span><span class=\"cf2\"><b>3)<\/b> R\u00e9sine textur\u00e9e brute opaque<br \/>\n<b>4)<\/b> R<span class=\"VIiyi\" lang=\"fr\"><span class=\"JLqJ4b ChMk0b\" data-language-for-alternatives=\"fr\" data-language-to-translate-into=\"en\" data-phrase-index=\"0\">\u00e9sine d\u00e9cor\u00e9e<\/span><\/span> <\/span><\/p>\n<p><b><span class=\"fs11lh1-5 cf2\">Mod\u00e8les:<br \/>\n<\/span><\/b><b><span class=\"cf2\">1)<\/span><\/b> Version avec interrupteur On \/Off et c\u00e2ble d&rsquo;alimentation et prise<span class=\"cf3\"><br \/>\n<\/span><b><span class=\"cf2\">2)<\/span><\/b> Version avec interrupteur On \/Off et connexion murale directe<span class=\"cf3\"><br \/>\n<\/span><\/p>\n<div id=\"imCell_18\" class=\"\" data-responsive-sequence-number=\"5\">\n<div id=\"imTableObject_58_18\">\n<div id=\"imTableObject_58_18_tab0\" class=\"text-tab-content grid-prop current-tab \" data-index=\"0\">\n<div class=\"text-inner\">\n<table style=\"height: 76px;\" width=\"1366\" data-minrequestedwidth=\"541\" data-computedwidth=\"541\">\n<tbody>\n<tr>\n<td class=\"imVc\">\n<div><span class=\"fs10lh1-5\">Diam\u00e8tre Base<\/span><\/div>\n<\/td>\n<td class=\"imVc\">\n<div class=\"imTACenter\">Diam\u00e8tre ext\u00e9rieur<\/div>\n<\/td>\n<td class=\"imVc\">\n<div class=\"imTACenter\">Profondeur<\/div>\n<\/td>\n<td class=\"imVc\">\n<div class=\"imTACenter\">Puissance<\/div>\n<\/td>\n<td class=\"imVc\">\n<div class=\"imTACenter\"><span class=\"fs10lh1-5\">Volt<\/span><\/div>\n<\/td>\n<td class=\"imVc\">\n<div class=\"imTACenter\">Poids Net<\/div>\n<\/td>\n<\/tr>\n<tr>\n<td class=\"imVc\">\n<div><span class=\"fs10lh1-5\">240 mm<\/span><\/div>\n<\/td>\n<td class=\"imVc\">\n<div><span class=\"fs10lh1-5\">295 mm<\/span><\/div>\n<\/td>\n<td class=\"imVc\">\n<div><span class=\"fs10lh1-5\">65 mm<\/span><\/div>\n<\/td>\n<td class=\"imVc\">\n<div><span class=\"fs10lh1-5\">70 Watt<\/span><\/div>\n<\/td>\n<td class=\"imVc\">\n<div><span class=\"fs10lh1-5\">220 \/ 240<\/span><\/div>\n<div><span class=\"fs10lh1-5\">110 \/ 120<\/span><\/div>\n<\/td>\n<td class=\"imVc\">\n<div><span class=\"fs10lh1-5\">3 Kg<\/span><\/div>\n<\/td>\n<\/tr>\n<\/tbody>\n<\/table>\n<\/div>\n<\/div>\n<\/div>\n<\/div>\n<div id=\"imCell_11\" class=\"\" data-responsive-sequence-number=\"6\">\n<div id=\"imCellStyleGraphics_11\"><\/div>\n<div id=\"imCellStyleBorders_11\"><\/div>\n<\/div>\n<div id=\"imCell_10\" class=\"\" data-responsive-sequence-number=\"7\">\n<div id=\"imCellStyleBorders_10\">\n<p><div class=\"fusion-button-wrapper\"><a class=\"fusion-button button-flat fusion-button-default-size button-default fusion-button-default button-1 fusion-button-default-span fusion-button-default-type\" target=\"_blank\" rel=\"noopener noreferrer\" href=\"https:\/\/www.homwarm.eu\/web\/wp-content\/uploads\/2020\/01\/Scheda-Tecnica-CUZCO-Hom-ITA.pdf\"><span class=\"fusion-button-text awb-button__text awb-button__text--default\">Fiche technique<\/span><\/a><\/div> <div class=\"fusion-button-wrapper\"><a class=\"fusion-button button-flat fusion-button-default-size button-default fusion-button-default button-2 fusion-button-default-span fusion-button-default-type\" target=\"_blank\" rel=\"noopener noreferrer\" href=\"https:\/\/www.homwarm.eu\/web\/wp-content\/uploads\/2020\/01\/cuzco-nazca-FR-ES-MANUALE_TECNICO_OPUSCOLO.pdf\"><span class=\"fusion-button-text awb-button__text awb-button__text--default\">Instructions de montage<\/span><\/a><\/div><\/p>\n<p><strong>Couleurs disponibles<\/strong> finition peinture brillante<br \/>\n<img data-opt-id=143576286  fetchpriority=\"high\" decoding=\"async\" class=\"size-full wp-image-26638\" src=\"https:\/\/mlilev7bln6g.i.optimole.com\/cb:gVOz.8a9\/w:auto\/h:auto\/q:mauto\/f:best\/https:\/\/www.homwarm.eu\/web\/wp-content\/uploads\/2020\/01\/seche-serviettes-electrique-et-radiateurs-couleurs-ceramiques-finition-peinture-brillante.jpg\" alt=\"s\u00e8che-serviettes \u00e9lectrique et radiateurs couleurs c\u00e9ramiques finition peinture brillante\" width=\"304\" height=\"197\" title=\"\" srcset=\"https:\/\/mlilev7bln6g.i.optimole.com\/cb:gVOz.8a9\/w:200\/h:130\/q:mauto\/f:best\/https:\/\/www.homwarm.eu\/web\/wp-content\/uploads\/2020\/01\/seche-serviettes-electrique-et-radiateurs-couleurs-ceramiques-finition-peinture-brillante.jpg 200w, https:\/\/mlilev7bln6g.i.optimole.com\/cb:gVOz.8a9\/w:300\/h:194\/q:mauto\/f:best\/https:\/\/www.homwarm.eu\/web\/wp-content\/uploads\/2020\/01\/seche-serviettes-electrique-et-radiateurs-couleurs-ceramiques-finition-peinture-brillante.jpg 300w, https:\/\/mlilev7bln6g.i.optimole.com\/cb:gVOz.8a9\/w:304\/h:197\/q:mauto\/f:best\/https:\/\/www.homwarm.eu\/web\/wp-content\/uploads\/2020\/01\/seche-serviettes-electrique-et-radiateurs-couleurs-ceramiques-finition-peinture-brillante.jpg 304w\" sizes=\"(max-width: 304px) 100vw, 304px\" \/><\/p>\n<p><span class=\"cf1\"><span class=\"fs11lh1-5\"><strong>Couleurs disponibles<\/strong> finition peinture mat<\/span><\/span><\/p>\n<p><span class=\"cf1\"><span class=\"fs11lh1-5\"><img data-opt-id=1813252894  fetchpriority=\"high\" decoding=\"async\" class=\"alignnone size-full wp-image-33539\" src=\"https:\/\/mlilev7bln6g.i.optimole.com\/cb:gVOz.8a9\/w:auto\/h:auto\/q:mauto\/f:best\/https:\/\/www.homwarm.eu\/web\/wp-content\/uploads\/2020\/01\/Couleurs-disponibles-finition-peinture-mat-hom-seche-serviettes-electrique-et-radiateurs1.jpg\" alt=\"\" width=\"304\" height=\"249\" title=\"\" srcset=\"https:\/\/mlilev7bln6g.i.optimole.com\/cb:gVOz.8a9\/w:200\/h:164\/q:mauto\/f:best\/https:\/\/www.homwarm.eu\/web\/wp-content\/uploads\/2020\/01\/Couleurs-disponibles-finition-peinture-mat-hom-seche-serviettes-electrique-et-radiateurs1.jpg 200w, https:\/\/mlilev7bln6g.i.optimole.com\/cb:gVOz.8a9\/w:300\/h:246\/q:mauto\/f:best\/https:\/\/www.homwarm.eu\/web\/wp-content\/uploads\/2020\/01\/Couleurs-disponibles-finition-peinture-mat-hom-seche-serviettes-electrique-et-radiateurs1.jpg 300w, https:\/\/mlilev7bln6g.i.optimole.com\/cb:gVOz.8a9\/w:304\/h:249\/q:mauto\/f:best\/https:\/\/www.homwarm.eu\/web\/wp-content\/uploads\/2020\/01\/Couleurs-disponibles-finition-peinture-mat-hom-seche-serviettes-electrique-et-radiateurs1.jpg 304w\" sizes=\"(max-width: 304px) 100vw, 304px\" \/><\/span><\/span><\/p>\n<p><strong>Couleurs disponibles<\/strong> r\u00e9sine textur\u00e9e brute opaque<br \/>\n<img data-opt-id=1929170066  data-opt-src=\"https:\/\/mlilev7bln6g.i.optimole.com\/cb:gVOz.8a9\/w:auto\/h:auto\/q:mauto\/f:best\/https:\/\/www.homwarm.eu\/web\/wp-content\/uploads\/2020\/01\/Couleurs-resine-texturee-mate-hom-seche-serviettes-electrique-et-radiateurs.jpg\"  decoding=\"async\" class=\"size-full wp-image-26617\" src=\"data:image/svg+xml,%3Csvg%20viewBox%3D%220%200%20100%%20100%%22%20width%3D%22100%%22%20height%3D%22100%%22%20xmlns%3D%22http%3A%2F%2Fwww.w3.org%2F2000%2Fsvg%22%3E%3Crect%20width%3D%22100%%22%20height%3D%22100%%22%20fill%3D%22transparent%22%2F%3E%3C%2Fsvg%3E\" alt=\"Couleurs r\u00e9sine textur\u00e9e mate hom s\u00e8che-serviettes \u00e9lectrique et radiateurs\" width=\"304\" height=\"500\" title=\"\" old-srcset=\"https:\/\/mlilev7bln6g.i.optimole.com\/cb:gVOz.8a9\/w:182\/h:300\/q:mauto\/f:best\/https:\/\/www.homwarm.eu\/web\/wp-content\/uploads\/2020\/01\/Couleurs-resine-texturee-mate-hom-seche-serviettes-electrique-et-radiateurs.jpg 182w, https:\/\/mlilev7bln6g.i.optimole.com\/cb:gVOz.8a9\/w:200\/h:329\/q:mauto\/f:best\/https:\/\/www.homwarm.eu\/web\/wp-content\/uploads\/2020\/01\/Couleurs-resine-texturee-mate-hom-seche-serviettes-electrique-et-radiateurs.jpg 200w, https:\/\/mlilev7bln6g.i.optimole.com\/cb:gVOz.8a9\/w:304\/h:500\/q:mauto\/f:best\/https:\/\/www.homwarm.eu\/web\/wp-content\/uploads\/2020\/01\/Couleurs-resine-texturee-mate-hom-seche-serviettes-electrique-et-radiateurs.jpg 304w\" \/><\/p>\n<p><strong>Couleurs disponibles<\/strong> r\u00e9sine textur\u00e9e avec d\u00e9cor:<br \/>\n<img data-opt-id=22016709  data-opt-src=\"https:\/\/mlilev7bln6g.i.optimole.com\/cb:gVOz.8a9\/w:auto\/h:auto\/q:mauto\/f:best\/https:\/\/www.homwarm.eu\/web\/wp-content\/uploads\/2020\/01\/seche-serviettes-electrique-et-radiateurs-color-resin-with-decoration.jpg\"  decoding=\"async\" class=\"size-full wp-image-26645\" src=\"data:image/svg+xml,%3Csvg%20viewBox%3D%220%200%20100%%20100%%22%20width%3D%22100%%22%20height%3D%22100%%22%20xmlns%3D%22http%3A%2F%2Fwww.w3.org%2F2000%2Fsvg%22%3E%3Crect%20width%3D%22100%%22%20height%3D%22100%%22%20fill%3D%22transparent%22%2F%3E%3C%2Fsvg%3E\" alt=\"s\u00e8che-serviettes \u00e9lectrique et radiateurs color resin with decoration\" width=\"304\" height=\"124\" title=\"\" old-srcset=\"https:\/\/mlilev7bln6g.i.optimole.com\/cb:gVOz.8a9\/w:200\/h:82\/q:mauto\/f:best\/https:\/\/www.homwarm.eu\/web\/wp-content\/uploads\/2020\/01\/seche-serviettes-electrique-et-radiateurs-color-resin-with-decoration.jpg 200w, https:\/\/mlilev7bln6g.i.optimole.com\/cb:gVOz.8a9\/w:300\/h:122\/q:mauto\/f:best\/https:\/\/www.homwarm.eu\/web\/wp-content\/uploads\/2020\/01\/seche-serviettes-electrique-et-radiateurs-color-resin-with-decoration.jpg 300w, https:\/\/mlilev7bln6g.i.optimole.com\/cb:gVOz.8a9\/w:304\/h:124\/q:mauto\/f:best\/https:\/\/www.homwarm.eu\/web\/wp-content\/uploads\/2020\/01\/seche-serviettes-electrique-et-radiateurs-color-resin-with-decoration.jpg 304w\" \/><\/p>\n<div><strong>Notes techniques et certifications:<br \/>\n<\/strong>CLASSE D&rsquo;ISOLATION CL.I CL. II \u2013 DEGR\u00c9 DE PROTECTION IP 24 \u2013 NORMES EN60335-1 \u2013 EN60335-2-43 \u2013 EN55014-1 \u2013 EN55014 \u2013 2 CE<\/div>\n<\/div>\n<\/div>\n","protected":false},"excerpt":{"rendered":"<h4><a href=\"https:\/\/www.homwarm.eu\/web\">S\u00c8CHE-SERVIETTE \u00c9LECTRIQUE<\/a><\/h4>\n<p>Un cercle en c\u00e9ramique chaude \u00e0 installer sur le mur pour garder vos serviettes s\u00e8ches toute l\u2019ann\u00e9e.<\/p>\n","protected":false},"featured_media":20742,"template":"","meta":[],"product_brand":[],"product_cat":[202],"product_tag":[222,223,231,273,274,279,284,285],"class_list":{"0":"post-24310","1":"product","2":"type-product","3":"status-publish","4":"has-post-thumbnail","6":"product_cat-seche-serviettes-electriques-en-ceramique-hom","7":"product_tag-seche-serviettes-electrique","8":"product_tag-radiateur-seche-serviettes-electrique","9":"product_tag-aggregaterating-2","10":"product_tag-offers-2-fr","11":"product_tag-review-2-fr","12":"product_tag-scaldasalviette-fr","13":"product_tag-scaldasalviette-di-design-fr","14":"product_tag-scaldasalviette-elettrico-fr","16":"first","17":"instock","18":"shipping-taxable","19":"product-type-simple"},"_links":{"self":[{"href":"https:\/\/www.homwarm.eu\/web\/fr\/wp-json\/wp\/v2\/product\/24310","targetHints":{"allow":["GET"]}}],"collection":[{"href":"https:\/\/www.homwarm.eu\/web\/fr\/wp-json\/wp\/v2\/product"}],"about":[{"href":"https:\/\/www.homwarm.eu\/web\/fr\/wp-json\/wp\/v2\/types\/product"}],"wp:featuredmedia":[{"embeddable":true,"href":"https:\/\/www.homwarm.eu\/web\/fr\/wp-json\/wp\/v2\/media\/20742"}],"wp:attachment":[{"href":"https:\/\/www.homwarm.eu\/web\/fr\/wp-json\/wp\/v2\/media?parent=24310"}],"wp:term":[{"taxonomy":"product_brand","embeddable":true,"href":"https:\/\/www.homwarm.eu\/web\/fr\/wp-json\/wp\/v2\/product_brand?post=24310"},{"taxonomy":"product_cat","embeddable":true,"href":"https:\/\/www.homwarm.eu\/web\/fr\/wp-json\/wp\/v2\/product_cat?post=24310"},{"taxonomy":"product_tag","embeddable":true,"href":"https:\/\/www.homwarm.eu\/web\/fr\/wp-json\/wp\/v2\/product_tag?post=24310"}],"curies":[{"name":"wp","href":"https:\/\/api.w.org\/{rel}","templated":true}]}}