{"id":33828,"date":"2021-05-11T10:16:54","date_gmt":"2021-05-11T08:16:54","guid":{"rendered":"https:\/\/www.homwarm.eu\/web\/galleria-immagini\/"},"modified":"2024-05-07T11:07:51","modified_gmt":"2024-05-07T09:07:51","slug":"galerie-dimages-radiateurs-seche-serviettes-hom-chauffage-design-interieur","status":"publish","type":"page","link":"https:\/\/www.homwarm.eu\/web\/fr\/galerie-dimages-radiateurs-seche-serviettes-hom-chauffage-design-interieur\/","title":{"rendered":"Galerie d&rsquo;images"},"content":{"rendered":"<div class=\"fusion-fullwidth fullwidth-box fusion-builder-row-1 fusion-flex-container nonhundred-percent-fullwidth non-hundred-percent-height-scrolling\" style=\"--awb-border-radius-top-left:0px;--awb-border-radius-top-right:0px;--awb-border-radius-bottom-right:0px;--awb-border-radius-bottom-left:0px;--awb-flex-wrap:wrap;\" ><div class=\"fusion-builder-row fusion-row fusion-flex-align-items-flex-start fusion-flex-content-wrap\" style=\"max-width:1216.8px;margin-left: calc(-4% \/ 2 );margin-right: calc(-4% \/ 2 );\"><div class=\"fusion-layout-column fusion_builder_column fusion-builder-column-0 fusion_builder_column_1_1 1_1 fusion-flex-column\" style=\"--awb-bg-size:cover;--awb-width-large:100%;--awb-margin-top-large:15px;--awb-spacing-right-large:1.92%;--awb-margin-bottom-large:15px;--awb-spacing-left-large:1.92%;--awb-width-medium:100%;--awb-order-medium:0;--awb-spacing-right-medium:1.92%;--awb-spacing-left-medium:1.92%;--awb-width-small:100%;--awb-order-small:0;--awb-spacing-right-small:1.92%;--awb-spacing-left-small:1.92%;\"><div class=\"fusion-column-wrapper fusion-column-has-shadow fusion-flex-justify-content-flex-start fusion-content-layout-column\"><div class=\"fusion-blog-shortcode fusion-blog-shortcode-1 fusion-blog-archive fusion-blog-layout-grid-wrapper fusion-blog-pagination\"><style type=\"text\/css\">.fusion-blog-shortcode-1 .fusion-blog-layout-grid .fusion-post-grid{padding:20px;}.fusion-blog-shortcode-1 .fusion-posts-container{margin-left: -20px !important; margin-right:-20px !important;}<\/style><div class=\"fusion-posts-container fusion-posts-container-pagination fusion-no-meta-info fusion-blog-rollover fusion-blog-layout-grid fusion-blog-layout-grid-2 isotope\" data-pages=\"1\" data-grid-col-space=\"40\" style=\"margin: -20px -20px 0;min-height:500px;\"><article id=\"blog-1-post-33039\" class=\"fusion-post-grid post-33039 post type-post status-publish format-gallery has-post-thumbnail hentry category-blog-fr category-galleria-immagini-radiatori-elettrici-scaldasalviette-en-fr post_format-post-format-gallery\">\n<div class=\"fusion-post-wrapper\" style=\"background-color:rgba(255,255,255,0);border:1px solid #eaeaea;border-bottom-width:3px;\">\n\n\t\t\t<div class=\"fusion-flexslider flexslider fusion-flexslider-loading fusion-post-slideshow\" style=\"border-color:#eaeaea;\">\n\t\t<ul class=\"slides\">\n\t\t\t\n\t\t\t\t\t\t\t\t\t\t\t\t\t\t<li><div  class=\"fusion-image-wrapper\" aria-haspopup=\"true\">\n\t\t\t\t<img data-opt-id=551828379  fetchpriority=\"high\" decoding=\"async\" width=\"840\" height=\"1019\" src=\"https:\/\/mlilev7bln6g.i.optimole.com\/cb:gVOz.8a9\/w:auto\/h:auto\/q:mauto\/f:best\/https:\/\/www.homwarm.eu\/web\/wp-content\/uploads\/2024\/03\/mirella-e-mario.jpg\" class=\"attachment-full size-full wp-post-image\" alt=\"Mirella e Mario, come pionieri nella creazione della linea HOM termoarredi\" srcset=\"https:\/\/mlilev7bln6g.i.optimole.com\/cb:gVOz.8a9\/w:200\/h:243\/q:mauto\/f:best\/https:\/\/www.homwarm.eu\/web\/wp-content\/uploads\/2024\/03\/mirella-e-mario.jpg 200w, https:\/\/mlilev7bln6g.i.optimole.com\/cb:gVOz.8a9\/w:400\/h:485\/q:mauto\/f:best\/https:\/\/www.homwarm.eu\/web\/wp-content\/uploads\/2024\/03\/mirella-e-mario.jpg 400w, https:\/\/mlilev7bln6g.i.optimole.com\/cb:gVOz.8a9\/w:600\/h:728\/q:mauto\/f:best\/https:\/\/www.homwarm.eu\/web\/wp-content\/uploads\/2024\/03\/mirella-e-mario.jpg 600w, https:\/\/mlilev7bln6g.i.optimole.com\/cb:gVOz.8a9\/w:800\/h:970\/q:mauto\/f:best\/https:\/\/www.homwarm.eu\/web\/wp-content\/uploads\/2024\/03\/mirella-e-mario.jpg 800w, https:\/\/mlilev7bln6g.i.optimole.com\/cb:gVOz.8a9\/w:840\/h:1019\/q:mauto\/f:best\/https:\/\/www.homwarm.eu\/web\/wp-content\/uploads\/2024\/03\/mirella-e-mario.jpg 840w\" sizes=\"(min-width: 2200px) 100vw, (min-width: 732px) 565px, (min-width: 640px) 732px, \" title=\"\"><div class=\"fusion-rollover\">\n\t<div class=\"fusion-rollover-content\">\n\n\t\t\t\t\t\t\t\t\t\t\t\t\t\t<a class=\"fusion-rollover-link\" href=\"https:\/\/www.homwarm.eu\/web\/fr\/hom2024-10-ans-de-passion-et-de-croissance-sur-le-marche-italien-et-mondial-des-radiateurs-design\/\">HOM2024 | 10 ans de passion et de croissance sur le march\u00e9 italien et mondial des radiateurs design<\/a>\n\t\t\t\n\t\t\t\t\t\t\t\t\n\t\t\n\t\t\t\t\t\t\t\t\t\t\t\t<h4 class=\"fusion-rollover-title\">\n\t\t\t\t\t<a class=\"fusion-rollover-title-link\" href=\"https:\/\/www.homwarm.eu\/web\/fr\/hom2024-10-ans-de-passion-et-de-croissance-sur-le-marche-italien-et-mondial-des-radiateurs-design\/\">\n\t\t\t\t\t\tHOM2024 | 10 ans de passion et de croissance sur le march\u00e9 italien et mondial des radiateurs design\t\t\t\t\t<\/a>\n\t\t\t\t<\/h4>\n\t\t\t\n\t\t\t\t\t\t\t\t\n\t\t\n\t\t\t\t\t\t<a class=\"fusion-link-wrapper\" href=\"https:\/\/www.homwarm.eu\/web\/fr\/hom2024-10-ans-de-passion-et-de-croissance-sur-le-marche-italien-et-mondial-des-radiateurs-design\/\" aria-label=\"HOM2024 | 10 ans de passion et de croissance sur le march\u00e9 italien et mondial des radiateurs design\"><\/a>\n\t<\/div>\n<\/div>\n<\/div>\n<\/li>\n\t\t\t\n\t\t\t\n\t\t\t\t\t\t\t\t\t\t\t\t\t\t\t\t\t\t\t\t\t\t\t\t\t\t\t\t\t\t\t\t\t\t\t\t\t\t\t\t\t\t\t\t\t\t\t\t\t\t\t\t\t\t\t\t\t\t\t\t\t\t\t\t\t\t\t\t<\/ul>\n\t<\/div>\n\t<div class=\"fusion-post-content-wrapper\" style=\"padding:30px 25px 20px 25px;\"><div class=\"fusion-post-content post-content\"><h2 class=\"blog-shortcode-post-title\"><a href=\"https:\/\/www.homwarm.eu\/web\/fr\/hom2024-10-ans-de-passion-et-de-croissance-sur-le-marche-italien-et-mondial-des-radiateurs-design\/\">HOM2024 | 10 ans de passion et de croissance sur le march\u00e9 italien et mondial des radiateurs design<\/a><\/h2><\/div><\/div><div class=\"fusion-clearfix\"><\/div><\/div>\n<\/article>\n<article id=\"blog-1-post-28965\" class=\"fusion-post-grid post-28965 post type-post status-publish format-gallery has-post-thumbnail hentry category-blog-fr category-galleria-immagini-radiatori-elettrici-scaldasalviette-en-fr post_format-post-format-gallery\">\n<div class=\"fusion-post-wrapper\" style=\"background-color:rgba(255,255,255,0);border:1px solid #eaeaea;border-bottom-width:3px;\">\n\n\t\t\t<div class=\"fusion-flexslider flexslider fusion-flexslider-loading fusion-post-slideshow\" style=\"border-color:#eaeaea;\">\n\t\t<ul class=\"slides\">\n\t\t\t\n\t\t\t\t\t\t\t\t\t\t\t\t\t\t<li><div  class=\"fusion-image-wrapper\" aria-haspopup=\"true\">\n\t\t\t\t<img data-opt-id=1965470845  fetchpriority=\"high\" decoding=\"async\" width=\"610\" height=\"721\" src=\"https:\/\/mlilev7bln6g.i.optimole.com\/cb:gVOz.8a9\/w:auto\/h:auto\/q:mauto\/f:best\/https:\/\/www.homwarm.eu\/web\/wp-content\/uploads\/2022\/11\/matrix-i-matrix-fra-es-ok-radiator.jpg\" class=\"attachment-full size-full wp-post-image\" alt=\"HOM Chauffe-serviettes \u00e9lectrique, Radiateur \u00e9lectrique,\" srcset=\"https:\/\/mlilev7bln6g.i.optimole.com\/cb:gVOz.8a9\/w:200\/h:236\/q:mauto\/f:best\/https:\/\/www.homwarm.eu\/web\/wp-content\/uploads\/2022\/11\/matrix-i-matrix-fra-es-ok-radiator.jpg 200w, https:\/\/mlilev7bln6g.i.optimole.com\/cb:gVOz.8a9\/w:400\/h:473\/q:mauto\/f:best\/https:\/\/www.homwarm.eu\/web\/wp-content\/uploads\/2022\/11\/matrix-i-matrix-fra-es-ok-radiator.jpg 400w, https:\/\/mlilev7bln6g.i.optimole.com\/cb:gVOz.8a9\/w:600\/h:709\/q:mauto\/f:best\/https:\/\/www.homwarm.eu\/web\/wp-content\/uploads\/2022\/11\/matrix-i-matrix-fra-es-ok-radiator.jpg 600w, https:\/\/mlilev7bln6g.i.optimole.com\/cb:gVOz.8a9\/w:610\/h:721\/q:mauto\/f:best\/https:\/\/www.homwarm.eu\/web\/wp-content\/uploads\/2022\/11\/matrix-i-matrix-fra-es-ok-radiator.jpg 610w\" sizes=\"(min-width: 2200px) 100vw, (min-width: 732px) 565px, (min-width: 640px) 732px, \" title=\"\"><div class=\"fusion-rollover\">\n\t<div class=\"fusion-rollover-content\">\n\n\t\t\t\t\t\t\t\t\t\t\t\t\t\t<a class=\"fusion-rollover-link\" href=\"https:\/\/www.homwarm.eu\/web\/fr\/hom-chauffe-serviettes-electrique-radiateurs-electriques-offrez-vous-des-soins-chaleureux-pour-vos-moments-exceptionnels\/\">HOM Chauffe-serviettes \u00e9lectrique, Radiateurs \u00e9lectriques &#8211; Offrez-vous des soins chaleureux pour vos moments exceptionnels.<\/a>\n\t\t\t\n\t\t\t\t\t\t\t\t\n\t\t\n\t\t\t\t\t\t\t\t\t\t\t\t<h4 class=\"fusion-rollover-title\">\n\t\t\t\t\t<a class=\"fusion-rollover-title-link\" href=\"https:\/\/www.homwarm.eu\/web\/fr\/hom-chauffe-serviettes-electrique-radiateurs-electriques-offrez-vous-des-soins-chaleureux-pour-vos-moments-exceptionnels\/\">\n\t\t\t\t\t\tHOM Chauffe-serviettes \u00e9lectrique, Radiateurs \u00e9lectriques &#8211; Offrez-vous des soins chaleureux pour vos moments exceptionnels.\t\t\t\t\t<\/a>\n\t\t\t\t<\/h4>\n\t\t\t\n\t\t\t\t\t\t\t\t\n\t\t\n\t\t\t\t\t\t<a class=\"fusion-link-wrapper\" href=\"https:\/\/www.homwarm.eu\/web\/fr\/hom-chauffe-serviettes-electrique-radiateurs-electriques-offrez-vous-des-soins-chaleureux-pour-vos-moments-exceptionnels\/\" aria-label=\"HOM Chauffe-serviettes \u00e9lectrique, Radiateurs \u00e9lectriques &#8211; Offrez-vous des soins chaleureux pour vos moments exceptionnels.\"><\/a>\n\t<\/div>\n<\/div>\n<\/div>\n<\/li>\n\t\t\t\n\t\t\t\n\t\t\t\t\t\t\t\t\t\t\t\t\t\t\t\t\t\t\t\t\t\t\t\t\t\t\t\t\t\t\t\t\t\t\t\t\t\t\t\t\t\t\t\t\t\t\t\t\t\t\t\t\t\t\t\t\t\t\t\t\t\t\t\t\t\t\t\t<\/ul>\n\t<\/div>\n\t<div class=\"fusion-post-content-wrapper\" style=\"padding:30px 25px 20px 25px;\"><div class=\"fusion-post-content post-content\"><h2 class=\"blog-shortcode-post-title\"><a href=\"https:\/\/www.homwarm.eu\/web\/fr\/hom-chauffe-serviettes-electrique-radiateurs-electriques-offrez-vous-des-soins-chaleureux-pour-vos-moments-exceptionnels\/\">HOM Chauffe-serviettes \u00e9lectrique, Radiateurs \u00e9lectriques &#8211; Offrez-vous des soins chaleureux pour vos moments exceptionnels.<\/a><\/h2><\/div><\/div><div class=\"fusion-clearfix\"><\/div><\/div>\n<\/article>\n<article id=\"blog-1-post-26847\" class=\"fusion-post-grid post-26847 post type-post status-publish format-standard has-post-thumbnail hentry category-blog-fr category-galleria-immagini-radiatori-elettrici-scaldasalviette-en-fr\">\n<div class=\"fusion-post-wrapper\" style=\"background-color:rgba(255,255,255,0);border:1px solid #eaeaea;border-bottom-width:3px;\">\n\n\t\t\t<div class=\"fusion-flexslider flexslider fusion-flexslider-loading fusion-post-slideshow\" style=\"border-color:#eaeaea;\">\n\t\t<ul class=\"slides\">\n\t\t\t\n\t\t\t\t\t\t\t\t\t\t\t\t\t\t<li><div  class=\"fusion-image-wrapper\" aria-haspopup=\"true\">\n\t\t\t\t<img data-opt-id=1505864657  data-opt-src=\"https:\/\/mlilev7bln6g.i.optimole.com\/cb:gVOz.8a9\/w:auto\/h:auto\/q:mauto\/f:best\/https:\/\/www.homwarm.eu\/web\/wp-content\/uploads\/2022\/03\/Seche-serviettes-electrique-et-radiateurs-electrique-design.jpg\"  decoding=\"async\" width=\"799\" height=\"672\" src=\"data:image/svg+xml,%3Csvg%20viewBox%3D%220%200%20100%%20100%%22%20width%3D%22100%%22%20height%3D%22100%%22%20xmlns%3D%22http%3A%2F%2Fwww.w3.org%2F2000%2Fsvg%22%3E%3Crect%20width%3D%22100%%22%20height%3D%22100%%22%20fill%3D%22transparent%22%2F%3E%3C%2Fsvg%3E\" class=\"attachment-full size-full wp-post-image\" alt=\"S\u00e8che-serviettes \u00e9lectrique et radiateurs \u00e9lectrique design. design italien sophistiqu\u00e9 et faible consommation\" old-srcset=\"https:\/\/mlilev7bln6g.i.optimole.com\/cb:gVOz.8a9\/w:200\/h:168\/q:mauto\/f:best\/https:\/\/www.homwarm.eu\/web\/wp-content\/uploads\/2022\/03\/Seche-serviettes-electrique-et-radiateurs-electrique-design.jpg 200w, https:\/\/mlilev7bln6g.i.optimole.com\/cb:gVOz.8a9\/w:400\/h:336\/q:mauto\/f:best\/https:\/\/www.homwarm.eu\/web\/wp-content\/uploads\/2022\/03\/Seche-serviettes-electrique-et-radiateurs-electrique-design.jpg 400w, https:\/\/mlilev7bln6g.i.optimole.com\/cb:gVOz.8a9\/w:600\/h:505\/q:mauto\/f:best\/https:\/\/www.homwarm.eu\/web\/wp-content\/uploads\/2022\/03\/Seche-serviettes-electrique-et-radiateurs-electrique-design.jpg 600w, https:\/\/mlilev7bln6g.i.optimole.com\/cb:gVOz.8a9\/w:799\/h:672\/q:mauto\/f:best\/https:\/\/www.homwarm.eu\/web\/wp-content\/uploads\/2022\/03\/Seche-serviettes-electrique-et-radiateurs-electrique-design.jpg 799w\" title=\"\"><div class=\"fusion-rollover\">\n\t<div class=\"fusion-rollover-content\">\n\n\t\t\t\t\t\t\t\t\t\t\t\t\t\t<a class=\"fusion-rollover-link\" href=\"https:\/\/www.homwarm.eu\/web\/fr\/seche-serviettes-electrique-et-radiateurs-electrique-design\/\">S\u00e8che-serviettes \u00e9lectrique et radiateurs \u00e9lectrique design<\/a>\n\t\t\t\n\t\t\t\t\t\t\t\t\n\t\t\n\t\t\t\t\t\t\t\t\t\t\t\t<h4 class=\"fusion-rollover-title\">\n\t\t\t\t\t<a class=\"fusion-rollover-title-link\" href=\"https:\/\/www.homwarm.eu\/web\/fr\/seche-serviettes-electrique-et-radiateurs-electrique-design\/\">\n\t\t\t\t\t\tS\u00e8che-serviettes \u00e9lectrique et radiateurs \u00e9lectrique design\t\t\t\t\t<\/a>\n\t\t\t\t<\/h4>\n\t\t\t\n\t\t\t\t\t\t\t\t\n\t\t\n\t\t\t\t\t\t<a class=\"fusion-link-wrapper\" href=\"https:\/\/www.homwarm.eu\/web\/fr\/seche-serviettes-electrique-et-radiateurs-electrique-design\/\" aria-label=\"S\u00e8che-serviettes \u00e9lectrique et radiateurs \u00e9lectrique design\"><\/a>\n\t<\/div>\n<\/div>\n<\/div>\n<\/li>\n\t\t\t\n\t\t\t\n\t\t\t\t\t\t\t\t\t\t\t\t\t\t\t\t\t\t\t\t\t\t\t\t\t\t\t\t\t\t\t\t\t\t\t\t\t\t\t\t\t\t\t\t\t\t\t\t\t\t\t\t\t\t\t\t\t\t\t\t\t\t\t\t\t\t\t\t<\/ul>\n\t<\/div>\n\t<div class=\"fusion-post-content-wrapper\" style=\"padding:30px 25px 20px 25px;\"><div class=\"fusion-post-content post-content\"><h2 class=\"blog-shortcode-post-title\"><a href=\"https:\/\/www.homwarm.eu\/web\/fr\/seche-serviettes-electrique-et-radiateurs-electrique-design\/\">S\u00e8che-serviettes \u00e9lectrique et radiateurs \u00e9lectrique design<\/a><\/h2><\/div><\/div><div class=\"fusion-clearfix\"><\/div><\/div>\n<\/article>\n<article id=\"blog-1-post-25895\" class=\"fusion-post-grid post-25895 post type-post status-publish format-standard has-post-thumbnail hentry category-blog-fr category-galleria-immagini-radiatori-elettrici-scaldasalviette-en-fr\">\n<div class=\"fusion-post-wrapper\" style=\"background-color:rgba(255,255,255,0);border:1px solid #eaeaea;border-bottom-width:3px;\">\n\n\t\t\t<div class=\"fusion-flexslider flexslider fusion-flexslider-loading fusion-post-slideshow\" style=\"border-color:#eaeaea;\">\n\t\t<ul class=\"slides\">\n\t\t\t\n\t\t\t\t\t\t\t\t\t\t\t\t\t\t<li><div  class=\"fusion-image-wrapper\" aria-haspopup=\"true\">\n\t\t\t\t<img data-opt-id=1713252747  data-opt-src=\"https:\/\/mlilev7bln6g.i.optimole.com\/cb:gVOz.8a9\/w:auto\/h:auto\/q:mauto\/f:best\/https:\/\/www.homwarm.eu\/web\/wp-content\/uploads\/2021\/05\/shangai-4.jpg\"  decoding=\"async\" width=\"1600\" height=\"1600\" src=\"data:image/svg+xml,%3Csvg%20viewBox%3D%220%200%20100%%20100%%22%20width%3D%22100%%22%20height%3D%22100%%22%20xmlns%3D%22http%3A%2F%2Fwww.w3.org%2F2000%2Fsvg%22%3E%3Crect%20width%3D%22100%%22%20height%3D%22100%%22%20fill%3D%22transparent%22%2F%3E%3C%2Fsvg%3E\" class=\"attachment-full size-full wp-post-image\" alt=\"\" old-srcset=\"https:\/\/mlilev7bln6g.i.optimole.com\/cb:gVOz.8a9\/w:200\/h:200\/q:mauto\/f:best\/https:\/\/www.homwarm.eu\/web\/wp-content\/uploads\/2021\/05\/shangai-4.jpg 200w, https:\/\/mlilev7bln6g.i.optimole.com\/cb:gVOz.8a9\/w:400\/h:400\/q:mauto\/f:best\/https:\/\/www.homwarm.eu\/web\/wp-content\/uploads\/2021\/05\/shangai-4.jpg 400w, https:\/\/mlilev7bln6g.i.optimole.com\/cb:gVOz.8a9\/w:600\/h:600\/q:mauto\/f:best\/https:\/\/www.homwarm.eu\/web\/wp-content\/uploads\/2021\/05\/shangai-4.jpg 600w, https:\/\/mlilev7bln6g.i.optimole.com\/cb:gVOz.8a9\/w:800\/h:800\/q:mauto\/f:best\/https:\/\/www.homwarm.eu\/web\/wp-content\/uploads\/2021\/05\/shangai-4.jpg 800w, https:\/\/mlilev7bln6g.i.optimole.com\/cb:gVOz.8a9\/w:1200\/h:1200\/q:mauto\/f:best\/https:\/\/www.homwarm.eu\/web\/wp-content\/uploads\/2021\/05\/shangai-4.jpg 1200w, https:\/\/mlilev7bln6g.i.optimole.com\/cb:gVOz.8a9\/w:1600\/h:1600\/q:mauto\/f:best\/https:\/\/www.homwarm.eu\/web\/wp-content\/uploads\/2021\/05\/shangai-4.jpg 1600w\" title=\"\"><div class=\"fusion-rollover\">\n\t<div class=\"fusion-rollover-content\">\n\n\t\t\t\t\t\t\t\t\t\t\t\t\t\t<a class=\"fusion-rollover-link\" href=\"https:\/\/www.homwarm.eu\/web\/fr\/shanghai-stand-e33-26-29-mai-2021\/\">STAND HOM AU SALON KITCHEN &#038; BATH 2021 \u00c0 SHANGHAI Hall W1 Stand E33 :: 26 &#8211; 29 mai 2021<\/a>\n\t\t\t\n\t\t\t\t\t\t\t\t\n\t\t\n\t\t\t\t\t\t\t\t\t\t\t\t<h4 class=\"fusion-rollover-title\">\n\t\t\t\t\t<a class=\"fusion-rollover-title-link\" href=\"https:\/\/www.homwarm.eu\/web\/fr\/shanghai-stand-e33-26-29-mai-2021\/\">\n\t\t\t\t\t\tSTAND HOM AU SALON KITCHEN &#038; BATH 2021 \u00c0 SHANGHAI Hall W1 Stand E33 :: 26 &#8211; 29 mai 2021\t\t\t\t\t<\/a>\n\t\t\t\t<\/h4>\n\t\t\t\n\t\t\t\t\t\t\t\t\n\t\t\n\t\t\t\t\t\t<a class=\"fusion-link-wrapper\" href=\"https:\/\/www.homwarm.eu\/web\/fr\/shanghai-stand-e33-26-29-mai-2021\/\" aria-label=\"STAND HOM AU SALON KITCHEN &#038; BATH 2021 \u00c0 SHANGHAI Hall W1 Stand E33 :: 26 &#8211; 29 mai 2021\"><\/a>\n\t<\/div>\n<\/div>\n<\/div>\n<\/li>\n\t\t\t\n\t\t\t\n\t\t\t\t\t\t\t\t\t\t\t\t\t\t\t\t\t\t\t\t\t\t\t\t\t\t\t\t\t\t\t\t\t\t\t\t\t\t\t\t\t\t\t\t\t\t\t\t\t\t\t\t\t\t\t\t\t\t\t\t\t\t\t\t\t\t\t\t<\/ul>\n\t<\/div>\n\t<div class=\"fusion-post-content-wrapper\" style=\"padding:30px 25px 20px 25px;\"><div class=\"fusion-post-content post-content\"><h2 class=\"blog-shortcode-post-title\"><a href=\"https:\/\/www.homwarm.eu\/web\/fr\/shanghai-stand-e33-26-29-mai-2021\/\">STAND HOM AU SALON KITCHEN &#038; BATH 2021 \u00c0 SHANGHAI Hall W1 Stand E33 :: 26 &#8211; 29 mai 2021<\/a><\/h2><\/div><\/div><div class=\"fusion-clearfix\"><\/div><\/div>\n<\/article>\n<article id=\"blog-1-post-25008\" class=\"fusion-post-grid post-25008 post type-post status-publish format-standard has-post-thumbnail hentry category-galleria-immagini-radiatori-elettrici-scaldasalviette-en-fr category-blog-fr\">\n<div class=\"fusion-post-wrapper\" style=\"background-color:rgba(255,255,255,0);border:1px solid #eaeaea;border-bottom-width:3px;\">\n\n\t\t\t<div class=\"fusion-flexslider flexslider fusion-flexslider-loading fusion-post-slideshow\" style=\"border-color:#eaeaea;\">\n\t\t<ul class=\"slides\">\n\t\t\t\n\t\t\t\t\t\t\t\t\t\t\t\t\t\t<li><div  class=\"fusion-image-wrapper\" aria-haspopup=\"true\">\n\t\t\t\t<img data-opt-id=1709124364  data-opt-src=\"https:\/\/mlilev7bln6g.i.optimole.com\/cb:gVOz.8a9\/w:auto\/h:auto\/q:mauto\/f:best\/https:\/\/www.homwarm.eu\/web\/wp-content\/uploads\/2020\/06\/Radiadores-eléctricos-y-calentadores-de-toallas.jpg\"  decoding=\"async\" width=\"746\" height=\"559\" src=\"data:image/svg+xml,%3Csvg%20viewBox%3D%220%200%20100%%20100%%22%20width%3D%22100%%22%20height%3D%22100%%22%20xmlns%3D%22http%3A%2F%2Fwww.w3.org%2F2000%2Fsvg%22%3E%3Crect%20width%3D%22100%%22%20height%3D%22100%%22%20fill%3D%22transparent%22%2F%3E%3C%2Fsvg%3E\" class=\"attachment-full size-full wp-post-image\" alt=\"Chauffe-serviettes et radiateurs\" old-srcset=\"https:\/\/mlilev7bln6g.i.optimole.com\/cb:gVOz.8a9\/w:200\/h:150\/q:mauto\/f:best\/https:\/\/www.homwarm.eu\/web\/wp-content\/uploads\/2020\/06\/Radiadores-el\u00e9ctricos-y-calentadores-de-toallas.jpg 200w, https:\/\/mlilev7bln6g.i.optimole.com\/cb:gVOz.8a9\/w:400\/h:300\/q:mauto\/f:best\/https:\/\/www.homwarm.eu\/web\/wp-content\/uploads\/2020\/06\/Radiadores-el\u00e9ctricos-y-calentadores-de-toallas.jpg 400w, https:\/\/mlilev7bln6g.i.optimole.com\/cb:gVOz.8a9\/w:600\/h:450\/q:mauto\/f:best\/https:\/\/www.homwarm.eu\/web\/wp-content\/uploads\/2020\/06\/Radiadores-el\u00e9ctricos-y-calentadores-de-toallas.jpg 600w, https:\/\/mlilev7bln6g.i.optimole.com\/cb:gVOz.8a9\/w:746\/h:559\/q:mauto\/f:best\/https:\/\/www.homwarm.eu\/web\/wp-content\/uploads\/2020\/06\/Radiadores-el\u00e9ctricos-y-calentadores-de-toallas.jpg 746w\" title=\"\"><div class=\"fusion-rollover\">\n\t<div class=\"fusion-rollover-content\">\n\n\t\t\t\t\t\t\t\t\t\t\t\t\t\t<a class=\"fusion-rollover-link\" href=\"https:\/\/www.homwarm.eu\/web\/fr\/seche-serviettes-seche-serviettes-electrique-design-faible-consommation-a-dexcellents-prix\/\">Seche serviettes &#8211; seche serviettes electrique design faible consommation \u00e0 d&rsquo;excellents prix<\/a>\n\t\t\t\n\t\t\t\t\t\t\t\t\n\t\t\n\t\t\t\t\t\t\t\t\t\t\t\t<h4 class=\"fusion-rollover-title\">\n\t\t\t\t\t<a class=\"fusion-rollover-title-link\" href=\"https:\/\/www.homwarm.eu\/web\/fr\/seche-serviettes-seche-serviettes-electrique-design-faible-consommation-a-dexcellents-prix\/\">\n\t\t\t\t\t\tSeche serviettes &#8211; seche serviettes electrique design faible consommation \u00e0 d&rsquo;excellents prix\t\t\t\t\t<\/a>\n\t\t\t\t<\/h4>\n\t\t\t\n\t\t\t\t\t\t\t\t\n\t\t\n\t\t\t\t\t\t<a class=\"fusion-link-wrapper\" href=\"https:\/\/www.homwarm.eu\/web\/fr\/seche-serviettes-seche-serviettes-electrique-design-faible-consommation-a-dexcellents-prix\/\" aria-label=\"Seche serviettes &#8211; seche serviettes electrique design faible consommation \u00e0 d&rsquo;excellents prix\"><\/a>\n\t<\/div>\n<\/div>\n<\/div>\n<\/li>\n\t\t\t\n\t\t\t\n\t\t\t\t\t\t\t\t\t\t\t\t\t\t\t\t\t\t\t\t\t\t\t\t\t\t\t\t\t\t\t\t\t\t\t\t\t\t\t\t\t\t\t\t\t\t\t\t\t\t\t\t\t\t\t\t\t\t\t\t\t\t\t\t\t\t\t\t<\/ul>\n\t<\/div>\n\t<div class=\"fusion-post-content-wrapper\" style=\"padding:30px 25px 20px 25px;\"><div class=\"fusion-post-content post-content\"><h2 class=\"blog-shortcode-post-title\"><a href=\"https:\/\/www.homwarm.eu\/web\/fr\/seche-serviettes-seche-serviettes-electrique-design-faible-consommation-a-dexcellents-prix\/\">Seche serviettes &#8211; seche serviettes electrique design faible consommation \u00e0 d&rsquo;excellents prix<\/a><\/h2><\/div><\/div><div class=\"fusion-clearfix\"><\/div><\/div>\n<\/article>\n<article id=\"blog-1-post-24905\" class=\"fusion-post-grid post-24905 post type-post status-publish format-standard has-post-thumbnail hentry category-blog-fr category-galleria-immagini-radiatori-elettrici-scaldasalviette-en-fr\">\n<div class=\"fusion-post-wrapper\" style=\"background-color:rgba(255,255,255,0);border:1px solid #eaeaea;border-bottom-width:3px;\">\n\n\t\t\t<div class=\"fusion-flexslider flexslider fusion-flexslider-loading fusion-post-slideshow\" style=\"border-color:#eaeaea;\">\n\t\t<ul class=\"slides\">\n\t\t\t\n\t\t\t\t\t\t\t\t\t\t\t\t\t\t<li><div  class=\"fusion-image-wrapper\" aria-haspopup=\"true\">\n\t\t\t\t<img data-opt-id=382183524  data-opt-src=\"https:\/\/mlilev7bln6g.i.optimole.com\/cb:gVOz.8a9\/w:auto\/h:auto\/q:mauto\/f:best\/https:\/\/www.homwarm.eu\/web\/wp-content\/uploads\/2021\/01\/showroom-milano-hom-termoarredi-scaldasalviette-vetrina-vialambro14.jpg\"  decoding=\"async\" width=\"610\" height=\"610\" src=\"data:image/svg+xml,%3Csvg%20viewBox%3D%220%200%20100%%20100%%22%20width%3D%22100%%22%20height%3D%22100%%22%20xmlns%3D%22http%3A%2F%2Fwww.w3.org%2F2000%2Fsvg%22%3E%3Crect%20width%3D%22100%%22%20height%3D%22100%%22%20fill%3D%22transparent%22%2F%3E%3C%2Fsvg%3E\" class=\"attachment-full size-full wp-post-image\" alt=\"\" old-srcset=\"https:\/\/mlilev7bln6g.i.optimole.com\/cb:gVOz.8a9\/w:200\/h:200\/q:mauto\/f:best\/https:\/\/www.homwarm.eu\/web\/wp-content\/uploads\/2021\/01\/showroom-milano-hom-termoarredi-scaldasalviette-vetrina-vialambro14.jpg 200w, https:\/\/mlilev7bln6g.i.optimole.com\/cb:gVOz.8a9\/w:400\/h:400\/q:mauto\/f:best\/https:\/\/www.homwarm.eu\/web\/wp-content\/uploads\/2021\/01\/showroom-milano-hom-termoarredi-scaldasalviette-vetrina-vialambro14.jpg 400w, https:\/\/mlilev7bln6g.i.optimole.com\/cb:gVOz.8a9\/w:600\/h:600\/q:mauto\/f:best\/https:\/\/www.homwarm.eu\/web\/wp-content\/uploads\/2021\/01\/showroom-milano-hom-termoarredi-scaldasalviette-vetrina-vialambro14.jpg 600w, https:\/\/mlilev7bln6g.i.optimole.com\/cb:gVOz.8a9\/w:610\/h:610\/q:mauto\/f:best\/https:\/\/www.homwarm.eu\/web\/wp-content\/uploads\/2021\/01\/showroom-milano-hom-termoarredi-scaldasalviette-vetrina-vialambro14.jpg 610w\" title=\"\"><div class=\"fusion-rollover\">\n\t<div class=\"fusion-rollover-content\">\n\n\t\t\t\t\t\t\t\t\t\t\t\t\t\t<a class=\"fusion-rollover-link\" href=\"https:\/\/www.homwarm.eu\/web\/fr\/nouveau-showroom-hom-a-milan-venez-decouvrir-nos-actualites\/\">Nouveau showroom HOM \u00e0 Milan &#8211; Venez d\u00e9couvrir nos actualit\u00e9s<\/a>\n\t\t\t\n\t\t\t\t\t\t\t\t\n\t\t\n\t\t\t\t\t\t\t\t\t\t\t\t<h4 class=\"fusion-rollover-title\">\n\t\t\t\t\t<a class=\"fusion-rollover-title-link\" href=\"https:\/\/www.homwarm.eu\/web\/fr\/nouveau-showroom-hom-a-milan-venez-decouvrir-nos-actualites\/\">\n\t\t\t\t\t\tNouveau showroom HOM \u00e0 Milan &#8211; Venez d\u00e9couvrir nos actualit\u00e9s\t\t\t\t\t<\/a>\n\t\t\t\t<\/h4>\n\t\t\t\n\t\t\t\t\t\t\t\t\n\t\t\n\t\t\t\t\t\t<a class=\"fusion-link-wrapper\" href=\"https:\/\/www.homwarm.eu\/web\/fr\/nouveau-showroom-hom-a-milan-venez-decouvrir-nos-actualites\/\" aria-label=\"Nouveau showroom HOM \u00e0 Milan &#8211; Venez d\u00e9couvrir nos actualit\u00e9s\"><\/a>\n\t<\/div>\n<\/div>\n<\/div>\n<\/li>\n\t\t\t\n\t\t\t\n\t\t\t\t\t\t\t\t\t\t\t\t\t\t\t\t\t\t\t\t\t\t\t\t\t\t\t\t\t\t\t\t\t\t\t\t\t\t\t\t\t\t\t\t\t\t\t\t\t\t\t\t\t\t\t\t\t\t\t\t\t\t\t\t\t\t\t\t<\/ul>\n\t<\/div>\n\t<div class=\"fusion-post-content-wrapper\" style=\"padding:30px 25px 20px 25px;\"><div class=\"fusion-post-content post-content\"><h2 class=\"blog-shortcode-post-title\"><a href=\"https:\/\/www.homwarm.eu\/web\/fr\/nouveau-showroom-hom-a-milan-venez-decouvrir-nos-actualites\/\">Nouveau showroom HOM \u00e0 Milan &#8211; Venez d\u00e9couvrir nos actualit\u00e9s<\/a><\/h2><\/div><\/div><div class=\"fusion-clearfix\"><\/div><\/div>\n<\/article>\n<div class=\"fusion-clearfix\"><\/div><\/div><\/div><\/div><\/div><\/div><\/div>\n","protected":false},"excerpt":{"rendered":"","protected":false},"author":1,"featured_media":0,"parent":0,"menu_order":0,"comment_status":"closed","ping_status":"closed","template":"","meta":{"footnotes":""},"class_list":["post-33828","page","type-page","status-publish","hentry"],"_links":{"self":[{"href":"https:\/\/www.homwarm.eu\/web\/fr\/wp-json\/wp\/v2\/pages\/33828","targetHints":{"allow":["GET"]}}],"collection":[{"href":"https:\/\/www.homwarm.eu\/web\/fr\/wp-json\/wp\/v2\/pages"}],"about":[{"href":"https:\/\/www.homwarm.eu\/web\/fr\/wp-json\/wp\/v2\/types\/page"}],"author":[{"embeddable":true,"href":"https:\/\/www.homwarm.eu\/web\/fr\/wp-json\/wp\/v2\/users\/1"}],"replies":[{"embeddable":true,"href":"https:\/\/www.homwarm.eu\/web\/fr\/wp-json\/wp\/v2\/comments?post=33828"}],"version-history":[{"count":0,"href":"https:\/\/www.homwarm.eu\/web\/fr\/wp-json\/wp\/v2\/pages\/33828\/revisions"}],"wp:attachment":[{"href":"https:\/\/www.homwarm.eu\/web\/fr\/wp-json\/wp\/v2\/media?parent=33828"}],"curies":[{"name":"wp","href":"https:\/\/api.w.org\/{rel}","templated":true}]}}