{"id":25083,"date":"2020-04-07T21:54:03","date_gmt":"2020-04-07T19:54:03","guid":{"rendered":"https:\/\/www.homwarm.eu\/web\/retailers-near-me-electric-designer-radiators-and-towel-warmers\/"},"modified":"2021-02-04T15:50:57","modified_gmt":"2021-02-04T14:50:57","slug":"distributeurs-radiateurs-et-seche-serviettes","status":"publish","type":"page","link":"https:\/\/www.homwarm.eu\/web\/fr\/distributeurs-radiateurs-et-seche-serviettes\/","title":{"rendered":"POINTS DE VENTE HOM"},"content":{"rendered":"<div class=\"fusion-fullwidth fullwidth-box fusion-builder-row-1 nonhundred-percent-fullwidth non-hundred-percent-height-scrolling\" style=\"--awb-border-radius-top-left:0px;--awb-border-radius-top-right:0px;--awb-border-radius-bottom-right:0px;--awb-border-radius-bottom-left:0px;--awb-flex-wrap:wrap;\" ><div class=\"fusion-builder-row fusion-row\"><div class=\"fusion-layout-column fusion_builder_column fusion-builder-column-0 fusion_builder_column_1_1 1_1 fusion-one-full fusion-column-first fusion-column-last\" style=\"--awb-bg-size:cover;\"><div class=\"fusion-column-wrapper fusion-column-has-shadow fusion-flex-column-wrapper-legacy\"><div class=\"fusion-text fusion-text-1\"><h3><a href=\"#storelocator\">D\u00e9taillants HOM \u00e0 proximit\u00e9 (carte interactive)<\/a>\u00a0|\u00a0<a href=\"\/web?page_id=23134\">Devenez distributeur, revendeur ou partenaire HOM<\/a><\/h3>\n<\/div><div class=\"fusion-text fusion-text-2\"><hr \/>\n<h1><strong>Distributeurs radiateurs et s\u00e8che-serviettes HOM, revendeurs ou partenaires<\/strong><\/h1>\n<h3><strong><a href=\"\/web?page_id=22400\">ITALIE<\/a> | \u00c9TATS-UNIS D&rsquo;AM\u00c9RIQUE | <a href=\"\/web?page_id=22400\">RUSSIE<\/a> | PAYS-BAS | ISRAEL | GR\u00c8CE | ALLEMAGNE | FRANCE | ESPAGNE | EMIRATS ARABES UNIS | <a href=\"\/web?page_id=23984\">CHINE<\/a> | LIBAN | INDE | R\u00c9PUBLIQUE TCH\u00c8QUE | LUXENBURG | L&rsquo;AUTRICHEIA<\/strong><\/h3>\n<p><strong>HOM<\/strong> est pr\u00e9sent dans de nombreux pays du monde. Pour trouver le revendeur HOM le plus proche ou si vous souhaitez devenir revendeurr, <strong><a href=\"\/web?page_id=22586\">contacter le personnel de soutien du HOM<\/a>.<\/strong> <a id=\"storelocator\"><\/a><\/p>\n<p><b>E-mail: info@homwarm.com<\/b><\/p>\n<p><b>Phone: +39 345 344 8555 (WhatsApp)<\/b><\/p>\n<p><b>Phone: +39 011968 3211<\/b><\/p>\n<\/div><style>\r\n\t#wpsl-stores .wpsl-store-thumb {height:45px !important; width:45px !important;}\r\n\t#wpsl-stores, #wpsl-direction-details, #wpsl-gmap {height:350px !important;}\r\n\t#wpsl-gmap .wpsl-info-window {max-width:225px !important;}\r\n\t.wpsl-input label, #wpsl-radius label, #wpsl-category label {width:95px;}\r\n\t#wpsl-search-input  {width:179px;}\r\n<\/style>\r\n<div id=\"wpsl-wrap\">\r\n\t<div class=\"wpsl-search wpsl-clearfix \">\r\n\t\t<div id=\"wpsl-search-wrap\">\r\n\t\t\t<form autocomplete=\"off\">\r\n\t\t\t<div class=\"wpsl-input\">\r\n\t\t\t\t<div><label for=\"wpsl-search-input\">Votre emplacement<\/label><\/div>\r\n\t\t\t\t<input id=\"wpsl-search-input\" type=\"text\" value=\"\" name=\"wpsl-search-input\" placeholder=\"\" aria-required=\"true\" \/>\r\n\t\t\t<\/div>\r\n\t\t\t<div class=\"wpsl-select-wrap\">\r\n\t\t\t\t<div id=\"wpsl-radius\">\r\n\t\t\t\t\t<label for=\"wpsl-radius-dropdown\">P\u00e9rim\u00e8tre de recherche<\/label>\r\n\t\t\t\t\t<select id=\"wpsl-radius-dropdown\" class=\"wpsl-dropdown\" name=\"wpsl-radius\">\r\n\t\t\t\t\t\t<option value=\"10\">10 km<\/option><option value=\"25\">25 km<\/option><option value=\"50\">50 km<\/option><option value=\"100\">100 km<\/option><option value=\"200\">200 km<\/option><option selected=\"selected\" value=\"12000\">12000 km<\/option>\r\n\t\t\t\t\t<\/select>\r\n\t\t\t\t<\/div>\r\n\t\t\t\t<div id=\"wpsl-results\">\r\n\t\t\t\t\t<label for=\"wpsl-results-dropdown\">R\u00e9sultats<\/label>\r\n\t\t\t\t\t<select id=\"wpsl-results-dropdown\" class=\"wpsl-dropdown\" name=\"wpsl-results\">\r\n\t\t\t\t\t\t<option value=\"25\">25<\/option><option value=\"50\">50<\/option><option value=\"75\">75<\/option><option value=\"100\">100<\/option><option selected=\"selected\" value=\"250\">250<\/option>\r\n\t\t\t\t\t<\/select>\r\n\t\t\t\t<\/div>\r\n\t\t\t<\/div>\r\n\t\t\t\t<div class=\"wpsl-search-btn-wrap\"><input id=\"wpsl-search-btn\" type=\"submit\" value=\"Rechercher\"><\/div>\r\n\t\t<\/form>\r\n\t\t<\/div>\r\n\t<\/div>\r\n\t<div id=\"wpsl-gmap\" class=\"wpsl-gmap-canvas\"><\/div>\r\n\t<div id=\"wpsl-result-list\">\r\n\t\t<div id=\"wpsl-stores\" >\r\n\t\t\t<ul><\/ul>\r\n\t\t<\/div>\r\n\t\t<div id=\"wpsl-direction-details\">\r\n\t\t\t<ul><\/ul>\r\n\t\t<\/div>\r\n\t<\/div>\r\n<\/div>\r\n<div class=\"fusion-clearfix\"><\/div><\/div><\/div><\/div><\/div>\n","protected":false},"excerpt":{"rendered":"","protected":false},"author":1,"featured_media":0,"parent":0,"menu_order":9,"comment_status":"closed","ping_status":"closed","template":"","meta":{"footnotes":""},"class_list":["post-25083","page","type-page","status-publish","hentry"],"_links":{"self":[{"href":"https:\/\/www.homwarm.eu\/web\/fr\/wp-json\/wp\/v2\/pages\/25083","targetHints":{"allow":["GET"]}}],"collection":[{"href":"https:\/\/www.homwarm.eu\/web\/fr\/wp-json\/wp\/v2\/pages"}],"about":[{"href":"https:\/\/www.homwarm.eu\/web\/fr\/wp-json\/wp\/v2\/types\/page"}],"author":[{"embeddable":true,"href":"https:\/\/www.homwarm.eu\/web\/fr\/wp-json\/wp\/v2\/users\/1"}],"replies":[{"embeddable":true,"href":"https:\/\/www.homwarm.eu\/web\/fr\/wp-json\/wp\/v2\/comments?post=25083"}],"version-history":[{"count":0,"href":"https:\/\/www.homwarm.eu\/web\/fr\/wp-json\/wp\/v2\/pages\/25083\/revisions"}],"wp:attachment":[{"href":"https:\/\/www.homwarm.eu\/web\/fr\/wp-json\/wp\/v2\/media?parent=25083"}],"curies":[{"name":"wp","href":"https:\/\/api.w.org\/{rel}","templated":true}]}}