{"id":24721,"date":"2020-12-22T16:09:29","date_gmt":"2020-12-22T15:09:29","guid":{"rendered":"https:\/\/www.homwarm.eu\/web\/faq\/"},"modified":"2020-12-22T16:45:11","modified_gmt":"2020-12-22T15:45:11","slug":"faq","status":"publish","type":"page","link":"https:\/\/www.homwarm.eu\/web\/fr\/faq\/","title":{"rendered":"FAQ"},"content":{"rendered":"<div class=\"fusion-fullwidth fullwidth-box fusion-builder-row-1 nonhundred-percent-fullwidth non-hundred-percent-height-scrolling\" style=\"--awb-border-radius-top-left:0px;--awb-border-radius-top-right:0px;--awb-border-radius-bottom-right:0px;--awb-border-radius-bottom-left:0px;--awb-flex-wrap:wrap;\" ><div class=\"fusion-builder-row fusion-row\"><div class=\"fusion-layout-column fusion_builder_column fusion-builder-column-0 fusion_builder_column_1_1 1_1 fusion-one-full fusion-column-first fusion-column-last\" style=\"--awb-bg-size:cover;\"><div class=\"fusion-column-wrapper fusion-column-has-shadow fusion-flex-column-wrapper-legacy\"><div class=\"fusion-text fusion-text-1\"><h1>FAQ<\/h1>\n<h2><strong>Dans cette rubrique, vous trouverez certaines des questions les plus fr\u00e9quemment pos\u00e9es concernant les produits HOM<\/strong><\/h2>\n<hr \/>\n<p><span style=\"color: #0000ff;\"><strong>Q. <\/strong>Les radiateurs et les <a href=\"\/web?page_id=24399\">s\u00e8che-serviettes \u00e9lectriques <strong>HOM<\/strong> sont-ils fabriqu\u00e9s en Italie?<\/a><\/span><\/p>\n<p><strong>R.<\/strong> Oui, <a href=\"\/web?page_id=24399\"><strong>les radiateurset les s\u00e8che-serviettes HOM<\/strong><\/a> sont enti\u00e8rement fabriqu\u00e9s dans l\u2019usine situ\u00e9e dans la province de <strong>Turin (Italie)<\/strong> par l\u2019un des principaux fabricants europ\u00e9ens de r\u00e9sistances \u00e9lectriques.<\/p>\n<hr \/>\n<p><strong><span style=\"color: #0000ff;\">Q. <\/span><\/strong><span style=\"color: #0000ff;\">E<\/span><span style=\"color: #0000ff;\">n quoi <strong>HOM<\/strong> diff\u00e8re-t-il des autres radiateurs \u00e9lectriques et s\u00e8che-serviettes pr\u00e9sents sur le march\u00e9 ?<\/span><\/p>\n<p><strong>R<\/strong><strong>.<\/strong> <b>HOM, <\/b>une nouvelle g\u00e9n\u00e9ration d\u2019\u00e9quipements chauffants, de radiateurs uniques. <strong><a href=\"\/web?page_id=24668\">Les produits HOM se distinguent des autres radiateurs et s\u00e8che-serviettes<\/a><\/strong> \u00e9lectriques pr\u00e9sents sur le march\u00e9 en termes de design, de mat\u00e9riaux, de facilit\u00e9 d\u2019utilisation, de technologie et de fonctionnalit\u00e9s innovantes.<\/p>\n<p>&#8211; Le design raffin\u00e9 , l\u2019utilisation de mat\u00e9riaux tels que le bois, la c\u00e9ramique, la terre cuite, le verre, l\u2019acier et la tr\u00e8s faible consommation rendent les radiateurs et les s\u00e8che-serviettes <strong>HOM<\/strong> uniques et adapt\u00e9s au chauffage de tous vos espaces int\u00e9rieurs.<\/p>\n<p>&#8211; Les s\u00e8che-serviettes chauffants <strong>HOM<\/strong> utilisent une tuile fritt\u00e9e innovante &#8211; la <a href=\"\/web?page_id=24711\"><strong>technologie exclusive HOM<\/strong><\/a>, issue de nombreuses ann\u00e9es de recherche <strong>en collaboration avec le D\u00e9partement des Sciences des Mat\u00e9riaux de l\u2019\u00e9cole Polytechnique de Turin<\/strong> &#8211; qui int\u00e8gre une r\u00e9sistance \u00e9lectrique, une technologie <strong>HOM <\/strong>exclusive qui repr\u00e9sente l\u2019une des technologies les plus avanc\u00e9es dans le domaine du chauffage \u00e9lectrique.<\/p>\n<hr \/>\n<div>\n<p><span style=\"color: #0000ff;\"><span style=\"color: #0000ff;\"><strong>Q<\/strong>. Les produits\u00a0<strong>HOM\u00a0<\/strong>n\u00e9cessitent-ils un entretien particulier\u00a0?<\/span><\/span><\/p>\n<p><strong>R<\/strong><strong>. <\/strong>Les produits <strong>HOM<\/strong> ne n\u00e9cessitent aucun entretien particulier. Pour les nettoyer, n\u2019utilisez pas de solvants ou de produits abrasifs.<\/p>\n<p><strong>Pour les d\u00e9poussi\u00e9rer, quand ils sont froids, utilisez un chiffon doux et sec.<\/strong><\/p>\n<hr \/>\n<div>\n<p><span style=\"color: #0000ff;\"><strong>Q<\/strong>. Comment les produits\u00a0<strong>HOM<\/strong> sont-ils install\u00e9s\u00a0?<\/span><\/p>\n<p><strong>R<\/strong><strong>.<\/strong> L\u2019installation des produits <strong>HOM<\/strong> est facile \u00e0 faire soi-m\u00eame : pour tous les mod\u00e8les de c\u00e2bles et de prises, il suffit de suivre les instructions des manuels d\u2019installation fournis dans les packs ou disponibles sur le site <strong><a href=\"https:\/\/www.homwarm.eu\/web\/fr\/\">homwarm.com<\/a><\/strong>. Dans certains cas, pour les produits avec une connexion murale, vous devrez peut-\u00eatre consulter un \u00e9lectricien qualifi\u00e9 avant l\u2019installation.<\/p>\n<\/div>\n<\/div>\n<div>\n<hr \/>\n<\/div>\n<div>\n<p><span style=\"color: #0000ff;\"><span style=\"color: #0000ff;\"><strong>Q.<\/strong> Les produits\u00a0<strong>HOM\u00a0<\/strong>peuvent-ils \u00eatre contr\u00f4l\u00e9s par smartphone via des applications\u00a0?<\/span><\/span><\/p>\n<p><strong>R<\/strong><strong>.<\/strong> Oui, de nombreux produits <strong>HOM<\/strong> sont compatibles (contactez le personnel <strong>HOM<\/strong> pour les sp\u00e9cifications et la compatibilit\u00e9 des mod\u00e8les) avec diff\u00e9rents thermostats ou appareils wifi pour contr\u00f4ler les radiateurs sur le march\u00e9 et peuvent \u00e9ventuellement \u00eatre contr\u00f4l\u00e9s par smartphone via des applications respectives \u00e0 installer sur les appareils mobiles.<\/p>\n<div>\n<hr \/>\n<\/div>\n<div>\n<p><span style=\"color: #0000ff;\"><strong>Q.<\/strong> Quelle est la dur\u00e9e de validit\u00e9 de la\u00a0garantie\u00a0des produits\u00a0<strong>HOM<\/strong>?<\/span><\/p>\n<p><strong>R<\/strong><strong>.<\/strong> <strong>HOM<\/strong> en tant que fabricant offre une garantie classique de deux ans valable \u00e0 compter de la date d\u2019achat &#8211; facture fiscale &#8211; pour tous les produits<b>.<\/b><\/p>\n<div>\n<hr \/>\n<\/div>\n<div>\n<p><span style=\"color: #0000ff;\"><strong>Q.<\/strong> Comment puis-je demander ma garantie sur les produits <strong>HOM<\/strong>?<br \/>\n<\/span><\/p>\n<p><strong>R<\/strong><strong>. <\/strong>Pour demander la garantie, veuillez contacter <strong>HOM<\/strong> via la page de contact et mettre le terme \u00ab garantie \u00bb en objet ; veuillez \u00e9galement envoyer une copie de la facture FISCALE \u00e0 info@homwarm.com. L\u2019\u00e9quipe d\u2019assistance <strong>HOM<\/strong> se chargera du reste et vous tiendra inform\u00e9.<\/p>\n<\/div>\n<\/div>\n<\/div>\n<div>\n<div>\n<hr \/>\n<\/div>\n<div>\n<p><span style=\"color: #0000ff;\"><span style=\"color: #0000ff;\"><strong>Q. <\/strong>Combien co\u00fbtent-ils et o\u00f9 peuvent-ils \u00eatre command\u00e9s \/ achet\u00e9s?<\/span><\/span><\/p>\n<p><strong>R<\/strong><strong>.<\/strong> Pour plus d&rsquo;informations sur les distributeurs ou pour trouver le magasin <strong>HOM<\/strong> le plus proche, contactez l&rsquo;\u00e9quipe d&rsquo;assistance <strong>HOM<\/strong> par e-mail info@homwarm.com, ou par t\u00e9l\u00e9phone ou WhatsApp +39 345 344 8555 ou num\u00e9ro de bureau Tel. +39 011 968 3211<\/p>\n<\/div>\n<\/div>\n<div>Vous pouvez trouver nos radiateurs \u00e9lectriques <strong>HOM<\/strong> dans plus de 50 magasins en <strong>Italie, en France, aux Pays-Bas, en Chine, aux \u00c9mirats arabes unis, en Espagne<\/strong> et dans de nombreux autres pays.<\/div>\n<div>\n<p><strong>Vous pouvez consulter la page DISTRIBUTEURS pour trouver le magasin le plus proche.<\/strong><\/p>\n<div>\n<hr \/>\n<p><span style=\"color: #0000ff;\"><strong>Q<\/strong><\/span><span style=\"color: #0000ff;\"><strong>.<\/strong> Avez-vous une salle d&rsquo;exposition de produits <strong>HOM<\/strong> \u00e0 votre emplacement?<\/span><\/p>\n<\/div>\n<\/div>\n<div>\n<p><strong>R<\/strong><strong>.<\/strong> Oui, nous avons une salle d&rsquo;xposition sur notre site de production et d&rsquo;autres chez certains de nos d\u00e9taillants. Pour plus de d\u00e9tails, contactez l&rsquo;\u00e9quipe de support <strong>HOM<\/strong> par e-mail info@homwarm.com<\/p>\n<\/div>\n<div>\n<hr \/>\n<p><span style=\"color: #0000ff;\"><strong>Q<\/strong>. Comment puis-je obtenir une brochure, une liste de prix ou un catalogue en ligne de produits <strong>HOM<\/strong><\/span><span style=\"color: #0000ff;\"><strong>?<\/strong><\/span><\/p>\n<p><strong>R<\/strong><strong>.<\/strong> Contactez l&rsquo;\u00e9quipe d&rsquo;assistance <strong>HOM<\/strong> par e-mail info@homwarm.com, ou par WhatsApp +39 345 344 855 et nous vous enverrons une brochure, une liste de prix ou un catalogue en ligne de produits <strong>HOM<\/strong>.<\/p>\n<p><strong>Vous pouvez \u00e9galement t\u00e9l\u00e9charger le dernier catalogue HOM en<\/strong>\u00a0<a href=\"https:\/\/www.homwarm.eu\/web\/wp-content\/uploads\/2020\/03\/HOM-catalogo.pdf\"><strong>CCLIQUANT ICI<\/strong><\/a><\/p>\n<\/div>\n<div>\n<hr \/>\n<\/div>\n<div>\n<p><span style=\"color: #0000ff;\"><span style=\"color: #0000ff;\"><strong>Q.<\/strong> Je pr\u00e9f\u00e8re parler \u00e0 quelqu&rsquo;un que lire le site Web, puis-je le faire<\/span><\/span><strong style=\"color: #0000ff;\">?<\/strong><\/p>\n<p><strong>R<\/strong><strong>.<\/strong> Bien S\u00fbr, contactez l&rsquo;\u00e9quipe d&rsquo;assistance HOM par e-mail info@homwarm.com, ou par t\u00e9l\u00e9phone ou WhatsApp +39 345 344 8555 ou num\u00e9ro de bureau Tel. +39 011 968 3211<\/p>\n<\/div>\n<\/div><div class=\"fusion-clearfix\"><\/div><\/div><\/div><\/div><\/div>\n","protected":false},"excerpt":{"rendered":"","protected":false},"author":1,"featured_media":0,"parent":0,"menu_order":7,"comment_status":"closed","ping_status":"closed","template":"","meta":{"footnotes":""},"class_list":["post-24721","page","type-page","status-publish","hentry"],"_links":{"self":[{"href":"https:\/\/www.homwarm.eu\/web\/fr\/wp-json\/wp\/v2\/pages\/24721","targetHints":{"allow":["GET"]}}],"collection":[{"href":"https:\/\/www.homwarm.eu\/web\/fr\/wp-json\/wp\/v2\/pages"}],"about":[{"href":"https:\/\/www.homwarm.eu\/web\/fr\/wp-json\/wp\/v2\/types\/page"}],"author":[{"embeddable":true,"href":"https:\/\/www.homwarm.eu\/web\/fr\/wp-json\/wp\/v2\/users\/1"}],"replies":[{"embeddable":true,"href":"https:\/\/www.homwarm.eu\/web\/fr\/wp-json\/wp\/v2\/comments?post=24721"}],"version-history":[{"count":0,"href":"https:\/\/www.homwarm.eu\/web\/fr\/wp-json\/wp\/v2\/pages\/24721\/revisions"}],"wp:attachment":[{"href":"https:\/\/www.homwarm.eu\/web\/fr\/wp-json\/wp\/v2\/media?parent=24721"}],"curies":[{"name":"wp","href":"https:\/\/api.w.org\/{rel}","templated":true}]}}