{"id":24711,"date":"2020-12-22T15:22:20","date_gmt":"2020-12-22T14:22:20","guid":{"rendered":"https:\/\/www.homwarm.eu\/web\/tecnologia\/"},"modified":"2020-12-22T16:02:13","modified_gmt":"2020-12-22T15:02:13","slug":"caracteristiques-techniques","status":"publish","type":"page","link":"https:\/\/www.homwarm.eu\/web\/fr\/caracteristiques-techniques\/","title":{"rendered":"Caract\u00e9ristiques techniques"},"content":{"rendered":"<div class=\"fusion-fullwidth fullwidth-box fusion-builder-row-1 nonhundred-percent-fullwidth non-hundred-percent-height-scrolling\" style=\"--awb-border-radius-top-left:0px;--awb-border-radius-top-right:0px;--awb-border-radius-bottom-right:0px;--awb-border-radius-bottom-left:0px;--awb-flex-wrap:wrap;\" ><div class=\"fusion-builder-row fusion-row\"><div class=\"fusion-layout-column fusion_builder_column fusion-builder-column-0 fusion_builder_column_1_1 1_1 fusion-one-full fusion-column-first fusion-column-last\" style=\"--awb-bg-size:cover;\"><div class=\"fusion-column-wrapper fusion-column-has-shadow fusion-flex-column-wrapper-legacy\"><div class=\"fusion-text fusion-text-1\"><h1><strong>Caract\u00e9ristiques techniques<\/strong><\/h1>\n<p>Les produits HOM utilisent une tuile fritt\u00e9e innovante qui referme une r\u00e9sistance \u00e9lectrique; une technologie propri\u00e9taire n\u00e9e apr\u00e8s trois ans de recherche en collaboration avec le D\u00e9partement des Sciences des Mat\u00e9riaux de l\u2019\u00e9cole Polytechnique de Turin qui repr\u00e9sente la technologie la plus avanc\u00e9e dans le domaine du chauffage \u00e9lectrique. Isolation de classe 2 (dispositifs \u00e0 s\u00e9curit\u00e9 intrins\u00e8que car ils sont syst\u00e9matiques dot\u00e9s d\u2019une double isolation \u00e9lectrique). Isolation di\u00e9lectrique sup\u00e9rieure \u00e0 3 000 V.<br \/>\nAbsorption d\u2019eau \u00e0 0,1\u00a0% apr\u00e8s 24 heures d\u2019immersion..<\/p>\n<h2><strong>HOM s\u2019int\u00e9resse aux surfaces &#8230; et \u00e0 leur temp\u00e9rature<\/strong><\/h2>\n<p>Les produits HOM ont \u00e9t\u00e9 pens\u00e9s comme des objets de design et con\u00e7us pour procurer rapidement le maximum de chaleur \u00e0 vos serviettes de bains.<br \/>\nSur les photos, la s\u00e9quence d\u00e9tect\u00e9e par thermographie infrarouge du s\u00e9chage, puis du chauffage d\u2019une serviette humide pos\u00e9e sur SHIELD.<\/p>\n<div id=\"attachment_22392\" style=\"width: 1034px\" class=\"wp-caption alignnone\"><img data-opt-id=59884520  fetchpriority=\"high\" decoding=\"async\" aria-describedby=\"caption-attachment-22392\" class=\"wp-image-22392 size-large\" src=\"https:\/\/mlilev7bln6g.i.optimole.com\/cb:gVOz.8a9\/w:1024\/h:179\/q:mauto\/f:best\/https:\/\/www.homwarm.eu\/web\/wp-content\/uploads\/2020\/03\/immagini-la-sequenza-rilevata-con-termografia-all’infrarosso.jpg\" alt=\"Caract\u00e9ristiques techniques HOM\" width=\"1024\" height=\"179\" title=\"\" srcset=\"https:\/\/mlilev7bln6g.i.optimole.com\/cb:gVOz.8a9\/w:200\/h:35\/q:mauto\/f:best\/https:\/\/www.homwarm.eu\/web\/wp-content\/uploads\/2020\/03\/immagini-la-sequenza-rilevata-con-termografia-all\u2019infrarosso.jpg 200w, https:\/\/mlilev7bln6g.i.optimole.com\/cb:gVOz.8a9\/w:300\/h:52\/q:mauto\/f:best\/https:\/\/www.homwarm.eu\/web\/wp-content\/uploads\/2020\/03\/immagini-la-sequenza-rilevata-con-termografia-all\u2019infrarosso.jpg 300w, https:\/\/mlilev7bln6g.i.optimole.com\/cb:gVOz.8a9\/w:400\/h:70\/q:mauto\/f:best\/https:\/\/www.homwarm.eu\/web\/wp-content\/uploads\/2020\/03\/immagini-la-sequenza-rilevata-con-termografia-all\u2019infrarosso.jpg 400w, https:\/\/mlilev7bln6g.i.optimole.com\/cb:gVOz.8a9\/w:500\/h:87\/q:mauto\/f:best\/https:\/\/www.homwarm.eu\/web\/wp-content\/uploads\/2020\/03\/immagini-la-sequenza-rilevata-con-termografia-all\u2019infrarosso.jpg 500w, https:\/\/mlilev7bln6g.i.optimole.com\/cb:gVOz.8a9\/w:600\/h:105\/q:mauto\/f:best\/https:\/\/www.homwarm.eu\/web\/wp-content\/uploads\/2020\/03\/immagini-la-sequenza-rilevata-con-termografia-all\u2019infrarosso.jpg 600w, https:\/\/mlilev7bln6g.i.optimole.com\/cb:gVOz.8a9\/w:700\/h:122\/q:mauto\/f:best\/https:\/\/www.homwarm.eu\/web\/wp-content\/uploads\/2020\/03\/immagini-la-sequenza-rilevata-con-termografia-all\u2019infrarosso.jpg 700w, https:\/\/mlilev7bln6g.i.optimole.com\/cb:gVOz.8a9\/w:768\/h:134\/q:mauto\/f:best\/https:\/\/www.homwarm.eu\/web\/wp-content\/uploads\/2020\/03\/immagini-la-sequenza-rilevata-con-termografia-all\u2019infrarosso.jpg 768w, https:\/\/mlilev7bln6g.i.optimole.com\/cb:gVOz.8a9\/w:800\/h:140\/q:mauto\/f:best\/https:\/\/www.homwarm.eu\/web\/wp-content\/uploads\/2020\/03\/immagini-la-sequenza-rilevata-con-termografia-all\u2019infrarosso.jpg 800w, https:\/\/mlilev7bln6g.i.optimole.com\/cb:gVOz.8a9\/w:1024\/h:179\/q:mauto\/f:best\/https:\/\/www.homwarm.eu\/web\/wp-content\/uploads\/2020\/03\/immagini-la-sequenza-rilevata-con-termografia-all\u2019infrarosso.jpg 1024w, https:\/\/mlilev7bln6g.i.optimole.com\/cb:gVOz.8a9\/w:1200\/h:210\/q:mauto\/f:best\/https:\/\/www.homwarm.eu\/web\/wp-content\/uploads\/2020\/03\/immagini-la-sequenza-rilevata-con-termografia-all\u2019infrarosso.jpg 1200w, https:\/\/mlilev7bln6g.i.optimole.com\/cb:gVOz.8a9\/w:1536\/h:269\/q:mauto\/f:best\/https:\/\/www.homwarm.eu\/web\/wp-content\/uploads\/2020\/03\/immagini-la-sequenza-rilevata-con-termografia-all\u2019infrarosso.jpg 1536w, https:\/\/mlilev7bln6g.i.optimole.com\/cb:gVOz.8a9\/w:1606\/h:281\/q:mauto\/f:best\/https:\/\/www.homwarm.eu\/web\/wp-content\/uploads\/2020\/03\/immagini-la-sequenza-rilevata-con-termografia-all\u2019infrarosso.jpg 1606w\" sizes=\"(max-width: 1024px) 100vw, 1024px\" \/><p id=\"caption-attachment-22392\" class=\"wp-caption-text\">Caract\u00e9ristiques techniques &#8211; Les produits HOM<\/p><\/div>\n<h2>HOM est \u00e9galement attentif aux \u00e9conomies d\u2019\u00e9nergie et \u00e0 la conservation de la chaleur<\/h2>\n<p>Avec l\u2019\u00e9nergie d\u2019une ampoule de 100 W, HOM chauffe vos v\u00eatements et vous les donne chauds en quelques minutes.<br \/>\nL\u2019inertie thermique du mat\u00e9riau avec lequel l\u2019\u00e9l\u00e9ment chauffant est construit et les techniques de construction nous permettent de d\u00e9gager de la chaleur pendant des dizaines de minutes apr\u00e8s l\u2019arr\u00eat.<\/p>\n<\/div><div class=\"fusion-clearfix\"><\/div><\/div><\/div><\/div><\/div>\n","protected":false},"excerpt":{"rendered":"","protected":false},"author":1,"featured_media":0,"parent":0,"menu_order":0,"comment_status":"closed","ping_status":"closed","template":"","meta":{"footnotes":""},"class_list":["post-24711","page","type-page","status-publish","hentry"],"_links":{"self":[{"href":"https:\/\/www.homwarm.eu\/web\/fr\/wp-json\/wp\/v2\/pages\/24711","targetHints":{"allow":["GET"]}}],"collection":[{"href":"https:\/\/www.homwarm.eu\/web\/fr\/wp-json\/wp\/v2\/pages"}],"about":[{"href":"https:\/\/www.homwarm.eu\/web\/fr\/wp-json\/wp\/v2\/types\/page"}],"author":[{"embeddable":true,"href":"https:\/\/www.homwarm.eu\/web\/fr\/wp-json\/wp\/v2\/users\/1"}],"replies":[{"embeddable":true,"href":"https:\/\/www.homwarm.eu\/web\/fr\/wp-json\/wp\/v2\/comments?post=24711"}],"version-history":[{"count":0,"href":"https:\/\/www.homwarm.eu\/web\/fr\/wp-json\/wp\/v2\/pages\/24711\/revisions"}],"wp:attachment":[{"href":"https:\/\/www.homwarm.eu\/web\/fr\/wp-json\/wp\/v2\/media?parent=24711"}],"curies":[{"name":"wp","href":"https:\/\/api.w.org\/{rel}","templated":true}]}}