{"id":24668,"date":"2020-12-17T16:30:56","date_gmt":"2020-12-17T15:30:56","guid":{"rendered":"https:\/\/www.homwarm.eu\/web\/vantaggi\/"},"modified":"2020-12-17T16:45:45","modified_gmt":"2020-12-17T15:45:45","slug":"pourquoi-choisir-un-seche-serviettes-electrique-hom","status":"publish","type":"page","link":"https:\/\/www.homwarm.eu\/web\/fr\/pourquoi-choisir-un-seche-serviettes-electrique-hom\/","title":{"rendered":"Pourquoi choisir un s\u00e8che-serviettes \u00e9lectrique HOM"},"content":{"rendered":"<div class=\"fusion-fullwidth fullwidth-box fusion-builder-row-1 nonhundred-percent-fullwidth non-hundred-percent-height-scrolling\" style=\"--awb-border-radius-top-left:0px;--awb-border-radius-top-right:0px;--awb-border-radius-bottom-right:0px;--awb-border-radius-bottom-left:0px;--awb-flex-wrap:wrap;\" ><div class=\"fusion-builder-row fusion-row\"><div class=\"fusion-layout-column fusion_builder_column fusion-builder-column-0 fusion_builder_column_1_1 1_1 fusion-one-full fusion-column-first fusion-column-last\" style=\"--awb-bg-size:cover;\"><div class=\"fusion-column-wrapper fusion-column-has-shadow fusion-flex-column-wrapper-legacy\"><div class=\"fusion-text fusion-text-1\"><h1>Pourquoi choisir un s\u00e8che-serviettes \u00e9lectrique HOM?<\/h1>\n<p><strong>Le premier avantage<\/strong> dans l\u2019utilisation d\u2019un s\u00e8che-serviettes \u00e9lectrique <strong>HOM<\/strong> est li\u00e9 \u00e0 la possibilit\u00e9 d\u2019exploiter pleinement la puissance chauffante d\u2019un appareil \u00e9lectrom\u00e9nager <strong>en moins de temps qu\u2019avec un radiateur \u00e0 eau classique.<\/strong><br \/>\n<strong>Un deuxi\u00e8me avantage<\/strong> de l\u2019utilisation d\u2019un radiateur \u00e9lectrique <strong>HOM<\/strong> provient de <strong>l\u2019exploitation de la production \u00e9lectrique de votre installation photovolta\u00efque<\/strong>. En fait, la majeure partie de la production \u00e9lectrique du syst\u00e8me est g\u00e9n\u00e9r\u00e9e pendant la journ\u00e9e lorsque la maison a une faible consommation d\u2019\u00e9nergie. Cette production sans accumulateurs sera dispers\u00e9e dans le r\u00e9seau alors qu\u2019elle pourrait chauffer la maison en la gardant au chaud et saine m\u00eame en journ\u00e9e.<\/p>\n<h2><strong>Pourquoi choisir un s\u00e8che-serviettes \u00e9lectrique HOM ?<\/strong><\/h2>\n<p>L\u2019avantage de choisir un s\u00e8che-serviettes \u00e9lectrique <strong>HOM<\/strong> est de garder les \u00e9ponges des peignoirs et des serviettes s\u00e8ches, m\u00eame en \u00e9t\u00e9 lorsque les s\u00e8che-serviettes chauffants hydrauliques classiques ne peuvent pas \u00eatre utilis\u00e9s. Cet appareil contribue \u00e0 r\u00e9duire consid\u00e9rablement la formation de germes et de<br \/>\nmauvaises odeurs dans la salle de bains ou la cuisine. Des \u00e9tudes r\u00e9centes montrent que les allergies ou les probl\u00e8mes respiratoires s\u2019aggravent lorsque ce risque est n\u00e9glig\u00e9.<\/p>\n<h2>Hygi\u00e8ne et sant\u00e9:<\/h2>\n<p><strong>HOM<\/strong> cr\u00e9e une gamme de produits avec la technologie de derni\u00e8re g\u00e9n\u00e9ration qui <strong>aide \u00e0 r\u00e9duire consid\u00e9rablement le probl\u00e8me des germes et de mauvaises odeurs sans<\/strong> sacrifier le c\u00f4t\u00e9 esth\u00e9tique de cet \u00e9quipement pour la maison.<\/p>\n<p><strong>1)<\/strong> Plusieurs \u00e9tudes ont montr\u00e9 que l\u2019humidit\u00e9 pr\u00e9sente dans les serviettes utilis\u00e9es pour la salle de bains et la cuisine cr\u00e9e un environnement malsain o\u00f9 nichent les bact\u00e9ries qui prolif\u00e8rent gr\u00e2ce aux conditions humides pr\u00e9sentes \u00e0 la surface des tissus pendant des heures ou des jours apr\u00e8s utilisation, g\u00e9n\u00e9rant<br \/>\n\u00e9galement de mauvaises odeurs.<\/p>\n<p><strong>2)<\/strong> Les torchons peuvent entrer en contact avec les aliments, la viande, le poisson, les l\u00e9gumes et donc les contaminer.<\/p>\n<p><strong>3)<\/strong> Chaque jour, dans la salle de bains, nous essuyons notre visage, notre corps et parfois m\u00eame le lavabo avec le m\u00eame tissu sans pr\u00eater attention au fait que sur les surfaces sur lesquelles nous passons nos mains, telles que les poign\u00e9es ou les objets que nous touchons fr\u00e9quemment, des bact\u00e9ries peuvent \u00eatre pr\u00e9sentes et cela augmente le risque d\u2019infections.<\/p>\n<p><strong>4)<\/strong> De plus, les serviettes sont pleines de cellules mortes et de flore bact\u00e9rienne de la peau, si elles sont laiss\u00e9es \u00e0 s\u00e9cher dans une salle de bains humide, elles deviennent l\u2019environnement id\u00e9al pour la reproduction des bact\u00e9ries.<\/p>\n<p><strong>5)<\/strong> Comment r\u00e9duire la formation de germes et de bact\u00e9ries pr\u00e9sents dans les serviettes et torchons de notre maison ? Utilisez un s\u00e8che-serviettes pour s\u00e9cher et garder les tissus utilis\u00e9s dans la salle de bains et la cuisine, ce qui diminue consid\u00e9rablement la prolif\u00e9ration des bact\u00e9ries nocives, \u00e9liminant \u00e9galement les<br \/>\nmauvaises odeurs dues \u00e0 l\u2019humidit\u00e9 qui sont souvent pr\u00e9sentes dans ces pi\u00e8ces de la maison.<\/p>\n<\/div><div class=\"fusion-clearfix\"><\/div><\/div><\/div><\/div><\/div>\n","protected":false},"excerpt":{"rendered":"","protected":false},"author":1,"featured_media":0,"parent":0,"menu_order":0,"comment_status":"closed","ping_status":"closed","template":"","meta":{"footnotes":""},"class_list":["post-24668","page","type-page","status-publish","hentry"],"_links":{"self":[{"href":"https:\/\/www.homwarm.eu\/web\/fr\/wp-json\/wp\/v2\/pages\/24668","targetHints":{"allow":["GET"]}}],"collection":[{"href":"https:\/\/www.homwarm.eu\/web\/fr\/wp-json\/wp\/v2\/pages"}],"about":[{"href":"https:\/\/www.homwarm.eu\/web\/fr\/wp-json\/wp\/v2\/types\/page"}],"author":[{"embeddable":true,"href":"https:\/\/www.homwarm.eu\/web\/fr\/wp-json\/wp\/v2\/users\/1"}],"replies":[{"embeddable":true,"href":"https:\/\/www.homwarm.eu\/web\/fr\/wp-json\/wp\/v2\/comments?post=24668"}],"version-history":[{"count":0,"href":"https:\/\/www.homwarm.eu\/web\/fr\/wp-json\/wp\/v2\/pages\/24668\/revisions"}],"wp:attachment":[{"href":"https:\/\/www.homwarm.eu\/web\/fr\/wp-json\/wp\/v2\/media?parent=24668"}],"curies":[{"name":"wp","href":"https:\/\/api.w.org\/{rel}","templated":true}]}}