{"id":24653,"date":"2020-12-17T15:39:54","date_gmt":"2020-12-17T14:39:54","guid":{"rendered":"https:\/\/www.homwarm.eu\/web\/dove-siamo\/"},"modified":"2020-12-17T16:10:12","modified_gmt":"2020-12-17T15:10:12","slug":"siege-social-fabrique-radiateurs-electriques-hom","status":"publish","type":"page","link":"https:\/\/www.homwarm.eu\/web\/fr\/siege-social-fabrique-radiateurs-electriques-hom\/","title":{"rendered":"Si\u00e8ge social fabrique radiateurs \u00e9lectriques HOM"},"content":{"rendered":"<div class=\"fusion-fullwidth fullwidth-box fusion-builder-row-1 nonhundred-percent-fullwidth non-hundred-percent-height-scrolling\" style=\"--awb-border-radius-top-left:0px;--awb-border-radius-top-right:0px;--awb-border-radius-bottom-right:0px;--awb-border-radius-bottom-left:0px;--awb-flex-wrap:wrap;\" ><div class=\"fusion-builder-row fusion-row\"><div class=\"fusion-layout-column fusion_builder_column fusion-builder-column-0 fusion_builder_column_1_1 1_1 fusion-one-full fusion-column-first fusion-column-last\" style=\"--awb-bg-size:cover;\"><div class=\"fusion-column-wrapper fusion-column-has-shadow fusion-flex-column-wrapper-legacy\"><div class=\"fusion-text fusion-text-1\"><p><strong><span class=\"\">HOM<\/span><\/strong><span class=\"\">\u00a0|\u00a0<\/span><span class=\"goog-text-highlight\">Adresse: Via Praglia, 15, 10044 Pianezza TO &#8211; Italie |\u00a0<\/span><strong>T\u00e9l\u00e9phone: +39011 968 3211<\/strong>\u00a0|\u00a0<span class=\"\">Courriel: info@homwarm.com<\/span><\/p>\n<\/div><iframe src=\"https:\/\/www.google.com\/maps\/embed?pb=!1m18!1m12!1m3!1d2815.4808715308222!2d7.535878615545832!3d45.11659047909841!2m3!1f0!2f0!3f0!3m2!1i1024!2i768!4f13.1!3m3!1m2!1s0x47886a058b8784bb:0x51f1d301656d1694!2sVia%20Praglia,%2015,%2010044%20Pianezza%20TO!5e0!3m2!1sit!2sit!4v1585727447839!5m2!1sit!2sit\" width=\"100%\" height=\"600\" frameborder=\"0\" style=\"border:0;\" allowfullscreen=\"\" aria-hidden=\"false\" tabindex=\"0\"><\/iframe><div class=\"fusion-text fusion-text-2\"><h3 class=\"fusion-responsive-typography-calculated\" data-fontsize=\"16\" data-lineheight=\"30.08px\"><span class=\"goog-text-highlight\">Comment rejoindre le si\u00e8ge social du<\/span> HOM<\/h3>\n<p><strong><span class=\"\">Conseils<\/span><\/strong><\/p>\n<p><strong>En avion:<\/strong>\u00a0atterrissez \u00e0 l&rsquo;a\u00e9roport de Turin Caselle et continuez en taxi ou avec une voiture de location.\u00a0HOM est \u00e0 environ 15 minutes en voiture de l&rsquo;a\u00e9roport.<\/p>\n<p><strong><span class=\"\">En taxi: HOM<\/span><\/strong><span class=\"\">\u00a0est \u00e0 environ 15 minutes en voiture du centre de Turin.<\/span><\/p>\n<p><strong><span class=\"\">En m\u00e9tro \/ bus:<\/span><\/strong><span class=\"\">\u00a0depuis la gare de Turin\u00a0<\/span><strong><span class=\"\">Porta Susa<\/span><\/strong><span class=\"\">\u00a0(environ 40 minutes)<\/span><\/p>\n<p><strong><em><span class=\"\">M1<\/span><\/em><\/strong><span class=\"\">\u00a0direction<\/span><em><span class=\"\">\u00a0m\u00e9tro<\/span><\/em><span class=\"\">\u00a0Fermi&gt;<\/span><em><span class=\"\">\u00a0Bus\u00a0<\/span><strong><span class=\"\">CP1<\/span><\/strong><\/em><span class=\"\">\u00a0direction<\/span><strong><span class=\"\">\u00a0arr\u00eat<\/span><\/strong><span class=\"\">\u00a0Musin\u00e8<\/span><strong><span class=\"\">\u00a03273 &#8211; PONENTE<\/span><\/strong><span class=\"\">\u00a0&gt; 300 m \u00e0 pied<\/span><\/p>\n<p>Billets et informations:\u00a0<a href=\"https:\/\/translate.google.com\/website?sl=it&amp;tl=fr&amp;u=http:\/\/www.gtt.to.it\/cms\/percorari\/urbano\" target=\"_blank\" rel=\"noopener noreferrer\">GTT Servizio Urbano<\/a>\u00a0&#8211;\u00a0<a href=\"https:\/\/translate.google.com\/website?sl=it&amp;tl=fr&amp;u=http:\/\/www.gtt.to.it\/cms\/biglietti-abbonamenti\/biglietti\/biglietti-carnet\" target=\"_blank\" rel=\"noopener noreferrer\">Informations sur les billets<\/a>\u00a0&#8211; +39800 019152<\/p>\n<h6>Ces instructions sont uniquement destin\u00e9es \u00e0 la planification du voyage.\u00a0Les conditions routi\u00e8res peuvent diff\u00e9rer des r\u00e9sultats de la carte en raison de travaux routiers, de la circulation, de la m\u00e9t\u00e9o ou d&rsquo;autres \u00e9v\u00e9nements.<\/h6>\n<\/div><div class=\"fusion-clearfix\"><\/div><\/div><\/div><\/div><\/div>\n","protected":false},"excerpt":{"rendered":"","protected":false},"author":1,"featured_media":0,"parent":0,"menu_order":3,"comment_status":"closed","ping_status":"closed","template":"","meta":{"footnotes":""},"class_list":["post-24653","page","type-page","status-publish","hentry"],"_links":{"self":[{"href":"https:\/\/www.homwarm.eu\/web\/fr\/wp-json\/wp\/v2\/pages\/24653","targetHints":{"allow":["GET"]}}],"collection":[{"href":"https:\/\/www.homwarm.eu\/web\/fr\/wp-json\/wp\/v2\/pages"}],"about":[{"href":"https:\/\/www.homwarm.eu\/web\/fr\/wp-json\/wp\/v2\/types\/page"}],"author":[{"embeddable":true,"href":"https:\/\/www.homwarm.eu\/web\/fr\/wp-json\/wp\/v2\/users\/1"}],"replies":[{"embeddable":true,"href":"https:\/\/www.homwarm.eu\/web\/fr\/wp-json\/wp\/v2\/comments?post=24653"}],"version-history":[{"count":0,"href":"https:\/\/www.homwarm.eu\/web\/fr\/wp-json\/wp\/v2\/pages\/24653\/revisions"}],"wp:attachment":[{"href":"https:\/\/www.homwarm.eu\/web\/fr\/wp-json\/wp\/v2\/media?parent=24653"}],"curies":[{"name":"wp","href":"https:\/\/api.w.org\/{rel}","templated":true}]}}