{"id":24634,"date":"2020-12-15T15:52:00","date_gmt":"2020-12-15T14:52:00","guid":{"rendered":"https:\/\/www.homwarm.eu\/web\/azienda\/"},"modified":"2020-12-15T16:38:43","modified_gmt":"2020-12-15T15:38:43","slug":"entreprise-hom-fabrique-seche-serviettes-et-radiateurs-electriques","status":"publish","type":"page","link":"https:\/\/www.homwarm.eu\/web\/fr\/entreprise-hom-fabrique-seche-serviettes-et-radiateurs-electriques\/","title":{"rendered":"Entreprise HOM fabrique s\u00e8che-serviettes et radiateurs \u00e9lectriques"},"content":{"rendered":"<div class=\"fusion-fullwidth fullwidth-box fusion-builder-row-1 nonhundred-percent-fullwidth non-hundred-percent-height-scrolling\" style=\"--awb-border-radius-top-left:0px;--awb-border-radius-top-right:0px;--awb-border-radius-bottom-right:0px;--awb-border-radius-bottom-left:0px;--awb-flex-wrap:wrap;\" ><div class=\"fusion-builder-row fusion-row\"><div class=\"fusion-layout-column fusion_builder_column fusion-builder-column-0 fusion_builder_column_1_1 1_1 fusion-one-full fusion-column-first fusion-column-last\" style=\"--awb-bg-size:cover;\"><div class=\"fusion-column-wrapper fusion-column-has-shadow fusion-flex-column-wrapper-legacy\"><div class=\"fusion-text fusion-text-1\"><h1>HOM fabrique s\u00e8che-serviettes et radiateurs \u00e9lectriques, HOM est n\u00e9 en utilisant une technologie propri\u00e9taire innovante<\/h1>\n<p><strong>HOM<\/strong> st une marque de <strong>ROTFIL s.r.l.<\/strong>, une entreprise de Turin qui fabrique des r\u00e9sistances \u00e9lectriques industrielles depuis les ann\u00e9es 1950. Sa principale activit\u00e9 est la production d\u2019une nouvelle g\u00e9n\u00e9ration d\u2019appareils \u00e9lectrom\u00e9nagers permettant de chauffer peignoirs, serviettes et v\u00eatements pouvant \u00eatre utilis\u00e9s en milieu professionnel ou par des particuliers.<\/p>\n<h2>Technologie exclusive sign\u00e9e HOM: le fruit de nombreuses ann\u00e9es de recherche en collaboration avec le D\u00e9partement de Science des Mat\u00e9riaux de l\u2019\u00e9cole Polytechnique de Turin<\/h2>\n<p>I <a href=\"https:\/\/www.homwarm.eu\/web\/fr\/\">produits <strong>HOM<\/strong><\/a> sont con\u00e7us comme des objets de design, avec des puissances tr\u00e8s faibles, \u00e0 partir de 40 watts.<\/p>\n<\/div><div class=\"fusion-video fusion-youtube fusion-aligncenter\" style=\"--awb-max-width:1536px;--awb-max-height:768px;--awb-width:100%;\" data-autoplay=\"1\"><div class=\"video-shortcode\"><div class=\"fluid-width-video-wrapper\" style=\"padding-top:50%;\" ><iframe title=\"YouTube video player 1\" src=\"https:\/\/www.youtube.com\/embed\/DEz4NeVso2E?wmode=transparent&autoplay=0\" width=\"1536\" height=\"768\" allowfullscreen allow=\"autoplay; clipboard-write; encrypted-media; gyroscope; picture-in-picture;\"><\/iframe><\/div><\/div><\/div><div class=\"fusion-text fusion-text-2\"><hr \/>\n<h2>Les produits HOM sont con\u00e7us comme des objets de design, avec des puissances tr\u00e8s faibles, \u00e0 partir de 40\u00a0watts.<\/h2>\n<p>Depuis 2014, <strong>HOM<\/strong> d\u00e9veloppe et fabrique en Italie un produit \u00e0 la technologie r\u00e9volutionnaire: un carreau de c\u00e9ramique fritt\u00e9 chauff\u00e9 qui re\u00e7oit une puissance \u00e9lectrique diff\u00e9rente selon son utilisation et l\u2019endroit o\u00f9 il est plac\u00e9. Ces carreaux sont au c\u0153ur des s\u00e8che-serviettes \u00e9lectriques\u00a0HOM, \u00e0 utiliser dans les maisons<br \/>\npour garder les serviettes et les peignoirs au chaud et au sec.<\/p>\n<h3>Basse consommation 100 watts. Certains s\u00e8che-serviettes HOM ne consomme que quelques centimes en 10 heures, tout comme une ampoule!<\/h3>\n<p>Les s\u00e8che-serviettes <strong>HOM<\/strong> sont con\u00e7us comme des objets de design, <strong>avec des puissances tr\u00e8s faibles de 40 watts\/200 watts<\/strong>, pour pouvoir les laisser allum\u00e9s longtemps sans affecter la consommation d\u2019\u00e9nergie.<\/p>\n<h3>Le Design est l&rsquo;\u00e2me de HOM<\/h3>\n<h4><strong>Bois, c\u00e9ramique, terre cuite, verre, acier: HOM utilise les mat\u00e9riaux les plus divers et naturels car nous pensons que la recherche de l\u2019\u00e9motion est le meilleur outil pour toucher le c\u0153ur des clients.<\/strong><\/h4>\n<h2>Radiateurs \u00e9lectriques design HOM<\/h2>\n<p>En outre, HOM a d\u00e9velopp\u00e9, en utilisant la m\u00eame technologie, une gamme de radiateurs \u00e9lectriques en bois, c\u00e9ramique, terre cuite, verre, acier (radiateurs de design), o\u00f9 le carreau chauffant est le c\u0153ur du radiateur, il est recouvert et fini avec des mat\u00e9riaux tels que l\u2019acier, la c\u00e9ramique, la terre cuite, une plaque<br \/>\nde verre \u00e0 effet miroir ou le bois de c\u00e8dre massif avec des puissances variant de 300 watts \u00e0 1 500 watts selon les besoins.<\/p>\n<h2>HOM : r\u00e9compens\u00e9e par l\u2019ADI CERAMICS DESIGN AWARD 2014<\/h2>\n<p>L\u2019<strong>ADI CERAMICS DESIGN AWARD<\/strong> 2014 a r\u00e9compens\u00e9 non seulement l\u2019innovation technologique du produit, mais aussi la mani\u00e8re dont il am\u00e9liore le design de la collection <strong>HOM<\/strong>.<\/p>\n<\/div><div class=\"fusion-clearfix\"><\/div><\/div><\/div><\/div><\/div>\n","protected":false},"excerpt":{"rendered":"","protected":false},"author":1,"featured_media":0,"parent":0,"menu_order":12,"comment_status":"closed","ping_status":"closed","template":"","meta":{"footnotes":""},"class_list":["post-24634","page","type-page","status-publish","hentry"],"_links":{"self":[{"href":"https:\/\/www.homwarm.eu\/web\/fr\/wp-json\/wp\/v2\/pages\/24634","targetHints":{"allow":["GET"]}}],"collection":[{"href":"https:\/\/www.homwarm.eu\/web\/fr\/wp-json\/wp\/v2\/pages"}],"about":[{"href":"https:\/\/www.homwarm.eu\/web\/fr\/wp-json\/wp\/v2\/types\/page"}],"author":[{"embeddable":true,"href":"https:\/\/www.homwarm.eu\/web\/fr\/wp-json\/wp\/v2\/users\/1"}],"replies":[{"embeddable":true,"href":"https:\/\/www.homwarm.eu\/web\/fr\/wp-json\/wp\/v2\/comments?post=24634"}],"version-history":[{"count":0,"href":"https:\/\/www.homwarm.eu\/web\/fr\/wp-json\/wp\/v2\/pages\/24634\/revisions"}],"wp:attachment":[{"href":"https:\/\/www.homwarm.eu\/web\/fr\/wp-json\/wp\/v2\/media?parent=24634"}],"curies":[{"name":"wp","href":"https:\/\/api.w.org\/{rel}","templated":true}]}}