{"id":23955,"date":"2020-01-16T11:20:36","date_gmt":"2020-01-16T11:20:36","guid":{"rendered":"https:\/\/www.homwarm.eu\/web\/products\/radiatore-elettrico-basso-consumo-xilo-l\/"},"modified":"2024-04-02T17:55:37","modified_gmt":"2024-04-02T15:55:37","slug":"termo-radiador-radiador-electrico-pared-xilo-l","status":"publish","type":"product","link":"https:\/\/www.homwarm.eu\/web\/es\/products\/termo-radiador-radiador-electrico-pared-xilo-l\/","title":{"rendered":"<div><strong>XILO <span style=\"color: #ff0000;\"><em>L<\/em><\/span><\/strong><\/div>"},"content":{"rendered":"<div id=\"imTextObject_63_01\">\n<div id=\"imTextObject_63_01_tab0\" data-index=\"0\">\n<div id=\"imCell_8\" data-responsive-sequence-number=\"1\">\n<div id=\"imTextObject_58_08\">\n<div id=\"imTextObject_58_08_tab0\" data-index=\"0\">\n<div id=\"imCell_8\" data-responsive-sequence-number=\"1\">\n<div id=\"imTextObject_70_08\">\n<div id=\"imTextObject_70_08_tab0\" data-index=\"0\">\n<div id=\"imTextObject_71_51\">\n<div id=\"imTextObject_71_51_tab0\" data-index=\"0\">\n<div id=\"imTextObject_14_01\">\n<div id=\"imTextObject_14_01_tab0\" data-index=\"0\">\n<div id=\"imTextObject_72_01\">\n<div id=\"imTextObject_72_01_tab0\" data-index=\"0\">\n<div id=\"imTextObject_16_01\">\n<div id=\"imTextObject_16_01_tab0\" data-index=\"0\">\n<div id=\"imTextObject_59_01\">\n<div id=\"imTextObject_59_01_tab0\" data-index=\"0\">\n<div id=\"imTextObject_61_01\">\n<div id=\"imTextObject_61_01_tab0\" data-index=\"0\">\n<div id=\"imTextObject_64_01\">\n<div id=\"imTextObject_64_01_tab0\" data-index=\"0\">\n<div id=\"imTextObject_77_27\">\n<div id=\"imTextObject_77_27_tab0\" data-index=\"0\">\n<div id=\"imTextObject_65_01\">\n<div id=\"imTextObject_65_01_tab0\" data-index=\"0\">\n<div id=\"imCell_27\" data-responsive-sequence-number=\"3\">\n<div id=\"imTextObject_68_27\">\n<div id=\"imTextObject_68_27_tab0\" data-index=\"0\">\n<div>\n<div id=\"imCell_27\" data-responsive-sequence-number=\"2\">\n<div id=\"imTextObject_69_27\">\n<div id=\"imTextObject_69_27_tab0\" data-index=\"0\">\n<div><strong>XILO <span style=\"color: #ff0000;\"><em>L<\/em><\/span><\/strong><\/div>\n<\/div>\n<\/div>\n<\/div>\n<\/div>\n<\/div>\n<\/div>\n<\/div>\n<div id=\"imCell_26\" data-responsive-sequence-number=\"5\">\n<div id=\"imTableObject_68_26\">\n<div id=\"imTableObject_68_26_tab0\" data-index=\"0\">\n<div id=\"imCell_26\" data-responsive-sequence-number=\"5\">\n<div id=\"imTableObject_76_26\">\n<div id=\"imCell_27\" data-responsive-sequence-number=\"2\">\n<div id=\"imTextObject_77_27\">\n<div id=\"imTextObject_77_27_tab0\" data-index=\"0\">\n<h3>RADIADOR EL\u00c9CTRICO PARED<\/h3>\n<div>La madera que calefacciona y decora.<\/div>\n<div><\/div>\n<div><strong>XILO\u00a0<em><span style=\"color: #ff0000;\">L<\/span><\/em> <\/strong>es un <strong><a href=\"https:\/\/www.homwarm.eu\/web\/es\/\">radiador electrico pared &#8211; radiador el\u00e9ctrico de bajo consumo &#8211;<\/a><\/strong> hecho <strong>de madera de cedro robusta y fragante<\/strong>, que contiene tecnolog\u00eda <strong>HOM<\/strong> en su interior. Propuesto en 2 potencias diferentes con dimensiones duplicadas en comparaci\u00f3n con el XILO 500.<br \/>\nUn objeto \u00fanico con el color y la geometr\u00eda de la madera que se calienta por radiaci\u00f3n y movimiento convectivo, liberando un aroma agradable.<\/div>\n<div><\/div>\n<div><strong>XILO <em><span style=\"color: #ff0000;\">L<\/span><\/em><\/strong> est\u00e1 disponible en 2 potencias diferentes:<br \/>\n700 Watt &#8211; 1000 Watt<\/div>\n<div><\/div>\n<div><strong>Acabado:<br \/>\n<\/strong>Tratamiento de cera natural<\/div>\n<div>\n<p><strong>Accesorios:<br \/>\n<\/strong><strong>1)<\/strong> Toallero de acero cepillado<br \/>\n<strong>2)<\/strong> Termostatos (ver p\u00e1gina de accesorios)<\/p>\n<\/div>\n<div>\n<p><strong>Modelos:<br \/>\n<\/strong><strong>1) <\/strong>Con cable de alimentaci\u00f3n y enchufe<br \/>\n<strong>2)<\/strong> Con conexi\u00f3n directa a la pared<\/p>\n<\/div>\n<\/div>\n<\/div>\n<\/div>\n<div id=\"imCell_26\" data-responsive-sequence-number=\"5\">\n<div id=\"imTableObject_77_26\">\n<div id=\"imTableObject_77_26_tab0\" data-index=\"0\">\n<table width=\"886\" data-minrequestedwidth=\"581\" data-computedwidth=\"581\">\n<tbody>\n<tr>\n<td>Modelo<\/td>\n<td>\n<div>Base<\/div>\n<\/td>\n<td>Altura<\/td>\n<td>Profundidad<\/td>\n<td>\n<div>Rendimiento t\u00e9rmico<\/div>\n<\/td>\n<td>\n<div>Volt<\/div>\n<\/td>\n<td>\n<div>Peso Neto<\/div>\n<\/td>\n<\/tr>\n<tr>\n<td>\n<div><strong>XILO <span style=\"color: #ff0000;\"><em>L<\/em><\/span><\/strong> 700<\/div>\n<\/td>\n<td>\n<div>450 mm<\/div>\n<\/td>\n<td>\n<div>1470 mm<\/div>\n<\/td>\n<td>\n<div>100 mm<\/div>\n<\/td>\n<td>\n<div>700 Watt<\/div>\n<\/td>\n<td>\n<div>220 \/ 240<\/div>\n<div>110 \/ 120<\/div>\n<\/td>\n<td>\n<div>25 Kg<\/div>\n<\/td>\n<\/tr>\n<tr>\n<td>\n<div><strong>XILO <span style=\"color: #ff0000;\"><em>L<\/em><\/span><\/strong> 1000<\/div>\n<\/td>\n<td>\n<div>\n<div>450 mm<\/div>\n<\/div>\n<\/td>\n<td>\n<div>\n<div>1470 mm<\/div>\n<\/div>\n<\/td>\n<td>\n<div>\n<div>100 mm<\/div>\n<\/div>\n<\/td>\n<td>\n<div>\n<div>1000 Watt<\/div>\n<\/div>\n<\/td>\n<td>\n<div>\n<div>220 \/ 240<\/div>\n<div>110 \/ 120<\/div>\n<\/div>\n<\/td>\n<td>\n<div>25 Kg<\/div>\n<\/td>\n<\/tr>\n<\/tbody>\n<\/table>\n<div class=\"fusion-button-wrapper\"><a class=\"fusion-button button-flat fusion-button-default-size button-default fusion-button-default button-1 fusion-button-default-span fusion-button-default-type\" target=\"_self\" href=\"https:\/\/www.homwarm.eu\/web\/wp-content\/uploads\/2020\/01\/scheda-tecnica-xilo-l.pdf\"><span class=\"fusion-button-text awb-button__text awb-button__text--default\">Ficha t\u00e9cnica<\/span><\/a><\/div>\n<div class=\"fusion-button-wrapper\"><a class=\"fusion-button button-flat fusion-button-default-size button-default fusion-button-default button-2 fusion-button-default-span fusion-button-default-type\" target=\"_self\" href=\"https:\/\/www.homwarm.eu\/web\/wp-content\/uploads\/2020\/01\/XILO-L-vert-FR-ES-MANUALE-TECNICO-OPUSCOLO.pdf\"><span class=\"fusion-button-text awb-button__text awb-button__text--default\">Instrucciones de montaje<\/span><\/a><\/div>\n<p><strong><br \/>\nNotas t\u00e9cnicas y certificaciones:<\/strong><br \/>\nCLASE DE AISLAMIENTO CL.I CL. II &#8211; GRADO DE PROTECCI\u00d3N IP 24 &#8211; NORMAS EN60335-1 &#8211; EN60335-2-30 &#8211; EN55014-1 &#8211; EN55014-2 &#8211; CE<\/p>\n<\/div>\n<\/div>\n<\/div>\n<\/div>\n<\/div>\n<\/div>\n<\/div>\n<\/div>\n<\/div>\n<\/div>\n<\/div>\n<\/div>\n<\/div>\n<\/div>\n<\/div>\n<\/div>\n<\/div>\n<\/div>\n<\/div>\n<\/div>\n<\/div>\n<\/div>\n<\/div>\n<\/div>\n<\/div>\n<\/div>\n<\/div>\n<\/div>\n<\/div>\n<div id=\"imCell_17\" data-responsive-sequence-number=\"2\">\n<div id=\"imTextObject_70_17\">\n<div id=\"imTextObject_70_17_tab0\" data-index=\"0\">\n<div id=\"imCell_18\" data-responsive-sequence-number=\"5\">\n<div id=\"imTableObject_70_18\">\n<div id=\"imTableObject_70_18_tab0\" data-index=\"0\">\n<div>\n<div id=\"imCell_72\" data-responsive-sequence-number=\"8\">\n<div id=\"imTableObject_59_72\">\n<div id=\"imTableObject_59_72_tab0\" data-index=\"0\">\n<div>\n<div id=\"imCell_22\" data-responsive-sequence-number=\"6\">\n<div id=\"imTableObject_64_22\">\n<div id=\"imTableObject_64_22_tab0\" data-index=\"0\">\n<div>\n<div id=\"imCell_26\" data-responsive-sequence-number=\"5\">\n<div id=\"imTableObject_77_26\">\n<div id=\"imTableObject_77_26_tab0\" data-index=\"0\">\n<p>&nbsp;<\/p>\n<\/div>\n<\/div>\n<\/div>\n<\/div>\n<\/div>\n<\/div>\n<\/div>\n<\/div>\n<\/div>\n<\/div>\n<\/div>\n<\/div>\n<\/div>\n<\/div>\n<\/div>\n<\/div>\n<\/div>\n<\/div>\n<\/div>\n<\/div>\n<\/div>\n<\/div>\n<\/div>\n","protected":false},"excerpt":{"rendered":"<p>RADIADOR ELECTRICO<\/p>\n<p><a href=\"https:\/\/www.homwarm.eu\/web\/es\/\">Termo radiador<\/a> HOM &#8211; La madera que calefacciona y que amuebla<\/p>\n<p>Radiadores el\u00e9ctricos de madera ideal como calefacci\u00f3n y para decorar su hogar.<\/p>\n","protected":false},"featured_media":21143,"template":"","meta":[],"product_brand":[],"product_cat":[170],"product_tag":[238,239,240,241,242,243],"class_list":{"0":"post-23955","1":"product","2":"type-product","3":"status-publish","4":"has-post-thumbnail","6":"product_cat-radiadores-electricos-de-madera-hom","7":"product_tag-offers-2-es","8":"product_tag-review-2-es","9":"product_tag-aggregaterating-2-es","10":"product_tag-radiatori-elettrici-es","11":"product_tag-termoarredi-es","12":"product_tag-riscaldamento-elettrico-es","14":"first","15":"instock","16":"shipping-taxable","17":"product-type-simple"},"_links":{"self":[{"href":"https:\/\/www.homwarm.eu\/web\/es\/wp-json\/wp\/v2\/product\/23955","targetHints":{"allow":["GET"]}}],"collection":[{"href":"https:\/\/www.homwarm.eu\/web\/es\/wp-json\/wp\/v2\/product"}],"about":[{"href":"https:\/\/www.homwarm.eu\/web\/es\/wp-json\/wp\/v2\/types\/product"}],"wp:featuredmedia":[{"embeddable":true,"href":"https:\/\/www.homwarm.eu\/web\/es\/wp-json\/wp\/v2\/media\/21143"}],"wp:attachment":[{"href":"https:\/\/www.homwarm.eu\/web\/es\/wp-json\/wp\/v2\/media?parent=23955"}],"wp:term":[{"taxonomy":"product_brand","embeddable":true,"href":"https:\/\/www.homwarm.eu\/web\/es\/wp-json\/wp\/v2\/product_brand?post=23955"},{"taxonomy":"product_cat","embeddable":true,"href":"https:\/\/www.homwarm.eu\/web\/es\/wp-json\/wp\/v2\/product_cat?post=23955"},{"taxonomy":"product_tag","embeddable":true,"href":"https:\/\/www.homwarm.eu\/web\/es\/wp-json\/wp\/v2\/product_tag?post=23955"}],"curies":[{"name":"wp","href":"https:\/\/api.w.org\/{rel}","templated":true}]}}