{"id":23860,"date":"2020-01-14T11:27:04","date_gmt":"2020-01-14T11:27:04","guid":{"rendered":"https:\/\/www.homwarm.eu\/web\/products\/scaldasalviette-elettrico-in-acciaio-shield-100\/"},"modified":"2024-04-04T10:47:05","modified_gmt":"2024-04-04T08:47:05","slug":"radiador-toallero-electrico-en-acero","status":"publish","type":"product","link":"https:\/\/www.homwarm.eu\/web\/es\/products\/radiador-toallero-electrico-en-acero\/","title":{"rendered":"SHIELD 100"},"content":{"rendered":"<div>\n<div id=\"imTextObject_63_01\">\n<div id=\"imTextObject_63_01_tab0\" data-index=\"0\">\n<div>\n<h3><strong>SHIELD 100<br \/>\n<\/strong><a href=\"https:\/\/www.homwarm.eu\/web\">RADIADOR TOALLERO EL\u00c9CTRICO EN ACERO<\/a><\/h3>\n<div>\n<p>Oggetto iconico e funzionale<\/p>\n<p><strong>SHIELD 100<\/strong> es un <strong>calentador de toallas el\u00e9ctrico<\/strong> en acero pintado con un dise\u00f1o refinado y funcional. Se colocar\u00e1 de toallero junto al lavabo o la ducha para mantener el ba\u00f1o caliente y seco.<\/p>\n<p><strong>Acabado disponible:<br \/>\n<\/strong>V<span class=\"cf1\">erniciatura ecologica satinata antigraffio<\/span><\/p>\n<\/div>\n<\/div>\n<div>\n<p><strong>Modelos:<br \/>\n1)<\/strong> Versi\u00f3n con cable de alimentaci\u00f3n y enchufe<br \/>\n<strong>2)<\/strong> Versi\u00f3n con conexi\u00f3n directa a la pared<\/p>\n<\/div>\n<\/div>\n<\/div>\n<\/div>\n<div>\n<div id=\"imCellStyleBorders_19\">\n<table style=\"height: 66px;\" width=\"876\" data-minrequestedwidth=\"554\" data-computedwidth=\"554\">\n<tbody>\n<tr>\n<td>Di\u00e1metro base<\/td>\n<td>Di\u00e1metro externo<\/td>\n<td>Profundidad<\/td>\n<td>Rendimiento t\u00e9rmico<\/td>\n<td>\n<div>Volt<\/div>\n<\/td>\n<td>\n<div>Peso Neto<\/div>\n<\/td>\n<\/tr>\n<tr>\n<td>\n<div>300 mm<\/div>\n<\/td>\n<td>\n<div>457 mm<\/div>\n<\/td>\n<td>\n<div>180 mm<\/div>\n<\/td>\n<td>\n<div>100 Watt<\/div>\n<\/td>\n<td>\n<div>220 \/ 240<\/div>\n<div>110 \/ 120<\/div>\n<\/td>\n<td>\n<div>6 Kg<\/div>\n<\/td>\n<\/tr>\n<\/tbody>\n<\/table>\n<\/div>\n<p><div class=\"fusion-button-wrapper\"><a class=\"fusion-button button-flat fusion-button-default-size button-default fusion-button-default button-1 fusion-button-default-span fusion-button-default-type\" target=\"_self\" href=\"https:\/\/www.homwarm.eu\/web\/wp-content\/uploads\/2020\/01\/Scheda-tecnica-SHIELD100-Hom-ITA.pdf\"><span class=\"fusion-button-text awb-button__text awb-button__text--default\">Ficha T\u00e9cnica<\/span><\/a><\/div> <div class=\"fusion-button-wrapper\"><a class=\"fusion-button button-flat fusion-button-default-size button-default fusion-button-default button-2 fusion-button-default-span fusion-button-default-type\" target=\"_self\" href=\"https:\/\/www.homwarm.eu\/web\/wp-content\/uploads\/2020\/01\/Shield100-FR-ES-MANUALE_TECNICO-OPUSCOLO.pdf\"><span class=\"fusion-button-text awb-button__text awb-button__text--default\">Instrucciones de montaje<\/span><\/a><\/div><\/p>\n<p><strong><br \/>\nColores disponibles<\/strong> pintura satinada resistente a los roces:<br \/>\n<img data-opt-id=1695686284  fetchpriority=\"high\" decoding=\"async\" class=\"alignnone size-full wp-image-22473\" src=\"https:\/\/mlilev7bln6g.i.optimole.com\/cb:gVOz.8a9\/w:auto\/h:auto\/q:mauto\/f:best\/https:\/\/www.homwarm.eu\/web\/wp-content\/uploads\/2020\/01\/RAL-9010-Avorio-1.jpg\" alt=\"\" width=\"301\" height=\"42\" title=\"\"><br \/>\n<img data-opt-id=231327439  fetchpriority=\"high\" decoding=\"async\" class=\"alignnone size-full wp-image-22478\" src=\"https:\/\/mlilev7bln6g.i.optimole.com\/cb:gVOz.8a9\/w:auto\/h:auto\/q:mauto\/f:best\/https:\/\/www.homwarm.eu\/web\/wp-content\/uploads\/2019\/12\/RAL-7021-Asfalto.jpg\" alt=\"\" width=\"301\" height=\"42\" title=\"\" srcset=\"https:\/\/mlilev7bln6g.i.optimole.com\/cb:gVOz.8a9\/w:200\/h:28\/q:mauto\/f:best\/https:\/\/www.homwarm.eu\/web\/wp-content\/uploads\/2019\/12\/RAL-7021-Asfalto.jpg 200w, https:\/\/mlilev7bln6g.i.optimole.com\/cb:gVOz.8a9\/w:301\/h:42\/q:mauto\/f:best\/https:\/\/www.homwarm.eu\/web\/wp-content\/uploads\/2019\/12\/RAL-7021-Asfalto.jpg 301w\" sizes=\"(max-width: 301px) 100vw, 301px\" \/><br \/>\n<img data-opt-id=1431771014  data-opt-src=\"https:\/\/mlilev7bln6g.i.optimole.com\/cb:gVOz.8a9\/w:auto\/h:auto\/q:mauto\/f:best\/https:\/\/www.homwarm.eu\/web\/wp-content\/uploads\/2020\/01\/RAL5022-Blu-Mare.jpg\"  decoding=\"async\" class=\"alignnone size-full wp-image-22652\" src=\"data:image/svg+xml,%3Csvg%20viewBox%3D%220%200%20100%%20100%%22%20width%3D%22100%%22%20height%3D%22100%%22%20xmlns%3D%22http%3A%2F%2Fwww.w3.org%2F2000%2Fsvg%22%3E%3Crect%20width%3D%22100%%22%20height%3D%22100%%22%20fill%3D%22transparent%22%2F%3E%3C%2Fsvg%3E\" alt=\"\" width=\"300\" height=\"41\" title=\"\" old-srcset=\"https:\/\/mlilev7bln6g.i.optimole.com\/cb:gVOz.8a9\/w:200\/h:27\/q:mauto\/f:best\/https:\/\/www.homwarm.eu\/web\/wp-content\/uploads\/2020\/01\/RAL5022-Blu-Mare.jpg 200w, https:\/\/mlilev7bln6g.i.optimole.com\/cb:gVOz.8a9\/w:300\/h:41\/q:mauto\/f:best\/https:\/\/www.homwarm.eu\/web\/wp-content\/uploads\/2020\/01\/RAL5022-Blu-Mare.jpg 300w\" \/><img data-opt-id=2114139105  data-opt-src=\"https:\/\/www.homwarm.com\/images\/RAL7021-Asfalto.jpg\"  decoding=\"async\" title=\"\" src=\"data:image/svg+xml,%3Csvg%20viewBox%3D%220%200%20100%%20100%%22%20width%3D%22100%%22%20height%3D%22100%%22%20xmlns%3D%22http%3A%2F%2Fwww.w3.org%2F2000%2Fsvg%22%3E%3Crect%20width%3D%22100%%22%20height%3D%22100%%22%20fill%3D%22transparent%22%2F%3E%3C%2Fsvg%3E\" alt=\"\"><br \/>\n<img data-opt-id=1485985406  data-opt-src=\"https:\/\/www.homwarm.com\/images\/RAL5003-Blu-Cina.jpg\"  decoding=\"async\" title=\"\" src=\"data:image/svg+xml,%3Csvg%20viewBox%3D%220%200%20100%%20100%%22%20width%3D%22100%%22%20height%3D%22100%%22%20xmlns%3D%22http%3A%2F%2Fwww.w3.org%2F2000%2Fsvg%22%3E%3Crect%20width%3D%22100%%22%20height%3D%22100%%22%20fill%3D%22transparent%22%2F%3E%3C%2Fsvg%3E\" alt=\"\"><\/p>\n<div><strong>Notas t\u00e9cnicas y certificaciones:<\/strong><br \/>\nCLASE DE AISLAMIENTO CL.I CL. II &#8211; GRADO DE PROTECCI\u00d3N IP 24 &#8211; NORMAS EN60335-1 &#8211; EN60335-2-43 &#8211; EN55014-1 &#8211; EN55014-2 &#8211; CE<\/div>\n<\/div>\n","protected":false},"excerpt":{"rendered":"<div>\n<h3>RADIADOR TOALLERO EL\u00c9CTRICO<\/h3>\n<\/div>\n<div>\n<p>Objeto ic\u00f3nico y funcional<\/p>\n<p>Un objeto ic\u00f3nico que da una buena impresi\u00f3n de s\u00ed mismo, pero que se enciende hace mucho m\u00e1s.<\/p>\n<\/div>\n","protected":false},"featured_media":20710,"template":"","meta":[],"product_brand":[],"product_cat":[173],"product_tag":[228,238,239,240],"class_list":{"0":"post-23860","1":"product","2":"type-product","3":"status-publish","4":"has-post-thumbnail","6":"product_cat-radiadores-toalleros-electricos-en-acero-hom","7":"product_tag-scaldasalviette-elettrico","8":"product_tag-offers-2-es","9":"product_tag-review-2-es","10":"product_tag-aggregaterating-2-es","12":"first","13":"instock","14":"shipping-taxable","15":"product-type-simple"},"_links":{"self":[{"href":"https:\/\/www.homwarm.eu\/web\/es\/wp-json\/wp\/v2\/product\/23860","targetHints":{"allow":["GET"]}}],"collection":[{"href":"https:\/\/www.homwarm.eu\/web\/es\/wp-json\/wp\/v2\/product"}],"about":[{"href":"https:\/\/www.homwarm.eu\/web\/es\/wp-json\/wp\/v2\/types\/product"}],"wp:featuredmedia":[{"embeddable":true,"href":"https:\/\/www.homwarm.eu\/web\/es\/wp-json\/wp\/v2\/media\/20710"}],"wp:attachment":[{"href":"https:\/\/www.homwarm.eu\/web\/es\/wp-json\/wp\/v2\/media?parent=23860"}],"wp:term":[{"taxonomy":"product_brand","embeddable":true,"href":"https:\/\/www.homwarm.eu\/web\/es\/wp-json\/wp\/v2\/product_brand?post=23860"},{"taxonomy":"product_cat","embeddable":true,"href":"https:\/\/www.homwarm.eu\/web\/es\/wp-json\/wp\/v2\/product_cat?post=23860"},{"taxonomy":"product_tag","embeddable":true,"href":"https:\/\/www.homwarm.eu\/web\/es\/wp-json\/wp\/v2\/product_tag?post=23860"}],"curies":[{"name":"wp","href":"https:\/\/api.w.org\/{rel}","templated":true}]}}