{"id":30496,"date":"2020-03-12T19:53:05","date_gmt":"2020-03-12T18:53:05","guid":{"rendered":"https:\/\/www.homwarm.eu\/web\/catalogo-prodotti-hom-download\/"},"modified":"2026-01-08T16:06:02","modified_gmt":"2026-01-08T15:06:02","slug":"catalogo-pdf-de-los-productos-hom-radiadores-y-secatoallas","status":"publish","type":"page","link":"https:\/\/www.homwarm.eu\/web\/es\/catalogo-pdf-de-los-productos-hom-radiadores-y-secatoallas\/","title":{"rendered":"Download"},"content":{"rendered":"<div class=\"fusion-fullwidth fullwidth-box fusion-builder-row-1 nonhundred-percent-fullwidth non-hundred-percent-height-scrolling\" style=\"--awb-border-radius-top-left:0px;--awb-border-radius-top-right:0px;--awb-border-radius-bottom-right:0px;--awb-border-radius-bottom-left:0px;--awb-flex-wrap:wrap;\" ><div class=\"fusion-builder-row fusion-row\"><div class=\"fusion-layout-column fusion_builder_column fusion-builder-column-0 fusion_builder_column_1_1 1_1 fusion-one-full fusion-column-first fusion-column-last\" style=\"--awb-bg-size:cover;\"><div class=\"fusion-column-wrapper fusion-column-has-shadow fusion-flex-column-wrapper-legacy\"><div class=\"fusion-text fusion-text-1\" style=\"--awb-text-transform:none;\"><h1 class=\"fusion-responsive-typography-calculated\" data-fontsize=\"50\" data-lineheight=\"60px\"><span class=\"VIpgJd-yAWNEb-VIpgJd-fmcmS-sn54Q\">Descargas<\/span><\/h1>\n<p>Navegue dentro de la secci\u00f3n, encontrar\u00e1 la \u00faltima versi\u00f3n de los cat\u00e1logos, materiales de soporte t\u00e9cnico y materiales de comunicaci\u00f3n.<\/p>\n<hr \/>\n<h2 class=\"fusion-responsive-typography-calculated\" data-fontsize=\"38\" data-lineheight=\"47.88px\"><strong>Cat\u00e1logo\u00a0<a href=\"https:\/\/www.homwarm.eu\/pdf\/es\">de productos HOM<\/a>\u00a0( pdf )<\/strong><\/h2>\n<h3 class=\"fusion-responsive-typography-calculated\" data-fontsize=\"16\" data-lineheight=\"30.08px\">Haga clic aqu\u00ed &gt;\u00a0\u00a0<a href=\"https:\/\/www.homwarm.eu\/pdf\/es\">para descargar el CAT\u00c1LOGO PDF 2026 de los productos HOM<\/a><\/h3>\n<hr \/>\n<h2 class=\"fusion-responsive-typography-calculated\" data-fontsize=\"38\" data-lineheight=\"47.88px\">Colores\u00a0<strong>HOM<\/strong>\u00a0(pdf) |resina |\u00a0acero |\u00a0cer\u00e1mico<\/h2>\n<h3 class=\"fusion-responsive-typography-calculated\" data-fontsize=\"16\" data-lineheight=\"30.08px\">Haga clic aqu\u00ed &gt;\u00a0\u00a0<a href=\"https:\/\/www-homwarm-eu.translate.goog\/web\/wp-content\/uploads\/2020\/07\/HOM-resin-steel-ceramic-colours-v4a.pdf?_x_tr_sl=en&amp;_x_tr_tl=es&amp;_x_tr_hl=es&amp;_x_tr_pto=wapp\" target=\"_blank\" rel=\"noopener noreferrer\">para descargar el archivo PDF \u2013 HOM-colores-resina-acero-cer\u00e1mica<\/a><\/h3>\n<\/div><div class=\"fusion-clearfix\"><\/div><\/div><\/div><\/div><\/div>\n","protected":false},"excerpt":{"rendered":"","protected":false},"author":1,"featured_media":0,"parent":0,"menu_order":6,"comment_status":"closed","ping_status":"closed","template":"","meta":{"footnotes":""},"class_list":["post-30496","page","type-page","status-publish","hentry"],"_links":{"self":[{"href":"https:\/\/www.homwarm.eu\/web\/es\/wp-json\/wp\/v2\/pages\/30496","targetHints":{"allow":["GET"]}}],"collection":[{"href":"https:\/\/www.homwarm.eu\/web\/es\/wp-json\/wp\/v2\/pages"}],"about":[{"href":"https:\/\/www.homwarm.eu\/web\/es\/wp-json\/wp\/v2\/types\/page"}],"author":[{"embeddable":true,"href":"https:\/\/www.homwarm.eu\/web\/es\/wp-json\/wp\/v2\/users\/1"}],"replies":[{"embeddable":true,"href":"https:\/\/www.homwarm.eu\/web\/es\/wp-json\/wp\/v2\/comments?post=30496"}],"version-history":[{"count":0,"href":"https:\/\/www.homwarm.eu\/web\/es\/wp-json\/wp\/v2\/pages\/30496\/revisions"}],"wp:attachment":[{"href":"https:\/\/www.homwarm.eu\/web\/es\/wp-json\/wp\/v2\/media?parent=30496"}],"curies":[{"name":"wp","href":"https:\/\/api.w.org\/{rel}","templated":true}]}}