{"id":25531,"date":"2020-03-12T20:03:03","date_gmt":"2020-03-12T19:03:03","guid":{"rendered":"https:\/\/www.homwarm.eu\/web\/faq\/"},"modified":"2021-05-11T17:47:11","modified_gmt":"2021-05-11T15:47:11","slug":"faq","status":"publish","type":"page","link":"https:\/\/www.homwarm.eu\/web\/es\/faq\/","title":{"rendered":"FAQ"},"content":{"rendered":"<div class=\"fusion-fullwidth fullwidth-box fusion-builder-row-1 nonhundred-percent-fullwidth non-hundred-percent-height-scrolling\" style=\"--awb-border-radius-top-left:0px;--awb-border-radius-top-right:0px;--awb-border-radius-bottom-right:0px;--awb-border-radius-bottom-left:0px;--awb-flex-wrap:wrap;\" ><div class=\"fusion-builder-row fusion-row\"><div class=\"fusion-layout-column fusion_builder_column fusion-builder-column-0 fusion_builder_column_1_1 1_1 fusion-one-full fusion-column-first fusion-column-last\" style=\"--awb-bg-size:cover;\"><div class=\"fusion-column-wrapper fusion-column-has-shadow fusion-flex-column-wrapper-legacy\"><div class=\"fusion-text fusion-text-1\"><h1 class=\"fusion-responsive-typography-calculated\" data-fontsize=\"50\" data-lineheight=\"60px\">Preguntas m\u00e1s frecuentes<\/h1>\n<h2>En esta secci\u00f3n puede encontrar algunas de las preguntas m\u00e1s frecuentes relacionadas con los productos <strong>HOM<\/strong><\/h2>\n<hr \/>\n<p><span style=\"color: #0000ff;\"><strong>P. \u00bfLos radiadores el\u00e9ctricos y los calentadores de toallas HOM son de fabricaci\u00f3n italiana?<\/strong><\/span><\/p>\n<p><strong>R.<\/strong> <b>S\u00ed, los<\/b>\u00a0radiadores y calentadores de toallas\u00a0<b>HOM son producidos en la f\u00e1brica ubicada en la provincia de Tur\u00edn (Italia)<\/b> por una de las principales empresas europeas productoras de resistencias el\u00e9ctricas.<\/p>\n<hr \/>\n<p><span style=\"color: #0000ff;\"><strong>P.<\/strong> \u00bfEn qu\u00e9 se\u00a0diferencia\u00a0<b>HOM<\/b>\u00a0de otros radiadores el\u00e9ctricos y calentadores de toallas en el mercado<\/span><span style=\"color: #0000ff;\"><strong>?<\/strong><\/span><\/p>\n<p><strong>R<\/strong><strong>.<\/strong> <b>HOM, una nueva generaci\u00f3n de elementos calefactores,\u00a0<\/b><strong>radiadores \u00fanicos\u00a0<\/strong><b>.\u00a0Los productos HOM se diferencian<\/b>\u00a0\u00a0de otros radiadores el\u00e9ctricos y calentadores de toallas en el mercado en t\u00e9rminos de dise\u00f1o, materiales, facilidad de uso, tecnolog\u00eda y caracter\u00edsticas innovadoras.<\/p>\n<p><strong>&#8211;<\/strong>\u00a0El\u00a0refinado\u00a0<b>dise\u00f1o<\/b>, el uso de materiales como\u00a0<strong>madera, cer\u00e1mica, terracota, vidrio, acero\u00a0\u00a0<\/strong><b>y un consumo muy reducido<\/b> hacen que los radiadores y secatoallas sean \u00fanicos y aptos para calentar en cualquier tipo de ambiente.<\/p>\n<p><strong>&#8211;<\/strong>\u00a0Los\u00a0<a href=\"\/web?page_id=16880\">radiadores\u00a0\u00a0<strong>HOM <\/strong><\/a>utilizan una &#8216;innovadora pieza cer\u00e1mica sinterizada &#8211; tecnolog\u00eda exclusiva <b>HOM<\/b>\u00a0, resultado de muchos a\u00f1os de investigaci\u00f3n\u00a0<b>en colaboraci\u00f3n con el Departamento de Ciencia del Politecnico di Torino <\/b>&#8211; incorpora en su interior un calentador el\u00e9ctrico,\u00a0<b>una tecnolog\u00eda HOM exclusiva<\/b>\u00a0\u00a0que representa una de las tecnolog\u00edas m\u00e1s avanzadas en el campo de la calefacci\u00f3n el\u00e9ctrica.<\/p>\n<hr \/>\n<div>\n<p><span style=\"color: #0000ff;\"><span style=\"color: #0000ff;\"><strong>P<\/strong>. \u00bfLos productos\u00a0<strong>HOM<\/strong>\u00a0requieren un mantenimiento especial?<\/span><\/span><\/p>\n<p><strong>R<\/strong><strong>. <\/strong><strong>Los<\/strong>\u00a0productos\u00a0<strong>HOM<\/strong>\u00a0no requieren ning\u00fan mantenimiento especial.\u00a0<strong>Nunca use solventes o productos abrasivos para limpiarlo.<\/strong><\/p>\n<p><strong>Para desempolvarlo, cuando hace fr\u00edo, utilice un pa\u00f1o suave y seco.<\/strong><\/p>\n<hr \/>\n<div>\n<p><span style=\"color: #0000ff;\"><strong>P<\/strong>. \u00a0\u00bfC\u00f3mo se instalan los productos\u00a0<strong>HOM<\/strong><strong>?<\/strong><\/span><\/p>\n<p><strong>R<\/strong><strong>.<\/strong> La instalaci\u00f3n de los productos\u00a0<strong>HOM<\/strong>\u00a0es una simple operaci\u00f3n de bricolaje: es suficiente, para todos los modelos de cable m\u00e1s enchufe, seguir las instrucciones de los manuales de instalaci\u00f3n suministrados en los paquetes o disponibles en el sitio web homwarm.com.\u00a0En algunos casos, en productos conectados a la pared, es posible que deba consultar a un electricista calificado antes de la instalaci\u00f3n.<\/p>\n<\/div>\n<\/div>\n<div>\n<hr \/>\n<\/div>\n<div>\n<p><span style=\"color: #0000ff;\"><span style=\"color: #0000ff;\"><strong>P.<\/strong> \u00bfSe pueden controlar los\u00a0productos\u00a0<strong>HOM<\/strong>\u00a0desde tel\u00e9fonos inteligentes a trav\u00e9s de aplicaciones<strong>\u00a0?<\/strong><\/span><\/span><\/p>\n<p><strong>R<\/strong><strong>.<\/strong> S\u00ed, muchos productos HOM\u00a0\u00a0<strong>son compatibles<\/strong> (comun\u00edquese con el personal de HOM para obtener detalles sobre los modelos y la compatibilidad) con diferentes termostatos o dispositivos wifi para controlar radiadores en el mercado y eventualmente pueden ser controlados por tel\u00e9fonos inteligentes a trav\u00e9s de las aplicaciones respectivas instaladas en los dispositivos m\u00f3viles.<\/p>\n<div>\n<hr \/>\n<\/div>\n<div>\n<p><span style=\"color: #0000ff;\"><strong>D.<\/strong> \u00bfCu\u00e1l es el plazo dentro del cual se puede hacer cumplir la\u00a0\u00a0<strong>garant\u00eda\u00a0<\/strong>\u00a0de los productos\u00a0\u00a0<strong>HOM?<\/strong><\/span><\/p>\n<p><strong>R<\/strong><strong>.<\/strong> Como<b>\u00a0<\/b>fabricante,\u00a0<b>HOM\u00a0<\/b>ofrece <b>dos a\u00f1os<\/b> <b>de garant\u00eda convencional\u00a0 <\/b>desde la fecha\u00a0<b>de\u00a0<\/b>compra &#8211; presente en la factura de compra &#8211; para todos los <b>productos<\/b><b>.<\/b><\/p>\n<div>\n<hr \/>\n<\/div>\n<div>\n<p><span style=\"color: #0000ff;\"><strong>P.<\/strong> \u00bfC\u00f3mo puedo\u00a0\u00a0<strong>reclamar\u00a0<\/strong>\u00a0la garant\u00eda de los productos\u00a0\u00a0<strong>HOM?<\/strong><br \/>\n<\/span><\/p>\n<p><strong>R<\/strong><strong>.<\/strong> Para solicitar la garant\u00eda, por favor contacte el staff de <strong>HOM a<\/strong>\u00a0trav\u00e9s de\u00a0<a href=\"\/web?page_id=22331\">la p\u00e1gina de contacto<\/a> y escriba en el t\u00edtulo del mensaje la palabra \u00abgarant\u00eda\u00bb; adem\u00e1s, env\u00ede una copia de la factura fiscal de compra a info@homwarm.com. El equipo de asistencia de\u00a0<strong>HOM<\/strong>\u00a0se\u00a0encargar\u00e1 del resto\u00a0y te mantendr\u00e1 informado al respecto.<\/p>\n<\/div>\n<\/div>\n<\/div>\n<div>\n<div>\n<hr \/>\n<\/div>\n<div>\n<p><span style=\"color: #0000ff;\"><span style=\"color: #0000ff;\"><strong>P.<\/strong> \u00bfCu\u00e1nto cuestan y d\u00f3nde puedo pedir \/ comprar productos\u00a0<b>HOM<\/b><strong>?<\/strong><\/span><\/span><\/p>\n<p><strong>R<\/strong><strong>. <\/strong>Para informaci\u00f3n sobre distribuidores o para encontrar el punto de venta de\u00a0<b>HOM<\/b> m\u00e1s cercano , cont\u00e1ctese con el\u00a0 <b>equipo de asistencia de HOM a trav\u00e9s del correo electr\u00f3nico info@homwarm.com, +39345344 8555 en WhatsApp o por tel\u00e9fono: 011968 3211<\/b><\/p>\n<div>Puede encontrar radiadores\u00a0<b>decorativos HOM<\/b>\u00a0en\u00a0<strong>m\u00e1s de 50 tiendas enItalia | Estados Unidos De America | Rusia | Pa\u00edses Bajos | Israel | Grecia | Alemania | Francia | Espa\u00f1a | Emiratos \u00c1rabes Unidos | China | L\u00edbano | India | Rep\u00fablica Checa | Luxenburgo | Austria y muchos otros pa\u00edses<\/strong>\u00a0.<\/div>\n<div>\n<p>Por \u00faltimo, puedes consultar la p\u00e1gina de <a href=\"\/web?page_id=22400\"><strong>DISTRIBUIDORES<\/strong> <\/a>para encontrar el punto de venta m\u00e1s cercano<\/p>\n<\/div>\n<\/div>\n<\/div>\n<div>\n<div>\n<hr \/>\n<p><span style=\"color: #0000ff;\"><strong>P<\/strong><\/span><span style=\"color: #0000ff;\"><strong>.<\/strong> \u00bfTiene una sala de exposici\u00f3n de productos\u00a0<b>HOM<\/b> en sus instalaciones<strong>?<\/strong><\/span><\/p>\n<\/div>\n<\/div>\n<div>\n<p><strong>R<\/strong><strong>.<\/strong> S\u00ed, tenemos una sala de exposici\u00f3n en nuestra sede de producci\u00f3n y otras en algunos de nuestros distribuidores. Para obtener m\u00e1s detalles, comun\u00edquese con el\u00a0<b>equipo de asistencia de HOM por correo electr\u00f3nico info@homwarm.com o por tel\u00e9fono: 011968 3211<\/b><\/p>\n<\/div>\n<div>\n<hr \/>\n<p><span style=\"color: #0000ff;\"><strong>P<\/strong>. \u00bfC\u00f3mo puedo obtener un\u00a0<strong>folleto, lista de precios o cat\u00e1logo en l\u00ednea de productos HOM<\/strong><strong>?<\/strong><\/span><\/p>\n<p><strong>R<\/strong><strong>. <\/strong>Ponte en contacto con el <b>equipo de asistencia de HOM a trav\u00e9s del correo electr\u00f3nico info@homwarm.com, +39 345 344 8555 en WhatsApp o en el Tel\u00e9fono: 011 968 3211<\/b>\u00a0y te enviaremos un folleto, lista de precios o cat\u00e1logo online de productos\u00a0<b>HOM<\/b>\u00a0.<\/p>\n<p>Tambi\u00e9n puede descargar el\u00a0<strong>\u00faltimo cat\u00e1logo HOM\u00a0<\/strong><a href=\"\/web?page_id=22415#\"><strong>HACIENDO CLIC AQU\u00cd<\/strong><\/a><\/p>\n<\/div>\n<div>\n<hr \/>\n<\/div>\n<div>\n<p><span style=\"color: #0000ff;\"><span style=\"color: #0000ff;\"><strong>P.<\/strong> Prefiero hablar con alguien que leer el sitio web, \u00bfpuedo hacer eso<strong>?<\/strong><\/span><\/span><\/p>\n<p><strong>R<\/strong><strong>.<\/strong> S\u00ed, claro, contacta con el\u00a0<b>equipo de asistencia de HOM a trav\u00e9s del correo electr\u00f3nico info@homwarm.com, +39345344 8555 en WhatsApp o por tel\u00e9fono: 011968 3211<\/b><\/p>\n<\/div>\n<\/div><div class=\"fusion-clearfix\"><\/div><\/div><\/div><\/div><\/div>\n","protected":false},"excerpt":{"rendered":"","protected":false},"author":1,"featured_media":0,"parent":0,"menu_order":7,"comment_status":"closed","ping_status":"closed","template":"","meta":{"footnotes":""},"class_list":["post-25531","page","type-page","status-publish","hentry"],"_links":{"self":[{"href":"https:\/\/www.homwarm.eu\/web\/es\/wp-json\/wp\/v2\/pages\/25531","targetHints":{"allow":["GET"]}}],"collection":[{"href":"https:\/\/www.homwarm.eu\/web\/es\/wp-json\/wp\/v2\/pages"}],"about":[{"href":"https:\/\/www.homwarm.eu\/web\/es\/wp-json\/wp\/v2\/types\/page"}],"author":[{"embeddable":true,"href":"https:\/\/www.homwarm.eu\/web\/es\/wp-json\/wp\/v2\/users\/1"}],"replies":[{"embeddable":true,"href":"https:\/\/www.homwarm.eu\/web\/es\/wp-json\/wp\/v2\/comments?post=25531"}],"version-history":[{"count":0,"href":"https:\/\/www.homwarm.eu\/web\/es\/wp-json\/wp\/v2\/pages\/25531\/revisions"}],"wp:attachment":[{"href":"https:\/\/www.homwarm.eu\/web\/es\/wp-json\/wp\/v2\/media?parent=25531"}],"curies":[{"name":"wp","href":"https:\/\/api.w.org\/{rel}","templated":true}]}}