{"id":25526,"date":"2020-03-05T15:47:38","date_gmt":"2020-03-05T14:47:38","guid":{"rendered":"https:\/\/www.homwarm.eu\/web\/tecnologia\/"},"modified":"2021-05-11T16:31:50","modified_gmt":"2021-05-11T14:31:50","slug":"tecnologia","status":"publish","type":"page","link":"https:\/\/www.homwarm.eu\/web\/es\/tecnologia\/","title":{"rendered":"Tecnolog\u00eda"},"content":{"rendered":"<div class=\"fusion-fullwidth fullwidth-box fusion-builder-row-1 nonhundred-percent-fullwidth non-hundred-percent-height-scrolling\" style=\"--awb-border-radius-top-left:0px;--awb-border-radius-top-right:0px;--awb-border-radius-bottom-right:0px;--awb-border-radius-bottom-left:0px;--awb-flex-wrap:wrap;\" ><div class=\"fusion-builder-row fusion-row\"><div class=\"fusion-layout-column fusion_builder_column fusion-builder-column-0 fusion_builder_column_1_1 1_1 fusion-one-full fusion-column-first fusion-column-last\" style=\"--awb-bg-size:cover;\"><div class=\"fusion-column-wrapper fusion-column-has-shadow fusion-flex-column-wrapper-legacy\"><div class=\"fusion-text fusion-text-1\"><h1 class=\"fusion-responsive-typography-calculated\" data-fontsize=\"50\" data-lineheight=\"60px\"><strong>Caracter\u00edsticas t\u00e9cnicas<\/strong><\/h1>\n<p><strong>Los<\/strong>\u00a0productos\u00a0<strong>HOM<\/strong>\u00a0utilizan una innovadora loseta sinterizada que incorpora una resistencia el\u00e9ctrica en el interior;\u00a0una tecnolog\u00eda patentada nacida despu\u00e9s de tres a\u00f1os de investigaci\u00f3n en colaboraci\u00f3n con el departamento de ciencia de materiales del Polit\u00e9cnico de Tur\u00edn que\u00a0<strong>representa la tecnolog\u00eda m\u00e1s avanzada en el campo de la calefacci\u00f3n el\u00e9ctrica<\/strong>\u00a0.\u00a0Aislamiento clase 2 (dispositivos intr\u00ednsecamente seguros porque est\u00e1n equipados con doble aislamiento el\u00e9ctrico para la construcci\u00f3n).\u00a0Aislamiento diel\u00e9ctrico superior a 3000 V. Absorci\u00f3n de agua &lt;0,1% tras 24 horas de inmersi\u00f3n.<\/p>\n<h2><strong>HOM <\/strong><strong>se preocupa por las superficies &#8230; y su temperatur<\/strong><strong>a<\/strong><\/h2>\n<p><strong>Los<\/strong>\u00a0productos\u00a0<strong>HOM<\/strong> han sido concebidos y dise\u00f1ados para transferir la m\u00e1xima cantidad de calor a los objetos a trav\u00e9s de las superficies en el menor tiempo posible. En las im\u00e1genes se detecta la secuencia con termograf\u00eda infrarroja del secado y posterior calentamiento de una una toalla h\u00fameda colocada sobre SHIELD.<\/p>\n<p><img data-opt-id=59884520  fetchpriority=\"high\" decoding=\"async\" class=\"alignnone size-large wp-image-22392\" src=\"https:\/\/mlilev7bln6g.i.optimole.com\/cb:gVOz.8a9\/w:1024\/h:179\/q:mauto\/f:best\/https:\/\/www.homwarm.eu\/web\/wp-content\/uploads\/2020\/03\/immagini-la-sequenza-rilevata-con-termografia-all’infrarosso.jpg\" alt=\"\" width=\"1024\" height=\"179\" title=\"\" srcset=\"https:\/\/mlilev7bln6g.i.optimole.com\/cb:gVOz.8a9\/w:200\/h:35\/q:mauto\/f:best\/https:\/\/www.homwarm.eu\/web\/wp-content\/uploads\/2020\/03\/immagini-la-sequenza-rilevata-con-termografia-all\u2019infrarosso.jpg 200w, https:\/\/mlilev7bln6g.i.optimole.com\/cb:gVOz.8a9\/w:300\/h:52\/q:mauto\/f:best\/https:\/\/www.homwarm.eu\/web\/wp-content\/uploads\/2020\/03\/immagini-la-sequenza-rilevata-con-termografia-all\u2019infrarosso.jpg 300w, https:\/\/mlilev7bln6g.i.optimole.com\/cb:gVOz.8a9\/w:400\/h:70\/q:mauto\/f:best\/https:\/\/www.homwarm.eu\/web\/wp-content\/uploads\/2020\/03\/immagini-la-sequenza-rilevata-con-termografia-all\u2019infrarosso.jpg 400w, https:\/\/mlilev7bln6g.i.optimole.com\/cb:gVOz.8a9\/w:500\/h:87\/q:mauto\/f:best\/https:\/\/www.homwarm.eu\/web\/wp-content\/uploads\/2020\/03\/immagini-la-sequenza-rilevata-con-termografia-all\u2019infrarosso.jpg 500w, https:\/\/mlilev7bln6g.i.optimole.com\/cb:gVOz.8a9\/w:600\/h:105\/q:mauto\/f:best\/https:\/\/www.homwarm.eu\/web\/wp-content\/uploads\/2020\/03\/immagini-la-sequenza-rilevata-con-termografia-all\u2019infrarosso.jpg 600w, https:\/\/mlilev7bln6g.i.optimole.com\/cb:gVOz.8a9\/w:700\/h:122\/q:mauto\/f:best\/https:\/\/www.homwarm.eu\/web\/wp-content\/uploads\/2020\/03\/immagini-la-sequenza-rilevata-con-termografia-all\u2019infrarosso.jpg 700w, https:\/\/mlilev7bln6g.i.optimole.com\/cb:gVOz.8a9\/w:768\/h:134\/q:mauto\/f:best\/https:\/\/www.homwarm.eu\/web\/wp-content\/uploads\/2020\/03\/immagini-la-sequenza-rilevata-con-termografia-all\u2019infrarosso.jpg 768w, https:\/\/mlilev7bln6g.i.optimole.com\/cb:gVOz.8a9\/w:800\/h:140\/q:mauto\/f:best\/https:\/\/www.homwarm.eu\/web\/wp-content\/uploads\/2020\/03\/immagini-la-sequenza-rilevata-con-termografia-all\u2019infrarosso.jpg 800w, https:\/\/mlilev7bln6g.i.optimole.com\/cb:gVOz.8a9\/w:1024\/h:179\/q:mauto\/f:best\/https:\/\/www.homwarm.eu\/web\/wp-content\/uploads\/2020\/03\/immagini-la-sequenza-rilevata-con-termografia-all\u2019infrarosso.jpg 1024w, https:\/\/mlilev7bln6g.i.optimole.com\/cb:gVOz.8a9\/w:1200\/h:210\/q:mauto\/f:best\/https:\/\/www.homwarm.eu\/web\/wp-content\/uploads\/2020\/03\/immagini-la-sequenza-rilevata-con-termografia-all\u2019infrarosso.jpg 1200w, https:\/\/mlilev7bln6g.i.optimole.com\/cb:gVOz.8a9\/w:1536\/h:269\/q:mauto\/f:best\/https:\/\/www.homwarm.eu\/web\/wp-content\/uploads\/2020\/03\/immagini-la-sequenza-rilevata-con-termografia-all\u2019infrarosso.jpg 1536w, https:\/\/mlilev7bln6g.i.optimole.com\/cb:gVOz.8a9\/w:1606\/h:281\/q:mauto\/f:best\/https:\/\/www.homwarm.eu\/web\/wp-content\/uploads\/2020\/03\/immagini-la-sequenza-rilevata-con-termografia-all\u2019infrarosso.jpg 1606w\" sizes=\"(max-width: 1024px) 100vw, 1024px\" \/><\/p>\n<h2>HOM tambi\u00e9n est\u00e1 atento al ahorro de energ\u00eda y la conservaci\u00f3n del calor<\/h2>\n<p>Con la energ\u00eda de una bombilla de 100 W, <strong>HOM\u00a0<\/strong><strong>calienta tu ropa y la calienta en pocos minutos.<\/strong><br \/>\nLa inercia t\u00e9rmica del material con el que est\u00e1 construido el elemento calefactor y las t\u00e9cnicas de construcci\u00f3n nos\u00a0<strong>permiten desprender calor durante decenas de minutos despu\u00e9s del apagado<\/strong><strong>.<\/strong><\/p>\n<\/div><div class=\"fusion-clearfix\"><\/div><\/div><\/div><\/div><\/div>\n","protected":false},"excerpt":{"rendered":"","protected":false},"author":1,"featured_media":0,"parent":0,"menu_order":6,"comment_status":"closed","ping_status":"closed","template":"","meta":{"footnotes":""},"class_list":["post-25526","page","type-page","status-publish","hentry"],"_links":{"self":[{"href":"https:\/\/www.homwarm.eu\/web\/es\/wp-json\/wp\/v2\/pages\/25526","targetHints":{"allow":["GET"]}}],"collection":[{"href":"https:\/\/www.homwarm.eu\/web\/es\/wp-json\/wp\/v2\/pages"}],"about":[{"href":"https:\/\/www.homwarm.eu\/web\/es\/wp-json\/wp\/v2\/types\/page"}],"author":[{"embeddable":true,"href":"https:\/\/www.homwarm.eu\/web\/es\/wp-json\/wp\/v2\/users\/1"}],"replies":[{"embeddable":true,"href":"https:\/\/www.homwarm.eu\/web\/es\/wp-json\/wp\/v2\/comments?post=25526"}],"version-history":[{"count":0,"href":"https:\/\/www.homwarm.eu\/web\/es\/wp-json\/wp\/v2\/pages\/25526\/revisions"}],"wp:attachment":[{"href":"https:\/\/www.homwarm.eu\/web\/es\/wp-json\/wp\/v2\/media?parent=25526"}],"curies":[{"name":"wp","href":"https:\/\/api.w.org\/{rel}","templated":true}]}}