{"id":25275,"date":"2021-03-23T13:52:46","date_gmt":"2021-03-23T12:52:46","guid":{"rendered":"https:\/\/www.homwarm.eu\/web\/visita-virtuale-presso-lo-showroom-hom-direttamente-dalla-sede-produttiva\/"},"modified":"2021-03-30T13:20:12","modified_gmt":"2021-03-30T11:20:12","slug":"visita-virtual-a-la-sala-de-exposicion-de-hom-directamente-desde-el-sitio-de-produccion","status":"publish","type":"page","link":"https:\/\/www.homwarm.eu\/web\/es\/visita-virtual-a-la-sala-de-exposicion-de-hom-directamente-desde-el-sitio-de-produccion\/","title":{"rendered":"Visita virtual a la sala de exposici\u00f3n de HOM directamente desde el sitio de producci\u00f3n"},"content":{"rendered":"<div class=\"fusion-fullwidth fullwidth-box fusion-builder-row-1 nonhundred-percent-fullwidth non-hundred-percent-height-scrolling\" style=\"--awb-border-radius-top-left:0px;--awb-border-radius-top-right:0px;--awb-border-radius-bottom-right:0px;--awb-border-radius-bottom-left:0px;--awb-flex-wrap:wrap;\" ><div class=\"fusion-builder-row fusion-row\"><div class=\"fusion-layout-column fusion_builder_column fusion-builder-column-0 fusion_builder_column_1_1 1_1 fusion-one-full fusion-column-first fusion-column-last\" style=\"--awb-bg-size:cover;\"><div class=\"fusion-column-wrapper fusion-column-has-shadow fusion-flex-column-wrapper-legacy\"><div class=\"fusion-text fusion-text-1\"><h1>Reserve una reuni\u00f3n virtual<\/h1>\n<h2><strong>Un servicio de soporte exclusivo en tiempo real dirigido a nuestros revendedores. Los consultores comerciales de HOM est\u00e1n especializados en orientar la elecci\u00f3n de radiadores para su hogar o espacios habitables.<\/strong><\/h2>\n<div>\n<p>\u00a1Pongase de acuerdo con ellos para una consulta personalizada gratuita!<\/p>\n<h2>Con motivo de la visita virtual a trav\u00e9s de WHATSAPP VIDEO CALL en HOM hablar\u00e1s<\/h2>\n<p>&#8211; Sus deseos y sus necesidades en cuanto a radiadores y radiadores toalleros el\u00e9ctricos.<br \/>\n&#8211; De propuestas, materiales, colores y modelos.<br \/>\n&#8211; Se le mostrar\u00e1 el PUNTO DE VENTAS HOM m\u00e1s cercano a usted.<\/p>\n<p>\u00a1Estamos ansiosos por conocerte!<\/p>\n<h2>Complete el formulario de reserva* reuni\u00f3n<\/h2>\n<p><a href=\"https:\/\/www.homwarm.eu\/appo\/index.php\">RESERVE UNA V\u00cdDEO LLAMADA AHORA<\/a><\/p>\n<p><iframe style=\"overflow: hidden; height: 1000px; width: 100%;\" src=\"https:\/\/www.homwarm.eu\/appo\/index.php\" width=\"100%\" height=\"100%\" frameborder=\"0\"><\/iframe><\/p>\n<\/div>\n<div>\n<p><span style=\"color: #0000ff;\"><span style=\"color: #0000ff;\">Prefiero hablar con alguien, \u00bfpuedo hacerlo?<\/span><\/span><\/p>\n<p><strong>R<\/strong><strong>.<\/strong> S\u00ed, por supuesto, contacte con el equipo de asistencia de HOM a trav\u00e9s del correo electr\u00f3nico info@homwarm.com, +39345344 8555 en WhatsApp o por tel\u00e9fono: +39 011968 3211<\/p>\n<p>* Un operador del equipo de asistencia de HOM verificar\u00e1 su reserva y confirmar\u00e1 su cita.<\/p>\n<\/div>\n<\/div><div class=\"fusion-clearfix\"><\/div><\/div><\/div><\/div><\/div>\n","protected":false},"excerpt":{"rendered":"","protected":false},"author":1,"featured_media":0,"parent":0,"menu_order":0,"comment_status":"closed","ping_status":"closed","template":"","meta":{"footnotes":""},"class_list":["post-25275","page","type-page","status-publish","hentry"],"_links":{"self":[{"href":"https:\/\/www.homwarm.eu\/web\/es\/wp-json\/wp\/v2\/pages\/25275","targetHints":{"allow":["GET"]}}],"collection":[{"href":"https:\/\/www.homwarm.eu\/web\/es\/wp-json\/wp\/v2\/pages"}],"about":[{"href":"https:\/\/www.homwarm.eu\/web\/es\/wp-json\/wp\/v2\/types\/page"}],"author":[{"embeddable":true,"href":"https:\/\/www.homwarm.eu\/web\/es\/wp-json\/wp\/v2\/users\/1"}],"replies":[{"embeddable":true,"href":"https:\/\/www.homwarm.eu\/web\/es\/wp-json\/wp\/v2\/comments?post=25275"}],"version-history":[{"count":0,"href":"https:\/\/www.homwarm.eu\/web\/es\/wp-json\/wp\/v2\/pages\/25275\/revisions"}],"wp:attachment":[{"href":"https:\/\/www.homwarm.eu\/web\/es\/wp-json\/wp\/v2\/media?parent=25275"}],"curies":[{"name":"wp","href":"https:\/\/api.w.org\/{rel}","templated":true}]}}