{"id":24225,"date":"2020-03-03T12:30:16","date_gmt":"2020-03-03T11:30:16","guid":{"rendered":"https:\/\/www.homwarm.eu\/web\/contatti\/"},"modified":"2020-09-03T15:06:40","modified_gmt":"2020-09-03T13:06:40","slug":"contactos","status":"publish","type":"page","link":"https:\/\/www.homwarm.eu\/web\/es\/contactos\/","title":{"rendered":"Contactos"},"content":{"rendered":"<div class=\"fusion-fullwidth fullwidth-box fusion-builder-row-1 nonhundred-percent-fullwidth non-hundred-percent-height-scrolling\" style=\"--awb-border-radius-top-left:0px;--awb-border-radius-top-right:0px;--awb-border-radius-bottom-right:0px;--awb-border-radius-bottom-left:0px;--awb-flex-wrap:wrap;\" ><div class=\"fusion-builder-row fusion-row\"><div class=\"fusion-layout-column fusion_builder_column fusion-builder-column-0 fusion_builder_column_1_1 1_1 fusion-one-full fusion-column-first fusion-column-last\" style=\"--awb-bg-size:cover;--awb-margin-top:0px;--awb-margin-bottom:0px;\"><div class=\"fusion-column-wrapper fusion-flex-column-wrapper-legacy\">\n<div class=\"wpcf7 no-js\" id=\"wpcf7-f24254-o1\" lang=\"es-ES\" dir=\"ltr\" data-wpcf7-id=\"24254\">\n<div class=\"screen-reader-response\"><p role=\"status\" aria-live=\"polite\" aria-atomic=\"true\"><\/p> <ul><\/ul><\/div>\n<form action=\"\/web\/es\/wp-json\/wp\/v2\/pages\/24225#wpcf7-f24254-o1\" method=\"post\" class=\"wpcf7-form init\" aria-label=\"Formulario de contacto\" enctype=\"multipart\/form-data\" novalidate=\"novalidate\" data-status=\"init\">\n<fieldset class=\"hidden-fields-container\"><input type=\"hidden\" name=\"_wpcf7\" value=\"24254\" \/><input type=\"hidden\" name=\"_wpcf7_version\" value=\"6.1.5\" \/><input type=\"hidden\" name=\"_wpcf7_locale\" value=\"es_ES\" \/><input type=\"hidden\" name=\"_wpcf7_unit_tag\" value=\"wpcf7-f24254-o1\" \/><input type=\"hidden\" name=\"_wpcf7_container_post\" value=\"0\" \/><input type=\"hidden\" name=\"_wpcf7_posted_data_hash\" value=\"\" \/><input type=\"hidden\" name=\"_wpcf7_recaptcha_response\" value=\"\" \/>\n<\/fieldset>\n<p>HOM | Direcci\u00f3n: Via Praglia, 15, 10044 Pianezza TO - Italia | Tel\u00e9fono: +39 011 968 3211 | Correo electr\u00f3nico: info@homwarm.com\n<\/p>\n<p>Complete el formulario, un miembro del personal de HOM le responder\u00e1 lo antes posible.\n<\/p>\n<p><label> Su nombre (obligatorio)<br \/>\n<span class=\"wpcf7-form-control-wrap\" data-name=\"your-name\"><input size=\"40\" maxlength=\"400\" class=\"wpcf7-form-control wpcf7-text wpcf7-validates-as-required\" aria-required=\"true\" aria-invalid=\"false\" value=\"\" type=\"text\" name=\"your-name\" \/><\/span> <\/label>\n<\/p>\n<p><label> Su correo electr\u00f3nico (obligatorio)<br \/>\n<span class=\"wpcf7-form-control-wrap\" data-name=\"your-email\"><input size=\"40\" maxlength=\"400\" class=\"wpcf7-form-control wpcf7-email wpcf7-validates-as-required wpcf7-text wpcf7-validates-as-email\" aria-required=\"true\" aria-invalid=\"false\" value=\"\" type=\"email\" name=\"your-email\" \/><\/span> <\/label>\n<\/p>\n<p><label> Objeto<br \/>\n<span class=\"wpcf7-form-control-wrap\" data-name=\"your-subject\"><input size=\"40\" maxlength=\"400\" class=\"wpcf7-form-control wpcf7-text\" aria-invalid=\"false\" value=\"\" type=\"text\" name=\"your-subject\" \/><\/span> <\/label>\n<\/p>\n<p><label> Tu mensaje<br \/>\n<span class=\"wpcf7-form-control-wrap\" data-name=\"your-message\"><textarea cols=\"40\" rows=\"10\" maxlength=\"2000\" class=\"wpcf7-form-control wpcf7-textarea\" aria-invalid=\"false\" name=\"your-message\"><\/textarea><\/span> <\/label>\n<\/p>\n<p>Adjunto (.pdf .jpg .png) <span class=\"wpcf7-form-control-wrap\" data-name=\"file-379\"><input size=\"40\" class=\"wpcf7-form-control wpcf7-file\" accept=\".pdf,.jpg,.png\" aria-invalid=\"false\" type=\"file\" name=\"file-379\" \/><\/span>\n<\/p>\n<p><span class=\"wpcf7-form-control-wrap\" data-name=\"acceptance-949\"><span class=\"wpcf7-form-control wpcf7-acceptance\"><span class=\"wpcf7-list-item\"><label><input type=\"checkbox\" name=\"acceptance-949\" value=\"1\" aria-invalid=\"false\" \/><span class=\"wpcf7-list-item-label\">Al marcar esta casilla, confirma que ha le\u00eddo y aceptado nuestros t\u00e9rminos de uso relacionados con el almacenamiento de datos enviados a trav\u00e9s de este formulario.<a href=\"https:\/\/www.homwarm.eu\/web\/privacy-policy\" target=\"_blank\"> LEER Pol\u00edtica de privacidad<\/a><\/span><\/label><\/span><\/span><\/span>\n<\/p>\n<p><input class=\"wpcf7-form-control wpcf7-submit has-spinner\" type=\"submit\" value=\"ENVIAR\" \/>\n<\/p><div class=\"fusion-alert alert custom alert-custom fusion-alert-center wpcf7-response-output fusion-alert-capitalize awb-alert-native-link-color alert-dismissable awb-alert-close-boxed\" style=\"--awb-border-top-left-radius:0px;--awb-border-top-right-radius:0px;--awb-border-bottom-left-radius:0px;--awb-border-bottom-right-radius:0px;\" role=\"alert\"><div class=\"fusion-alert-content-wrapper\"><span class=\"fusion-alert-content\"><\/span><\/div><button type=\"button\" class=\"close toggle-alert\" data-dismiss=\"alert\" aria-label=\"Close\">&times;<\/button><\/div>\n<\/form>\n<\/div>\n<div class=\"fusion-text fusion-text-1\"><h2 data-fontsize=\"16\" data-lineheight=\"30.08px\"><\/h2>\n<hr \/>\n<h2 data-fontsize=\"16\" data-lineheight=\"30.08px\"><a href=\"\/web?page_id=23018\">Cont\u00e1ctanos<\/a> a trav\u00e9s del formulario de contacto.<\/h2>\n<h3 data-fontsize=\"16\" data-lineheight=\"30.08px\">P\u00f3ngase en contacto <b>con el equipo de asistencia de <a href=\"\/web?page_id=22335\">HOM<\/a> por correo electr\u00f3nico info@homwarm.com, +39 345 344 8555 en WhatsApp o al Telefono: 011968 3211<\/b>\u00a0y le enviaremos un folleto, lista de precios o cat\u00e1logo online de productos\u00a0<b>HOM<\/b><\/h3>\n<hr \/>\n<h3 class=\"fusion-responsive-typography-calculated\" data-fontsize=\"16\" data-lineheight=\"30.08px\"><a href=\"\/web?page_id=22400#storelocator\">Encuentra la tienda HOM m\u00e1s cercana a ti<\/a>\u00a0|\u00a0<a href=\"\/web?page_id=22403\">Convi\u00e9rtase en distribuidor, revendedor HOM<\/a><\/h3>\n<\/div><div class=\"fusion-clearfix\"><\/div><\/div><\/div><\/div><\/div>\n","protected":false},"excerpt":{"rendered":"","protected":false},"author":1,"featured_media":0,"parent":0,"menu_order":70,"comment_status":"closed","ping_status":"closed","template":"","meta":{"footnotes":""},"class_list":["post-24225","page","type-page","status-publish","hentry"],"_links":{"self":[{"href":"https:\/\/www.homwarm.eu\/web\/es\/wp-json\/wp\/v2\/pages\/24225","targetHints":{"allow":["GET"]}}],"collection":[{"href":"https:\/\/www.homwarm.eu\/web\/es\/wp-json\/wp\/v2\/pages"}],"about":[{"href":"https:\/\/www.homwarm.eu\/web\/es\/wp-json\/wp\/v2\/types\/page"}],"author":[{"embeddable":true,"href":"https:\/\/www.homwarm.eu\/web\/es\/wp-json\/wp\/v2\/users\/1"}],"replies":[{"embeddable":true,"href":"https:\/\/www.homwarm.eu\/web\/es\/wp-json\/wp\/v2\/comments?post=24225"}],"version-history":[{"count":0,"href":"https:\/\/www.homwarm.eu\/web\/es\/wp-json\/wp\/v2\/pages\/24225\/revisions"}],"wp:attachment":[{"href":"https:\/\/www.homwarm.eu\/web\/es\/wp-json\/wp\/v2\/media?parent=24225"}],"curies":[{"name":"wp","href":"https:\/\/api.w.org\/{rel}","templated":true}]}}