{"id":24216,"date":"2020-09-01T15:19:03","date_gmt":"2020-09-01T13:19:03","guid":{"rendered":"https:\/\/www.homwarm.eu\/web\/distribuidores\/"},"modified":"2021-02-04T15:44:45","modified_gmt":"2021-02-04T14:44:45","slug":"distribuidores-autorizados-hom","status":"publish","type":"page","link":"https:\/\/www.homwarm.eu\/web\/es\/distribuidores-autorizados-hom\/","title":{"rendered":"Distribuidores"},"content":{"rendered":"<div class=\"fusion-fullwidth fullwidth-box fusion-builder-row-1 nonhundred-percent-fullwidth non-hundred-percent-height-scrolling\" style=\"--awb-border-radius-top-left:0px;--awb-border-radius-top-right:0px;--awb-border-radius-bottom-right:0px;--awb-border-radius-bottom-left:0px;--awb-flex-wrap:wrap;\" ><div class=\"fusion-builder-row fusion-row\"><div class=\"fusion-layout-column fusion_builder_column fusion-builder-column-0 fusion_builder_column_1_1 1_1 fusion-one-full fusion-column-first fusion-column-last\" style=\"--awb-bg-size:cover;\"><div class=\"fusion-column-wrapper fusion-column-has-shadow fusion-flex-column-wrapper-legacy\"><div class=\"fusion-text fusion-text-1\"><h3><a href=\"#storelocator\">Encuentra la tienda HOM m\u00e1s cercana a ti<\/a> | <a href=\"\/web?page_id=22403\">Convi\u00e9rtase en distribuidor o revendedor de HOM<\/a><\/h3>\n<\/div><div class=\"fusion-text fusion-text-2\"><hr \/>\n<h1><strong>Red de distribuidores, revendedores<\/strong><\/h1>\n<p><strong>A lo largo de los a\u00f1os, HOM ha creado una red en constante expansi\u00f3n de distribuidores y revendedores que destacan por su seriedad y calidad.<\/strong><\/p>\n<p><strong>HOM<\/strong> est\u00e1 presente en todo el mundo con distribuidores autorizados especializados fuertemente orientados a sus necesidades. De esta forma podr\u00e1 encontrar cerca de usted toda la calidad de los productos <b>HOM<\/b>y la profesionalidad de la red de distribuci\u00f3n.<\/p>\n<h3><strong><a href=\"https:\/\/www.homwarm.eu\/web\">ITALIA<\/a> | ESTADOS UNIDOS DE AM\u00c9RICA | <a href=\"https:\/\/www.homwarm.eu\/web\">RUSIA<\/a> | PA\u00cdSES BAJOS | ISRAEL | GRECIA | ALEMANIA | FRANCIA | ESPA\u00d1A | EMIRATOS \u00c1RABES UNIDOS | <a href=\"https:\/\/www.homwarm.eu\/web\/zh-hans\/\">CHINA<\/a> | L\u00cdBANO | INDIA | REP\u00daBLICA CHECA | LUXENBURGO | AUSTRI<\/strong><strong>A <\/strong><\/h3>\n<p>Para encontrar su distribuidor <strong>HOM<\/strong>m\u00e1s cercano o si est\u00e1 interesado en convertirse en distribuidor, <a href=\"\/web?page_id=22331\"><b>pongase en contacto con el staff de servicio de HOM. Contatta el team di Servicio al Cliente HOM<\/b><\/a><\/p>\n<p><b>E-mail: info@homwarm.com<\/b><a id=\"storelocator\"><\/a><\/p>\n<p><b>Tel. +39 345 344 8555 (WhatsApp)<\/b><\/p>\n<p><b>Telefono: +39 011968 3211<\/b><\/p>\n<\/div><div class=\"fusion-text fusion-text-3\"><h2>PUNTOS DE VENTA HOM<\/h2>\n<hr \/>\n<h2><\/h2>\n<\/div><style>\r\n\t#wpsl-stores .wpsl-store-thumb {height:45px !important; width:45px !important;}\r\n\t#wpsl-stores, #wpsl-direction-details, #wpsl-gmap {height:350px !important;}\r\n\t#wpsl-gmap .wpsl-info-window {max-width:225px !important;}\r\n\t.wpsl-input label, #wpsl-radius label, #wpsl-category label {width:95px;}\r\n\t#wpsl-search-input  {width:179px;}\r\n<\/style>\r\n<div id=\"wpsl-wrap\">\r\n\t<div class=\"wpsl-search wpsl-clearfix \">\r\n\t\t<div id=\"wpsl-search-wrap\">\r\n\t\t\t<form autocomplete=\"off\">\r\n\t\t\t<div class=\"wpsl-input\">\r\n\t\t\t\t<div><label for=\"wpsl-search-input\">Tu ubicaci\u00f3n<\/label><\/div>\r\n\t\t\t\t<input id=\"wpsl-search-input\" type=\"text\" value=\"\" name=\"wpsl-search-input\" placeholder=\"\" aria-required=\"true\" \/>\r\n\t\t\t<\/div>\r\n\t\t\t<div class=\"wpsl-select-wrap\">\r\n\t\t\t\t<div id=\"wpsl-radius\">\r\n\t\t\t\t\t<label for=\"wpsl-radius-dropdown\">Radio de b\u00fasqueda<\/label>\r\n\t\t\t\t\t<select id=\"wpsl-radius-dropdown\" class=\"wpsl-dropdown\" name=\"wpsl-radius\">\r\n\t\t\t\t\t\t<option value=\"10\">10 km<\/option><option value=\"25\">25 km<\/option><option value=\"50\">50 km<\/option><option value=\"100\">100 km<\/option><option value=\"200\">200 km<\/option><option selected=\"selected\" value=\"12000\">12000 km<\/option>\r\n\t\t\t\t\t<\/select>\r\n\t\t\t\t<\/div>\r\n\t\t\t\t<div id=\"wpsl-results\">\r\n\t\t\t\t\t<label for=\"wpsl-results-dropdown\">Resultados<\/label>\r\n\t\t\t\t\t<select id=\"wpsl-results-dropdown\" class=\"wpsl-dropdown\" name=\"wpsl-results\">\r\n\t\t\t\t\t\t<option value=\"25\">25<\/option><option value=\"50\">50<\/option><option value=\"75\">75<\/option><option value=\"100\">100<\/option><option selected=\"selected\" value=\"250\">250<\/option>\r\n\t\t\t\t\t<\/select>\r\n\t\t\t\t<\/div>\r\n\t\t\t<\/div>\r\n\t\t\t\t<div class=\"wpsl-search-btn-wrap\"><input id=\"wpsl-search-btn\" type=\"submit\" value=\"Buscar\"><\/div>\r\n\t\t<\/form>\r\n\t\t<\/div>\r\n\t<\/div>\r\n\t<div id=\"wpsl-gmap\" class=\"wpsl-gmap-canvas\"><\/div>\r\n\t<div id=\"wpsl-result-list\">\r\n\t\t<div id=\"wpsl-stores\" >\r\n\t\t\t<ul><\/ul>\r\n\t\t<\/div>\r\n\t\t<div id=\"wpsl-direction-details\">\r\n\t\t\t<ul><\/ul>\r\n\t\t<\/div>\r\n\t<\/div>\r\n<\/div>\r\n<div class=\"fusion-clearfix\"><\/div><\/div><\/div><\/div><\/div>\n","protected":false},"excerpt":{"rendered":"","protected":false},"author":1,"featured_media":0,"parent":0,"menu_order":9,"comment_status":"closed","ping_status":"closed","template":"","meta":{"footnotes":""},"class_list":["post-24216","page","type-page","status-publish","hentry"],"_links":{"self":[{"href":"https:\/\/www.homwarm.eu\/web\/es\/wp-json\/wp\/v2\/pages\/24216","targetHints":{"allow":["GET"]}}],"collection":[{"href":"https:\/\/www.homwarm.eu\/web\/es\/wp-json\/wp\/v2\/pages"}],"about":[{"href":"https:\/\/www.homwarm.eu\/web\/es\/wp-json\/wp\/v2\/types\/page"}],"author":[{"embeddable":true,"href":"https:\/\/www.homwarm.eu\/web\/es\/wp-json\/wp\/v2\/users\/1"}],"replies":[{"embeddable":true,"href":"https:\/\/www.homwarm.eu\/web\/es\/wp-json\/wp\/v2\/comments?post=24216"}],"version-history":[{"count":0,"href":"https:\/\/www.homwarm.eu\/web\/es\/wp-json\/wp\/v2\/pages\/24216\/revisions"}],"wp:attachment":[{"href":"https:\/\/www.homwarm.eu\/web\/es\/wp-json\/wp\/v2\/media?parent=24216"}],"curies":[{"name":"wp","href":"https:\/\/api.w.org\/{rel}","templated":true}]}}