{"id":24195,"date":"2020-03-05T15:18:32","date_gmt":"2020-03-05T14:18:32","guid":{"rendered":"https:\/\/www.homwarm.eu\/web\/vantaggi\/"},"modified":"2020-07-30T15:54:50","modified_gmt":"2020-07-30T13:54:50","slug":"vantaggi","status":"publish","type":"page","link":"https:\/\/www.homwarm.eu\/web\/es\/vantaggi\/","title":{"rendered":"Ventajas"},"content":{"rendered":"<div class=\"fusion-fullwidth fullwidth-box fusion-builder-row-1 nonhundred-percent-fullwidth non-hundred-percent-height-scrolling\" style=\"--awb-border-radius-top-left:0px;--awb-border-radius-top-right:0px;--awb-border-radius-bottom-right:0px;--awb-border-radius-bottom-left:0px;--awb-flex-wrap:wrap;\" ><div class=\"fusion-builder-row fusion-row\"><div class=\"fusion-layout-column fusion_builder_column fusion-builder-column-0 fusion_builder_column_1_1 1_1 fusion-one-full fusion-column-first fusion-column-last\" style=\"--awb-bg-size:cover;\"><div class=\"fusion-column-wrapper fusion-column-has-shadow fusion-flex-column-wrapper-legacy\"><div class=\"fusion-text fusion-text-1\"><h1 class=\"fusion-responsive-typography-calculated\" data-fontsize=\"50\" data-lineheight=\"60px\">\u00bfPor qu\u00e9 elegir un radiador decorativo el\u00e9ctrico HOM?<\/h1>\n<p><strong>La primera ventaja<\/strong>\u00a0en el uso de un radiador\u00a0<strong>decorativo<\/strong>\u00a0el\u00e9ctrico\u00a0<strong>HOM se<\/strong>\u00a0deriva de la posibilidad de aprovechar al m\u00e1ximo la potencia de calentamiento del\u00a0<strong>aparato, eliminando los largos tiempos para alcanzar la temperatura de los radiadores de agua tradicionales.<\/strong><\/p>\n<p><strong>Una segunda<\/strong>\u00a0ventaja en el uso de un radiador\u00a0<strong>decorativo<\/strong>\u00a0el\u00e9ctrico\u00a0<strong>HOM<\/strong>\u00a0deriva de\u00a0<strong>explotar la producci\u00f3n el\u00e9ctrica de su sistema fotovoltaico.\u00a0<\/strong>De hecho, la mayor parte de la producci\u00f3n el\u00e9ctrica del sistema se genera durante el d\u00eda en que la casa tiene un bajo consumo de energ\u00eda.\u00a0Si no hay bater\u00edas de almacenamiento, esta producci\u00f3n se dispersa en la red cuando podr\u00eda calentar la casa, manteni\u00e9ndola caliente y saludable incluso durante el d\u00eda.<\/p>\n<h2 class=\"fusion-responsive-typography-calculated\" data-fontsize=\"38\" data-lineheight=\"47.88px\"><strong>\u00bfPor qu\u00e9 elegir un calentador de toallas el\u00e9ctrico HOM?<\/strong><\/h2>\n<p>La ventaja de elegir un\u00a0<strong>calentador de<\/strong>\u00a0toallas\u00a0el\u00e9ctrico\u00a0<strong>HOM<\/strong>\u00a0es mantener las esponjas de las batas de ba\u00f1o y las toallas secas incluso en verano, cuando no se pueden usar los cl\u00e1sicos toalleros con calefacci\u00f3n hidr\u00e1ulica, lo que ayuda a reducir dr\u00e1sticamente la formaci\u00f3n de g\u00e9rmenes y malos olores en el ba\u00f1o o la cocina.\u00a0Estudios recientes muestran que las alergias o los problemas respiratorios se acent\u00faan cuando se pasa por alto este problema.<\/p>\n<h2 class=\"fusion-responsive-typography-calculated\" data-fontsize=\"38\" data-lineheight=\"47.88px\">Higiene y salud:<\/h2>\n<p><strong>HOM\u00a0<\/strong>\u00a0crea una gama de productos con la tecnolog\u00eda de \u00faltima generaci\u00f3n que\u00a0<strong>\u00a0ayuda a reducir significativamente el problema de los g\u00e9rmenes y los malos olores<\/strong>\u00a0\u00a0sin sacrificar el placer de vivir la est\u00e9tica.<br \/>\n<strong>1)<\/strong>\u00a0\u00a0Varios estudios han demostrado que la humedad presente en las toallas usadas para el ba\u00f1o y la cocina crea un ambiente poco saludable donde las bacterias anidan y proliferan gracias a las condiciones h\u00famedas presentes en las superficies de las telas durante horas o d\u00edas despu\u00e9s del uso, lo que tambi\u00e9n genera malos olores.<br \/>\n<strong>2)<\/strong>\u00a0Los pa\u00f1os de cocina pueden entrar en contacto con alimentos, carne, pescado, verduras y, por lo tanto, contaminarlos.<br \/>\n<strong>3)<\/strong>Diariamente en el ba\u00f1o secamos nuestra cara, cuerpo y, a veces, incluso el lavabo con la misma tela sin prestar atenci\u00f3n al hecho de que en las superficies sobre las que pasamos las manos, como manijas u objetos que tocamos con frecuencia, pueden estar presentes bacterias y esto aumenta la riesgo de infecciones<br \/>\n<strong>4)<\/strong>\u00a0\u00a0Adem\u00e1s, las toallas est\u00e1n llenas de c\u00e9lulas muertas y la flora bacteriana de la piel, si se dejan secar en un ba\u00f1o h\u00famedo, se convierten en el entorno ideal para la reproducci\u00f3n de bacterias.<br \/>\n<strong>5)<\/strong>\u00a0\u00a0Entonces, \u00bfc\u00f3mo se reduce la formaci\u00f3n de g\u00e9rmenes y bacterias presentes en las toallas y pa\u00f1os de cocina de nuestra casa?<br \/>\nUse regularmente un calentador de toallas para secar y mantener las telas usadas en el ba\u00f1o y la cocina secas, disminuye dr\u00e1sticamente la proliferaci\u00f3n de bacterias da\u00f1inas, y tambi\u00e9n elimina los malos olores causados \u200b\u200bpor la humedad que a menudo est\u00e1n presentes en estos entornos.<br \/>\nde la humedad que a menudo est\u00e1 presente en estos ambientes.<\/p>\n<\/div><div class=\"fusion-clearfix\"><\/div><\/div><\/div><\/div><\/div>\n","protected":false},"excerpt":{"rendered":"","protected":false},"author":1,"featured_media":0,"parent":0,"menu_order":7,"comment_status":"closed","ping_status":"closed","template":"","meta":{"footnotes":""},"class_list":["post-24195","page","type-page","status-publish","hentry"],"_links":{"self":[{"href":"https:\/\/www.homwarm.eu\/web\/es\/wp-json\/wp\/v2\/pages\/24195","targetHints":{"allow":["GET"]}}],"collection":[{"href":"https:\/\/www.homwarm.eu\/web\/es\/wp-json\/wp\/v2\/pages"}],"about":[{"href":"https:\/\/www.homwarm.eu\/web\/es\/wp-json\/wp\/v2\/types\/page"}],"author":[{"embeddable":true,"href":"https:\/\/www.homwarm.eu\/web\/es\/wp-json\/wp\/v2\/users\/1"}],"replies":[{"embeddable":true,"href":"https:\/\/www.homwarm.eu\/web\/es\/wp-json\/wp\/v2\/comments?post=24195"}],"version-history":[{"count":0,"href":"https:\/\/www.homwarm.eu\/web\/es\/wp-json\/wp\/v2\/pages\/24195\/revisions"}],"wp:attachment":[{"href":"https:\/\/www.homwarm.eu\/web\/es\/wp-json\/wp\/v2\/media?parent=24195"}],"curies":[{"name":"wp","href":"https:\/\/api.w.org\/{rel}","templated":true}]}}