{"id":24188,"date":"2020-07-30T15:17:04","date_gmt":"2020-07-30T13:17:04","guid":{"rendered":"https:\/\/www.homwarm.eu\/web\/donde-estamos\/"},"modified":"2020-07-30T15:28:33","modified_gmt":"2020-07-30T13:28:33","slug":"donde-estamos-fabrica-radiadores-electricos","status":"publish","type":"page","link":"https:\/\/www.homwarm.eu\/web\/es\/donde-estamos-fabrica-radiadores-electricos\/","title":{"rendered":"D\u00f3nde estamos"},"content":{"rendered":"<div class=\"fusion-fullwidth fullwidth-box fusion-builder-row-1 nonhundred-percent-fullwidth non-hundred-percent-height-scrolling\" style=\"--awb-border-radius-top-left:0px;--awb-border-radius-top-right:0px;--awb-border-radius-bottom-right:0px;--awb-border-radius-bottom-left:0px;--awb-flex-wrap:wrap;\" ><div class=\"fusion-builder-row fusion-row\"><div class=\"fusion-layout-column fusion_builder_column fusion-builder-column-0 fusion_builder_column_1_1 1_1 fusion-one-full fusion-column-first fusion-column-last\" style=\"--awb-bg-size:cover;\"><div class=\"fusion-column-wrapper fusion-column-has-shadow fusion-flex-column-wrapper-legacy\"><div class=\"fusion-text fusion-text-1\"><p><strong>HOM<\/strong> Direcci\u00f3n: Via Praglia, 15, 10044 Pianezza TO (Piemonte) &#8211; Italia <strong>Tel\u00e9fono: 39 011 968 3211<\/strong> Correo electr\u00f3nico: info@homwarm.com<\/p>\n<\/div><iframe src=\"https:\/\/www.google.com\/maps\/embed?pb=!1m18!1m12!1m3!1d2815.4808715308222!2d7.535878615545832!3d45.11659047909841!2m3!1f0!2f0!3f0!3m2!1i1024!2i768!4f13.1!3m3!1m2!1s0x47886a058b8784bb:0x51f1d301656d1694!2sVia%20Praglia,%2015,%2010044%20Pianezza%20TO!5e0!3m2!1sit!2sit!4v1585727447839!5m2!1sit!2sit\" width=\"100%\" height=\"600\" frameborder=\"0\" style=\"border:0;\" allowfullscreen=\"\" aria-hidden=\"false\" tabindex=\"0\"><\/iframe><div class=\"fusion-text fusion-text-2\"><h3>C\u00f3mo llegar a la sede HOM<\/h3>\n<p><strong>Sugerencias<\/strong><\/p>\n<p><strong>En avi\u00f3n:<\/strong> aterrice en el aeropuerto de Tur\u00edn Caselle y contin\u00fae en taxi o coches de alquiler. HOM est\u00e1 a unos 15 minutos en coche del aeropuerto.<\/p>\n<p><strong>In taxi: HOM <\/strong>dista circa 15 minuti di auto dal centro di Torino.<\/p>\n<p><strong>En metro \/ autob\u00fas:<\/strong>Desde Torino;<strong>desde la estaci\u00f3n de tren Porta Susa de Tur\u00edn <\/strong> (unos 40 minutos)<\/p>\n<p><strong><em>M1<\/em><\/strong> dirigirse a <em>Metro<\/em> Fermi &gt; <em>Autobus <strong>CP1<\/strong><\/em> ir hasta Musin\u00e8 <strong>Fermata 3273 &#8211; PONENTE <\/strong>&gt; 300 mt caminando<\/p>\n<p>Boletos Tickets e informaci\u00f3n: <a href=\"http:\/\/www.gtt.to.it\/cms\/percorari\/urbano\" target=\"_blank\" rel=\"noopener noreferrer\">Servicio urbano GTT<\/a> &#8211; <a href=\"http:\/\/www.gtt.to.it\/cms\/biglietti-abbonamenti\/biglietti\/biglietti-carnet\" target=\"_blank\" rel=\"noopener noreferrer\">Informaci\u00f3n de entradas<\/a> &#8211; +39 800 019 152<\/p>\n<h6>Estas indicaciones son aproximativas, solo para fines de planificaci\u00f3n. Las condiciones reales del camino pueden diferir de los resultados del mapa debido a obras viales, tr\u00e1fico, clima u otros eventos momentaneos.<\/h6>\n<\/div><div class=\"fusion-clearfix\"><\/div><\/div><\/div><\/div><\/div>\n","protected":false},"excerpt":{"rendered":"","protected":false},"author":1,"featured_media":0,"parent":0,"menu_order":3,"comment_status":"closed","ping_status":"closed","template":"","meta":{"footnotes":""},"class_list":["post-24188","page","type-page","status-publish","hentry"],"_links":{"self":[{"href":"https:\/\/www.homwarm.eu\/web\/es\/wp-json\/wp\/v2\/pages\/24188","targetHints":{"allow":["GET"]}}],"collection":[{"href":"https:\/\/www.homwarm.eu\/web\/es\/wp-json\/wp\/v2\/pages"}],"about":[{"href":"https:\/\/www.homwarm.eu\/web\/es\/wp-json\/wp\/v2\/types\/page"}],"author":[{"embeddable":true,"href":"https:\/\/www.homwarm.eu\/web\/es\/wp-json\/wp\/v2\/users\/1"}],"replies":[{"embeddable":true,"href":"https:\/\/www.homwarm.eu\/web\/es\/wp-json\/wp\/v2\/comments?post=24188"}],"version-history":[{"count":0,"href":"https:\/\/www.homwarm.eu\/web\/es\/wp-json\/wp\/v2\/pages\/24188\/revisions"}],"wp:attachment":[{"href":"https:\/\/www.homwarm.eu\/web\/es\/wp-json\/wp\/v2\/media?parent=24188"}],"curies":[{"name":"wp","href":"https:\/\/api.w.org\/{rel}","templated":true}]}}