{"id":24180,"date":"2020-07-30T14:06:08","date_gmt":"2020-07-30T12:06:08","guid":{"rendered":"https:\/\/www.homwarm.eu\/web\/empresa\/"},"modified":"2026-04-30T16:04:28","modified_gmt":"2026-04-30T14:04:28","slug":"empresa-fabrica-radiadores-electricos","status":"publish","type":"page","link":"https:\/\/www.homwarm.eu\/web\/es\/empresa-fabrica-radiadores-electricos\/","title":{"rendered":"Empresa"},"content":{"rendered":"<div class=\"fusion-fullwidth fullwidth-box fusion-builder-row-1 nonhundred-percent-fullwidth non-hundred-percent-height-scrolling\" style=\"--awb-border-radius-top-left:0px;--awb-border-radius-top-right:0px;--awb-border-radius-bottom-right:0px;--awb-border-radius-bottom-left:0px;--awb-flex-wrap:wrap;\" ><div class=\"fusion-builder-row fusion-row\"><div class=\"fusion-layout-column fusion_builder_column fusion-builder-column-0 fusion_builder_column_1_1 1_1 fusion-one-full fusion-column-first fusion-column-last\" style=\"--awb-bg-size:cover;\"><div class=\"fusion-column-wrapper fusion-column-has-shadow fusion-flex-column-wrapper-legacy\"><div class=\"fusion-text fusion-text-1\"><h1>HOM nace aprovechando la propia e innovadora tecnolog\u00eda patentada.<\/h1>\n<p><strong>HOM<\/strong> es una marca de <strong>ROTFIL s.r.l.<\/strong>, una empresa con sede en Tur\u00edn que produce resistencias el\u00e9ctricas industriales desde la d\u00e9cada de 1950 hasta la actualidad.<br \/>\nLa actividad principal es la producci\u00f3n de una nueva generaci\u00f3n de electrodom\u00e9sticos &#8211; radiadores el\u00e9ctricos, radiadores toalleros el\u00e9ctricos &#8211; adecuados para calentar albornoces, toallas y ropa que se comercializan en el canal contract o para usuarios privados.<\/p>\n<h2>Tecnolog\u00eda EXCLUSIVA HOM: resultado de muchos a\u00f1os de investigaci\u00f3n en colaboraci\u00f3n con el Departamento de Ciencia de Los Materiales de la Universidad Polit\u00e9cnica de Tur\u00edn.<\/h2>\n<p><a href=\"https:\/\/www.homwarm.eu\/web\/es\/radiadores-electricos-de-diseno-y-radiadores-toalleros-electricos\/\"><strong>Los<\/strong> productos HOM<\/a> utilizan una cer\u00e1mica con una resistencia el\u00e9ctrica incorporada en ella; una tecnolog\u00eda patentada nacida como resultado despu\u00e9s de tres a\u00f1os de investigaci\u00f3n en colaboraci\u00f3n con el <strong>Departamento de Ciencia de Los Materiales de la Universidad Polit\u00e9cnica de Tur\u00edn. Esta innovaci\u00f3n <\/strong>representa la tecnolog\u00eda m\u00e1s avanzada en el campo de la calefacci\u00f3n el\u00e9ctrica.<\/p>\n<\/div><!-- VIDEO SECTION - SEMPRE VISIBILE + SEO OPTIMIZED -->\n<div class=\"fusion-text fusion-text-1\" style=\"margin-bottom: 35px;\">\n    <h2 style=\"text-align:center;\">Descubre la Tecnolog\u00eda HOM \u2013 Dise\u00f1ada en Piamonte<\/h2>\n<\/div>\n\n<div class=\"fusion-video fusion-youtube fusion-aligncenter video-container\" \n     style=\"position:relative; padding-bottom:56.25%; height:0; overflow:hidden; max-width:100%; margin: 0 auto 40px; background:#000;\">\n    \n    <iframe \n        id=\"hom-main-video\"\n        src=\"https:\/\/www.youtube-nocookie.com\/embed\/DEz4NeVso2E?rel=0&showinfo=0&modestbranding=1&playsinline=1&enablejsapi=1\" \n        title=\"Tecnologia HOM - Termoarredi e Scaldasalviette Elettrici\"\n        style=\"position:absolute; top:0; left:0; width:100%; height:100%; border:0;\"\n        allow=\"accelerometer; autoplay; clipboard-write; encrypted-media; gyroscope; picture-in-picture\"\n        allowfullscreen\n        loading=\"lazy\"\n        data-opt-src=\"https:\/\/www.youtube-nocookie.com\/embed\/DEz4NeVso2E?rel=0&showinfo=0&modestbranding=1&playsinline=1&enablejsapi=1\">\n    <\/iframe>\n<\/div>\n\n<!-- Fallback visibile se iframe fallisce -->\n<noscript>\n    <div style=\"text-align:center; padding:20px; background:#f8f8f8;\">\n        <p>Guarda il video sulla tecnologia HOM:<\/p>\n        <a href=\"https:\/\/www.youtube.com\/watch?v=DEz4NeVso2E\" target=\"_blank\" rel=\"noopener\">\u25b6 Apri su YouTube<\/a>\n    <\/div>\n<\/noscript>\n<div class=\"fusion-text fusion-text-2\"><hr \/>\n<h2>Los productos HOM est\u00e1n concebidos como objetos de dise\u00f1o, trabajan con muy bajas potencias a partir de 40Watt<\/h2>\n<p>Desde 2014, <strong>HOM<\/strong> ha estado desarrollando y fabricando en Italia un producto absolutamente nuevo por su tecnolog\u00eda: una pieza cer\u00e1mica sinterizada calentada, a trav\u00e9s de una resistencia \u00abHOM\u00bb incorporada, que recibe una potencia el\u00e9ctrica diferente dependiendo del uso y lugar donde se coloca. Tales piezas son el coraz\u00f3n de los calentadores el\u00e9ctricos <strong>HOM,<\/strong>que se utilizan en los hogares para mantener las toallas y albornoces calientes y secos.<\/p>\n<h3>Bajo consumo 100 vatios HOM consume como una lamparilla. \u00a1En 10 horas solo unos centavos de euros!<\/h3>\n<p>Los productos <strong>HOM<\/strong> est\u00e1n dise\u00f1ados como electrodom\u00e9sticos y objetos de dise\u00f1o, con potencias muy bajas de 40 vatios\/200 vatios, para poder dejarlos encendidos durante mucho tiempo sin afectar el consumo de energ\u00eda.<\/p>\n<h3>El dise\u00f1o es el alma de HOM<\/h3>\n<h4><strong>Madera, cer\u00e1mica, terracota, vidrio, acero:<\/strong> <strong>HOM<\/strong> utiliza los materiales m\u00e1s diversos y naturales en la creencia de que la b\u00fasqueda de la emoci\u00f3n es la mejor herramienta para llegar al coraz\u00f3n de los clientes.<\/h4>\n<h2>Radiadores de dise\u00f1o HOM<\/h2>\n<p>Adem\u00e1s <strong>HOM<\/strong> ha desarrollado utilizando la misma tecnolog\u00eda, una l\u00ednea de <strong>radiadores el\u00e9ctricos en madera, cer\u00e1mica, terracota, vidrio, acero<\/strong> (radiadores calefactores de dise\u00f1o), donde la pieza cer\u00e1mica calentada es el coraz\u00f3n del radiador en s\u00ed, est\u00e1 recubierto y acabado con materiales como acero, terracota, una placa de vidrio, vidrio espejado o madera de cedro macizo con potencias que van desde 300watt a 1500watt dependiendo de sus necesidades.<\/p>\n<h2><strong>HOM: Galardonado con el PREMIO ADI CERAMICS DESIGN AWARD 2014<\/strong><\/h2>\n<p>ADI CERAMICS DESIGN AWARD 2014 ha premiado no s\u00f3lo la innovaci\u00f3n tecnol\u00f3gica del producto, sino tambi\u00e9n la forma en que resalta el dise\u00f1o de la colecci\u00f3n <strong>HOM.<\/strong><\/p>\n<\/div><div class=\"fusion-clearfix\"><\/div><\/div><\/div><\/div><\/div>\n","protected":false},"excerpt":{"rendered":"","protected":false},"author":1,"featured_media":0,"parent":0,"menu_order":12,"comment_status":"closed","ping_status":"closed","template":"","meta":{"footnotes":""},"class_list":["post-24180","page","type-page","status-publish","hentry"],"_links":{"self":[{"href":"https:\/\/www.homwarm.eu\/web\/es\/wp-json\/wp\/v2\/pages\/24180","targetHints":{"allow":["GET"]}}],"collection":[{"href":"https:\/\/www.homwarm.eu\/web\/es\/wp-json\/wp\/v2\/pages"}],"about":[{"href":"https:\/\/www.homwarm.eu\/web\/es\/wp-json\/wp\/v2\/types\/page"}],"author":[{"embeddable":true,"href":"https:\/\/www.homwarm.eu\/web\/es\/wp-json\/wp\/v2\/users\/1"}],"replies":[{"embeddable":true,"href":"https:\/\/www.homwarm.eu\/web\/es\/wp-json\/wp\/v2\/comments?post=24180"}],"version-history":[{"count":6,"href":"https:\/\/www.homwarm.eu\/web\/es\/wp-json\/wp\/v2\/pages\/24180\/revisions"}],"predecessor-version":[{"id":36760,"href":"https:\/\/www.homwarm.eu\/web\/es\/wp-json\/wp\/v2\/pages\/24180\/revisions\/36760"}],"wp:attachment":[{"href":"https:\/\/www.homwarm.eu\/web\/es\/wp-json\/wp\/v2\/media?parent=24180"}],"curies":[{"name":"wp","href":"https:\/\/api.w.org\/{rel}","templated":true}]}}